{"id":10153,"date":"2024-03-19T15:32:30","date_gmt":"2024-03-19T14:32:30","guid":{"rendered":"https:\/\/archivista.ch\/cms\/?page_id=10153"},"modified":"2025-01-08T02:01:47","modified_gmt":"2025-01-08T01:01:47","slug":"avmultimedia-2024-iii","status":"publish","type":"page","link":"https:\/\/archivista.ch\/cms\/de\/aktuell-blog\/blogs-2024\/avmultimedia-2024-iii\/","title":{"rendered":"AVMultimedia 2024\/III"},"content":{"rendered":"<h1>Open Source Linux-Desktop rundum aktualisiert<\/h1>\n<p><em><strong>Egg, 19. M\u00e4rz 2024:<\/strong> Nach knapp f\u00fcnf Jahren erscheint der multimediale Linux-Desktop in neuem Gewand. Grundlage der Version 2024\/III bildet Devuan Daedalus. Dieser Blog stellt die wichtigsten Neuerungen vor und berichtet zudem von den Herausforderungen beim Upgrade von Software-Komponenten aktueller Linux-Distributionen. Ebenso nicht fehlen darf ein Ausblick f\u00fcr die Kunden der ArchivistaBox. Das Wichtigste gleich vorweg: Die <strong>ISO-Dateien<\/strong> k\u00f6nnen direkt unter <strong><a href=\"https:\/\/archivista.ch\/cms\/avmulti24.iso\">archivista.ch\/cms\/avmulti24.iso<\/a><\/strong> bzw. <strong><a href=\"https:\/\/archivista.ch\/cms\/avmini24.iso\">archivista.ch\/cms\/avmini24.iso<\/a><\/strong> bezogen werden.<br \/>\n<\/em><\/p>\n<p><a href=\"https:\/\/archivista.ch\/cms\/wp-content\/uploads\/2024\/03\/avmulti24b.jpg\"><img loading=\"lazy\" decoding=\"async\" class=\"alignnone size-full wp-image-10164\" src=\"https:\/\/archivista.ch\/cms\/wp-content\/uploads\/2024\/03\/avmulti24b.jpg\" alt=\"\" width=\"1538\" height=\"1149\" srcset=\"https:\/\/archivista.ch\/cms\/wp-content\/uploads\/2024\/03\/avmulti24b.jpg 1538w, https:\/\/archivista.ch\/cms\/wp-content\/uploads\/2024\/03\/avmulti24b-300x224.jpg 300w, https:\/\/archivista.ch\/cms\/wp-content\/uploads\/2024\/03\/avmulti24b-1024x765.jpg 1024w, https:\/\/archivista.ch\/cms\/wp-content\/uploads\/2024\/03\/avmulti24b-768x574.jpg 768w, https:\/\/archivista.ch\/cms\/wp-content\/uploads\/2024\/03\/avmulti24b-600x448.jpg 600w, https:\/\/archivista.ch\/cms\/wp-content\/uploads\/2024\/03\/avmulti24b-1536x1148.jpg 1536w, https:\/\/archivista.ch\/cms\/wp-content\/uploads\/2024\/03\/avmulti24b-624x466.jpg 624w\" sizes=\"auto, (max-width: 1538px) 100vw, 1538px\" \/><\/a><\/p>\n<h2>Neuerungen bei AVMultimedia 2024\/III<\/h2>\n<p><strong>AVMultimedia 2024\/III basiert auf Devuan Daedalus.<\/strong> Dies bedeutet, dass die Standard-Applikationen wie LibreOffice, Inkscape deutlich aufgefrischt daherkommen. Fast wichtiger als die &#8222;neuen&#8220; Versionen der bisherigen Programme ist aber, dass die Standardbibliotheken auf dem aktuellen Stand sind. Mittlerweile erfordern doch einige AppImage-Pakete die neuen Bibliotheken, mit dem alten Versionen von AVMultimedia k\u00f6nnen diese gar nicht erst gestartet werden.<\/p>\n<p>Die Grundlage einer jeden Linux-Distribution bildet der Linux-Kernel. Das ist jenes St\u00fcck Software, das den Unterbau bildet. Sowohl AVMultimedia wie auch die ArchivistaBox werden mit im Hause erstellten Linux-Kerneln ausgeliefert. Bei AVMultimedia 2024\/III ist dies derzeit die <strong>Kernel-Version 6.1.82<\/strong> (publiziert am 15.3.2024).<\/p>\n<p>Damit einher geht die <strong>Unterst\u00fctzung f\u00fcr die SteamDeck-Ger\u00e4te.<\/strong> Allerdings ist hier anzumerken, dass die derzeit verf\u00fcgbaren Linux-Kernel einen &#8222;gr\u00e4sslichen&#8220; Bug\u00a0 enthalten. Dieser f\u00fchrt dazu, dass das Booten stecken bleibt. Das Malheur passierte zwischen Kernel 6.1.61 und 6.1.62. Betroffen scheinen alle neuen Kernel zu sein (zumindest getestet mit Kernel 6.6.x). Mit\u00a0<strong><a href=\"https:\/\/archivista.ch\/cms\/wp-content\/uploads\/2024\/03\/steampatch.zip\">zwei Patches<\/a><\/strong> konnte dies korrigiert werden.<\/p>\n<p><a href=\"https:\/\/archivista.ch\/cms\/wp-content\/uploads\/2024\/03\/steamdeck.jpg\"><img loading=\"lazy\" decoding=\"async\" class=\"alignnone size-full wp-image-10166\" src=\"https:\/\/archivista.ch\/cms\/wp-content\/uploads\/2024\/03\/steamdeck.jpg\" alt=\"\" width=\"1977\" height=\"849\" srcset=\"https:\/\/archivista.ch\/cms\/wp-content\/uploads\/2024\/03\/steamdeck.jpg 1977w, https:\/\/archivista.ch\/cms\/wp-content\/uploads\/2024\/03\/steamdeck-300x129.jpg 300w, https:\/\/archivista.ch\/cms\/wp-content\/uploads\/2024\/03\/steamdeck-1024x440.jpg 1024w, https:\/\/archivista.ch\/cms\/wp-content\/uploads\/2024\/03\/steamdeck-768x330.jpg 768w, https:\/\/archivista.ch\/cms\/wp-content\/uploads\/2024\/03\/steamdeck-600x258.jpg 600w, https:\/\/archivista.ch\/cms\/wp-content\/uploads\/2024\/03\/steamdeck-1536x660.jpg 1536w, https:\/\/archivista.ch\/cms\/wp-content\/uploads\/2024\/03\/steamdeck-624x268.jpg 624w, https:\/\/archivista.ch\/cms\/wp-content\/uploads\/2024\/03\/steamdeck-700x300.jpg 700w, https:\/\/archivista.ch\/cms\/wp-content\/uploads\/2024\/03\/steamdeck-620x266.jpg 620w, https:\/\/archivista.ch\/cms\/wp-content\/uploads\/2024\/03\/steamdeck-400x171.jpg 400w\" sizes=\"auto, (max-width: 1977px) 100vw, 1977px\" \/><\/a><\/p>\n<p>Nicht mehr verf\u00fcgbar ist Wicd, das Tool, um <strong>WiFi-Netzwerke zu administrieren. Neu ist daf\u00fcr der Netzwerk-Manager zust\u00e4ndig.<\/strong> Da der Netzwerk-Manager sich schlecht mit herk\u00f6mmlich definierten Netzwerkverbindungen vertr\u00e4gt, ist der Netzwerk-Manager neu \u00fcber das bekannte WiFi-Symbol auf dem Desktop zu aktivieren. Dabei erscheint im Panel (unten rechts) ein kleines Netzwerk-Symbol. Dort findet sich der Eintrag &#8218;Verf\u00fcgbare Netzwerke&#8216;. Die gew\u00fcnschte WLAN-Verbindung ist dabei auf einem TouchScreen (siehe SteamDeck) mit guter Pr\u00e4zision auszuw\u00e4hlen.<\/p>\n<p><a href=\"https:\/\/archivista.ch\/cms\/wp-content\/uploads\/2024\/03\/wifi.jpg\"><img loading=\"lazy\" decoding=\"async\" class=\"size-full wp-image-10159\" src=\"https:\/\/archivista.ch\/cms\/wp-content\/uploads\/2024\/03\/wifi.jpg\" alt=\"\" width=\"1920\" height=\"1015\" srcset=\"https:\/\/archivista.ch\/cms\/wp-content\/uploads\/2024\/03\/wifi.jpg 1920w, https:\/\/archivista.ch\/cms\/wp-content\/uploads\/2024\/03\/wifi-300x159.jpg 300w, https:\/\/archivista.ch\/cms\/wp-content\/uploads\/2024\/03\/wifi-1024x541.jpg 1024w, https:\/\/archivista.ch\/cms\/wp-content\/uploads\/2024\/03\/wifi-768x406.jpg 768w, https:\/\/archivista.ch\/cms\/wp-content\/uploads\/2024\/03\/wifi-600x317.jpg 600w, https:\/\/archivista.ch\/cms\/wp-content\/uploads\/2024\/03\/wifi-1536x812.jpg 1536w, https:\/\/archivista.ch\/cms\/wp-content\/uploads\/2024\/03\/wifi-624x330.jpg 624w\" sizes=\"auto, (max-width: 1920px) 100vw, 1920px\" \/><\/a><\/p>\n<p>Die vorgenommenen WLAN-Netzwerkeinstellungen k\u00f6nnen beim Herunterfahren der ArchivistaBox durch Eingeben des Passwortes f\u00fcr den n\u00e4chsten Start vorgemerkt werden. Dies allerdings um den &#8222;Preis&#8220;, dass die eingegebenen Passw\u00f6rter auf der Festplatte im Klartext gespeichert werden. Wer dies nicht m\u00f6chte, kann das WiFi-Netzwerk bequem \u00fcber das Netzwerk-Tool (via Men\u00fc AVMultimedia) erfassen. Dort erfasste Passw\u00f6rter liegen nicht im Klartext auf der Festplatte vor.<\/p>\n<p><a href=\"https:\/\/archivista.ch\/cms\/wp-content\/uploads\/2024\/03\/prescott6.jpg\"><img loading=\"lazy\" decoding=\"async\" class=\"alignnone size-full wp-image-10161\" src=\"https:\/\/archivista.ch\/cms\/wp-content\/uploads\/2024\/03\/prescott6.jpg\" alt=\"\" width=\"1920\" height=\"980\" srcset=\"https:\/\/archivista.ch\/cms\/wp-content\/uploads\/2024\/03\/prescott6.jpg 1920w, https:\/\/archivista.ch\/cms\/wp-content\/uploads\/2024\/03\/prescott6-300x153.jpg 300w, https:\/\/archivista.ch\/cms\/wp-content\/uploads\/2024\/03\/prescott6-1024x523.jpg 1024w, https:\/\/archivista.ch\/cms\/wp-content\/uploads\/2024\/03\/prescott6-768x392.jpg 768w, https:\/\/archivista.ch\/cms\/wp-content\/uploads\/2024\/03\/prescott6-600x306.jpg 600w, https:\/\/archivista.ch\/cms\/wp-content\/uploads\/2024\/03\/prescott6-1536x784.jpg 1536w, https:\/\/archivista.ch\/cms\/wp-content\/uploads\/2024\/03\/prescott6-624x319.jpg 624w\" sizes=\"auto, (max-width: 1920px) 100vw, 1920px\" \/><\/a><\/p>\n<h1>Devuan Daedalus als Grundlage f\u00fcr AVMultimedia<\/h1>\n<p>Bevor ein neues Master-Release wie es AVMultimedia 2024\/III zweifelsfrei ist, erscheint, wird eine Bilanz gezogen. Welche Erfahrungen konnten mit der bisher publizierten Versionen gemacht werden, was ist f\u00fcr die n\u00e4chsten Jahre zu erwarten etc. Vor ca. 5 Jahren, als es darum ging, von Debian auf Devuan umzustellen, konnte z.B. keine Aussage gemacht werden, wie gut sich Devuan neben Debian etablieren wird k\u00f6nnen.<\/p>\n<p>Mittlerweile ist klar, das Nebeneinander funktioniert gut. <strong><a href=\"https:\/\/distrowatch.com\/index.php?dataspan=2018\">2018 belegte Debian bei distrowatch.com den 6. Rang, Devuan wurde damals auf Rang 42 gelistet.<\/a><\/strong> Aktuell liegt <strong><a href=\"https:\/\/distrowatch.com\/index.php\">Debian bei Rang 4 und Devuan auf der Position 36.<\/a><\/strong> F\u00fcr all jene, welche weder Devuan noch Debian im engeren Sinne kennen, sei hier gesagt: Debian ist <strong>die<\/strong> durch die Community publizierte Linux-Distribution, welche mit dem in der Linux-Welt weit verbreiteten Boot-Manager SystemD ausgeliefert wird. Devuan verzichtet darauf, ist aber ansonsten sehr nah an Debian angelehnt.<\/p>\n<p>Dass AVMultimedia als <strong><a href=\"https:\/\/archivista.ch\/cms\/de\/aktuell-blog\/jahre-2008-2019\/blogs-2019\/amd-ryzen-und-4k\/\">Basis Devuan und nicht Debian benutzt, wurde bereits vor Jahren er\u00f6rtert.<\/a><\/strong> Dass dem auch in Zukunft so sein wird, ist darin begr\u00fcndet, dass die letzten Jahre gezeigt haben, dass Devuan sowohl in der Form von AVMultimedia aber auch bei der ArchivistaBox angenehm stabil arbeitet(e). Dies w\u00e4re selbstverst\u00e4ndlich auch mit Debian m\u00f6glich, jedoch w\u00e4re der Aufwand in der Umsetzung weit h\u00f6her und letztlich geht es bei AVMultimedia bzw. der ArchivistaBox darum, mit den verf\u00fcgbaren Ressourcen &#8222;sparsam&#8220; umzugehen. Und darum bleibt Devuan an Bord.<\/p>\n<p><a href=\"https:\/\/archivista.ch\/cms\/wp-content\/uploads\/2024\/03\/avmulti24c.jpg\"><img loading=\"lazy\" decoding=\"async\" class=\"alignnone size-full wp-image-10163\" src=\"https:\/\/archivista.ch\/cms\/wp-content\/uploads\/2024\/03\/avmulti24c.jpg\" alt=\"\" width=\"1535\" height=\"1151\" srcset=\"https:\/\/archivista.ch\/cms\/wp-content\/uploads\/2024\/03\/avmulti24c.jpg 1535w, https:\/\/archivista.ch\/cms\/wp-content\/uploads\/2024\/03\/avmulti24c-300x225.jpg 300w, https:\/\/archivista.ch\/cms\/wp-content\/uploads\/2024\/03\/avmulti24c-1024x768.jpg 1024w, https:\/\/archivista.ch\/cms\/wp-content\/uploads\/2024\/03\/avmulti24c-768x576.jpg 768w, https:\/\/archivista.ch\/cms\/wp-content\/uploads\/2024\/03\/avmulti24c-600x450.jpg 600w, https:\/\/archivista.ch\/cms\/wp-content\/uploads\/2024\/03\/avmulti24c-624x468.jpg 624w\" sizes=\"auto, (max-width: 1535px) 100vw, 1535px\" \/><\/a><\/p>\n<h2>Kompatibilit\u00e4t, Fortschritt und Bugs<\/h2>\n<p>Bei aller Freude \u00fcber das Erscheinen von AVMultimedia 2023\/III sei hier doch angemerkt, dass die aktuelle Tendenz bei der Software-Entwicklung im Linux-Umfeld doch etwas Sorge bereitet. So sehr die neuen Funktionen der Programme, die Unterst\u00fctzung der neuen Hardware zu begeistern verm\u00f6gen, so ist leider auch anzumerken, dass Kompatibilit\u00e4t dem Fortschritt oft zu weichen hat. Dazu ein Beispiel.<\/p>\n<p>Python ist die am meisten verwendete Programmiersprache \u00fcberhaupt, <strong><a href=\"https:\/\/de.statista.com\/statistik\/daten\/studie\/678732\/umfrage\/beliebteste-programmiersprachen-weltweit-laut-pypl-index\/\">ca. 28 Prozent aller Programme weltweit werden aktuell in Python realisiert.<\/a> <\/strong>Nun gab es lange Zeit parallel zu Python3 die \u00e4ltere Version Python2. Die Weiterentwicklung ist seit 2020 eingestellt. Selbstverst\u00e4ndlich ist sinnvoll, alle Kraft Python3 zu widmen. Dennoch bleibt die Problematik, dass wohl Milliarden von Code-Zeilen mit Python2 realisiert wurden. Gem\u00e4ss <strong><a href=\"https:\/\/www.mayerdan.com\/ruby\/2012\/11\/11\/bugs-per-line-of-code-ratio\">mayerdan.com (Englisch)<\/a><\/strong> wird in der Industrie pro 1000 Zeilen mit 15 bis 50 Bugs gerechnet.<\/p>\n<p>Um Python2 nach Python3 zu migrieren, d\u00fcrften ca. 1 bis 2 Prozent des Codes ver\u00e4ndert werden m\u00fcssen (eigene Sch\u00e4tzung). Unter der Annahme, dass 1 Milliarde Codezeilen existieren, ergibt dies 1 Million Anpassungen bzw. \u00fcber 30&#8217;000 neue Bugs. Im aktuellen Release 2024\/III fehlt Python2, es wurde mittlerweile in allen g\u00e4ngigen Linux-Distributionen entfernt. Ob damit das Gesamtpaket stabiler wird, dies darf\/muss bezweifelt werden.<\/p>\n<p><a href=\"https:\/\/archivista.ch\/cms\/wp-content\/uploads\/2024\/03\/prescott8.jpg\"><img loading=\"lazy\" decoding=\"async\" class=\"alignnone size-full wp-image-10160\" src=\"https:\/\/archivista.ch\/cms\/wp-content\/uploads\/2024\/03\/prescott8.jpg\" alt=\"\" width=\"1920\" height=\"980\" srcset=\"https:\/\/archivista.ch\/cms\/wp-content\/uploads\/2024\/03\/prescott8.jpg 1920w, https:\/\/archivista.ch\/cms\/wp-content\/uploads\/2024\/03\/prescott8-300x153.jpg 300w, https:\/\/archivista.ch\/cms\/wp-content\/uploads\/2024\/03\/prescott8-1024x523.jpg 1024w, https:\/\/archivista.ch\/cms\/wp-content\/uploads\/2024\/03\/prescott8-768x392.jpg 768w, https:\/\/archivista.ch\/cms\/wp-content\/uploads\/2024\/03\/prescott8-600x306.jpg 600w, https:\/\/archivista.ch\/cms\/wp-content\/uploads\/2024\/03\/prescott8-1536x784.jpg 1536w, https:\/\/archivista.ch\/cms\/wp-content\/uploads\/2024\/03\/prescott8-624x319.jpg 624w\" sizes=\"auto, (max-width: 1920px) 100vw, 1920px\" \/><\/a><\/p>\n<h2>Stand bei ArchivistaBox<\/h2>\n<p>Die Migration der ArchivistaBox auf den Stand von AVMultimedia 2023\/III ist insofern abgeschlossen, dass s\u00e4mtliche ben\u00f6tigten Komponenten der ArchivistaBox bereits auf der Grundlage von AVMultimedia 2023\/III zur Verf\u00fcgung stehen. Anpassungen waren notwendig bei ArchivistaVM (Python2), ArchivistaDMS (ExactImage-Bibliothek) sowie ArchivistaERP (Portierung des Codes von PHP7.4 auf PHP8.2).<\/p>\n<p>Im Prinzip k\u00f6nnte mit dem Release von AVMultimedia 2023\/III auch die ArchivistaBox 2023\/III freigegeben werden. Dennoch erfolgt dies nicht, damit in der n\u00e4chsten Zeit die ArchivistaBox auf der Basis von AVMultimedia ausf\u00fchrlich getestet werden kann. Es darf aber bereits jetzt angef\u00fchrt werden, dass eine Ver\u00f6ffentlichung der aktualisierten ArchivistaBox voraussichtlich im Sommer\/Herbst (und damit nach Plan) erfolgen wird.<\/p>\n<p><a href=\"https:\/\/archivista.ch\/cms\/wp-content\/uploads\/2024\/03\/prescott5.jpg\"><img loading=\"lazy\" decoding=\"async\" class=\"alignnone size-full wp-image-10162\" src=\"https:\/\/archivista.ch\/cms\/wp-content\/uploads\/2024\/03\/prescott5.jpg\" alt=\"\" width=\"1920\" height=\"980\" srcset=\"https:\/\/archivista.ch\/cms\/wp-content\/uploads\/2024\/03\/prescott5.jpg 1920w, https:\/\/archivista.ch\/cms\/wp-content\/uploads\/2024\/03\/prescott5-300x153.jpg 300w, https:\/\/archivista.ch\/cms\/wp-content\/uploads\/2024\/03\/prescott5-1024x523.jpg 1024w, https:\/\/archivista.ch\/cms\/wp-content\/uploads\/2024\/03\/prescott5-768x392.jpg 768w, https:\/\/archivista.ch\/cms\/wp-content\/uploads\/2024\/03\/prescott5-600x306.jpg 600w, https:\/\/archivista.ch\/cms\/wp-content\/uploads\/2024\/03\/prescott5-1536x784.jpg 1536w, https:\/\/archivista.ch\/cms\/wp-content\/uploads\/2024\/03\/prescott5-624x319.jpg 624w\" sizes=\"auto, (max-width: 1920px) 100vw, 1920px\" \/><\/a><\/p>\n<p>Unsere Datenbanken f\u00fcr die Entwicklung umfassen mittlerweile \u00fcber 20 TByte an Daten mit vielen Millionen von Datens\u00e4tzen. Damit l\u00e4sst sich die neue ArchivistaBox auf Herz und Nieren testen. Damit stellen wir sicher, dass die ArchivistaBox f\u00fcr die n\u00e4chsten Jahre auf solider und stabiler Basis an unsere Kunden ausgeliefert werden kann. Aus diesem Grunde wird es die n\u00e4chsten Monate eher weniger neue Funktionen bei der ArchivistaBox geben. Daf\u00fcr resultiert dann eine ArchivistaBox, die wir voraussichtlich bis 2029 im Support unterst\u00fctzen k\u00f6nnen.<\/p>\n\n\n\n\t<div class=\"dkpdf-button-container\" style=\"            text-align:right \">\n\n\t\t<a class=\"dkpdf-button\" href=\"\/cms\/wp-json\/wp\/v2\/pages\/10153?pdf=10153\" target=\"_blank\"><span class=\"dkpdf-button-icon\"><i class=\"fa fa-file-pdf-o\"><\/i><\/span> PDF Button<\/a>\n\n\t<\/div>\n\n\n\n\n\n","protected":false},"excerpt":{"rendered":"<p>Open Source Linux-Desktop rundum aktualisiert Egg, 19. M\u00e4rz 2024: Nach knapp f\u00fcnf Jahren erscheint der multimediale Linux-Desktop in neuem Gewand. Grundlage der Version 2024\/III bildet Devuan Daedalus. Dieser Blog stellt die wichtigsten Neuerungen vor und berichtet zudem von den Herausforderungen beim Upgrade von Software-Komponenten aktueller Linux-Distributionen. Ebenso nicht fehlen darf ein Ausblick f\u00fcr die Kunden [&hellip;]<\/p>\n","protected":false},"author":1,"featured_media":0,"parent":10635,"menu_order":33,"comment_status":"closed","ping_status":"closed","template":"","meta":{"_acf_changed":false,"footnotes":""},"class_list":["post-10153","page","type-page","status-publish","hentry"],"acf":[],"_links":{"self":[{"href":"https:\/\/archivista.ch\/cms\/wp-json\/wp\/v2\/pages\/10153","targetHints":{"allow":["GET"]}}],"collection":[{"href":"https:\/\/archivista.ch\/cms\/wp-json\/wp\/v2\/pages"}],"about":[{"href":"https:\/\/archivista.ch\/cms\/wp-json\/wp\/v2\/types\/page"}],"author":[{"embeddable":true,"href":"https:\/\/archivista.ch\/cms\/wp-json\/wp\/v2\/users\/1"}],"replies":[{"embeddable":true,"href":"https:\/\/archivista.ch\/cms\/wp-json\/wp\/v2\/comments?post=10153"}],"version-history":[{"count":12,"href":"https:\/\/archivista.ch\/cms\/wp-json\/wp\/v2\/pages\/10153\/revisions"}],"predecessor-version":[{"id":10308,"href":"https:\/\/archivista.ch\/cms\/wp-json\/wp\/v2\/pages\/10153\/revisions\/10308"}],"up":[{"embeddable":true,"href":"https:\/\/archivista.ch\/cms\/wp-json\/wp\/v2\/pages\/10635"}],"wp:attachment":[{"href":"https:\/\/archivista.ch\/cms\/wp-json\/wp\/v2\/media?parent=10153"}],"curies":[{"name":"wp","href":"https:\/\/api.w.org\/{rel}","templated":true}]}}