{"id":10314,"date":"2024-05-18T03:11:41","date_gmt":"2024-05-18T01:11:41","guid":{"rendered":"https:\/\/archivista.ch\/cms\/?page_id=10314"},"modified":"2025-01-08T02:01:57","modified_gmt":"2025-01-08T01:01:57","slug":"wireguard-2023-v","status":"publish","type":"page","link":"https:\/\/archivista.ch\/cms\/de\/aktuell-blog\/blogs-2024\/wireguard-2023-v\/","title":{"rendered":"Wireguard in 2023\/V"},"content":{"rendered":"<h1>Mit Mullvad komfortabel im Internet unterwegs<\/h1>\n<p><em><strong>Egg, 18. Mai 2024:<\/strong> Wer \u00f6fter auf Reisen ist, kennt die Problematik. Je nach Standort (Land) sind gewisse Dienste nicht mehr verf\u00fcgbar, weil sogenannte GEO-Blocker (geographische Sperren) aktiviert sind. Mit AVMultimedia 2023\/V steht neu Wireguard zur Verf\u00fcgung. Im Zusammenspiel mit Mullvad ein ideales Gespann, um schnell und unkompliziert \u00fcberall auf der Welt anonym und l\u00e4nderspezifisch im Internet surfen zu k\u00f6nnen. Einleitend sei gesagt, diese Anleitung erfordert <strong><a href=\"http:\/\/archivista.ch\/cms\/avmulti24.iso\">AVMultimedia 2024\/V der neuen Generation.<\/a><\/strong> Die aktuellen ArchivistaBox-Systeme enthalten diese Funktionalit\u00e4t derzeit (noch) nicht.<\/em><\/p>\n<p><a href=\"https:\/\/archivista.ch\/cms\/wp-content\/uploads\/2024\/05\/mullvad1.jpg\"><img loading=\"lazy\" decoding=\"async\" class=\"alignnone size-full wp-image-10335\" src=\"https:\/\/archivista.ch\/cms\/wp-content\/uploads\/2024\/05\/mullvad1.jpg\" alt=\"\" width=\"1920\" height=\"1080\" srcset=\"https:\/\/archivista.ch\/cms\/wp-content\/uploads\/2024\/05\/mullvad1.jpg 1920w, https:\/\/archivista.ch\/cms\/wp-content\/uploads\/2024\/05\/mullvad1-300x169.jpg 300w, https:\/\/archivista.ch\/cms\/wp-content\/uploads\/2024\/05\/mullvad1-1024x576.jpg 1024w, https:\/\/archivista.ch\/cms\/wp-content\/uploads\/2024\/05\/mullvad1-768x432.jpg 768w, https:\/\/archivista.ch\/cms\/wp-content\/uploads\/2024\/05\/mullvad1-600x338.jpg 600w, https:\/\/archivista.ch\/cms\/wp-content\/uploads\/2024\/05\/mullvad1-1536x864.jpg 1536w, https:\/\/archivista.ch\/cms\/wp-content\/uploads\/2024\/05\/mullvad1-624x351.jpg 624w\" sizes=\"auto, (max-width: 1920px) 100vw, 1920px\" \/><\/a><\/p>\n<h2>Was ist Wireguard und was ist Mullvad?<\/h2>\n<p>Ein privates Netzwerk (VPN) ver\u00e4ndert (nach aussen) die eigene genutzte Rechneradresse. Unter Linux existieren daf\u00fcr Dienste wie OpenVPN oder Wireguard. Letzterer Dienst bietet sich insbesondere daher an, weil Wireguard deutlich schneller arbeitet als dies bei OpenVPN der Fall ist. Eine VPN-Verbindung wird vom aktuellen Rechner zu einem entfernten Rechner aufgebaut. Dies kann ein eigener Server\/Rechner sein, auf dem ein Zugriff erfolgen soll.<\/p>\n<p>Neben dem &#8222;privaten&#8220; Einsatz gibt es kommerzielle VPN-Dienste, welche es erm\u00f6glichen, das Internet \u00fcber den VPN-Dienst zu nutzen. Diese VPN-Anbieter stellen \u00fcblicherweise viele Hunderte oder gar Tausende von Rechnern zur Verf\u00fcgung, \u00fcber die das Surfen im Netz m\u00f6glich ist. Dies ist z.B. dann sinnvoll, wenn z.B. in \u00d6sterreich die Seite des Schweizer Fernsehen (srf.ch) aufgerufen wird, um \u00fcber PlaySRF Filme anzusehen. Diese k\u00f6nnen nur abgerufen werden, wenn der Aufruf aus einem Server der Schweiz erfolgt. Und genau hier setzen VPN-Dienste ein. \u00dcber den VPN-Anbieter kann &#8222;vorgegaukelt&#8220; werden, der eigene Rechner st\u00fcnde in der Schweiz (bzw. jedes andere beliebige Land), auch wenn der eigene Rechner sich aktuell im Ausland befindet.<\/p>\n<p>Bekannte VPN-Dienste sind <strong><a href=\"http:\/\/protonvpn.com\">protonvpn.com,<\/a> <a href=\"http:\/\/mullvad.net\">mullvad.net<\/a><\/strong> oder <strong><a href=\"http:\/\/nordvpn.com\">nordvpn.com.<\/a><\/strong> Um die auf der gesamten Welt verteilten Server dieser Dienste nutzen zu k\u00f6nnen, fallen Geb\u00fchren von ca. 3 bis 10 Franken pro Monat an. Bei den bisherigen AVMultimedia- und ArchivistaBox-Systemen konnte ProtonVPN genutzt werden. Leider ist es seit geraumer Zeit nicht mehr m\u00f6glich, protonvpn-cli zu nutzen. Aus diesem Grunde musste eine Alternative gesucht werden.<\/p>\n<p>Mullvad beinhaltet ein sehr einfaches Nutzer-Konzept. Zu Beginn wird eine sechzehnstellige Nummer generiert. \u00dcber diese Nummer erfolgen s\u00e4mtliche Aktivit\u00e4ten. Pro Monat fallen jeweils 5 Euro Nutzungsgeb\u00fchren f\u00fcr f\u00fcnf Ger\u00e4te an. \u00dcber die generierte Nummer ist der Dienst &#8222;freizuschalten&#8220;, d.h. das Konto muss &#8222;aufgeladen&#8220; werden. Akzeptiert werden Bargeld, \u00dcberweisungen, Krypto und Kreditkarten. Nach der Aktivierung stehen die Dienste f\u00fcr den freigeschalteten Zeitraum zur Verf\u00fcgung.<\/p>\n<p>Clients gibt es f\u00fcr viele Betriebssysteme wie iOS, Android, Windows, Mac und Linux. Die Linux-Unterst\u00fctzung allerdings wird nur aktuelle Ubuntu-, Debian- und Fedora-Versionen gew\u00e4hrt. Alle anderen, d.h. auch AVMultimedia (Devuan) k\u00f6nnen Mullvad \u00fcber OpenVPN und\/oder Wireguard nutzen. Wie eingangs erw\u00e4hnt arbeitet Wireguard deutlich schneller als dies bei OpenVPN der Fall ist. Daher wird nachfolgend Mullvad im Zusammenspiel mit Wireguard vorgestellt.<\/p>\n<p><a href=\"https:\/\/archivista.ch\/cms\/wp-content\/uploads\/2024\/05\/mullvad2.jpg\"><img loading=\"lazy\" decoding=\"async\" class=\"alignnone size-full wp-image-10334\" src=\"https:\/\/archivista.ch\/cms\/wp-content\/uploads\/2024\/05\/mullvad2.jpg\" alt=\"\" width=\"1920\" height=\"1080\" srcset=\"https:\/\/archivista.ch\/cms\/wp-content\/uploads\/2024\/05\/mullvad2.jpg 1920w, https:\/\/archivista.ch\/cms\/wp-content\/uploads\/2024\/05\/mullvad2-300x169.jpg 300w, https:\/\/archivista.ch\/cms\/wp-content\/uploads\/2024\/05\/mullvad2-1024x576.jpg 1024w, https:\/\/archivista.ch\/cms\/wp-content\/uploads\/2024\/05\/mullvad2-768x432.jpg 768w, https:\/\/archivista.ch\/cms\/wp-content\/uploads\/2024\/05\/mullvad2-600x338.jpg 600w, https:\/\/archivista.ch\/cms\/wp-content\/uploads\/2024\/05\/mullvad2-1536x864.jpg 1536w, https:\/\/archivista.ch\/cms\/wp-content\/uploads\/2024\/05\/mullvad2-624x351.jpg 624w\" sizes=\"auto, (max-width: 1920px) 100vw, 1920px\" \/><\/a><\/p>\n<h2>Einrichten von Mullvad mit AVMultimedia 2024\/V<\/h2>\n<p>Nachfolgend wird der Prozess beschrieben, um Mullvad auf AVMultimedia einzurichten. Es wird dabei erwartet, dass ein lokaler Zugriff auf einer AVMultimedia-Installation besteht.<\/p>\n<p><em><strong>Hinweis:<\/strong> Die nachfolgenden Ausf\u00fchrungen gehen davon aus, dass eine 16-stellige ID mit Guthaben besteht. Falls keine solche ID besteht, kann diese <strong><a href=\"https:\/\/mullvad.net\/de\/account\/create\">https:\/\/mullvad.net\/de\/account\/create<\/a><\/strong> erstellt werden. Nach dem (einmaligen) Erstellen der ID ist diese mit Guthaben aufzuladen und sicher aufzubewahren. <strong>Ohne die 16-stellige ID l\u00e4sst sich Mullvad nicht nutzen.<\/strong> Dies w\u00e4re\/ist umso &#8222;dramatischer&#8220;, sollte ein h\u00f6heres Guthaben auf die ID aktiviert worden sein. Ohne die ID ist das entsprechende Guthaben &#8222;verloren&#8220;.<br \/>\n<\/em><\/p>\n<p>Nach der Anmeldung mit der 16-stelligen-Nummer bei <strong><a href=\"http:\/\/mullvad.net\">mullvad.net<\/a><\/strong> ist <strong>1. der Menupunkt &#8218;Wireguard-Konfiguration&#8216;<\/strong> aufzurufen.<\/p>\n<p>Dort ist der <strong>2. Button\/Knopf &#8218;Schl\u00fcssel generieren&#8216;<\/strong> zu klicken. Unter &#8218;Wireguard-Schl\u00fcssel&#8216; findet sich danach ein Eintrag. Zwingend ist bei &#8218;Ein Land ausw\u00e4hlen&#8216; ein Eintrag zu aktivieren. Empfohlen wird <strong>3. die Option &#8218;Alle L\u00e4nder&#8216;.<\/strong> Damit k\u00f6nnen s\u00e4mtliche Mullvad-Server genutzt werden.<\/p>\n<p><a href=\"https:\/\/archivista.ch\/cms\/wp-content\/uploads\/2024\/05\/mullvad3a.png\"><img loading=\"lazy\" decoding=\"async\" class=\"alignnone size-full wp-image-10318\" src=\"https:\/\/archivista.ch\/cms\/wp-content\/uploads\/2024\/05\/mullvad3a.png\" alt=\"\" width=\"2673\" height=\"1838\" \/><\/a><\/p>\n<p>Ganz unten auf der Seite ist <strong>4. der Button\/Knopf &#8218;Zip-Archiv herunterladen&#8216;<\/strong> zu klicken. Es wird nun die Datei &#8218;mullvad_wireguard_linux_all_all.zip&#8216; in den Ordner &#8218;\/home\/archivista\/data&#8216; heruntergeladen. Jetzt kann das Dienstprogramm f\u00fcr Mullvad gestartet werden:<\/p>\n<p><a href=\"https:\/\/archivista.ch\/cms\/wp-content\/uploads\/2024\/05\/mullvadtool1.png\"><img loading=\"lazy\" decoding=\"async\" class=\"alignnone size-full wp-image-10360\" src=\"https:\/\/archivista.ch\/cms\/wp-content\/uploads\/2024\/05\/mullvadtool1.png\" alt=\"\" width=\"819\" height=\"636\" srcset=\"https:\/\/archivista.ch\/cms\/wp-content\/uploads\/2024\/05\/mullvadtool1.png 819w, https:\/\/archivista.ch\/cms\/wp-content\/uploads\/2024\/05\/mullvadtool1-300x233.png 300w, https:\/\/archivista.ch\/cms\/wp-content\/uploads\/2024\/05\/mullvadtool1-768x596.png 768w, https:\/\/archivista.ch\/cms\/wp-content\/uploads\/2024\/05\/mullvadtool1-600x466.png 600w, https:\/\/archivista.ch\/cms\/wp-content\/uploads\/2024\/05\/mullvadtool1-624x485.png 624w\" sizes=\"auto, (max-width: 819px) 100vw, 819px\" \/><\/a><\/p>\n<p>\u00dcber das Dienstprogramm kann der gew\u00fcnschte Mullvad-Server einfach ausgew\u00e4hlt werden:<\/p>\n<p><a href=\"https:\/\/archivista.ch\/cms\/wp-content\/uploads\/2024\/05\/mullvadtool2.png\"><img loading=\"lazy\" decoding=\"async\" class=\"alignnone size-full wp-image-10359\" src=\"https:\/\/archivista.ch\/cms\/wp-content\/uploads\/2024\/05\/mullvadtool2.png\" alt=\"\" width=\"321\" height=\"513\" srcset=\"https:\/\/archivista.ch\/cms\/wp-content\/uploads\/2024\/05\/mullvadtool2.png 321w, https:\/\/archivista.ch\/cms\/wp-content\/uploads\/2024\/05\/mullvadtool2-300x479.png 300w, https:\/\/archivista.ch\/cms\/wp-content\/uploads\/2024\/05\/mullvadtool2-188x300.png 188w\" sizes=\"auto, (max-width: 321px) 100vw, 321px\" \/><\/a><\/p>\n<p>Das gew\u00fcnschte Land kann mit Eingabe der ersten Buchstaben direkt ausgew\u00e4hlt werden (z.B. ch). Mit Klick auf &#8218;Ausf\u00fchren&#8216; und einer Kontrollabfrage kann der gew\u00fcnschte Standort aktiviert werden. Soll Mullvad nicht mehr &#8222;arbeiten&#8220;, kann dies mit der Option &#8218;AUS&#8216; bewerkstelligt werden.<\/p>\n<p>Einfach, oder? Ganz so einfach war es leider nicht. Ehe ein Weiterlesen erfolgt, sei hier angef\u00fcgt, der nachfolgende Abschnitt ist f\u00fcr jene bestimmt, welche am technischen Hintergrund interessiert sind. Alle \u00fcbrigen d\u00fcrfen direkt zum \u00fcbern\u00e4chsten Abschnitt &#8222;springen&#8220;.<\/p>\n<h2>Darum ist das Mullvad-Tool f\u00fcr AVMultimedia entstanden<\/h2>\n<p>Leider gestaltete sich der Weg zur Integration von Mullvad nicht ganz so einfach. Zun\u00e4chst wurde versucht, dass orgin\u00e4re Mullvad-Linux-Package zum Laufen zu bringen. Als Debian-Package ist es auf Devuan durchaus installierbar. Leider scheitert die Installation, weil hardcodiert die folgenden Aufrufe in \/var\/lib\/dpkg\/info\/mullvad-vpn.postinst in der Bash-Datei eingetragen sind:<\/p>\n<pre><strong>systemctl enable \"\/usr\/lib\/systemd\/system\/mullvad-daemon.service\"<\/strong>\r\n<strong>systemctl start mullvad-daemon.service || echo \"Failed to start mullvad-daemon.service\"<\/strong>\r\n<strong>systemctl enable \"\/usr\/lib\/systemd\/system\/mullvad-early-boot-blocking.service<\/strong>\"<\/pre>\n<p>Der Mullvad-Deamon kann aber auch manuell gestartet werden. Dies erfolgt mit:<\/p>\n<p><strong>\/usr\/bin\/mullvad-daemon -v<\/strong><\/p>\n<p>Nun wird der Dienst zwar gestartet, aber leider wird wiederum &#8222;hartcodiert&#8220; das Betriebssystem abgefragt, und dabei scheitert der Mullvad-Dienst:<\/p>\n<pre><strong>[ERROR] Error: Failed to reset firewall policy<\/strong>\r\n<strong>Caused by: Error while processing an incoming netlink message<\/strong>\r\n<strong>Caused by: Operation not supported (os error 95)<\/strong><\/pre>\n<p>Eine Anfrage beim Support von Mullvad f\u00fchte einzig dazu, dass explizit jegwelcher Support f\u00fcr andere Linux-Systeme ausgeschlossen wurde. Nun denn, so wurde ein Tool f\u00fcr AVMultimedia entwickelt. Das Programm d\u00fcrfte unter s\u00e4mtlichen Linux-Systemen laufen. F\u00fcr diejenigen, welche an der Technologie interessiert sind, hier der Code:<\/p>\n<pre><strong>#!\/usr\/bin\/perl\r\nuse strict;\r\nmy $tit=\"AVMultimedia\";\r\n$tit=\"ArchivistaBox\" if -e \"\/etc\/mysql\";\r\nmy $servers=`ls -1 \/etc\/wireguard\/*.conf`;\r\n$servers =~ s\/(\\.conf)\/\/g;\r\nmy $msg_ok=\"Proceed\";\r\nmy $msg_ok2=\"OK\";\r\nmy $msg_cancel=\"Cancel\";\r\nmy $msg_mullvad=\"Choose VPN-Server\";\r\nmy $msg_none=\"OFF\";\r\nmy $msg_err=\"Please first create wireguard conf for mullvad at mullvad.net\";\r\nmy $lang=`cat \/proc\/cmdline | grep 'lang.en'`;\r\nif (\"$lang\" eq \"\") {\r\n  $msg_ok=\"Ausf\u00fchren\";\r\n  $msg_cancel=\"Abbrechen\";\r\n  $msg_mullvad=\"VPN-Server w\u00e4hlen\";\r\n  $msg_none=\"AUS\";\r\n  $msg_err=\"Bitte auf mullvad.net Wireguard-Konfiguration erstellen\";\r\n}\r\nmy $files=`ls -1 \/home\/archivista\/data\/mullvad_wireguard_linux_*.zip`;\r\nmy @files = split(\/\\n\/,$files);\r\nmy $file = $files[0];\r\nmy $pwire = \"\/etc\/wireguard\";\r\nsystem(\"unzip -d $pwire -o \\\"$file\\\"\") if -e \"$file\" &amp;&amp; -d \"$pwire\";\r\nmy $current=`ls -1 \/etc\/wireguard\/*.conf 2&gt;\/dev\/null`;\r\nif ($current eq \"\") {\r\n  my $err=\"yad --window-icon=\\\"input-keyboard\\\" \\\\\\n\".\r\n    \"--width=400 --title=\\\"$tit\\\" \\\\\\n\".\r\n    \"--window-icon=\\\"\\\" --text=\\\"$msg_err\\\" \\\\\\n\".\r\n    \"--borders=10 --button=\\\"$msg_ok2\\\":0\";\r\n  system($err);\r\n  exit 0;\r\n}\r\n$current =~ s\/(\\.conf)\/\/g;\r\n$current =~ s\/(\\\/etc\\\/wireguard\\\/)\/\/g;\r\nmy @servers = split(\/\\n\/,$current);\r\nmy $server = \"\";\r\nmy $mullconf = \"\/etc\/mullvad.conf\";\r\n$server = `cat $mullconf` if -e $mullconf;\r\nchomp $server;\r\nmy $out = \"$server $msg_none\";\r\n$out = $msg_none if $server eq \"\";\r\nforeach my $key (@servers) {\r\n  chomp $key;\r\n  next if $key eq $server;\r\n  $out .= \" $key\";\r\n}\r\nmy $cmd = \"yad --window-icon=\\\"input-keyboard\\\" \\\\\\n\".\r\n  \"--width=320 --height=480 --title=\\\"$tit\\\" \\\\\\n\".\r\n  \"--borders=10 --seperator --regex-search --search-column=1 \\\\\\n\".\r\n  \"--column=\\\"$msg_mullvad\\\" --list= $out \\\\\\n\".\r\n  \"--button=\\\"$msg_cancel\\\":1 --button=\\\"$msg_ok\\\":0\";\r\nmy $res=`$cmd`;\r\nif ($res ne \"\") {\r\n  $res =~ s\/\\n\/\/g;\r\n  $res =~ s\/\\|\/\/g;\r\n  my $res1=\"yad --window-icon=\\\"input-keyboard\\\" \\\\\\n\".\r\n    \"--width=400 --title=\\\"$tit\\\" \\\\\\n\".\r\n    \"--window-icon=\\\"\\\" --text=\\\"$msg_mullvad: $res?\\\" \\\\\\n\".\r\n    \"--borders=10 --button=\\\"$msg_cancel\\\":1 --button=\\\"$msg_ok\\\":0\";\r\n  my $ret=system($res1);\r\n  if ($ret==0) {\r\n    if ($res eq $msg_none) {\r\n      system(\"wg-quick down $server\");\r\n      system(\"rm -f $mullconf\") if -e $mullconf;\r\n    } else {\r\n      if ($server ne $msg_none &amp;&amp; $server ne \"\") {\r\n        system(\"wg-quick down $server\")\r\n      }\r\n      system(\"wg-quick up $res\");\r\n      system(\"echo -n \\\"$res\\\" &gt;$mullconf\");\r\n    }\r\n  }\r\n}\r\n<\/strong><\/pre>\n<p>Der aktuelle Code umfasst unter 80 Zeilen und ca. 2600 Bytes. Das Programm d\u00fcrfte sich mit Ausnahme des Ortes, wo die initiale Mullvad-Wireguard-Konfiguration &#8222;gesucht&#8220; wird, beliebig auf jedem Linux-Betriebssystem einsetzen lassen. Dies im Unterschied zum offiziellen Mullvad-Linux-Package. Es ben\u00f6tigt auf der Festplatte satte 130 MByte und ist nur auf einigen wenigen Linux-Distributionen (bzw. auch dort nur f\u00fcr bestimmte Versionen) verf\u00fcgbar und lauff\u00e4hig.<\/p>\n<p>An dieser Stelle darf gerne die Frage aufgeworfen werden, warum nur Linux-Code mittlerweile derart an bestimmte Distributionen gebunden programmiert wird. Es w\u00e4re sehr einfach, Programme so zu schreiben, dass sie universell lauff\u00e4hig blieben, nur eben, wo kein Wille ist, ist auch kein Weg. Und wo ein Wille ist, da gibt es einen Weg. Dies einfach mal als Anmerkung.<\/p>\n<p><a href=\"https:\/\/archivista.ch\/cms\/wp-content\/uploads\/2024\/05\/mullvad3.jpg\"><img loading=\"lazy\" decoding=\"async\" class=\"alignnone size-full wp-image-10333\" src=\"https:\/\/archivista.ch\/cms\/wp-content\/uploads\/2024\/05\/mullvad3.jpg\" alt=\"\" width=\"1920\" height=\"1080\" srcset=\"https:\/\/archivista.ch\/cms\/wp-content\/uploads\/2024\/05\/mullvad3.jpg 1920w, https:\/\/archivista.ch\/cms\/wp-content\/uploads\/2024\/05\/mullvad3-300x169.jpg 300w, https:\/\/archivista.ch\/cms\/wp-content\/uploads\/2024\/05\/mullvad3-1024x576.jpg 1024w, https:\/\/archivista.ch\/cms\/wp-content\/uploads\/2024\/05\/mullvad3-768x432.jpg 768w, https:\/\/archivista.ch\/cms\/wp-content\/uploads\/2024\/05\/mullvad3-600x338.jpg 600w, https:\/\/archivista.ch\/cms\/wp-content\/uploads\/2024\/05\/mullvad3-1536x864.jpg 1536w, https:\/\/archivista.ch\/cms\/wp-content\/uploads\/2024\/05\/mullvad3-624x351.jpg 624w\" sizes=\"auto, (max-width: 1920px) 100vw, 1920px\" \/><\/a><\/p>\n<h2>USB-Tethering und MullvadApp, wenn es mal nicht &#8222;funkt&#8220;<\/h2>\n<p>Eine Einschr\u00e4nkung ergibt sich bei obigem Verfahren allerdings. Mit Mullvad (auch mit anderen Diensten wie ProtonVPN oder NordVPN) l\u00e4sst sich nicht g\u00e4nzlich verbergen, dass eine Nutzung \u00fcber ein VPN-Netz erfolgt. Gewisse Dienste (z.B. orf.at) pr\u00fcfen dies und verweigern allf\u00e4llig die Nutzung.<\/p>\n<p>Sofern dies der Fall ist, lassen sich diese Dienste trotzdem nutzen, indem das Smartphone &#8222;dazwischen&#8220; geschaltet wird. Der entsprechende Dienst nennt sich USB-Tethering (nur bei Android oder, LineageOS oder \/e\/). Dabei ist das Smartphone \u00fcber ein USB-Kabel an den Rechner anzuschliessen. Nun kann USB-Tethering aktiviert werden:<\/p>\n<p><a href=\"https:\/\/archivista.ch\/cms\/wp-content\/uploads\/2024\/05\/Screenshot_20240518-121629_Einstellungen.png\"><img loading=\"lazy\" decoding=\"async\" class=\"alignnone wp-image-10326\" src=\"https:\/\/archivista.ch\/cms\/wp-content\/uploads\/2024\/05\/Screenshot_20240518-121629_Einstellungen.png\" alt=\"\" width=\"300\" height=\"600\" srcset=\"https:\/\/archivista.ch\/cms\/wp-content\/uploads\/2024\/05\/Screenshot_20240518-121629_Einstellungen.png 1080w, https:\/\/archivista.ch\/cms\/wp-content\/uploads\/2024\/05\/Screenshot_20240518-121629_Einstellungen-300x600.png 300w, https:\/\/archivista.ch\/cms\/wp-content\/uploads\/2024\/05\/Screenshot_20240518-121629_Einstellungen-150x300.png 150w, https:\/\/archivista.ch\/cms\/wp-content\/uploads\/2024\/05\/Screenshot_20240518-121629_Einstellungen-512x1024.png 512w, https:\/\/archivista.ch\/cms\/wp-content\/uploads\/2024\/05\/Screenshot_20240518-121629_Einstellungen-768x1536.png 768w, https:\/\/archivista.ch\/cms\/wp-content\/uploads\/2024\/05\/Screenshot_20240518-121629_Einstellungen-600x1200.png 600w, https:\/\/archivista.ch\/cms\/wp-content\/uploads\/2024\/05\/Screenshot_20240518-121629_Einstellungen-1024x2048.png 1024w, https:\/\/archivista.ch\/cms\/wp-content\/uploads\/2024\/05\/Screenshot_20240518-121629_Einstellungen-624x1248.png 624w\" sizes=\"auto, (max-width: 300px) 100vw, 300px\" \/><\/a> <a href=\"https:\/\/archivista.ch\/cms\/wp-content\/uploads\/2024\/05\/mullvadandroid.png\">\u00a0\u00a0 <img loading=\"lazy\" decoding=\"async\" class=\"alignnone wp-image-10327\" src=\"https:\/\/archivista.ch\/cms\/wp-content\/uploads\/2024\/05\/mullvadandroid.png\" alt=\"\" width=\"300\" height=\"600\" srcset=\"https:\/\/archivista.ch\/cms\/wp-content\/uploads\/2024\/05\/mullvadandroid.png 600w, https:\/\/archivista.ch\/cms\/wp-content\/uploads\/2024\/05\/mullvadandroid-300x600.png 300w, https:\/\/archivista.ch\/cms\/wp-content\/uploads\/2024\/05\/mullvadandroid-150x300.png 150w, https:\/\/archivista.ch\/cms\/wp-content\/uploads\/2024\/05\/mullvadandroid-512x1024.png 512w\" sizes=\"auto, (max-width: 300px) 100vw, 300px\" \/><\/a><\/p>\n<p>Nach dem Aktivieren von USB-Tethering kann der Standort in der Mullvad-App ge\u00e4ndert werden (siehe obenstehend). Jetzt l\u00e4sst sich der VPN-Dienst in AVMultimedia \u00fcber das Netzwerk-Tool (Windows-Taste, dann &#8218;Netzwerk-Tool&#8216; aufrufen):<\/p>\n<p><em><strong>Hinweis:<\/strong> Nur wenn USB-Tethering aktiviert ist, l\u00e4sst sich das Smartphone \u00fcber USB nutzen. Falls nicht, ist entweder das Smartphone gar nicht \u00fcber USB angeschlossen oder das USB-Kabel ist nicht f\u00fcr die Nutzung mit dem Smartphone geeignet.<br \/>\n<\/em><\/p>\n<p>Sofern auf dem Smartphone alles im &#8222;gr\u00fcnen&#8220; Bereich ist (USB-Tethering aktiviert und Standort in Mullvad eingestellt), kann die Nutzung des so gesicherten Netzwerkes in AVMultimedia aktiviert werden. Dazu ist \u00fcber die Windows-Taste (Systemmen\u00fc) das Netzwerk-Tool aufzurufen und dort USB zu aktivieren. Dabei ist einmalig das root-Passwort einzugeben:<\/p>\n<p><a href=\"https:\/\/archivista.ch\/cms\/wp-content\/uploads\/2024\/05\/usb.png\"><img loading=\"lazy\" decoding=\"async\" class=\"alignnone size-full wp-image-10328\" src=\"https:\/\/archivista.ch\/cms\/wp-content\/uploads\/2024\/05\/usb.png\" alt=\"\" width=\"599\" height=\"453\" srcset=\"https:\/\/archivista.ch\/cms\/wp-content\/uploads\/2024\/05\/usb.png 599w, https:\/\/archivista.ch\/cms\/wp-content\/uploads\/2024\/05\/usb-300x227.png 300w\" sizes=\"auto, (max-width: 599px) 100vw, 599px\" \/><\/a><\/p>\n<p>Mit dem Klicken auf den Button <strong>&#8218;Ausf\u00fchren&#8216; erfolgt die Nutzung des Internets komplett \u00fcber das Smartphone.<\/strong> Und so eingerichtet, l\u00e4sst sich dann z.B. auch orf.at dazu &#8222;\u00fcberreden&#8220;, die entsprechenden Inhalte abzuspielen.<\/p>\n<p>Bleibt die Frage zu kl\u00e4ren, warum es sich trotzdem lohnt, Mullvad direkt \u00fcber AVMultimedia zu nutzen? Erstens erfordert das Einrichten \u00fcber USB-Tethering mehr Aufwand bzw. zwingend ein angeh\u00e4ngtes Smartphone und zweitens ist der Umweg \u00fcber das Smartphone in aller Regel deutlich langsamer. In den allermeisten F\u00e4llen kann Mullvad direkt \u00fcber AVMultimedia bzw. das Wireguard-Protokoll erfolgen.<\/p>\n<p><a href=\"https:\/\/archivista.ch\/cms\/wp-content\/uploads\/2024\/05\/mullvad4.jpg\"><img loading=\"lazy\" decoding=\"async\" class=\"alignnone size-full wp-image-10332\" src=\"https:\/\/archivista.ch\/cms\/wp-content\/uploads\/2024\/05\/mullvad4.jpg\" alt=\"\" width=\"1920\" height=\"1080\" srcset=\"https:\/\/archivista.ch\/cms\/wp-content\/uploads\/2024\/05\/mullvad4.jpg 1920w, https:\/\/archivista.ch\/cms\/wp-content\/uploads\/2024\/05\/mullvad4-300x169.jpg 300w, https:\/\/archivista.ch\/cms\/wp-content\/uploads\/2024\/05\/mullvad4-1024x576.jpg 1024w, https:\/\/archivista.ch\/cms\/wp-content\/uploads\/2024\/05\/mullvad4-768x432.jpg 768w, https:\/\/archivista.ch\/cms\/wp-content\/uploads\/2024\/05\/mullvad4-600x338.jpg 600w, https:\/\/archivista.ch\/cms\/wp-content\/uploads\/2024\/05\/mullvad4-1536x864.jpg 1536w, https:\/\/archivista.ch\/cms\/wp-content\/uploads\/2024\/05\/mullvad4-624x351.jpg 624w\" sizes=\"auto, (max-width: 1920px) 100vw, 1920px\" \/><\/a><\/p>\n<h2>Fazit: Flexibel und mit Privacy im Internet unterwegs<\/h2>\n<p>Die hier vorgestellte L\u00f6sung mit Wireguard arbeitet ab Version 2024\/V der neuen Generation (avmultimedia_2024.iso). Die Anleitung funktioniert aber gerne auch auf s\u00e4mtlichen Linux-Rechnern. Im Unterschied zum GUI-Tool von Mullad, das nur f\u00fcr gewisse Debian-, Ubuntu- und Fedora-Versionen funktioniert, d\u00fcrfte die hier vorgestellte L\u00f6sung sehr universell sein, sofern Wireguard verf\u00fcgbar ist.<\/p>\n<p>Einmal aufgespielt, ist das Arbeiten mit Mullvad recht einfach. AVMultimedia 2024\/V stellt beim ordentlichen Herunterfahren bzw. Hochfahren auch sicher, dass Konfigurationsdateien f\u00fcr die Mullvad-Server erhalten bleiben.<\/p>\n<p>Als positiver Nebeneffekt beim Arbeiten mit Mullvad resultiert, dass die aufgerufenen Server die \u00f6ffentliche IP-Adresse des genutzten Rechners nie erfahren werden. Damit ist ein gutes Mass an Privacy erreicht. Bei internen Tests zeigte sich ferner ein flottes Tempo. In diesem Sinne scheint der Obolus von monatlich 5 Euro recht angemessen. Zumal Mullvad monatlich erneuert werden kann.<\/p>\n<p><em>P.S: Das Update auf 2023\/V beinhaltet ebenfalls eine aktualisierte Version von Freetube und behebt bei der ArchivistaBox gemeldete Fehler (z.B. Passw\u00f6rter mit Sonderzeichen).<\/em><\/p>\n\n\n\n\t<div class=\"dkpdf-button-container\" style=\"            text-align:right \">\n\n\t\t<a class=\"dkpdf-button\" href=\"\/cms\/wp-json\/wp\/v2\/pages\/10314?pdf=10314\" target=\"_blank\"><span class=\"dkpdf-button-icon\"><i class=\"fa fa-file-pdf-o\"><\/i><\/span> PDF Button<\/a>\n\n\t<\/div>\n\n\n\n\n\n","protected":false},"excerpt":{"rendered":"<p>Mit Mullvad komfortabel im Internet unterwegs Egg, 18. Mai 2024: Wer \u00f6fter auf Reisen ist, kennt die Problematik. Je nach Standort (Land) sind gewisse Dienste nicht mehr verf\u00fcgbar, weil sogenannte GEO-Blocker (geographische Sperren) aktiviert sind. Mit AVMultimedia 2023\/V steht neu Wireguard zur Verf\u00fcgung. Im Zusammenspiel mit Mullvad ein ideales Gespann, um schnell und unkompliziert \u00fcberall [&hellip;]<\/p>\n","protected":false},"author":1,"featured_media":0,"parent":10635,"menu_order":39,"comment_status":"closed","ping_status":"closed","template":"","meta":{"_acf_changed":false,"footnotes":""},"class_list":["post-10314","page","type-page","status-publish","hentry"],"acf":[],"_links":{"self":[{"href":"https:\/\/archivista.ch\/cms\/wp-json\/wp\/v2\/pages\/10314","targetHints":{"allow":["GET"]}}],"collection":[{"href":"https:\/\/archivista.ch\/cms\/wp-json\/wp\/v2\/pages"}],"about":[{"href":"https:\/\/archivista.ch\/cms\/wp-json\/wp\/v2\/types\/page"}],"author":[{"embeddable":true,"href":"https:\/\/archivista.ch\/cms\/wp-json\/wp\/v2\/users\/1"}],"replies":[{"embeddable":true,"href":"https:\/\/archivista.ch\/cms\/wp-json\/wp\/v2\/comments?post=10314"}],"version-history":[{"count":26,"href":"https:\/\/archivista.ch\/cms\/wp-json\/wp\/v2\/pages\/10314\/revisions"}],"predecessor-version":[{"id":10501,"href":"https:\/\/archivista.ch\/cms\/wp-json\/wp\/v2\/pages\/10314\/revisions\/10501"}],"up":[{"embeddable":true,"href":"https:\/\/archivista.ch\/cms\/wp-json\/wp\/v2\/pages\/10635"}],"wp:attachment":[{"href":"https:\/\/archivista.ch\/cms\/wp-json\/wp\/v2\/media?parent=10314"}],"curies":[{"name":"wp","href":"https:\/\/api.w.org\/{rel}","templated":true}]}}