{"id":10582,"date":"2024-12-20T19:51:38","date_gmt":"2024-12-20T18:51:38","guid":{"rendered":"https:\/\/archivista.ch\/cms\/?page_id=10582"},"modified":"2025-01-08T02:02:12","modified_gmt":"2025-01-08T01:02:12","slug":"endlich-2024-xii","status":"publish","type":"page","link":"https:\/\/archivista.ch\/cms\/de\/aktuell-blog\/blogs-2024\/endlich-2024-xii\/","title":{"rendered":"Endlich: 2024\/XII"},"content":{"rendered":"<h1>ArchivistaBox: Neues Fundament bis 2029<\/h1>\n<p><em><strong>Egg, 20. Dezember 2024:<\/strong> Uff, dies war mal wieder knapp. L\u00e4ngst geplant, und doch erst jetzt bereit. Das neue Fundament f\u00fcr die ArchivistaBox steht ab heute zur Verf\u00fcgung. F\u00fcr die Anwender\/innen \u00e4ndert sich wenig, im Support ebenfalls nicht viel mehr. Und doch ist das Update zentral, nur dank gepflegtem Unterbau laufen unsere ArchivistaBoxen \u00fcber viele Jahre, gar Jahrzehnte, stabil, einfach und sicher im harten Businessalltag. In diesem Blog geht es nicht prim\u00e4r um das neue Release, sondern um die Komplexit\u00e4t digitaler Daten, und wie die ArchivistaBox diese Aufgabe meistert.<br \/>\n<\/em><\/p>\n<p><a href=\"https:\/\/archivista.ch\/cms\/wp-content\/uploads\/2024\/12\/norwegen3.jpg\"><img loading=\"lazy\" decoding=\"async\" class=\"alignnone size-full wp-image-10598\" src=\"https:\/\/archivista.ch\/cms\/wp-content\/uploads\/2024\/12\/norwegen3.jpg\" alt=\"\" width=\"1920\" height=\"1080\" srcset=\"https:\/\/archivista.ch\/cms\/wp-content\/uploads\/2024\/12\/norwegen3.jpg 1920w, https:\/\/archivista.ch\/cms\/wp-content\/uploads\/2024\/12\/norwegen3-300x169.jpg 300w, https:\/\/archivista.ch\/cms\/wp-content\/uploads\/2024\/12\/norwegen3-1024x576.jpg 1024w, https:\/\/archivista.ch\/cms\/wp-content\/uploads\/2024\/12\/norwegen3-768x432.jpg 768w, https:\/\/archivista.ch\/cms\/wp-content\/uploads\/2024\/12\/norwegen3-600x338.jpg 600w, https:\/\/archivista.ch\/cms\/wp-content\/uploads\/2024\/12\/norwegen3-1536x864.jpg 1536w, https:\/\/archivista.ch\/cms\/wp-content\/uploads\/2024\/12\/norwegen3-624x351.jpg 624w\" sizes=\"auto, (max-width: 1920px) 100vw, 1920px\" \/><\/a><\/p>\n<h2>Was heisst bzw. bedeutet ein neuer Unterbau ?<\/h2>\n<p>Bei der ArchivistaBox wird die L\u00f6sung aus einem Guss geliefert. Dies bedeutet, zusammen mit der Hardware wird die gesamte ben\u00f6tigte Software ausgeliefert, d.h. bei der die ArchivistaBox wird das Betriebssystem zusammen mit den Applikationen ausgeliefert.<\/p>\n<p>Beim alten Release waren dies entweder Kernel 5.4 oder 5.10 auf der Basis von Devuan Beowulf (bzw. Debian Buster), beim neuen Unterbau wird Kernel 6.10 auf der Basis von Devuan Daedalus (bzw. Debian Bookworm) ausgeliefert. Ab Version 2024\/XII werden neue Versionen ausschliesslich auf der aktuellen Basis ver\u00f6ffentlicht; dies im Einklang zur <strong><a href=\"https:\/\/archivista.ch\/cms\/de\/aktuell-blog\/jahre-2008-2019\/blogs-2019\/archivistabox-2019-x1\/\">Ver\u00f6ffentlichung im Jahre 2019.<\/a><\/strong> Der Supportzeitraum f\u00fcr das neue Master-Release dauert bis Ende 2029.<\/p>\n<p>Diese technischen Informationen seien hier der Form halber angef\u00fchrt, das zentrale Thema sollen sie hier nicht sein. Bei der Realisierung des aktuellen Fundamentes stellte sich die Frage, was zentral ist. Nach R\u00fccksprache mit vielen Kunden reifte der Entschluss, es braucht keine bahnbrechenden Neuerungen, es braucht einfach Kontinuit\u00e4t.<\/p>\n<h2>2024\/XII: Stabilit\u00e4t und Masse<\/h2>\n<p>So werden mit Version 2024\/XII die Scanner-Treiber neu implementiert, ebenso wurde eine einfache Remote-L\u00f6sung f\u00fcr alle Kunden realisiert. Einen recht hohen Aufwand bescherte der Wechsel von PHP 7.x auf 8.x, die Migration der Datenbank auf MariaDB 10.x und auch das Upgrade auf KVM\/Qemu 7.x war nicht ganz trivial. Es erschien uns von daher wichtiger, daf\u00fcr zu sorgen, dass alle Komponenten einfach so weiterlaufen wie sie bisher liefen.<\/p>\n<p>Als Ende 2019 das letzte grosse Master-Release erschien, ging es darum, dass die ArchivistaBox multimediale Dateien verarbeiten kann. In den letzten f\u00fcnf Jahren wurden diese M\u00f6glichkeiten derart erweitert, dass r\u00fcckblickend angemerkt werden muss, etwas einzuf\u00fchren ist die eine Sache. Es so zum Leben zu erwecken, dass es dem harten Business-Alltag gen\u00fcgt, eine andere &#8222;Hausnummer&#8220;.<\/p>\n<p><a href=\"https:\/\/archivista.ch\/cms\/wp-content\/uploads\/2024\/12\/schweden1.jpg\"><img loading=\"lazy\" decoding=\"async\" class=\"alignnone size-full wp-image-10597\" src=\"https:\/\/archivista.ch\/cms\/wp-content\/uploads\/2024\/12\/schweden1.jpg\" alt=\"\" width=\"1920\" height=\"1080\" srcset=\"https:\/\/archivista.ch\/cms\/wp-content\/uploads\/2024\/12\/schweden1.jpg 1920w, https:\/\/archivista.ch\/cms\/wp-content\/uploads\/2024\/12\/schweden1-300x169.jpg 300w, https:\/\/archivista.ch\/cms\/wp-content\/uploads\/2024\/12\/schweden1-1024x576.jpg 1024w, https:\/\/archivista.ch\/cms\/wp-content\/uploads\/2024\/12\/schweden1-768x432.jpg 768w, https:\/\/archivista.ch\/cms\/wp-content\/uploads\/2024\/12\/schweden1-600x338.jpg 600w, https:\/\/archivista.ch\/cms\/wp-content\/uploads\/2024\/12\/schweden1-1536x864.jpg 1536w, https:\/\/archivista.ch\/cms\/wp-content\/uploads\/2024\/12\/schweden1-624x351.jpg 624w\" sizes=\"auto, (max-width: 1920px) 100vw, 1920px\" \/><\/a><\/p>\n<p>In den letzten Tagen wurden zum Test \u00fcber 6500 Stunden Video-Material ins Archiv &#8222;geworfen&#8220;. F\u00fcr das Verarbeiten der weit \u00fcber 4000 Dateien ben\u00f6tigte die ArchivistaBox um die 5 Stunden. Dabei wurden \u00fcber 760&#8217;000 Seiten neu in ArchivistaDMS angelegt. Die neu erfasste Datenmenge lag dabei bei ca. 2.2 TByte an Daten.<\/p>\n<p>Bei der Verarbeitung ist kein einziger Fehler aufgetreten. Es sei hier angef\u00fchrt, 2019 w\u00e4re die damalige ArchivistaBox daf\u00fcr wohl noch nicht ganz bereit gewesen. Aktuell k\u00f6nnen selbst mit einer ArchivistaBox Matterhorn Archive mit mehreren Dutzend TByte bew\u00e4ltigt werden, von den Modellen K2 und Everest ganz zu schweigen. Mit den letzteren beiden ArchivistaBox-Modellen liessen sich Archive \u00fcber Hunderte von TByte bewerkstelligen.<\/p>\n<p>Und dabei werden die ArchivistaBox-Systeme auf handels\u00fcblicher Hardware ausgeliefert, es braucht weder eine Server-Infrastruktur noch das entsprechende Know-How dazu. Damit dies m\u00f6glich ist, braucht es viel Liebe zum Handwerk. Gerade bei Video-Dateien liegt der &#8222;Teufel&#8220; im Detail. Um zu erkl\u00e4ren, wie komplex die Materie ist, sei etwas weiter ausgeholt.<\/p>\n<h2>Am Anfang stand das gescannte Bild<\/h2>\n<p>Als die Archivista-L\u00f6sung 1998 auf dem Markt erschien, ging es prim\u00e4r darum, gedruckte Belege \u00fcber Scanner zu digitalisieren bzw. digitale Bilder ins Archiv aufzunehmen. Bereits digital erfasste Daten wurden prim\u00e4r als Office-Dateien und als ASCII-Textdateien gespeichert. Office-Dateien mussten damals \u00fcber virtuelle PDF-Druckertreiber archiviert werden, bei den Text-Dateien besteht bis heute die Problematik, dass im Prinzip niemand weiss, mit welchem Zeichensatz die Daten gespeichert wurden.<\/p>\n<p><a href=\"https:\/\/archivista.ch\/cms\/wp-content\/uploads\/2024\/12\/finnland2.jpg\"><img loading=\"lazy\" decoding=\"async\" class=\"alignnone size-full wp-image-10601\" src=\"https:\/\/archivista.ch\/cms\/wp-content\/uploads\/2024\/12\/finnland2.jpg\" alt=\"\" width=\"1920\" height=\"1080\" srcset=\"https:\/\/archivista.ch\/cms\/wp-content\/uploads\/2024\/12\/finnland2.jpg 1920w, https:\/\/archivista.ch\/cms\/wp-content\/uploads\/2024\/12\/finnland2-300x169.jpg 300w, https:\/\/archivista.ch\/cms\/wp-content\/uploads\/2024\/12\/finnland2-1024x576.jpg 1024w, https:\/\/archivista.ch\/cms\/wp-content\/uploads\/2024\/12\/finnland2-768x432.jpg 768w, https:\/\/archivista.ch\/cms\/wp-content\/uploads\/2024\/12\/finnland2-600x338.jpg 600w, https:\/\/archivista.ch\/cms\/wp-content\/uploads\/2024\/12\/finnland2-1536x864.jpg 1536w, https:\/\/archivista.ch\/cms\/wp-content\/uploads\/2024\/12\/finnland2-624x351.jpg 624w\" sizes=\"auto, (max-width: 1920px) 100vw, 1920px\" \/><\/a><\/p>\n<p>Letztlich ging bzw. geht es noch immer darum, von Informationen Abbilder zu erhalten. ArchivistaDMS unterscheidet sich hier bis heute von Mittbewerbern, indem nicht einfach nur Quelldateien (z.B. eine Word-Datei) aufbewahrt werden, vielmehr werden die Daten virtuell &#8222;abfotografiert&#8220;. Damit ist eine visuelle Sichtung der Daten auch Jahrzehnte sp\u00e4ter problemlos m\u00f6glich, selbst wenn es z.B. nicht mehr m\u00f6glich sein sollte, die Quelldatei selber zu \u00f6ffnen.<\/p>\n<h2>XML und Dokumenten-Container<\/h2>\n<p>Jedoch, ein Office-Dokument aus dem Jahre 2000 entspricht nicht in Ans\u00e4tzen dem Aufbau aus aktueller Zeit. Wurde fr\u00fcher der gesamte Inhalt in einer Datei gespeichert, so werden aktuell einzelne Happen gespeichert. Um dies zu verdeutlichen, sei zum &#8222;Hallo Word&#8220;-Beispiel gegriffen. Diese 12 Zeichen (Hallo World) ben\u00f6tigen in den Formaten (Doc-Word, Docx-Word, PDF und Tif-Format mit 300 Pixeln\/Zoll) den folgenden Speicherplatz:<\/p>\n<pre><strong>halloworld.doc =&gt; 9216 Zeichen<\/strong>\r\n<strong>halloworld.docx =&gt; 4206 Zeichen<\/strong>\r\n<strong>halloworld.pdf =&gt; 7089 Zeichen<\/strong>\r\n<strong>halloworld.tif =&gt; 2465 Zeichen<\/strong><\/pre>\n<p>Daraus l\u00e4sst sich herleiten, dass die Bild-Kopie (Tif-Datei) bis heute am effizienteste Form (rein vom Speicherplatz her gesehen) darstellt. Die PDF-Datei ben\u00f6tigt um den Faktor drei mehr Speicher, ohne dass das Problem der Lesbarkeit \u00fcber einen langen Zeithorizont gel\u00f6st w\u00e4re (z.B. Einbettung der Schriften).<\/p>\n<p>Beim docx-Format ist anzuf\u00fcgen, dass es sich hier um XML-Daten in komprimierter Form handelt. Wird die entsprechende Word-Datei ausgepackt, so erscheinen die folgenden Dateien:<\/p>\n<pre><strong>.\/docProps<\/strong>\r\n<strong>.\/docProps\/core.xml<\/strong>\r\n<strong>.\/docProps\/app.xml<\/strong>\r\n<strong>.\/[Content_Types].xml<\/strong>\r\n<strong>.\/_rels<\/strong>\r\n<strong>.\/_rels\/.rels<\/strong>\r\n<strong>.\/word<\/strong>\r\n<strong>.\/word\/fontTable.xml<\/strong>\r\n<strong>.\/word\/document.xml<\/strong>\r\n<strong>.\/word\/_rels<\/strong>\r\n<strong>.\/word\/_rels\/document.xml.rels<\/strong>\r\n<strong>.\/word\/styles.xml<\/strong>\r\n<strong>.\/word\/settings.xml<\/strong><\/pre>\n<p>Und dies alles, f\u00fcr &#8222;satte&#8220; 12 Zeichen. Ausgepackt werden daf\u00fcr auf der Festplatte um die 56&#8217;000 Zeichen (Bytes) ben\u00f6tigt. Soviel zur Effizienz heutiger Computerprogramme. Unabh\u00e4ngig davon ist es aber doch so, je mehr Daten bei einem Dateiformat anfallen, desto mehr Komplexit\u00e4t ergibt sich daraus, um diese Informationen langfristig und sicher am Leben zu erhalten.<\/p>\n<p><a href=\"https:\/\/archivista.ch\/cms\/wp-content\/uploads\/2024\/12\/schweden2.jpg\"><img loading=\"lazy\" decoding=\"async\" class=\"alignnone size-full wp-image-10596\" src=\"https:\/\/archivista.ch\/cms\/wp-content\/uploads\/2024\/12\/schweden2.jpg\" alt=\"\" width=\"1920\" height=\"1080\" srcset=\"https:\/\/archivista.ch\/cms\/wp-content\/uploads\/2024\/12\/schweden2.jpg 1920w, https:\/\/archivista.ch\/cms\/wp-content\/uploads\/2024\/12\/schweden2-300x169.jpg 300w, https:\/\/archivista.ch\/cms\/wp-content\/uploads\/2024\/12\/schweden2-1024x576.jpg 1024w, https:\/\/archivista.ch\/cms\/wp-content\/uploads\/2024\/12\/schweden2-768x432.jpg 768w, https:\/\/archivista.ch\/cms\/wp-content\/uploads\/2024\/12\/schweden2-600x338.jpg 600w, https:\/\/archivista.ch\/cms\/wp-content\/uploads\/2024\/12\/schweden2-1536x864.jpg 1536w, https:\/\/archivista.ch\/cms\/wp-content\/uploads\/2024\/12\/schweden2-624x351.jpg 624w\" sizes=\"auto, (max-width: 1920px) 100vw, 1920px\" \/><\/a><\/p>\n<h2>Video-Dateien als Komplexit\u00e4tswalze<\/h2>\n<p>Der kleine Ausflug in gescannte Daten und die Office-Formate dient hier als Einstieg zu den Video-Dateien. Im Prinzip k\u00f6nnte ja angenommen werden, es handle sich bei Video-Dateien um Abfolgen von Bildern, angereichert durch etwas Ton.<\/p>\n<p>Leider ist die Sachlage bei den Video-Dateien aber weit komplexer. Nachfolgend soll es hier prim\u00e4r um das MP4-Format (im engeren Sinn um H264) gehen. Auch hier handelt es sich (analog zu den Office-Dateien) um eine Spezifikation, bei der mehrere Brocken zusammen abgelegt werden k\u00f6nnen. Rein von der Spezifikation her k\u00f6nnen darin auch mehrere Video-Daten miteinander gesichert werden. Allerdings kann bei so erstellten Video-Dateien von den meisten Playern nur die erste Spur abgespielt werden.<\/p>\n<p>Dagegen k\u00f6nnen viele verschiedene Audio-Quellen vorhanden sein, in unterschiedlicher Qualit\u00e4t, wobei es meist darum geht, mehrere Sprachen in der Datei aufzunehmen. Dazu kommen Untertitel-Dateien, die entweder als Bitmap oder (aktuell) als Text-Dateien in den MP4-Dateien integriert sind.<\/p>\n<p><a href=\"https:\/\/archivista.ch\/cms\/wp-content\/uploads\/2024\/12\/finnland1.jpg\"><img loading=\"lazy\" decoding=\"async\" class=\"alignnone size-full wp-image-10602\" src=\"https:\/\/archivista.ch\/cms\/wp-content\/uploads\/2024\/12\/finnland1.jpg\" alt=\"\" width=\"1920\" height=\"1080\" srcset=\"https:\/\/archivista.ch\/cms\/wp-content\/uploads\/2024\/12\/finnland1.jpg 1920w, https:\/\/archivista.ch\/cms\/wp-content\/uploads\/2024\/12\/finnland1-300x169.jpg 300w, https:\/\/archivista.ch\/cms\/wp-content\/uploads\/2024\/12\/finnland1-1024x576.jpg 1024w, https:\/\/archivista.ch\/cms\/wp-content\/uploads\/2024\/12\/finnland1-768x432.jpg 768w, https:\/\/archivista.ch\/cms\/wp-content\/uploads\/2024\/12\/finnland1-600x338.jpg 600w, https:\/\/archivista.ch\/cms\/wp-content\/uploads\/2024\/12\/finnland1-1536x864.jpg 1536w, https:\/\/archivista.ch\/cms\/wp-content\/uploads\/2024\/12\/finnland1-624x351.jpg 624w\" sizes=\"auto, (max-width: 1920px) 100vw, 1920px\" \/><\/a><\/p>\n<h2>Der Titanic-Dampfer versinkt mitten in der Datei<\/h2>\n<p>In den letzten Jahren wurden viele Tausende von Dateien zu Testzwecken verarbeitet. Dabei musste festgestellt werden, dass es auch Video-Dateien gibt, bei welchen z.B. die Audiospur erst eine Sekunden ab Beginn der Video-Spur vorhanden ist. Gute Video-Abspieler kommen damit klar, bei Firefox z.B. aber funktionierte es nicht (die Ton- und Video-Spur stimmten dann nicht).<\/p>\n<p>Bei den Untertiteln musste verschiedentlich festgestellt werden, dass nicht korrekte Daten vorhanden waren. So konnte z.B. beim Titanic-Film aus dem Jahre 1953 (l\u00e4sst sich m\u00fchelos im Netz finden) festgestellt werden, dass Untertitel der Version aus dem Jahre 1998 mitgeliefert wurden. Die 1998-er-Version dauert satte 3 Stunden und 14 Minuten. 1953 dauerte der &#8222;Kampf&#8220; nur bis zur Halbzeit (1 Stunde 37 Minuten).<\/p>\n<p>Der Hauptkandidat f\u00fcr das Verarbeiten von MP4-Dateien (ffmpeg) sieht darin kein Problem. Die Untertitel-Datei aus dem Jahre 1998 mit Zeitangaben \u00fcber 3 Stunden kann problemlos in der Video-Datei des Jahres 1953 abgelegt werden.<\/p>\n<p>In der Praxis versinkt der Dampfer in der Version von 1953 dann &#8222;p\u00fcnktlich&#8220; bei 1 Stunde und 37 Minuten, auch wenn einige Player zum Abspielen bis weit \u00fcber 3 Stunden einladen.<\/p>\n<p>Entdeckt wurde dies zuf\u00e4lligerweise bei der Ablage des Films im Privatarchiv des Gesch\u00e4ftsf\u00fchrers. Dies deshalb, weil ArchivistaDMS bei den Video-Dateien Vorschaubilder erstellt. Nat\u00fcrlich k\u00f6nnen dabei nicht alle Bilder einzeln abgelegt werden, dies w\u00fcrde ja zu unhaltbar grossen Datenbest\u00e4nden f\u00fchren. Vielmehr ist es so, dass (ausser bei sehr kurzen Video-Dateien) etwa zwischen 150 bis 300 Vorschaubilder erstellt werden.<\/p>\n<p><a href=\"https:\/\/archivista.ch\/cms\/wp-content\/uploads\/2024\/12\/titanic2.png\"><img loading=\"lazy\" decoding=\"async\" class=\"alignnone size-full wp-image-10590\" src=\"https:\/\/archivista.ch\/cms\/wp-content\/uploads\/2024\/12\/titanic2.png\" alt=\"\" width=\"1205\" height=\"747\" srcset=\"https:\/\/archivista.ch\/cms\/wp-content\/uploads\/2024\/12\/titanic2.png 1205w, https:\/\/archivista.ch\/cms\/wp-content\/uploads\/2024\/12\/titanic2-300x186.png 300w, https:\/\/archivista.ch\/cms\/wp-content\/uploads\/2024\/12\/titanic2-1024x635.png 1024w, https:\/\/archivista.ch\/cms\/wp-content\/uploads\/2024\/12\/titanic2-768x476.png 768w, https:\/\/archivista.ch\/cms\/wp-content\/uploads\/2024\/12\/titanic2-600x372.png 600w, https:\/\/archivista.ch\/cms\/wp-content\/uploads\/2024\/12\/titanic2-624x387.png 624w\" sizes=\"auto, (max-width: 1205px) 100vw, 1205px\" \/><\/a><\/p>\n<p>Bei der Titanic-Version aus dem Jahre 1953 sind aber nur 98 Bilder vorhanden. Beim manuellen \u00dcberpr\u00fcfen musste festgestellt werden, dass der Film die falschen Untertitel hatte (jene aus der \u00fcber dreist\u00fcndigen Version von 1998).<\/p>\n<h2>MP4Test: Damit die Titanic nicht mehr abschifft&#8230;<\/h2>\n<p>Um die Integrit\u00e4t von Video-Dateien zu \u00fcberpr\u00fcfen, kommt meist das Konsolenprogramm &#8218;ffmpeg&#8216; zum Einsatz. Bei <strong><a href=\"https:\/\/superuser.com\/questions\/100288\/how-can-i-check-the-integrity-of-a-video-file-avi-mpeg-mp4\">superuser.com<\/a><\/strong> wird z.B. empfohlen, entsprechende Videos mit folgendem Befehl zu \u00fcberpr\u00fcfen:<\/p>\n<p><code><strong>ffmpeg -v error -i titanic1953.mp4 -f null - 2&gt;error.log<\/strong><\/code><\/p>\n<p>Allerdings generiert der obige Test bei besagter Datei keine Fehler, d.h. die Datei wird f\u00fcr gut befunden. Letztlich ist es wohl so, nur wenn jedes einzelne Bild aus dem Video extrahiert w\u00fcrde, erst dann k\u00f6nnte festgestellt werden, ob Fehler vorliegen. Ein derartiger Test erforderte aber sehr viel Rechenzeit. F\u00fcr eine grosse Anzahl von Dateien w\u00e4re ein solcher Test kaum praktikabel. Das hier vorgestellte Helferlein mp4test ist darauf ausgelegt, einzelne Dateien oder ganze Ordner zu \u00fcberpr\u00fcfen:<\/p>\n<pre><strong>\/usr\/bin\/mp4test file|pathorfilein -- Program to check mp4 files for errors <\/strong>\r\n<strong>(c) 20.12.2024 by Archivista GmbH, Urs Pfister, https:\/\/archivista.ch<\/strong>\r\n<strong>Licence: GPLv2, Deps: ffmpeg,ffprobe,grep,pgrep (tested under Linux)<\/strong>\r\n<strong>Status messages go to console and log file (mp4test.log)<\/strong><\/pre>\n<p>Der Sourcecode kann <a href=\"https:\/\/archivista.ch\/cms\/wp-content\/uploads\/2024\/12\/mp4test.zip\"><strong>hier bezogen werden;<\/strong><\/a> er befindet sich aber auch auf jeder AVMultimedia\/ArchivistaBox-Version ab 2024\/XII. Mit diesem Programm wird eine Schattenkopie erstellt, wobei (um den Vorgang entsprechend zu beschleunigen) jeweils nur 1 Bild pro Sekunde extrahiert wird.<\/p>\n<p>Dadurch werden pro Stunde Material noch etwa 15 bis 20 Sekunden ben\u00f6tigt. Dadurch, dass das Programm mit mehreren Prozessen arbeitet, k\u00f6nnen pro Minute bei einem Prozessor mit 8 Kernen (CPUs) in etwa 10 Stunden recht zuverl\u00e4ssig auf Fehler \u00fcberpr\u00fcft werden. Anhand der Titanic-Datei von 1953 kann gezeigt werden, wie mp4test arbeitet. Auf der ArchivistaBox einfach im entsprechenden Ordner die gew\u00fcnschte Datei aufrufen:<\/p>\n<pre><strong>mp4test titanic.mp4 <\/strong>\r\n<strong>Wait for titanic.done (5)<\/strong>\r\n<strong>Wait for titanic.done (10)<\/strong>\r\n<strong>Wait for titanic.done (15)<\/strong>\r\n<strong>Wait for titanic.done (20)<\/strong>\r\n<strong>ERROR: titanic.mp4 - time shoud be: 03:12:57.21, but is 01:37:46.00<\/strong><\/pre>\n<p>Unschwer zu erkennen ist, dass f\u00fcr den Test gute 20 Sekunden notwendig waren. Bei einem Fehler wird eine entsprechende Fehlermeldung generiert. Bei der korrigierten Version ergibt sich die folgende Meldung:<\/p>\n<pre><strong>Wait for titanic.done (5)<\/strong>\r\n<strong>Wait for titanic.done (10)<\/strong>\r\n<strong>Wait for titanic.done (15)<\/strong>\r\n<strong>Wait for titanic.done (20)<\/strong>\r\n<strong>File titanic.mp4 has 01:37:45.92, check has 01:37:46.00, is ok\r\n<\/strong><\/pre>\n<p>Da nur jede Sekunde ein Bild getestet wird, stimmt am Ende die Zeit nicht zu 100%. Je nach der Anzahl der Bilder pro Sekunde bleiben minimale Differenzen \u00fcbrig. Fehler werden immer dann generiert, wenn die Inhaltsl\u00e4nge um mehr als 2 Sekunden von der neu erstellten Schattenkopie abweicht.<\/p>\n<p>Mit Angabe eines Verzeichnisses kann eine beliebige Anzahl von Video-Dateien in einem Rutsch \u00fcberpr\u00fcft werden. Dabei k\u00f6nnen bei 8 Kernen wohl ca. 4&#8217;000 bis 6&#8217;000 Videos bzw. ca. 10&#8217;000 Stunden pro Tag \u00fcberpr\u00fcft werden.<\/p>\n<p>Das kleine Hilfsprogramm mp4test zeigt gut auf, wo die T\u00fccken bei digitalen Dateien am Beispiel von Video-Dateien liegen und welcher Aufwand bei der ArchivistaBox betrieben wird, um Daten langfristig verf\u00fcgbar zu halten. In diesem Sinne, Enjoy!<\/p>\n<p><a href=\"https:\/\/archivista.ch\/cms\/wp-content\/uploads\/2024\/12\/schweden3.jpg\"><img loading=\"lazy\" decoding=\"async\" class=\"alignnone size-full wp-image-10595\" src=\"https:\/\/archivista.ch\/cms\/wp-content\/uploads\/2024\/12\/schweden3.jpg\" alt=\"\" width=\"1920\" height=\"1080\" srcset=\"https:\/\/archivista.ch\/cms\/wp-content\/uploads\/2024\/12\/schweden3.jpg 1920w, https:\/\/archivista.ch\/cms\/wp-content\/uploads\/2024\/12\/schweden3-300x169.jpg 300w, https:\/\/archivista.ch\/cms\/wp-content\/uploads\/2024\/12\/schweden3-1024x576.jpg 1024w, https:\/\/archivista.ch\/cms\/wp-content\/uploads\/2024\/12\/schweden3-768x432.jpg 768w, https:\/\/archivista.ch\/cms\/wp-content\/uploads\/2024\/12\/schweden3-600x338.jpg 600w, https:\/\/archivista.ch\/cms\/wp-content\/uploads\/2024\/12\/schweden3-1536x864.jpg 1536w, https:\/\/archivista.ch\/cms\/wp-content\/uploads\/2024\/12\/schweden3-624x351.jpg 624w\" sizes=\"auto, (max-width: 1920px) 100vw, 1920px\" \/><\/a><\/p>\n<h2>Betriebsferien 23. Dezember 2024 bis 3. Januar 2025<\/h2>\n<p>Die &#8222;offiziellen&#8220; Feiertag dauern dieses Jahr vom <strong>Montag, 23. Dezember 2025 bis und mit Freitag 3. Januar 2026.<\/strong> Im Unterschied zu anderen Jahren ist es aber so, dass bedingt durch die aufw\u00e4ndigen Arbeiten beim neuen Release 2024\/XII noch viele Arbeiten (z.B. Versand der Rechnungen) zu erledigen sind. Diese Arbeiten erfolgen dieses Jahr wohl zwischen Weihnachten und Neujahr.<\/p>\n<p>Kunden mit Wartungsvertr\u00e4gen erhalten an den Werktagen (23.12, 27.12, 30.12 und 3.1) selbstverst\u00e4ndlich Support. Zum Abschluss m\u00f6chte ich mich an dieser Stelle bei unserer Kundschaft f\u00fcr die langj\u00e4hrige Treue bedanken. Mit grosser Freude stehe ich im Jahr 2025 f\u00fcr ihre Anliegen zur Verf\u00fcgung, ebenso wie die ArchivistaBox (gerade mit dem neuen Master-Release) selbstverst\u00e4ndlich weiterentwickelt wird. In diesem Sinne, besinnliche Weihnachtstage und einen guten Rutsch<\/p>\n<p><a href=\"https:\/\/archivista.ch\/cms\/wp-content\/uploads\/2024\/12\/urs2024.jpg\"><img loading=\"lazy\" decoding=\"async\" class=\"wp-image-10614 size-medium alignright\" src=\"https:\/\/archivista.ch\/cms\/wp-content\/uploads\/2024\/12\/urs2024-300x202.jpg\" alt=\"\" width=\"300\" height=\"202\" srcset=\"https:\/\/archivista.ch\/cms\/wp-content\/uploads\/2024\/12\/urs2024-300x202.jpg 300w, https:\/\/archivista.ch\/cms\/wp-content\/uploads\/2024\/12\/urs2024-600x403.jpg 600w, https:\/\/archivista.ch\/cms\/wp-content\/uploads\/2024\/12\/urs2024-624x419.jpg 624w, https:\/\/archivista.ch\/cms\/wp-content\/uploads\/2024\/12\/urs2024.jpg 640w\" sizes=\"auto, (max-width: 300px) 100vw, 300px\" \/><\/a><em>Urs Pfister, Archivista GmbH<\/em><\/p>\n<p><em>P.S: Die Bilder in diesem Blog stammen aus Schweden, Finnland und Norwegen. Das obige Bild des Gesch\u00e4ftsf\u00fchrers stammt vom 8.8.24, nachdem er in 19 Tagen von Italien bis zum Nordkapp mehr als 4200 Kilometer mit dem Velo bew\u00e4ltigt hat (an besagtem Tag waren es knapp 300 Kilometer). Dazu gibt es einen Dokumentarfilm, mehr dazu unter <strong><a href=\"https:\/\/azurgo.ch\/\">Dall&#8217;Italia til Nordkapp.<\/a><\/strong> Alle Kunden erhalten f\u00fcr den Film auf Anfrage ein kostenfreies Online-Ticket.<\/em><\/p>\n\n\n\n\t<div class=\"dkpdf-button-container\" style=\"            text-align:right \">\n\n\t\t<a class=\"dkpdf-button\" href=\"\/cms\/wp-json\/wp\/v2\/pages\/10582?pdf=10582\" target=\"_blank\"><span class=\"dkpdf-button-icon\"><i class=\"fa fa-file-pdf-o\"><\/i><\/span> PDF Button<\/a>\n\n\t<\/div>\n\n\n\n\n\n","protected":false},"excerpt":{"rendered":"<p>ArchivistaBox: Neues Fundament bis 2029 Egg, 20. Dezember 2024: Uff, dies war mal wieder knapp. L\u00e4ngst geplant, und doch erst jetzt bereit. Das neue Fundament f\u00fcr die ArchivistaBox steht ab heute zur Verf\u00fcgung. F\u00fcr die Anwender\/innen \u00e4ndert sich wenig, im Support ebenfalls nicht viel mehr. Und doch ist das Update zentral, nur dank gepflegtem Unterbau [&hellip;]<\/p>\n","protected":false},"author":1,"featured_media":0,"parent":10635,"menu_order":43,"comment_status":"closed","ping_status":"closed","template":"","meta":{"_acf_changed":false,"footnotes":""},"class_list":["post-10582","page","type-page","status-publish","hentry"],"acf":[],"_links":{"self":[{"href":"https:\/\/archivista.ch\/cms\/wp-json\/wp\/v2\/pages\/10582","targetHints":{"allow":["GET"]}}],"collection":[{"href":"https:\/\/archivista.ch\/cms\/wp-json\/wp\/v2\/pages"}],"about":[{"href":"https:\/\/archivista.ch\/cms\/wp-json\/wp\/v2\/types\/page"}],"author":[{"embeddable":true,"href":"https:\/\/archivista.ch\/cms\/wp-json\/wp\/v2\/users\/1"}],"replies":[{"embeddable":true,"href":"https:\/\/archivista.ch\/cms\/wp-json\/wp\/v2\/comments?post=10582"}],"version-history":[{"count":24,"href":"https:\/\/archivista.ch\/cms\/wp-json\/wp\/v2\/pages\/10582\/revisions"}],"predecessor-version":[{"id":10634,"href":"https:\/\/archivista.ch\/cms\/wp-json\/wp\/v2\/pages\/10582\/revisions\/10634"}],"up":[{"embeddable":true,"href":"https:\/\/archivista.ch\/cms\/wp-json\/wp\/v2\/pages\/10635"}],"wp:attachment":[{"href":"https:\/\/archivista.ch\/cms\/wp-json\/wp\/v2\/media?parent=10582"}],"curies":[{"name":"wp","href":"https:\/\/api.w.org\/{rel}","templated":true}]}}