{"id":10635,"date":"2025-01-08T01:51:41","date_gmt":"2025-01-08T00:51:41","guid":{"rendered":"https:\/\/archivista.ch\/cms\/?page_id=10635"},"modified":"2025-01-08T01:52:09","modified_gmt":"2025-01-08T00:52:09","slug":"blogs-2024","status":"publish","type":"page","link":"https:\/\/archivista.ch\/cms\/de\/aktuell-blog\/blogs-2024\/","title":{"rendered":"Blogs 2024"},"content":{"rendered":"<h1>Kurze \u00dcbersicht \u00fcber 2024<\/h1>\n<p><a href=\"https:\/\/archivista.ch\/cms\/wp-content\/uploads\/2025\/01\/panokronberg.jpg\"><img loading=\"lazy\" decoding=\"async\" class=\"alignnone size-full wp-image-10636\" src=\"https:\/\/archivista.ch\/cms\/wp-content\/uploads\/2025\/01\/panokronberg.jpg\" alt=\"\" width=\"1920\" height=\"325\" srcset=\"https:\/\/archivista.ch\/cms\/wp-content\/uploads\/2025\/01\/panokronberg.jpg 1920w, https:\/\/archivista.ch\/cms\/wp-content\/uploads\/2025\/01\/panokronberg-300x51.jpg 300w, https:\/\/archivista.ch\/cms\/wp-content\/uploads\/2025\/01\/panokronberg-1024x173.jpg 1024w, https:\/\/archivista.ch\/cms\/wp-content\/uploads\/2025\/01\/panokronberg-768x130.jpg 768w, https:\/\/archivista.ch\/cms\/wp-content\/uploads\/2025\/01\/panokronberg-600x102.jpg 600w, https:\/\/archivista.ch\/cms\/wp-content\/uploads\/2025\/01\/panokronberg-1536x260.jpg 1536w, https:\/\/archivista.ch\/cms\/wp-content\/uploads\/2025\/01\/panokronberg-624x106.jpg 624w\" sizes=\"auto, (max-width: 1920px) 100vw, 1920px\" \/><\/a><\/p>\n<p><em>Das vergangene Jahr diente prim\u00e4r dazu, die ArchivistaBox im F\u00fcnfjahres-Zyklus auf ein neues Fundament zu heben. Dabei wurden die folgenden Meilensteine realisiert.<\/em><\/p>\n<p>Mit der <strong><a href=\"https:\/\/archivista.ch\/cms\/de\/aktuell-blog\/avmultimedia-2024-ii\/\">ArchivistaBox 2024\/II wurde eine neue (automatisierte) Optimierung f\u00fcr Video-Dateien<\/a><\/strong> pr\u00e4sentiert.<\/p>\n<p>Mit der Version <strong><a href=\"https:\/\/archivista.ch\/cms\/de\/aktuell-blog\/fernzugriff-mit-2024-iii\/\">2024\/III wurde der ArchivistaBox eine neue Fernwartung spendiert,<\/a><\/strong> welche den Support massiv vereinfacht und direkt von den Kunden aktiviert werden kann.<\/p>\n<p>Bereits im M\u00e4rz 2024 konnte die <strong><a href=\"https:\/\/archivista.ch\/cms\/de\/aktuell-blog\/avmultimedia-2024-iii\/\">neue Generation der Open Source Linux-Distribution AVMultimedia<\/a><\/strong> pr\u00e4sentiert werden. Diese bildet jeweils die Grundlage f\u00fcr die ArchivistaBox-Systeme.<\/p>\n<p>Ab <strong><a href=\"https:\/\/archivista.ch\/cms\/de\/aktuell-blog\/scannen-und-mehr\/\">AVMultimedia 2024\/IV sind die Scanner-Treiber neu enthalten.<\/a><\/strong> Mit dem Tool &#8217;scan2pdf&#8216; k\u00f6nnen sehr effizient durchsuchbare PDF-Dateien erstellt werden.<\/p>\n<p>Mit <strong><a href=\"https:\/\/archivista.ch\/cms\/de\/aktuell-blog\/wireguard-2023-v\/\">AVMultimedia 2024\/V wurde die VPN-L\u00f6sung Mullvad integriert.<\/a><\/strong> Damit kann der Standort \u00fcber ein einfaches Tool l\u00e4nderspezifisch festgelegt werden.<\/p>\n<p>Mit <strong><a href=\"https:\/\/archivista.ch\/cms\/de\/aktuell-blog\/capt2pdf-mit-2024-vi\/\">Capt2PDF k\u00f6nnen ab AVMultimedia 2024\/VI sehr einfach Bildschirminhalte in durchsuchbare PDF-Dateien<\/a><\/strong> aufgezeichnet werden. Dabei erfolgt der gesamte Prozess lokal und transparent auf dem lokalen Desktop.<\/p>\n<p>Mit Version <strong><a href=\"https:\/\/archivista.ch\/cms\/de\/aktuell-blog\/2024-vii-daten-daten\/\">2024\/VII der ArchivistaBox werden die Archivdatentr\u00e4ger neu mit erweiterten Strukturdaten<\/a><\/strong> versehen. Neu sind die Resultate der Texterkennung ebenfalls in den Langzeitkopien enthalten.<\/p>\n<p>Mit <strong><a href=\"https:\/\/archivista.ch\/cms\/de\/aktuell-blog\/avmultimedia-2024-ix\/\">AVMultimedia 2024\/IX stehen neue Versionen der Video-Schnittprogramme<\/a><\/strong> Kdenlive und Shotcut zur Verf\u00fcgung. Darin enthalten ist eine Spracherkennung, um aus einer Video-Datei automatisiert Untertitel-Dateien zu erstellen.<\/p>\n<p>Sp\u00e4t, aber noch 2024 <a href=\"https:\/\/archivista.ch\/cms\/de\/aktuell-blog\/endlich-2024-xii\/\"><strong>konnte das neue Master-Release f\u00fcr die ArchivistaBox freigegeben werden.<\/strong><\/a> Die neue Generation basiert auf Devuan Daedalus und bildet die Grundlage f\u00fcr die Jahre 2025 bis 2029.<\/p>\n<p>&nbsp;<\/p>\n<p>&nbsp;<\/p>\n\n\n\n\t<div class=\"dkpdf-button-container\" style=\"            text-align:right \">\n\n\t\t<a class=\"dkpdf-button\" href=\"\/cms\/wp-json\/wp\/v2\/pages\/10635?pdf=10635\" target=\"_blank\"><span class=\"dkpdf-button-icon\"><i class=\"fa fa-file-pdf-o\"><\/i><\/span> PDF Button<\/a>\n\n\t<\/div>\n\n\n\n\n\n","protected":false},"excerpt":{"rendered":"<p>Kurze \u00dcbersicht \u00fcber 2024 Das vergangene Jahr diente prim\u00e4r dazu, die ArchivistaBox im F\u00fcnfjahres-Zyklus auf ein neues Fundament zu heben. Dabei wurden die folgenden Meilensteine realisiert. Mit der ArchivistaBox 2024\/II wurde eine neue (automatisierte) Optimierung f\u00fcr Video-Dateien pr\u00e4sentiert. Mit der Version 2024\/III wurde der ArchivistaBox eine neue Fernwartung spendiert, welche den Support massiv vereinfacht und [&hellip;]<\/p>\n","protected":false},"author":1,"featured_media":0,"parent":168,"menu_order":141,"comment_status":"closed","ping_status":"closed","template":"","meta":{"_acf_changed":false,"footnotes":""},"class_list":["post-10635","page","type-page","status-publish","hentry"],"acf":[],"_links":{"self":[{"href":"https:\/\/archivista.ch\/cms\/wp-json\/wp\/v2\/pages\/10635","targetHints":{"allow":["GET"]}}],"collection":[{"href":"https:\/\/archivista.ch\/cms\/wp-json\/wp\/v2\/pages"}],"about":[{"href":"https:\/\/archivista.ch\/cms\/wp-json\/wp\/v2\/types\/page"}],"author":[{"embeddable":true,"href":"https:\/\/archivista.ch\/cms\/wp-json\/wp\/v2\/users\/1"}],"replies":[{"embeddable":true,"href":"https:\/\/archivista.ch\/cms\/wp-json\/wp\/v2\/comments?post=10635"}],"version-history":[{"count":2,"href":"https:\/\/archivista.ch\/cms\/wp-json\/wp\/v2\/pages\/10635\/revisions"}],"predecessor-version":[{"id":10638,"href":"https:\/\/archivista.ch\/cms\/wp-json\/wp\/v2\/pages\/10635\/revisions\/10638"}],"up":[{"embeddable":true,"href":"https:\/\/archivista.ch\/cms\/wp-json\/wp\/v2\/pages\/168"}],"wp:attachment":[{"href":"https:\/\/archivista.ch\/cms\/wp-json\/wp\/v2\/media?parent=10635"}],"curies":[{"name":"wp","href":"https:\/\/api.w.org\/{rel}","templated":true}]}}