{"id":10641,"date":"2025-01-08T10:27:30","date_gmt":"2025-01-08T09:27:30","guid":{"rendered":"https:\/\/archivista.ch\/cms\/?page_id=10641"},"modified":"2026-02-28T10:48:15","modified_gmt":"2026-02-28T09:48:15","slug":"2025-i-fuer-smartphones","status":"publish","type":"page","link":"https:\/\/archivista.ch\/cms\/de\/aktuell-blog\/blogs-2025\/2025-i-fuer-smartphones\/","title":{"rendered":"2025\/I f\u00fcr Smartphones"},"content":{"rendered":"<h1>ArchivistaDMS f\u00fcr mobile Ger\u00e4te optimiert<\/h1>\n<p><em><strong>Egg, 8. Januar 2025:<\/strong> ArchivistaDMS als Dokumenten-Management-System (DMS) arbeitet seit der Geburtsstunde der ArchivistaBox im Jahre 2005 webbasiert. Und doch gibt es immer wieder gute Gr\u00fcnde, ArchivistaDMS zu optimieren. Mit der Version 2025\/I wurde die mobile Ansicht f\u00fcr die <\/em><em>Smartphones neu aufgelegt, davon soll in diesem Blog die Rede sein. Weiter enth\u00e4lt die ArchivistaBox 2025\/I weitere Perlen, davon mehr im zweiten Teil. Und selbstverst\u00e4ndlich wurde nat\u00fcrlich auch AVMultimedia auf den neusten Stand gebracht.<br \/>\n<\/em><\/p>\n<p><a href=\"https:\/\/archivista.ch\/cms\/wp-content\/uploads\/2025\/01\/av2025ib.jpg\"><img loading=\"lazy\" decoding=\"async\" class=\"alignnone size-full wp-image-10651\" src=\"https:\/\/archivista.ch\/cms\/wp-content\/uploads\/2025\/01\/av2025ib.jpg\" alt=\"\" width=\"1920\" height=\"1080\" srcset=\"https:\/\/archivista.ch\/cms\/wp-content\/uploads\/2025\/01\/av2025ib.jpg 1920w, https:\/\/archivista.ch\/cms\/wp-content\/uploads\/2025\/01\/av2025ib-300x169.jpg 300w, https:\/\/archivista.ch\/cms\/wp-content\/uploads\/2025\/01\/av2025ib-1024x576.jpg 1024w, https:\/\/archivista.ch\/cms\/wp-content\/uploads\/2025\/01\/av2025ib-768x432.jpg 768w, https:\/\/archivista.ch\/cms\/wp-content\/uploads\/2025\/01\/av2025ib-600x338.jpg 600w, https:\/\/archivista.ch\/cms\/wp-content\/uploads\/2025\/01\/av2025ib-1536x864.jpg 1536w, https:\/\/archivista.ch\/cms\/wp-content\/uploads\/2025\/01\/av2025ib-624x351.jpg 624w\" sizes=\"auto, (max-width: 1920px) 100vw, 1920px\" \/><\/a><\/p>\n<h2>Wenn Pixel den Bildschirm \u00fcberrennen<\/h2>\n<p>Web-Technologien und Ger\u00e4te entwickeln sich stetig weiter. Waren die Displays der Smartphones anfangs des neuen Jahrtausends noch klein und die Aufl\u00f6sung gelinde gesagt &#8222;grottenschlecht&#8220;, so besteht aktuell die Situation, dass pixeltechnisch auf den kleinen Ger\u00e4ten die Aufl\u00f6sung beinahe schon explodiert.<\/p>\n<p>Konnte der Bildschirm des &#8222;origin\u00e4ren&#8220; IPhones anno 2007 gerade einmal 320&#215;480 Pixel darstellen, ist die Aufl\u00f6sung in den fast zwei Jahrzehnten des Smartphones um Faktoren nach oben gewachsen. so verf\u00fcgt das aktuelle Sony Xperia 1 V \u00fcber sagenhafte 3840 x 1644 Bildpunkte.<\/p>\n<p>Das ergibt zwar ein gestochen scharfes Bild, nur sind die einzelnen Bildpunkte auf dem kleinen Display fast nicht lesbar. Bei der bisherigen WebApp von ArchivistaDMS wurde die Anzahl der Pixel als &#8222;Mass der Dinge&#8220; verwendet. Damit die Informationen &#8222;lesbar&#8220; blieben, wurden die Elemente um den Faktor 2.x vergr\u00f6ssert.<\/p>\n<p>So weit so gut, ArchivistaDMS verrichtete seinen Dienst. Sobald allerdings Eingaben gemacht wurden, erschien die virtuelle Tastatur und zoomte das entsprechende Eingabefeld auf die h\u00f6chstm\u00f6gliche Aufl\u00f6sung. Dies f\u00fchrte zu einem recht unruhigen Verhalten beim Arbeiten mit ArchivistaDMS.<\/p>\n<p>Mit ArchivistaDMS 2025\/I erfolgt die Darstellung unabh\u00e4ngig vom Einblenden der virtuellen Tastatur. Dabei wird das Zoomen unterdr\u00fcckt. Wer lieber nach alter Manier arbeiten m\u00f6chte, der gew\u00fcnschte Zoom-Faktor kann in WebAdmin neu bei Archiv verwalten im Feld &#8218;Maximale Skalierung (0.3-1.5)&#8216; festgelegt werden.<\/p>\n<p>Ebenfalls in WebAdmin kann mit &#8218;Skalierung auf mobilen Ger\u00e4ten (0.3-0.5)&#8216; neu der initiale Zoom-Modus bei der mobilen Ansicht festgelegt werden. Genug der &#8222;grauen&#8220; Theorie. Im nachfolgenden Video wird die neue WebApp von ArchivistaDMS 2025\/I in sechs Minuten vorgestellt.<\/p>\n<div style=\"width: 255px;\" class=\"wp-video\"><!--[if lt IE 9]><script>document.createElement('video');<\/script><![endif]-->\n<video class=\"wp-video-shortcode\" id=\"video-10641-1\" width=\"255\" height=\"540\" poster=\"https:\/\/archivista.ch\/cms\/wp-content\/uploads\/2025\/01\/avboxsmart25.jpg\" preload=\"metadata\" controls=\"controls\"><source type=\"video\/mp4\" src=\"https:\/\/archivista.ch\/cms\/wp-content\/uploads\/file\/avboxsmart25d.mp4?_=1\" \/><a href=\"https:\/\/archivista.ch\/cms\/wp-content\/uploads\/file\/avboxsmart25d.mp4\">https:\/\/archivista.ch\/cms\/wp-content\/uploads\/file\/avboxsmart25d.mp4<\/a><\/video><\/div>\n<p>Das kleine Demo zeigt die neue WebApp der ArchivistaBox 2025\/I sehr gut. WebApp bedeutet im \u00fcbrigen, es braucht keine App auf dem Smartphone, da ArchivistaDMS direkt im Web-Browsers des Smartphones l\u00e4uft.<\/p>\n<p>Im Video wird ein umfassendes Audio- und Video-Archiv gezeigt. Der aktuelle Datenbestand umfasst ca. 30 TByte (nicht 30 GB, wie im Video ausgef\u00fchrt), realisiert mit der ArchivistaBox Matterhorn. Ebenfalls kurz vorgestellt wird das Demo-Archiv der ArchivistaBox. Dieses kann unter <strong><a href=\"https:\/\/downloads.archivista.ch\/avclient\/perl\/index.pl\">downloads.archivista.ch<\/a><\/strong> direkt aufgerufen werden. Zum Arbeiten stehen ca. 30&#8217;000 B\u00fccher des Projekts Gutenberg zur Verf\u00fcgung.<\/p>\n<h2>Weitere Neuerungen in ArchivistaBox 2025\/I<\/h2>\n<p>Neben der rundum erneuerten mobilen Version von ArchivistaDMS gbit es in ArchivistaDMS 2025\/I weitere Neuerungen.<\/p>\n<p>Die bekannte Video-Optimierung aus ArchivistaBox 2024\/II erforderte drei manuelle Schritte. Die Programme vidopt1, vidopt2 und vidopt3 waren einzeln aufzurfen. Neu k\u00f6nnen alle drei Programme \u00fcber vidopt direkt gestartet werden.<\/p>\n<p>Das Backup-Konzept beim Arbeiten mit USB-Festplatten wurde dahingehend angepasst, dass die Archive einfacher \u00fcber mehrere Festplatten verteilt werden k\u00f6nnen. Im Ordner &#8218;data&#8216; gibt es neu die Unterordner archmulti bzw. archmulti0 bis archmulti9. Damit werden die multimedialen Dateien einfacher und \u00fcbersichtlicher gesichert. So kann damit z.B. der Ordner &#8218;archmulti2&#8216; auf eine eigene Festplatte gelegt werden. Dazu gen\u00fcgt es, auf der zu verwendenden Festplatte das Verzeichnis &#8218;data&#8216; und darin &#8218;archmulti2&#8216; anzlegen. Auf dieser Festplatte wir damit nur &#8218;archmulti2&#8216; gesichert. Ebenfalls einen separaten Ordner gibt es f\u00fcr die Ger\u00e4te-Einstellungen mit &#8218;cust&#8216;. Dieser Ordner wird bei einem Restore (R\u00fcckspielen) nicht mehr automatisch aufgespielt. Damit lassen sich Archive einfacher auf eine andere Maschine (mit anderer IP-Adresse) wiederherstellen.<\/p>\n<p>Der Archivierngsprozess bei grossen Archiven l\u00e4uft um den Faktor 3 bis 10 schneller. Dies betrifft insbesondere Archiv jenseits von 10 TByte.<\/p>\n<p><a href=\"https:\/\/archivista.ch\/cms\/wp-content\/uploads\/2025\/01\/av20251a.jpg\"><img loading=\"lazy\" decoding=\"async\" class=\"alignnone size-full wp-image-10650\" src=\"https:\/\/archivista.ch\/cms\/wp-content\/uploads\/2025\/01\/av20251a.jpg\" alt=\"\" width=\"1920\" height=\"1080\" srcset=\"https:\/\/archivista.ch\/cms\/wp-content\/uploads\/2025\/01\/av20251a.jpg 1920w, https:\/\/archivista.ch\/cms\/wp-content\/uploads\/2025\/01\/av20251a-300x169.jpg 300w, https:\/\/archivista.ch\/cms\/wp-content\/uploads\/2025\/01\/av20251a-1024x576.jpg 1024w, https:\/\/archivista.ch\/cms\/wp-content\/uploads\/2025\/01\/av20251a-768x432.jpg 768w, https:\/\/archivista.ch\/cms\/wp-content\/uploads\/2025\/01\/av20251a-600x338.jpg 600w, https:\/\/archivista.ch\/cms\/wp-content\/uploads\/2025\/01\/av20251a-1536x864.jpg 1536w, https:\/\/archivista.ch\/cms\/wp-content\/uploads\/2025\/01\/av20251a-624x351.jpg 624w\" sizes=\"auto, (max-width: 1920px) 100vw, 1920px\" \/><\/a><\/p>\n<h2>AVMultimedia 2025\/I ebenfalls verf\u00fcgbar<\/h2>\n<p>AVMultimedia 2025\/I verf\u00fcgt \u00fcber aktualisierte Verisonen von JDownloader2 und FreeTube. Beide Programme sind \u00e4usserst praktisch, wenn es darum geht, Dateien aus dem Internet zu beziehen, f\u00fcr die es \u00fcblicherweise keine direkten Download-Links gibt.<\/p>\n<p>Die beiden Applikationen sind direkt in der grossen ISO-Datei (avmultimedia_2025.iso) enthalten. Optional nachr\u00fcsten lassen sich die Applikationen aber auch bei AVMultimi 2025 bzw. der ArchivistaBox, indem die Datei &#8218;opt25.os&#8216; in den Ordner \/home\/data gelegt wird. Danach ist ein Neustart erforderlich. Kunden der ArchivistaBox k\u00f6nnen die optionalen Applikationen aber auch direkt \u00fcber das Online-Update aufspielen lassen, ein entsprechender Flag kann bei den kundenspezifischen Installationen hinterlegt werden. Enjoy!<\/p>\n\n\n\n\t<div class=\"dkpdf-button-container\" style=\"            text-align:right \">\n\n\t\t<a class=\"dkpdf-button\" href=\"\/cms\/wp-json\/wp\/v2\/pages\/10641?pdf=10641\" target=\"_blank\"><span class=\"dkpdf-button-icon\"><i class=\"fa fa-file-pdf-o\"><\/i><\/span> PDF Button<\/a>\n\n\t<\/div>\n\n\n\n\n\n","protected":false},"excerpt":{"rendered":"<p>ArchivistaDMS f\u00fcr mobile Ger\u00e4te optimiert Egg, 8. Januar 2025: ArchivistaDMS als Dokumenten-Management-System (DMS) arbeitet seit der Geburtsstunde der ArchivistaBox im Jahre 2005 webbasiert. Und doch gibt es immer wieder gute Gr\u00fcnde, ArchivistaDMS zu optimieren. Mit der Version 2025\/I wurde die mobile Ansicht f\u00fcr die Smartphones neu aufgelegt, davon soll in diesem Blog die Rede sein. [&hellip;]<\/p>\n","protected":false},"author":1,"featured_media":0,"parent":11356,"menu_order":0,"comment_status":"closed","ping_status":"closed","template":"","meta":{"_acf_changed":false,"footnotes":""},"class_list":["post-10641","page","type-page","status-publish","hentry"],"acf":[],"_links":{"self":[{"href":"https:\/\/archivista.ch\/cms\/wp-json\/wp\/v2\/pages\/10641","targetHints":{"allow":["GET"]}}],"collection":[{"href":"https:\/\/archivista.ch\/cms\/wp-json\/wp\/v2\/pages"}],"about":[{"href":"https:\/\/archivista.ch\/cms\/wp-json\/wp\/v2\/types\/page"}],"author":[{"embeddable":true,"href":"https:\/\/archivista.ch\/cms\/wp-json\/wp\/v2\/users\/1"}],"replies":[{"embeddable":true,"href":"https:\/\/archivista.ch\/cms\/wp-json\/wp\/v2\/comments?post=10641"}],"version-history":[{"count":13,"href":"https:\/\/archivista.ch\/cms\/wp-json\/wp\/v2\/pages\/10641\/revisions"}],"predecessor-version":[{"id":10666,"href":"https:\/\/archivista.ch\/cms\/wp-json\/wp\/v2\/pages\/10641\/revisions\/10666"}],"up":[{"embeddable":true,"href":"https:\/\/archivista.ch\/cms\/wp-json\/wp\/v2\/pages\/11356"}],"wp:attachment":[{"href":"https:\/\/archivista.ch\/cms\/wp-json\/wp\/v2\/media?parent=10641"}],"curies":[{"name":"wp","href":"https:\/\/api.w.org\/{rel}","templated":true}]}}