{"id":10999,"date":"2025-02-07T13:00:56","date_gmt":"2025-02-07T12:00:56","guid":{"rendered":"https:\/\/archivista.ch\/cms\/?page_id=10999"},"modified":"2025-11-30T17:47:04","modified_gmt":"2025-11-30T16:47:04","slug":"ueberischt","status":"publish","type":"page","link":"https:\/\/archivista.ch\/cms\/de\/produkte\/ueberischt\/","title":{"rendered":"Auf einen Blick"},"content":{"rendered":"<h2>Grundumfang und Module<\/h2>\n<p>Nachfolgend sei die Funktionalit\u00e4t in einer groben \u00dcbersicht vorgestellt. Eine derartige Auflistung ist nie zu 100% umfassend, vielmehr geht es darum, eine \u00dcbersicht \u00fcber die M\u00f6glichkeiten der ArchivistaBox zu geben.<\/p>\n<p><a href=\"https:\/\/archivista.ch\/cms\/wp-content\/uploads\/2025\/02\/island2.jpg\"><img loading=\"lazy\" decoding=\"async\" class=\"alignnone size-full wp-image-11000\" src=\"https:\/\/archivista.ch\/cms\/wp-content\/uploads\/2025\/02\/island2.jpg\" alt=\"\" width=\"1920\" height=\"1080\" srcset=\"https:\/\/archivista.ch\/cms\/wp-content\/uploads\/2025\/02\/island2.jpg 1920w, https:\/\/archivista.ch\/cms\/wp-content\/uploads\/2025\/02\/island2-300x169.jpg 300w, https:\/\/archivista.ch\/cms\/wp-content\/uploads\/2025\/02\/island2-1024x576.jpg 1024w, https:\/\/archivista.ch\/cms\/wp-content\/uploads\/2025\/02\/island2-768x432.jpg 768w, https:\/\/archivista.ch\/cms\/wp-content\/uploads\/2025\/02\/island2-1536x864.jpg 1536w, https:\/\/archivista.ch\/cms\/wp-content\/uploads\/2025\/02\/island2-600x338.jpg 600w, https:\/\/archivista.ch\/cms\/wp-content\/uploads\/2025\/02\/island2-624x351.jpg 624w\" sizes=\"auto, (max-width: 1920px) 100vw, 1920px\" \/><\/a><\/p>\n<p>Die ArchivistaBox wird im Grundumfang mit der folgenden Funktionalit\u00e4t ausgeliefert:<\/p>\n<ul>\n<li>Webasiertes Dokumenten Management System (DMS)<\/li>\n<li>ArchivistaDMS in jedem Web-Browser lauff\u00e4hig<\/li>\n<li>Mobiler Modus f\u00fcr Smartphones und Tablets<\/li>\n<li>Beliebe Art von Dokumenten (Bilder, Office, PDF, Audio- und Video-Dateien)<\/li>\n<li>Beliebige Anzahl an Benutzern (Anzahl Concurrent User gem\u00e4ss Box-Modell)<\/li>\n<li>Datenbanken: 20 GByte bis 200 TByte (bis 286 Mio Dokumente mit je 640 Seiten)<\/li>\n<li>Tagesvolumen: 100 Seiten bis 100&#8217;000 Seiten (erweiterbar mit Cluster-L\u00f6sung)<\/li>\n<li>Anbindung der Benutzer: Standalone, LDAP oder HTTP-Request<\/li>\n<li>Anzahl der Datenbanken gem\u00e4ss Box-Modell (empfohlen wird eine Datenbank)<\/li>\n<li>Mehrere Mandaten pro Datenbank (\u00fcber Eigent\u00fcmer bzw. Gruppen)<\/li>\n<li>Masgeschneiderte Felder pro Datenbank: 99, Anzahl der User-Masken: 16<\/li>\n<li>Rechtevergabe bis auf Stufe Feld pro Benutzer bzw. Maske<\/li>\n<li>Anbindung von Scannern \u00fcber Sane-Standard oder FTP\/SMB<\/li>\n<li>Einpflegen von Dokumenten \u00fcber ArchivistaDMS oder FTP\/SMB<\/li>\n<li>Versionierung der Dokumente (jederzeit optional zuschaltbar)<\/li>\n<li>Volltextrecherche (Texterkennung [OCR] der Dokumente<\/li>\n<li>Server f\u00fcr virtuelles Drucken (CUPS)<\/li>\n<li>ArchivistaDesktop (nativ oder \u00fcber WebBrowser)<\/li>\n<li>ArchivistaERP (inkl. Schnittstelle zu ArchivistaDMS)<\/li>\n<li>ArchivistaVM: Virtualisierung auf jeder ArchivistaBox (Cluster-L\u00f6sung mit DRDB)<\/li>\n<li>SSL-Verschl\u00fcsselung, Backup: Festplatte, Netzwerk, RSync<\/li>\n<li>LetsEncrypt oder andere Zertifikate f\u00fcr HTTPS-Zugriff<\/li>\n<li>Selbstragende Archivie (linzenzfreie Runtimes) f\u00fcr jede ArchivistaBox<\/li>\n<li>Benutzerdefinierte Skripte auf Stufe Datenbank bzw. Verarbeitungsjob<\/li>\n<li>Spracherkennung f\u00fcr Audio- und Video-Dateien (optional zuschaltbar)<\/li>\n<\/ul>\n<p><a href=\"https:\/\/archivista.ch\/cms\/wp-content\/uploads\/2025\/02\/island1.jpg\"><img loading=\"lazy\" decoding=\"async\" class=\"alignnone size-full wp-image-11001\" src=\"https:\/\/archivista.ch\/cms\/wp-content\/uploads\/2025\/02\/island1.jpg\" alt=\"\" width=\"1920\" height=\"1080\" srcset=\"https:\/\/archivista.ch\/cms\/wp-content\/uploads\/2025\/02\/island1.jpg 1920w, https:\/\/archivista.ch\/cms\/wp-content\/uploads\/2025\/02\/island1-300x169.jpg 300w, https:\/\/archivista.ch\/cms\/wp-content\/uploads\/2025\/02\/island1-1024x576.jpg 1024w, https:\/\/archivista.ch\/cms\/wp-content\/uploads\/2025\/02\/island1-768x432.jpg 768w, https:\/\/archivista.ch\/cms\/wp-content\/uploads\/2025\/02\/island1-1536x864.jpg 1536w, https:\/\/archivista.ch\/cms\/wp-content\/uploads\/2025\/02\/island1-600x338.jpg 600w, https:\/\/archivista.ch\/cms\/wp-content\/uploads\/2025\/02\/island1-624x351.jpg 624w\" sizes=\"auto, (max-width: 1920px) 100vw, 1920px\" \/><\/a><\/p>\n<p>Dazu kann die ArchivistaBox mit den folgenden Modulen erweitert werden:<\/p>\n<p><strong>API-Modul:<\/strong> Automatisierter Zugriff auf ArchivistaDMS mit HTTP-Requests. Damit l\u00e4sst sich ArchivistaDMS in jede Dritt-Applikation einbinden bzw. die gesamte Funktionalit\u00e4t steht f\u00fcr einen automatisierten Zugriff zur Verf\u00fcgung.<\/p>\n<p><strong>COLD-Modul:<\/strong> Beim Import von Dokumenten k\u00f6nnen \u00fcber standartisierte Schnittstellen Meta-Keys automatisiert in Felder extrahiert werden. Damit entf\u00e4llt eine manuelle Beschlagwortung.<\/p>\n<p><strong>Barcode-Modul:<\/strong> Erkennung von Barcodes (1D wie 2D) beim Verarbeiten von Dokumenten, wobei gescannte wie digitale Dokumente mit der Barcode-Erkennung arbeiten k\u00f6nnen. Beim 1D-Barcode k\u00f6nnen maximal 40 Barcodes mit je 40 Zeichen erkannt werden, beim QR-Code (2D Barcode) ist die Anzahl der Zeichen einzig durch die Gr\u00f6sse des QR-Codes limitiert (i.d.R. ca. 2000 Zeichen)<\/p>\n<p><strong>Mail-Archivierung:<\/strong> Mail-Nachrichten k\u00f6nnen automatisiert \u00fcber das IMAP-Protokoll und mit den entsprechenden Feldern (Titel, From, To, CC) eingepflegt werden. Bei der Mail-Archivierung kann festgelegt werden, ob die Anh\u00e4nge extrahiert werden sollen oder nicht bzw. welche Datei-Anh\u00e4nge allenfalls auch nicht verarbeitet werden sollen. Ebenfalls m\u00f6glich ist es, jede Mail-Nachricht auf Integrit\u00e4t beim Import spezifisch zu \u00fcberpr\u00fcfen.<\/p>\n<p><strong>O365-Archivierung:<\/strong> Die Office365-Archivierung arbeitet analog zur Mail-Archivierung, jedoch werden die Mails bei Microsoft Office365-Konten abgeholt und verarbeitet.<\/p>\n<p>Die ArchivistaBox wird durch die Firma Archivista GmbH in der Schweiz entwickelt. Sollte eine gew\u00fcnschte Funktionalit\u00e4t nicht vorliegen, so kann sie jederzeit mit sehr bescheidenem Aufwand realisiert werden.<\/p>\n\n\n\n\t<div class=\"dkpdf-button-container\" style=\"            text-align:right \">\n\n\t\t<a class=\"dkpdf-button\" href=\"\/cms\/wp-json\/wp\/v2\/pages\/10999?pdf=10999\" target=\"_blank\"><span class=\"dkpdf-button-icon\"><i class=\"fa fa-file-pdf-o\"><\/i><\/span> PDF Button<\/a>\n\n\t<\/div>\n\n\n\n\n\n","protected":false},"excerpt":{"rendered":"<p>Grundumfang und Module Nachfolgend sei die Funktionalit\u00e4t in einer groben \u00dcbersicht vorgestellt. Eine derartige Auflistung ist nie zu 100% umfassend, vielmehr geht es darum, eine \u00dcbersicht \u00fcber die M\u00f6glichkeiten der ArchivistaBox zu geben. Die ArchivistaBox wird im Grundumfang mit der folgenden Funktionalit\u00e4t ausgeliefert: Webasiertes Dokumenten Management System (DMS) ArchivistaDMS in jedem Web-Browser lauff\u00e4hig Mobiler Modus [&hellip;]<\/p>\n","protected":false},"author":1,"featured_media":0,"parent":164,"menu_order":369,"comment_status":"closed","ping_status":"closed","template":"","meta":{"_acf_changed":false,"footnotes":""},"class_list":["post-10999","page","type-page","status-publish","hentry"],"acf":[],"_links":{"self":[{"href":"https:\/\/archivista.ch\/cms\/wp-json\/wp\/v2\/pages\/10999","targetHints":{"allow":["GET"]}}],"collection":[{"href":"https:\/\/archivista.ch\/cms\/wp-json\/wp\/v2\/pages"}],"about":[{"href":"https:\/\/archivista.ch\/cms\/wp-json\/wp\/v2\/types\/page"}],"author":[{"embeddable":true,"href":"https:\/\/archivista.ch\/cms\/wp-json\/wp\/v2\/users\/1"}],"replies":[{"embeddable":true,"href":"https:\/\/archivista.ch\/cms\/wp-json\/wp\/v2\/comments?post=10999"}],"version-history":[{"count":4,"href":"https:\/\/archivista.ch\/cms\/wp-json\/wp\/v2\/pages\/10999\/revisions"}],"predecessor-version":[{"id":11337,"href":"https:\/\/archivista.ch\/cms\/wp-json\/wp\/v2\/pages\/10999\/revisions\/11337"}],"up":[{"embeddable":true,"href":"https:\/\/archivista.ch\/cms\/wp-json\/wp\/v2\/pages\/164"}],"wp:attachment":[{"href":"https:\/\/archivista.ch\/cms\/wp-json\/wp\/v2\/media?parent=10999"}],"curies":[{"name":"wp","href":"https:\/\/api.w.org\/{rel}","templated":true}]}}