{"id":11240,"date":"2025-08-09T14:28:02","date_gmt":"2025-08-09T12:28:02","guid":{"rendered":"https:\/\/archivista.ch\/cms\/?page_id=11240"},"modified":"2026-02-28T10:47:34","modified_gmt":"2026-02-28T09:47:34","slug":"2024-viii-kleinigkeiten","status":"publish","type":"page","link":"https:\/\/archivista.ch\/cms\/de\/aktuell-blog\/blogs-2025\/2024-viii-kleinigkeiten\/","title":{"rendered":"2024\/VIII: Kleinigkeiten"},"content":{"rendered":"<h1>Mit AVMultimedia sparsam unterwegs<\/h1>\n<p><em><strong>Egg, 9. August 2025:<\/strong> Die Linux-Distribution AVMultimedia mit der Version 2025\/VIII bringt ein leicht modifiziertes Startverhalten sowie den Schlafmodus auf Knopfdruck. Das sind kleine Neuigkeiten, und darum soll auch dieser Beitrag kurz und knapp ausfallen.<\/em><\/p>\n<p><a href=\"https:\/\/archivista.ch\/cms\/wp-content\/uploads\/2025\/08\/alp.jpg\"><img loading=\"lazy\" decoding=\"async\" class=\"alignnone size-full wp-image-11249\" src=\"https:\/\/archivista.ch\/cms\/wp-content\/uploads\/2025\/08\/alp.jpg\" alt=\"\" width=\"1920\" height=\"1080\" srcset=\"https:\/\/archivista.ch\/cms\/wp-content\/uploads\/2025\/08\/alp.jpg 1920w, https:\/\/archivista.ch\/cms\/wp-content\/uploads\/2025\/08\/alp-300x169.jpg 300w, https:\/\/archivista.ch\/cms\/wp-content\/uploads\/2025\/08\/alp-1024x576.jpg 1024w, https:\/\/archivista.ch\/cms\/wp-content\/uploads\/2025\/08\/alp-768x432.jpg 768w, https:\/\/archivista.ch\/cms\/wp-content\/uploads\/2025\/08\/alp-1536x864.jpg 1536w, https:\/\/archivista.ch\/cms\/wp-content\/uploads\/2025\/08\/alp-600x338.jpg 600w, https:\/\/archivista.ch\/cms\/wp-content\/uploads\/2025\/08\/alp-624x351.jpg 624w\" sizes=\"auto, (max-width: 1920px) 100vw, 1920px\" \/><\/a><\/p>\n<h2>Ge\u00e4ndertes Startverhalten<\/h2>\n<p>Das Hochfahren von AVMultimedia auf Lenovo Yoga 2in1-Tablet mit Intel-Prozessor musste leider festgestellt werden, dass der Prozess ca. 20 Sekunden l\u00e4nger als gewohnt dauerte und dass anschliessend die Task-Leiste (Startmen\u00fc) fehlte.<\/p>\n<p>In einer zeitaufw\u00e4ndigen Recherche konnte in Erfahrung gebracht werden, dass dieses Problem bekannt ist, wobei keine &#8222;pfannenfertige&#8220; L\u00f6sung gefunden werden konnte. Aus diesem Grunde wird ab Version 2025\/VIII am Ende des Startprozesses nochmals \u00fcberpr\u00fcft, ob das Startmen\u00fc auch wirklich gestartet wurde. Ist dies nicht der Fall, erfolgt ein manuelles Starten der Taskleiste.<\/p>\n<p><a href=\"https:\/\/archivista.ch\/cms\/wp-content\/uploads\/2025\/08\/desktop.jpg\"><img loading=\"lazy\" decoding=\"async\" class=\"alignnone size-full wp-image-11255\" src=\"https:\/\/archivista.ch\/cms\/wp-content\/uploads\/2025\/08\/desktop.jpg\" alt=\"\" width=\"1533\" height=\"1151\" srcset=\"https:\/\/archivista.ch\/cms\/wp-content\/uploads\/2025\/08\/desktop.jpg 1533w, https:\/\/archivista.ch\/cms\/wp-content\/uploads\/2025\/08\/desktop-300x225.jpg 300w, https:\/\/archivista.ch\/cms\/wp-content\/uploads\/2025\/08\/desktop-1024x769.jpg 1024w, https:\/\/archivista.ch\/cms\/wp-content\/uploads\/2025\/08\/desktop-768x577.jpg 768w, https:\/\/archivista.ch\/cms\/wp-content\/uploads\/2025\/08\/desktop-600x450.jpg 600w, https:\/\/archivista.ch\/cms\/wp-content\/uploads\/2025\/08\/desktop-624x469.jpg 624w\" sizes=\"auto, (max-width: 1533px) 100vw, 1533px\" \/><\/a><\/p>\n<p>Zus\u00e4tzlich kann mIt &#8218;Panel&#8216; (in der Abbildung oben rot umrandet) neu das Control-Center gestartet werden. Bei dieser Gelegenheit wird immer auch die Taskleiste gestartet (sofern sie nicht bereits verf\u00fcgbar ist).<\/p>\n<h2>Schlafmodus aktivieren<\/h2>\n<p>Bislang musste mit &#8218;root&#8216; im Terminal der Befehl &#8218;echo mem &gt;\/sys\/power\/state&#8216; eingegeben werden. Neu kann der Schlafmodus \u00fcber den Power-Butten (Taskleiste unten rechts) aktiviert werden.<\/p>\n<p><a href=\"https:\/\/archivista.ch\/cms\/wp-content\/uploads\/2025\/08\/sleep.jpg\"><img loading=\"lazy\" decoding=\"async\" class=\"alignnone size-full wp-image-11248\" src=\"https:\/\/archivista.ch\/cms\/wp-content\/uploads\/2025\/08\/sleep.jpg\" alt=\"\" width=\"400\" height=\"239\" srcset=\"https:\/\/archivista.ch\/cms\/wp-content\/uploads\/2025\/08\/sleep.jpg 400w, https:\/\/archivista.ch\/cms\/wp-content\/uploads\/2025\/08\/sleep-300x179.jpg 300w\" sizes=\"auto, (max-width: 400px) 100vw, 400px\" \/><\/a><\/p>\n<p>Nach einer Kontrollabfrage wird der Computer in den Schlafmodus versetzt. Mit dem Dr\u00fccken einer Taste kann der Rechner wieder erweckt werden. Die Updates finden sich hier:<\/p>\n<p><a href=\"https:\/\/archivista.ch\/cms\/avmultimedia\"><strong>https:\/\/archivista.ch\/cms\/avmultimedia<\/strong><\/a> (Link zu infomaniak.ch)<br \/>\n<a href=\"https:\/\/sourceforge.net\/projects\/archivista\/files\/\"><strong>https:\/\/sourceforge.net\/projects\/archivista\/files\/<\/strong><\/a><\/p>\n\n\n\n\t<div class=\"dkpdf-button-container\" style=\"            text-align:right \">\n\n\t\t<a class=\"dkpdf-button\" href=\"\/cms\/wp-json\/wp\/v2\/pages\/11240?pdf=11240\" target=\"_blank\"><span class=\"dkpdf-button-icon\"><i class=\"fa fa-file-pdf-o\"><\/i><\/span> PDF Button<\/a>\n\n\t<\/div>\n\n\n\n\n\n","protected":false},"excerpt":{"rendered":"<p>Mit AVMultimedia sparsam unterwegs Egg, 9. August 2025: Die Linux-Distribution AVMultimedia mit der Version 2025\/VIII bringt ein leicht modifiziertes Startverhalten sowie den Schlafmodus auf Knopfdruck. Das sind kleine Neuigkeiten, und darum soll auch dieser Beitrag kurz und knapp ausfallen. Ge\u00e4ndertes Startverhalten Das Hochfahren von AVMultimedia auf Lenovo Yoga 2in1-Tablet mit Intel-Prozessor musste leider festgestellt werden, [&hellip;]<\/p>\n","protected":false},"author":1,"featured_media":0,"parent":11356,"menu_order":8,"comment_status":"closed","ping_status":"closed","template":"","meta":{"_acf_changed":false,"footnotes":""},"class_list":["post-11240","page","type-page","status-publish","hentry"],"acf":[],"_links":{"self":[{"href":"https:\/\/archivista.ch\/cms\/wp-json\/wp\/v2\/pages\/11240","targetHints":{"allow":["GET"]}}],"collection":[{"href":"https:\/\/archivista.ch\/cms\/wp-json\/wp\/v2\/pages"}],"about":[{"href":"https:\/\/archivista.ch\/cms\/wp-json\/wp\/v2\/types\/page"}],"author":[{"embeddable":true,"href":"https:\/\/archivista.ch\/cms\/wp-json\/wp\/v2\/users\/1"}],"replies":[{"embeddable":true,"href":"https:\/\/archivista.ch\/cms\/wp-json\/wp\/v2\/comments?post=11240"}],"version-history":[{"count":7,"href":"https:\/\/archivista.ch\/cms\/wp-json\/wp\/v2\/pages\/11240\/revisions"}],"predecessor-version":[{"id":11265,"href":"https:\/\/archivista.ch\/cms\/wp-json\/wp\/v2\/pages\/11240\/revisions\/11265"}],"up":[{"embeddable":true,"href":"https:\/\/archivista.ch\/cms\/wp-json\/wp\/v2\/pages\/11356"}],"wp:attachment":[{"href":"https:\/\/archivista.ch\/cms\/wp-json\/wp\/v2\/media?parent=11240"}],"curies":[{"name":"wp","href":"https:\/\/api.w.org\/{rel}","templated":true}]}}