{"id":11300,"date":"2025-11-25T10:07:28","date_gmt":"2025-11-25T09:07:28","guid":{"rendered":"https:\/\/archivista.ch\/cms\/?page_id=11300"},"modified":"2026-02-28T10:46:46","modified_gmt":"2026-02-28T09:46:46","slug":"2025-xii-goes-agplv3","status":"publish","type":"page","link":"https:\/\/archivista.ch\/cms\/de\/aktuell-blog\/blogs-2025\/2025-xii-goes-agplv3\/","title":{"rendered":"2025\/XII goes AGPLv3"},"content":{"rendered":"<h1>Digitale Souver\u00e4nti\u00e4t mit der ArchivistaBox<\/h1>\n<p><em><strong>Egg, 25. November:<\/strong> Seit dem Jahre 2007 stehen die Sourcen von ArchivistaDMS, ArchivistaERP und ArchivistaVM unter der Open Source Lizenz GPLv2. Mit der Version 2025\/XII steht neu die ArchivistaBox unter der AGPLv3-Linzenz. Dies bedeutet, die ArchivistaBox kann als ISO-Datei frei bezogen, frei genutzt und auch frei angepasst werden. Kurz und gut, die ArchivistaBox AGPLv3 bietet heute und jetzt digitale Souver\u00e4ntit\u00e4t.<\/em><\/p>\n<p><a href=\"https:\/\/archivista.ch\/cms\/wp-content\/uploads\/2025\/11\/zeurich1.jpg\"><img loading=\"lazy\" decoding=\"async\" class=\"alignnone size-full wp-image-11303\" src=\"https:\/\/archivista.ch\/cms\/wp-content\/uploads\/2025\/11\/zeurich1.jpg\" alt=\"\" width=\"1920\" height=\"1080\" srcset=\"https:\/\/archivista.ch\/cms\/wp-content\/uploads\/2025\/11\/zeurich1.jpg 1920w, https:\/\/archivista.ch\/cms\/wp-content\/uploads\/2025\/11\/zeurich1-300x169.jpg 300w, https:\/\/archivista.ch\/cms\/wp-content\/uploads\/2025\/11\/zeurich1-1024x576.jpg 1024w, https:\/\/archivista.ch\/cms\/wp-content\/uploads\/2025\/11\/zeurich1-768x432.jpg 768w, https:\/\/archivista.ch\/cms\/wp-content\/uploads\/2025\/11\/zeurich1-1536x864.jpg 1536w, https:\/\/archivista.ch\/cms\/wp-content\/uploads\/2025\/11\/zeurich1-600x338.jpg 600w, https:\/\/archivista.ch\/cms\/wp-content\/uploads\/2025\/11\/zeurich1-624x351.jpg 624w\" sizes=\"auto, (max-width: 1920px) 100vw, 1920px\" \/><\/a><\/p>\n<h2>Was bedeutet frei bzw. AGPLv3?<\/h2>\n<p>Mit der Ver\u00f6ffentlichung der ArchivistaBox unter der AGPLv3 k\u00f6nnen Interessierte unsere L\u00f6sung ganz einfach frei im Sinne der AGPLv3-Lizenz nutzen.\u00a0Die ArchivistaBox ist im Bereich der Linux-L\u00f6sungen ausgesprochen &#8222;pflegeleicht&#8220;\u00a0 in der Installation und auch im Betrieb.<\/p>\n<p>Mit ArchivistaVM steht eine \u00e4ussert einfach zu bedienende Virtualisierungsplattform zur Verf\u00fcgung. ArchivistaERP bietet eine 100% webbasierte ERP-L\u00f6sung an und mit ArchivistaDMS k\u00f6nnen Dokumente langfristig digital souver\u00e4n verwaltet werden. Dabei steht die gesamte Funktionalit\u00e4t der ArchivistaBox Dolder zur Verf\u00fcgung.<\/p>\n<h2>Darum gibt es die ArchivistaBox neu unter der AGPLv3<\/h2>\n<p>Die aktuelle Diskussion um digitale Souver\u00e4nit\u00e4t zeigt auf, es gibt einen grossen Handlungsbedarf. Die grosse Mehrheit der User\/innen und auch Firmen nutzt externe Cloud-Dienste, unsere Daten sind immer mehr in fremden H\u00e4nden.<\/p>\n<p>Dass es soweit kam, h\u00e4ngt sicher auch damit zusammen, dass herk\u00f6mmliche Informatik-L\u00f6sungen mittlerweile ausgesprochen komplex geworden sind. Gerade Linux hat hier leider die Chance verpasst, Dinge einfacher zu machen.<\/p>\n<p>Wer mit Anwender\/innen spricht, die gegenw\u00e4rtig gerne von Windows auf Linux umsteigen m\u00f6chten, erf\u00e4hrt schnell, dass herk\u00f6mmliche Linux-Distributionen leider allzu schnell doch zu komplex sind. Ganz zu schweigen von den Schwierigkeiten, spezifische Fachapplikationen zu betreiben. Um nur zwei Beispiele zu nennen: Proxmox und Nextcloud sind zwar schnell aufgesetzt. Diese Dienste langfristig ohne Support durch die Hersteller zu betreiben, dies gelingt aber l\u00e4ngst nicht allen.<\/p>\n<p>Die ArchivistaBox bietet hier eine gute Alternative an. Dadurch, dass die ArchivistaBox im Hauptspeicher l\u00e4uft und dass keine Installation notwendig ist, k\u00f6nnen auch weniger versierten Anwender\/innen loslegen, genau so wie dies seit Jahren mit AVMultimedia der Fall ist.<\/p>\n<p>In diesem Sinne bietet die ArchivistaBox heute und jetzt digitale Souver\u00e4nit\u00e4t. Wo andere dar\u00fcber sprechen, setzt die ArchivistaBox ein Ausrufezeichen. Digitale Souver\u00e4nt\u00e4t subito und ohne Wenn und Aber.<\/p>\n<h2>ArchivistaBox AGPLv3 aufsetzen<\/h2>\n<p>Im Idealfall steht ein Computer (AMD64) mit minimal 4 GByte Hauptspeicher (RAM) zur Verf\u00fcgung. Sofern ArchivistaVM bzw. Virtualisierung verwendet werden soll, werden 16 GByte (oder noch mehr) empfohlen. Die ArchivistaBox AGPLv3 kann hier bezogen werden <strong>(Link mit Passwort &#8218;av2013&#8216; gesch\u00fctzt):<\/strong><\/p>\n<p><strong><a href=\"https:\/\/archivista.ch\/cms\/agplv3\" target=\"_blank\" rel=\"noopener\">https:\/\/archivista.ch\/cms\/agplv3<\/a><\/strong><\/p>\n<p>Eine Registrierung ist nicht erforderlich. Das <strong>Passwort &#8218;av2013&#8216;<\/strong> dient einzig dazu, sicherzustellen, dass bereits an dieser Stelle klar das Standard-Passwort f\u00fcr die Benutzer &#8218;archivista&#8216; und &#8218;root&#8216; vermittelt werden kann.<\/p>\n<p>Wer die ArchivistaBox auf einem Computer (Notebooks und 2in1-Tables gehen auch) installieren m\u00f6chte, muss einen bootbaren USB-Stick erstellen. Dies kann mit <strong><a href=\"https:\/\/etcher.balena.io\/\">etcher.io<\/a><\/strong> oder auf einer jeden Linux-Konsole mit root-Rechten mit folgendem Befehl erreicht werden:<\/p>\n<pre><strong>dd if=archivistagpl_2025.iso of=\/dev\/sdx bs=64M;sync;sync<\/strong><\/pre>\n<p>Dabei steht &#8217;sdx&#8216; f\u00fcr den gew\u00fcnschten Stick (z.B. \/dev\/sdc oder \/dev\/sdd). Wer sich bei obigem Befehl unsicher f\u00fchlt, verwende <strong><a href=\"https:\/\/etcher.balena.io\/\">etcher.io.<\/a><\/strong><\/p>\n<p>Die ArchivistaBox kann aber auch virtualisiert zum Einsatz kommen, hier kann direkt mit der ISO-Datei gestartet werden.<\/p>\n<p><strong>Hinweise zur Installation:<\/strong> Auf dem gew\u00fcnschten Ger\u00e4t ist UEFI notwendig. SecureBoot muss deaktiviert werden. Die gew\u00fcnschte Festplatte f\u00fcr die Installation ist zu l\u00f6schen. Die ArchivistaBox wird nur auf eine Festplatte aufgespielt, sofern diese leer ist. Ist die Festplatte nicht leer, so wird die ArchivistaBox dennoch gestartet. Es wird dabei versucht, die gr\u00f6sste Partition der ersten Festplatte zu nutzen. Bei Linux-Dateisystemen wird dies in aller Regel funktionieren, bei Windows eher nicht.<\/p>\n<p>Und damit alle ohne Probleme loslegen k\u00f6nnen, hier nochmals die <strong>Default-Passw\u00f6rter: av2013 bei root\/archivista, archivista bei Admin\/admin.<\/strong><\/p>\n<p>Weitere Hilfestellung gibt es im Handbuch unter <strong><a href=\"https:\/\/archivista.ch\/d2\/help\" target=\"_blank\" rel=\"noopener\">https:\/\/archivista.ch\/d2\/help<\/a><\/strong><\/p>\n<p><a href=\"https:\/\/archivista.ch\/cms\/wp-content\/uploads\/2025\/11\/zeurich2.jpg\"><img loading=\"lazy\" decoding=\"async\" class=\"alignnone size-full wp-image-11304\" src=\"https:\/\/archivista.ch\/cms\/wp-content\/uploads\/2025\/11\/zeurich2.jpg\" alt=\"\" width=\"1920\" height=\"1080\" srcset=\"https:\/\/archivista.ch\/cms\/wp-content\/uploads\/2025\/11\/zeurich2.jpg 1920w, https:\/\/archivista.ch\/cms\/wp-content\/uploads\/2025\/11\/zeurich2-300x169.jpg 300w, https:\/\/archivista.ch\/cms\/wp-content\/uploads\/2025\/11\/zeurich2-1024x576.jpg 1024w, https:\/\/archivista.ch\/cms\/wp-content\/uploads\/2025\/11\/zeurich2-768x432.jpg 768w, https:\/\/archivista.ch\/cms\/wp-content\/uploads\/2025\/11\/zeurich2-1536x864.jpg 1536w, https:\/\/archivista.ch\/cms\/wp-content\/uploads\/2025\/11\/zeurich2-600x338.jpg 600w, https:\/\/archivista.ch\/cms\/wp-content\/uploads\/2025\/11\/zeurich2-624x351.jpg 624w\" sizes=\"auto, (max-width: 1920px) 100vw, 1920px\" \/><\/a><\/p>\n<h2>Was die Open Source Version nicht bietet?<\/h2>\n<p>Open Source bedeutet, dass f\u00fcr die Software keine Haftung \u00fcbernommen wird. Ebenso gibt es keinen Anspruch auf Support. Die ArchivistaBox AGPLv3 entspricht aber 1:1 jener Version, die mit Wartung und Support an unsere Kunden ausgeliefert wird.<\/p>\n<p>Wer die ArchivistaBox mit Wartung und Support erworben m\u00f6chte, findet in unserem Shop die entsprechenden Versionen. Die <strong><a href=\"https:\/\/archivista.ch\/cms\/de\/shop\/dmsd\/archivistabox-dolder\/\">ArchivistaBox Dolder z.B. startet bei ca. 100 Franken\/Euro.<\/a><\/strong><\/p>\n<h2>Werden Erweiterungen f\u00fcr die ArchivistaBox realisiert?<\/h2>\n<p>Zun\u00e4chst einmal, die ArchivistaBox wird stetig weiterentwickelt. Selbstverst\u00e4ndlich werden dabei auch Kundenw\u00fcnsche realisiert. Voraussetzung ist dabei, dass eine Kundenbeziehung besteht (siehe oben).<\/p>\n<h2>Was \u00e4ndert sich f\u00fcr bestehende Kunden<\/h2>\n<p>F\u00fcr bestehende Kunden \u00e4ndert sich nichts. Sie profitieren heute und auch in Zukunft von unserem langj\u00e4hrigen Know-How.<\/p>\n<h2>ArchivistaBox AGPLv3 als Multimedia-Box<\/h2>\n<p>Die ArchivistaBox AGPLv3 kann selbstverst\u00e4ndlich auch als Multimedia-Box im Sinne der <strong><a href=\"https:\/\/avbox.ch\">AVBox (siehe avbox.ch)<\/a><\/strong> genutzt werden. Damit dies gelingt, kann anstelle der Datenbank &#8218;archivista&#8216; die Datenbank &#8218;avmulti&#8216; verwendet werden. Hilfestellung dazu findet sich in der Dokumentation zur ArchivistaBox unter <strong><a href=\"https:\/\/archivista.ch\/d2\/help.\">https:\/\/archivista.ch\/d2\/help.<\/a><\/strong><\/p>\n<div style=\"width: 490px;\" class=\"wp-video\"><!--[if lt IE 9]><script>document.createElement('video');<\/script><![endif]-->\n<video class=\"wp-video-shortcode\" id=\"video-11300-1\" width=\"490\" height=\"1080\" poster=\"https:\/\/archivista.ch\/cms\/wp-content\/uploads\/2025\/01\/avboxsmart25.jpg\" preload=\"metadata\" controls=\"controls\"><source type=\"video\/mp4\" src=\"https:\/\/archivista.ch\/cms\/wp-content\/uploads\/file\/avboxsmart25d.mp4?_=1\" \/><a href=\"https:\/\/archivista.ch\/cms\/wp-content\/uploads\/file\/avboxsmart25d.mp4\">https:\/\/archivista.ch\/cms\/wp-content\/uploads\/file\/avboxsmart25d.mp4<\/a><\/video><\/div>\n<p><em><strong>Update vom 26. November:<\/strong> Eine ausf\u00fchrliche Schritt-f\u00fcr-Schritt-Anleitung f\u00fcr ein Medien-Archiv gibt es auf der Homepage <strong><a href=\"https:\/\/moviebox.ch\/cms\/ein-eigenes-medien-archiv-mit-archivista-agplv3\/\">moviebox.ch.<\/a><\/strong><\/em><\/p>\n<p>&nbsp;<\/p>\n\n\n\n\t<div class=\"dkpdf-button-container\" style=\"            text-align:right \">\n\n\t\t<a class=\"dkpdf-button\" href=\"\/cms\/wp-json\/wp\/v2\/pages\/11300?pdf=11300\" target=\"_blank\"><span class=\"dkpdf-button-icon\"><i class=\"fa fa-file-pdf-o\"><\/i><\/span> PDF Button<\/a>\n\n\t<\/div>\n\n\n\n\n\n","protected":false},"excerpt":{"rendered":"<p>Digitale Souver\u00e4nti\u00e4t mit der ArchivistaBox Egg, 25. November: Seit dem Jahre 2007 stehen die Sourcen von ArchivistaDMS, ArchivistaERP und ArchivistaVM unter der Open Source Lizenz GPLv2. Mit der Version 2025\/XII steht neu die ArchivistaBox unter der AGPLv3-Linzenz. Dies bedeutet, die ArchivistaBox kann als ISO-Datei frei bezogen, frei genutzt und auch frei angepasst werden. Kurz und [&hellip;]<\/p>\n","protected":false},"author":1,"featured_media":0,"parent":11356,"menu_order":14,"comment_status":"closed","ping_status":"closed","template":"","meta":{"_acf_changed":false,"footnotes":""},"class_list":["post-11300","page","type-page","status-publish","hentry"],"acf":[],"_links":{"self":[{"href":"https:\/\/archivista.ch\/cms\/wp-json\/wp\/v2\/pages\/11300","targetHints":{"allow":["GET"]}}],"collection":[{"href":"https:\/\/archivista.ch\/cms\/wp-json\/wp\/v2\/pages"}],"about":[{"href":"https:\/\/archivista.ch\/cms\/wp-json\/wp\/v2\/types\/page"}],"author":[{"embeddable":true,"href":"https:\/\/archivista.ch\/cms\/wp-json\/wp\/v2\/users\/1"}],"replies":[{"embeddable":true,"href":"https:\/\/archivista.ch\/cms\/wp-json\/wp\/v2\/comments?post=11300"}],"version-history":[{"count":10,"href":"https:\/\/archivista.ch\/cms\/wp-json\/wp\/v2\/pages\/11300\/revisions"}],"predecessor-version":[{"id":11336,"href":"https:\/\/archivista.ch\/cms\/wp-json\/wp\/v2\/pages\/11300\/revisions\/11336"}],"up":[{"embeddable":true,"href":"https:\/\/archivista.ch\/cms\/wp-json\/wp\/v2\/pages\/11356"}],"wp:attachment":[{"href":"https:\/\/archivista.ch\/cms\/wp-json\/wp\/v2\/media?parent=11300"}],"curies":[{"name":"wp","href":"https:\/\/api.w.org\/{rel}","templated":true}]}}