{"id":11391,"date":"2026-02-28T16:29:42","date_gmt":"2026-02-28T15:29:42","guid":{"rendered":"https:\/\/archivista.ch\/cms\/?page_id=11391"},"modified":"2026-02-28T17:16:44","modified_gmt":"2026-02-28T16:16:44","slug":"virtbox-2026-ii","status":"publish","type":"page","link":"https:\/\/archivista.ch\/cms\/de\/aktuell-blog\/virtbox-2026-ii\/","title":{"rendered":"ArchivistaVM VirtBox 2026\/II"},"content":{"rendered":"<h1>Verschachtelte Virtualisierung mit der ArchivistaBox<\/h1>\n<p><em><strong>Egg, 28. Februar 2028:<\/strong> Es gibt Themen, die sind nicht neu, aber erhalten mit der Zeit mehr Gewicht. Eines dieser Themen stellt die verschachtelte Virtualisierung dar, auch bekannt unter &#8218;Nested CPU&#8216;. Dabei geht es darum, m\u00f6glichst komfortabel auf einem Rechner (sprich ArchivistaBox) mehrere Rechner (sprich Linux wie Windows) zu betreiben. Diese M\u00f6glichkeit gibt es auf der ArchivistaBox seit mehr als 15 Jahren. Neu gibt es ab Version 2026\/II mit &#8218;VirtBox&#8216; einen direkten Einstieg und mit &#8218;Nested CPU&#8216; eben die verschachtelte Virtualisierung auf Knopfdruck.<\/em><\/p>\n<p><a href=\"https:\/\/archivista.ch\/cms\/wp-content\/uploads\/2026\/02\/fruehling.jpg\"><img loading=\"lazy\" decoding=\"async\" class=\"alignnone size-full wp-image-11400\" src=\"https:\/\/archivista.ch\/cms\/wp-content\/uploads\/2026\/02\/fruehling.jpg\" alt=\"\" width=\"1920\" height=\"1080\" srcset=\"https:\/\/archivista.ch\/cms\/wp-content\/uploads\/2026\/02\/fruehling.jpg 1920w, https:\/\/archivista.ch\/cms\/wp-content\/uploads\/2026\/02\/fruehling-300x169.jpg 300w, https:\/\/archivista.ch\/cms\/wp-content\/uploads\/2026\/02\/fruehling-1024x576.jpg 1024w, https:\/\/archivista.ch\/cms\/wp-content\/uploads\/2026\/02\/fruehling-768x432.jpg 768w, https:\/\/archivista.ch\/cms\/wp-content\/uploads\/2026\/02\/fruehling-1536x864.jpg 1536w, https:\/\/archivista.ch\/cms\/wp-content\/uploads\/2026\/02\/fruehling-600x338.jpg 600w, https:\/\/archivista.ch\/cms\/wp-content\/uploads\/2026\/02\/fruehling-624x351.jpg 624w\" sizes=\"auto, (max-width: 1920px) 100vw, 1920px\" \/><\/a><\/p>\n<h2>Was ist Virtualisierung?<\/h2>\n<p>Verschachtelte Virtualisierung l\u00e4sst sich auch mit Virtualisierung in der Virtualisierung beschreiben. Damit klar wird, was damit gemeint ist, soll aber nochmals kurz der Begriff Virtualisierung selber angef\u00fchrt werden. Aktuelle Computer verf\u00fcgen \u00fcber sehr viel Leistung. Sei es bei der Festplattengeschwindigkeit oder sei es beim Prozessor (CPU). Die Leistung moderner Hardware reicht vollauf, um mehrere Computer (Betriebssysteme) auf einem Ger\u00e4t zu betreiben. Virtualisierung ist dabei einfach die M\u00f6glichkeit, einen Computer in einem Computer virtuell zu betreiben.<\/p>\n<p>Virtuell bzw. virtualisiert bedeutet, die Leistung eines physikalischen Rechners wird auf mehrere Gastbetriebssystem (eben virtuell) aufgeteilt. Bei der ArchivistaBox kommt dabei die Technologie KVM (Kernel-Based Virtualized Machine) zum Einsatz. Diese Technologie arbeitet sehr effizient, weil direkt die F\u00e4higkeiten des Prozessors genutzt werden. Die Software (hier ArchivistaVM) dient lediglich dazu, die Ressourcen anzusprechen.<\/p>\n<h2>Was bedeutet verschachtelte Virtualisierung?<\/h2>\n<p>Wenn nun ein Rechner nur virtuell als Box-in-Box auf einem Rechner l\u00e4uft, so stellt sich die Frage, ob dieser virtuelle Rechner nicht auch wieder Virtualisierung nutzen kann. Will heissen, das virtuelle Betriebssystem kann selber wieder virtuelle G\u00e4ste &#8222;beherbergen&#8220;. Dies wird deshalb wichtiger, weil Betriebssysteme mittlerweile gerne selber gewisse Jobs bzw. Dienste an virtuelle &#8222;Knechte&#8220; weitergeben.<\/p>\n<p>Zum Beispiel ist es bei Windows 10 wie 11 m\u00f6glich, die sogenannte WSL (Windows Subsystem Linux) anzuwerfen, d.h. es ist m\u00f6glich, innerhalb von Windows Linux als Betriebssystem zu starten. Soll nun aber Windows als virtueller Gast unter Linux laufen, so gibt es minimal zweifache (nested) Virtualisierung. Im ersten Gast l\u00e4uft Windows und in diesem Gast l\u00e4uft wieder virtualisiert Linux (WSL).<\/p>\n<p><a href=\"https:\/\/archivista.ch\/cms\/wp-content\/uploads\/2026\/02\/fruehling2.jpg\"><img loading=\"lazy\" decoding=\"async\" class=\"alignnone size-full wp-image-11401\" src=\"https:\/\/archivista.ch\/cms\/wp-content\/uploads\/2026\/02\/fruehling2.jpg\" alt=\"\" width=\"1920\" height=\"1080\" srcset=\"https:\/\/archivista.ch\/cms\/wp-content\/uploads\/2026\/02\/fruehling2.jpg 1920w, https:\/\/archivista.ch\/cms\/wp-content\/uploads\/2026\/02\/fruehling2-300x169.jpg 300w, https:\/\/archivista.ch\/cms\/wp-content\/uploads\/2026\/02\/fruehling2-1024x576.jpg 1024w, https:\/\/archivista.ch\/cms\/wp-content\/uploads\/2026\/02\/fruehling2-768x432.jpg 768w, https:\/\/archivista.ch\/cms\/wp-content\/uploads\/2026\/02\/fruehling2-1536x864.jpg 1536w, https:\/\/archivista.ch\/cms\/wp-content\/uploads\/2026\/02\/fruehling2-600x338.jpg 600w, https:\/\/archivista.ch\/cms\/wp-content\/uploads\/2026\/02\/fruehling2-624x351.jpg 624w\" sizes=\"auto, (max-width: 1920px) 100vw, 1920px\" \/><\/a><\/p>\n<h2>Der neue Weg mit ArchivistaVM VirtBox<\/h2>\n<p>Bis zu Beginn des Jahres 2020 gab es zwei verschiedene Versionen der ArchivistaBox, einmal ArchivistaDMS und weiter ArchivistaVM. Aus Gr\u00fcnden der Ressourcen war\/ist es aber doch so, dass zwei eigenst\u00e4ndige Distributionen deutlich mehr Aufwand in der Entwicklung darstellen. Ebenso war es in fr\u00fcheren Jahren doch so, dass die Hardware der ArchivistaDMS-Systeme oft nicht gen\u00fcgend Leistung f\u00fcr die Virtualisierung bzw. ArchivistaVM hatten.<\/p>\n<p>Mit der Erweiterung von ArchivistaDMS zu den multimedialen Inhalten ging die Notwendigkeit einher, dass die Hardware f\u00fcr ArchivistaDMS ohnehin viel mehr Leistung ben\u00f6tigte als dies fr\u00fcher der Fall war. Seit dem Jahre 2020 verf\u00fcgen faktisch all unsere ArchivistaBoxen \u00fcber gen\u00fcgend Leistung, um auch virtuelle G\u00e4ste auf der gleichen Hardware ausf\u00fchren zu k\u00f6nnen.<\/p>\n<p>Bei der Zusammenf\u00fchrung von ArchivistaDMS und ArchivistaVM wurde die Virtualisierung allerdings sehr dezent auf den Home-Button &#8222;gelegt&#8220;. Niemand ahnt ja, dass hinter dem Home-Button sich ein Server zur Virtualisierung &#8222;verbirgt&#8220;. Daher gibt es ab Version 2026\/II neu den Direkt-Button &#8218;VirtBox&#8216;, um ArchivistaVM einfach aufrufen zu k\u00f6nnen.<\/p>\n<h2>Verschachtelte Instanz mit ArchivistaVM VirtBox<\/h2>\n<p>Nach der Anmeldung in ArchivistaVM VirtBox kann mit Klick auf &#8218;Virtuelle Maschinen&#8216; und &#8218;Erstellen&#8216; eine neue Instanz angelegt werden:<\/p>\n<p><a href=\"https:\/\/archivista.ch\/cms\/wp-content\/uploads\/2026\/02\/virtbox1.png\"><img loading=\"lazy\" decoding=\"async\" class=\"alignnone size-full wp-image-11397\" src=\"https:\/\/archivista.ch\/cms\/wp-content\/uploads\/2026\/02\/virtbox1.png\" alt=\"\" width=\"1920\" height=\"1080\" srcset=\"https:\/\/archivista.ch\/cms\/wp-content\/uploads\/2026\/02\/virtbox1.png 1920w, https:\/\/archivista.ch\/cms\/wp-content\/uploads\/2026\/02\/virtbox1-300x169.png 300w, https:\/\/archivista.ch\/cms\/wp-content\/uploads\/2026\/02\/virtbox1-1024x576.png 1024w, https:\/\/archivista.ch\/cms\/wp-content\/uploads\/2026\/02\/virtbox1-768x432.png 768w, https:\/\/archivista.ch\/cms\/wp-content\/uploads\/2026\/02\/virtbox1-1536x864.png 1536w, https:\/\/archivista.ch\/cms\/wp-content\/uploads\/2026\/02\/virtbox1-600x338.png 600w, https:\/\/archivista.ch\/cms\/wp-content\/uploads\/2026\/02\/virtbox1-624x351.png 624w\" sizes=\"auto, (max-width: 1920px) 100vw, 1920px\" \/><\/a><\/p>\n<p>In diesem Beispiel wird eine ArchivistaBox in der ArchivistaBox aufgesetzt. In dieser virtuellen Instanz wiederum soll eine weitere ArchivistaBox (Nested CPU) angelegt werden.<\/p>\n<p>Erst einmal geht es darum, die Parameter f\u00fcr unsere virtuelle Instanz anzulegen. Da diese sp\u00e4ter nochmals Instanzen &#8222;beherbergen&#8220; soll, d\u00fcrften 8192 MByte (8 GByte) eine minimale Empfehlung sein. Bei Festplatten und Netzwerkkarte wird &#8218;virtio&#8216; verwendet; diese Treiber erbringen den besten Durchsatz. Wichtig ist, dass <strong>&#8218;Nested CPU&#8216;<\/strong> aktiviert wird. Nach dem Klick &#8218;erstellen&#8216; und &#8218;Start&#8216; wird die Instanz eingerichtet. Da die ArchivistaBox \u00e4usserst flink beim Einrichten ist, dauert dieser Vorgang weniger als eine Minute. Nun ist die erste virtuelle Instanz verf\u00fcgbar.<\/p>\n<p>Eine neu eingerichtete ArchivistaBox erh\u00e4lt eine automatische IP-Adresse (DHCP). Da nun erneut eine virtuelle Instanz der ArchivistaBox eingerichtet werden soll, muss die virtuelle Instanz eine fixe IP-Adresse erhalten. Dies wird \u00fcber das Startmen\u00fc und &#8218;Netzwerk-Tool&#8216; erreicht. Nach dem Aufruf ist der Reiter &#8218;Statisch&#8216; zu w\u00e4hlen. Dort sind die entsprechenden Informationen einzugeben:<\/p>\n<p><a href=\"https:\/\/archivista.ch\/cms\/wp-content\/uploads\/2026\/02\/virtbox2.png\"><img loading=\"lazy\" decoding=\"async\" class=\"alignnone size-full wp-image-11396\" src=\"https:\/\/archivista.ch\/cms\/wp-content\/uploads\/2026\/02\/virtbox2.png\" alt=\"\" width=\"1920\" height=\"1080\" srcset=\"https:\/\/archivista.ch\/cms\/wp-content\/uploads\/2026\/02\/virtbox2.png 1920w, https:\/\/archivista.ch\/cms\/wp-content\/uploads\/2026\/02\/virtbox2-300x169.png 300w, https:\/\/archivista.ch\/cms\/wp-content\/uploads\/2026\/02\/virtbox2-1024x576.png 1024w, https:\/\/archivista.ch\/cms\/wp-content\/uploads\/2026\/02\/virtbox2-768x432.png 768w, https:\/\/archivista.ch\/cms\/wp-content\/uploads\/2026\/02\/virtbox2-1536x864.png 1536w, https:\/\/archivista.ch\/cms\/wp-content\/uploads\/2026\/02\/virtbox2-600x338.png 600w, https:\/\/archivista.ch\/cms\/wp-content\/uploads\/2026\/02\/virtbox2-624x351.png 624w\" sizes=\"auto, (max-width: 1920px) 100vw, 1920px\" \/><\/a><\/p>\n<p>Die Eingaben sind mit &#8218;Ausf\u00fchren&#8216; zu best\u00e4tigen. Sofern eine Best\u00e4tigungsmeldung erfolgt, sind die Eingaben korrekt. Unser virtuelle Instanz kann nun unter der entsprechenden IP-Adresse (vorliegend 192.168.0.195) erreicht werden. Wiederum erfolgt die Anmeldung in ArchivistaVM VirtBox.<\/p>\n<p>Da in dieser virtuellen Instanz eine verschachtelte (nested) Instanz angelegt werden soll, muss die entsprechende ISO-Datei auf die entsprechende Maschine hochgeladen werden. Dies wird \u00fcber <strong>&#8218;ISO-Dateien hochladen&#8216;<\/strong> erreicht. Die ISO-Datei (hier archivistagpl_2025.iso) wird \u00fcber den Button &#8218;hochladen&#8216; eingebunden.<\/p>\n<p><a href=\"https:\/\/archivista.ch\/cms\/wp-content\/uploads\/2026\/02\/virtbox4.png\"><img loading=\"lazy\" decoding=\"async\" class=\"alignnone size-full wp-image-11394\" src=\"https:\/\/archivista.ch\/cms\/wp-content\/uploads\/2026\/02\/virtbox4.png\" alt=\"\" width=\"1920\" height=\"1080\" srcset=\"https:\/\/archivista.ch\/cms\/wp-content\/uploads\/2026\/02\/virtbox4.png 1920w, https:\/\/archivista.ch\/cms\/wp-content\/uploads\/2026\/02\/virtbox4-300x169.png 300w, https:\/\/archivista.ch\/cms\/wp-content\/uploads\/2026\/02\/virtbox4-1024x576.png 1024w, https:\/\/archivista.ch\/cms\/wp-content\/uploads\/2026\/02\/virtbox4-768x432.png 768w, https:\/\/archivista.ch\/cms\/wp-content\/uploads\/2026\/02\/virtbox4-1536x864.png 1536w, https:\/\/archivista.ch\/cms\/wp-content\/uploads\/2026\/02\/virtbox4-600x338.png 600w, https:\/\/archivista.ch\/cms\/wp-content\/uploads\/2026\/02\/virtbox4-624x351.png 624w\" sizes=\"auto, (max-width: 1920px) 100vw, 1920px\" \/><\/a><\/p>\n<p>Beim Anlegen der verschachtelten Instanz ist darauf zu achten, dass sowohl weniger Hauptspeicher, weniger Festplatte wie auch CPU-Kerne zugewiesen werden. Nachfolgend k\u00f6nnen hier die Vorgaben verwendet werden. &#8218;Nested CPU&#8216; ist nicht zwingend, darf aber aktiviert werden, damit die verschachtelte Instanz der ArchivistaBox den kompletten Befehlssatz des Prozessors erh\u00e4lt. Nach &#8218;erstellen&#8216; auf &#8218;Start&#8216; klicken.<\/p>\n<p><a href=\"https:\/\/archivista.ch\/cms\/wp-content\/uploads\/2026\/02\/virtbox5.png\"><img loading=\"lazy\" decoding=\"async\" class=\"alignnone size-full wp-image-11393\" src=\"https:\/\/archivista.ch\/cms\/wp-content\/uploads\/2026\/02\/virtbox5.png\" alt=\"\" width=\"1920\" height=\"1080\" srcset=\"https:\/\/archivista.ch\/cms\/wp-content\/uploads\/2026\/02\/virtbox5.png 1920w, https:\/\/archivista.ch\/cms\/wp-content\/uploads\/2026\/02\/virtbox5-300x169.png 300w, https:\/\/archivista.ch\/cms\/wp-content\/uploads\/2026\/02\/virtbox5-1024x576.png 1024w, https:\/\/archivista.ch\/cms\/wp-content\/uploads\/2026\/02\/virtbox5-768x432.png 768w, https:\/\/archivista.ch\/cms\/wp-content\/uploads\/2026\/02\/virtbox5-1536x864.png 1536w, https:\/\/archivista.ch\/cms\/wp-content\/uploads\/2026\/02\/virtbox5-600x338.png 600w, https:\/\/archivista.ch\/cms\/wp-content\/uploads\/2026\/02\/virtbox5-624x351.png 624w\" sizes=\"auto, (max-width: 1920px) 100vw, 1920px\" \/><\/a><\/p>\n<p>Beim Hochfahren der verschachtelten Instanz kann beobachtet werden, dass der Vorgang nicht ganz so fl\u00fcssig wie bei der ersten virtuellen Instanz erfolgt. Dies beruht daher, dass s\u00e4mtliche Befehle ja \u00fcber die bereits virtuelle Instanz erfolgen. Trotzdem kann nach einer guten Minute festgestellt werden, die verschachtelte Instanz steht zur Verf\u00fcgung.<\/p>\n<h2>Fazit: Verschachtelte Virtualisierung mit VirtBox 2026\/II ist einfach<\/h2>\n<p>ArchivistaVM VirtBox 2026\/II bietet nicht nur eine sehr einfache Plattform, um Maschinen zu virtualisieren, \u00fcberdies ist es wesentlich einfacher geworden, den entsprechenden G\u00e4sten wiederum die Funktionen der Virtualisierung (Nested CPU) weiterzugeben.<\/p>\n<p>Diese Funktionalit\u00e4t stand zwar bereits bisher zur Verf\u00fcgung, nur mussten die Richtigen Parameter (+svm bei AMD, +vmx bei Intel) bislang manuell \u00fcber die Optionen aktiviert werden. Mit dem neuen Button &#8218;Nested CPU&#8216; geht dies nun sehr einfach und effizient.<\/p>\n<p>Zum Abschluss sei noch erw\u00e4hnt, dass das Beispiel nur ab Version 2026\/II funktioniert. Damit die verschachtelte Virtualisierung n\u00e4mlich zur Verf\u00fcgung steht, muss der entsprechende Treiber bereits beim Starten der ArchivistaBox aktiviert werden. Ohne dass dies der Fall ist, kann die verschachtelte Virtualisierung nicht genutzt werden.<\/p>\n<p>Kunden der ArchivistaBox erhalten die neue Version \u00fcber den Update-Service. Die ArchivistaBox AGPLv3 steht hier zum freien Download zur Verf\u00fcgung (Passwort &#8218;av2013&#8216;):<\/p>\n<p><a href=\"https:\/\/archivista.ch\/cms\/agplv3\" target=\"_blank\" rel=\"noopener\"><strong>https:\/\/archivista.ch\/cms\/agplv3<\/strong><\/a><\/p>\n<p><em><strong>Hinweis:<\/strong> ArchivistaVM VirtBox ist genauso leistungsf\u00e4hig wie andere Plattformen zur Virtualisierung (wie Proxmox, VirtualBox, HyperV und\/oder andere), aber ArchivistaVM ist deutlich einfacher, weil die richtigen Parameter \u00fcbersichtlich auf wenigen \u00fcbersichtlichen Formularen verwaltet werden k\u00f6nnen.<\/em><\/p>\n<p>&nbsp;<\/p>\n<p>&nbsp;<\/p>\n\n\n\n\t<div class=\"dkpdf-button-container\" style=\"            text-align:right \">\n\n\t\t<a class=\"dkpdf-button\" href=\"\/cms\/wp-json\/wp\/v2\/pages\/11391?pdf=11391\" target=\"_blank\"><span class=\"dkpdf-button-icon\"><i class=\"fa fa-file-pdf-o\"><\/i><\/span> PDF Button<\/a>\n\n\t<\/div>\n\n\n\n\n\n","protected":false},"excerpt":{"rendered":"<p>Verschachtelte Virtualisierung mit der ArchivistaBox Egg, 28. Februar 2028: Es gibt Themen, die sind nicht neu, aber erhalten mit der Zeit mehr Gewicht. Eines dieser Themen stellt die verschachtelte Virtualisierung dar, auch bekannt unter &#8218;Nested CPU&#8216;. Dabei geht es darum, m\u00f6glichst komfortabel auf einem Rechner (sprich ArchivistaBox) mehrere Rechner (sprich Linux wie Windows) zu betreiben. [&hellip;]<\/p>\n","protected":false},"author":1,"featured_media":0,"parent":168,"menu_order":129,"comment_status":"closed","ping_status":"closed","template":"","meta":{"_acf_changed":false,"footnotes":""},"class_list":["post-11391","page","type-page","status-publish","hentry"],"acf":[],"_links":{"self":[{"href":"https:\/\/archivista.ch\/cms\/wp-json\/wp\/v2\/pages\/11391","targetHints":{"allow":["GET"]}}],"collection":[{"href":"https:\/\/archivista.ch\/cms\/wp-json\/wp\/v2\/pages"}],"about":[{"href":"https:\/\/archivista.ch\/cms\/wp-json\/wp\/v2\/types\/page"}],"author":[{"embeddable":true,"href":"https:\/\/archivista.ch\/cms\/wp-json\/wp\/v2\/users\/1"}],"replies":[{"embeddable":true,"href":"https:\/\/archivista.ch\/cms\/wp-json\/wp\/v2\/comments?post=11391"}],"version-history":[{"count":9,"href":"https:\/\/archivista.ch\/cms\/wp-json\/wp\/v2\/pages\/11391\/revisions"}],"predecessor-version":[{"id":11416,"href":"https:\/\/archivista.ch\/cms\/wp-json\/wp\/v2\/pages\/11391\/revisions\/11416"}],"up":[{"embeddable":true,"href":"https:\/\/archivista.ch\/cms\/wp-json\/wp\/v2\/pages\/168"}],"wp:attachment":[{"href":"https:\/\/archivista.ch\/cms\/wp-json\/wp\/v2\/media?parent=11391"}],"curies":[{"name":"wp","href":"https:\/\/api.w.org\/{rel}","templated":true}]}}