{"id":126,"date":"2011-11-28T17:35:38","date_gmt":"2011-11-28T16:35:38","guid":{"rendered":"http:\/\/schulenwegg.ch\/cms\/?page_id=126"},"modified":"2015-06-10T20:39:18","modified_gmt":"2015-06-10T18:39:18","slug":"cluster-in-100-sekunden","status":"publish","type":"page","link":"https:\/\/archivista.ch\/cms\/de\/aktuell-blog\/jahre-2008-2019\/blogs-2011\/cluster-in-100-sekunden\/","title":{"rendered":"Cluster in 100 Sekunden"},"content":{"rendered":"<h1>100 Sekunden bis zum Cluster mit ArchivistaVM<\/h1>\n<p><em><strong><img loading=\"lazy\" decoding=\"async\" align=\"right\" width=\"200\" vspace=\"5\" hspace=\"5\" height=\"436\" alt=\"\" src=\"\/de\/media\/avvm2\/budget2.jpg\" \/>Dornbinr, 26. November 2011:<\/strong> Anl\u00e4sslich des diesj\u00e4hrigen Linuxday.at durften wir die neue Cluster-L\u00f6sung zu ArchivistaVM pr\u00e4sentieren. Der gut besuchte Vortrag l\u00f6ste zahlreiches Staunen und Schmunzeln aus. Einmal, weil es mit derart bescheidenem Aufwand \u00fcberhaupt m\u00f6glich ist, einen Cluster-Verbund in weniger als 2 Minuten vollautomatisiert zu erstellen, weiter aber auch, weil die Beispiele aus der Praxis zuweilen bekannt vorkammen, aber kaum je derart pointiert auf den Punkt gebracht wurden.<\/em><\/p>\n<h2>Automatisiertes Setup f\u00fcr den Cluster-Verbund <\/h2>\n<p>Zum dritten Mal in Folge pr\u00e4sentierten wir am linuxday.at einen Vortrag zu ArchivistaVM. Standen 2009 die ersten gemachten Erfahrungen mit ArchivistaVM 1.x im Vordergrund, so wurde lettzes Jahr die neue Version 2.0 alias die ArcihvistaBox 64-Bit pr\u00e4sentiert. Waren 2010 noch 100 Sekunden f\u00fcr das Aufsetzten einer ArchivistaBox notwendig, so konnte dieses Jahr in der gleichen Zeit das gesamte Setup eines Clusters gezeigt werden.<\/p>\n<p>F\u00fcr all jene, welche den Vortrag nicht besuchen konnten, sei auf die <a href=\"\/avcluster.gif\" target=\"_blank\"><strong>Demo hier verwiesen.<\/strong><\/a> Ebenfalls freigegeben ist mittlerweile das <a href=\"\/de\/media\/avvm2\/archivistavm-linuxday2011.pdf\"><strong>Vortragsskript.<\/strong><\/a> Die <a href=\"\/avcluster.gif\" target=\"_blank\"><strong>Demo<\/strong><\/a> zeigt auf, wie ein Cluster mit drei Rechnern komplettt automatisiert aufgebaut wird. Das <a href=\"\/de\/media\/avvm2\/archivistavm-linuxday2011.pdf\"><strong>Skript zum Vortrag<\/strong><\/a> beschreibt die Hintergr\u00fcnde dazu.<\/p>\n<p>Die neue Cluster-L\u00f6sung steht ab sofort zur Verf\u00fcgng, d.h. Sie ist bei uns bereits produktiv im Einsatz. Kunden, welche einen entsprechenden SwissRocket-Cluster betreiben, k\u00f6nnen jederzeit auf die neue Version upgraden. Im Rahmen von neuen Projekten kommt die neue L\u00f6sung ab sofort zum Einsatz.<\/p>\n<p>F\u00fcr all jene, welche selber einen <a href=\"\/de\/media\/avvm2\/archivistavm-linuxday2011.pdf\"><strong>Cluster mit ArchivistaVM aufbauen wollen, finden im Skript eine Anleitung<\/strong><\/a> dazu. Und auch dies sei an dieser Stelle verraten, die L\u00f6sung arbeitet bereits mit <strong>ArchivistaVM Budget-Servern (Modell 2011).<\/strong> Selbstverst\u00e4ndlich l\u00e4sst sich die L\u00f6sung auch mit der <strong>SwissRocket-Modellserie<\/strong> betreiben.<\/p>\n<\/p>\n<\/p><\/p>\n\n\n\n\t<div class=\"dkpdf-button-container\" style=\"            text-align:right \">\n\n\t\t<a class=\"dkpdf-button\" href=\"\/cms\/wp-json\/wp\/v2\/pages\/126?pdf=126\" target=\"_blank\"><span class=\"dkpdf-button-icon\"><i class=\"fa fa-file-pdf-o\"><\/i><\/span> PDF Button<\/a>\n\n\t<\/div>\n\n\n\n\n\n","protected":false},"excerpt":{"rendered":"<p>100 Sekunden bis zum Cluster mit ArchivistaVM Dornbinr, 26. November 2011: Anl\u00e4sslich des diesj\u00e4hrigen Linuxday.at durften wir die neue Cluster-L\u00f6sung zu ArchivistaVM pr\u00e4sentieren. Der gut besuchte Vortrag l\u00f6ste zahlreiches Staunen und Schmunzeln aus. Einmal, weil es mit derart bescheidenem Aufwand \u00fcberhaupt m\u00f6glich ist, einen Cluster-Verbund in weniger als 2 Minuten vollautomatisiert zu erstellen, weiter aber [&hellip;]<\/p>\n","protected":false},"author":1,"featured_media":0,"parent":179,"menu_order":326,"comment_status":"closed","ping_status":"closed","template":"","meta":{"_acf_changed":false,"footnotes":""},"class_list":["post-126","page","type-page","status-publish","hentry"],"acf":[],"_links":{"self":[{"href":"https:\/\/archivista.ch\/cms\/wp-json\/wp\/v2\/pages\/126","targetHints":{"allow":["GET"]}}],"collection":[{"href":"https:\/\/archivista.ch\/cms\/wp-json\/wp\/v2\/pages"}],"about":[{"href":"https:\/\/archivista.ch\/cms\/wp-json\/wp\/v2\/types\/page"}],"author":[{"embeddable":true,"href":"https:\/\/archivista.ch\/cms\/wp-json\/wp\/v2\/users\/1"}],"replies":[{"embeddable":true,"href":"https:\/\/archivista.ch\/cms\/wp-json\/wp\/v2\/comments?post=126"}],"version-history":[{"count":0,"href":"https:\/\/archivista.ch\/cms\/wp-json\/wp\/v2\/pages\/126\/revisions"}],"up":[{"embeddable":true,"href":"https:\/\/archivista.ch\/cms\/wp-json\/wp\/v2\/pages\/179"}],"wp:attachment":[{"href":"https:\/\/archivista.ch\/cms\/wp-json\/wp\/v2\/media?parent=126"}],"curies":[{"name":"wp","href":"https:\/\/api.w.org\/{rel}","templated":true}]}}