{"id":1266,"date":"2015-06-11T02:18:20","date_gmt":"2015-06-11T00:18:20","guid":{"rendered":"http:\/\/schulenwegg.ch\/cms\/?page_id=1266"},"modified":"2021-03-17T00:34:34","modified_gmt":"2021-03-16T23:34:34","slug":"handbuch","status":"publish","type":"page","link":"https:\/\/archivista.ch\/cms\/de\/support\/handbuch\/","title":{"rendered":"Handbuch"},"content":{"rendered":"<h1><a href=\"https:\/\/archivista.ch\/d2\/help\">Einfach und schnell zum Ziel kommen<\/a><\/h1>\n<p><a href=\"https:\/\/archivista.ch\/cms\/wp-content\/uploads\/2018\/01\/weg.jpg\"><img loading=\"lazy\" decoding=\"async\" class=\"alignnone size-full wp-image-5198\" src=\"https:\/\/archivista.ch\/cms\/wp-content\/uploads\/2018\/01\/weg.jpg\" alt=\"\" width=\"600\" height=\"338\" srcset=\"https:\/\/archivista.ch\/cms\/wp-content\/uploads\/2018\/01\/weg.jpg 600w, https:\/\/archivista.ch\/cms\/wp-content\/uploads\/2018\/01\/weg-300x169.jpg 300w\" sizes=\"auto, (max-width: 600px) 100vw, 600px\" \/><\/a><\/p>\n<p>Das Handbuch zur aktuellen ArchivistaBox finden Sie hier: <strong><a href=\"https:\/\/archivista.ch\/d2\/help\">https:\/\/archivista.ch\/d2\/help<\/a><\/strong> (inkl. Suchm\u00f6glichkeit).<\/p>\n<p><em><strong>Hinweis:<\/strong> Zur Open Source Linux Distribution <strong>AVMultimedia<\/strong> gibt es <strong>kein Handbuch,<\/strong> wohl aber <strong><a href=\"https:\/\/archivista.ch\/cms\/de\/support\/avmultimedia\/\">FAQs<\/a><\/strong>. Dem sei angef\u00fcgt, das <strong><a href=\"https:\/\/archivista.ch\/d2\/help\">normale Handbuch zur ArchivistaBox<\/a><\/strong> enth\u00e4lt viele Informationen, die ebenso f\u00fcr AVMultimedia gelten.<\/em><\/p>\n\n\n\n\t<div class=\"dkpdf-button-container\" style=\"            text-align:right \">\n\n\t\t<a class=\"dkpdf-button\" href=\"\/cms\/wp-json\/wp\/v2\/pages\/1266?pdf=1266\" target=\"_blank\"><span class=\"dkpdf-button-icon\"><i class=\"fa fa-file-pdf-o\"><\/i><\/span> PDF Button<\/a>\n\n\t<\/div>\n\n\n\n\n\n","protected":false},"excerpt":{"rendered":"<p>Einfach und schnell zum Ziel kommen Das Handbuch zur aktuellen ArchivistaBox finden Sie hier: https:\/\/archivista.ch\/d2\/help (inkl. Suchm\u00f6glichkeit). Hinweis: Zur Open Source Linux Distribution AVMultimedia gibt es kein Handbuch, wohl aber FAQs. Dem sei angef\u00fcgt, das normale Handbuch zur ArchivistaBox enth\u00e4lt viele Informationen, die ebenso f\u00fcr AVMultimedia gelten. PDF Button<\/p>\n","protected":false},"author":1,"featured_media":0,"parent":32,"menu_order":302,"comment_status":"closed","ping_status":"closed","template":"","meta":{"_acf_changed":false,"footnotes":""},"class_list":["post-1266","page","type-page","status-publish","hentry"],"acf":[],"_links":{"self":[{"href":"https:\/\/archivista.ch\/cms\/wp-json\/wp\/v2\/pages\/1266","targetHints":{"allow":["GET"]}}],"collection":[{"href":"https:\/\/archivista.ch\/cms\/wp-json\/wp\/v2\/pages"}],"about":[{"href":"https:\/\/archivista.ch\/cms\/wp-json\/wp\/v2\/types\/page"}],"author":[{"embeddable":true,"href":"https:\/\/archivista.ch\/cms\/wp-json\/wp\/v2\/users\/1"}],"replies":[{"embeddable":true,"href":"https:\/\/archivista.ch\/cms\/wp-json\/wp\/v2\/comments?post=1266"}],"version-history":[{"count":8,"href":"https:\/\/archivista.ch\/cms\/wp-json\/wp\/v2\/pages\/1266\/revisions"}],"predecessor-version":[{"id":8971,"href":"https:\/\/archivista.ch\/cms\/wp-json\/wp\/v2\/pages\/1266\/revisions\/8971"}],"up":[{"embeddable":true,"href":"https:\/\/archivista.ch\/cms\/wp-json\/wp\/v2\/pages\/32"}],"wp:attachment":[{"href":"https:\/\/archivista.ch\/cms\/wp-json\/wp\/v2\/media?parent=1266"}],"curies":[{"name":"wp","href":"https:\/\/api.w.org\/{rel}","templated":true}]}}