{"id":140,"date":"2015-05-19T14:15:24","date_gmt":"2015-05-19T12:15:24","guid":{"rendered":"http:\/\/schulenwegg.ch\/cms\/?page_id=140"},"modified":"2025-12-10T02:34:37","modified_gmt":"2025-12-10T01:34:37","slug":"community","status":"publish","type":"page","link":"https:\/\/archivista.ch\/cms\/de\/support\/community\/","title":{"rendered":"Open Source"},"content":{"rendered":"<h1>ArchivistaBox AGPLv3<\/h1>\n<p><img loading=\"lazy\" decoding=\"async\" src=\"\/de\/media\/tschungel2.jpg\" alt=\"\" width=\"240\" height=\"319\" align=\"right\" border=\"0\" hspace=\"5\" vspace=\"5\" \/><\/p>\n<p>Sie k\u00f6nnen die ArchivistaBox AGPLv3 jederzeit selber installieren und unter der Open Source Lizenz AGPLv3 betreiben. Im Idealfall steht ein Computer (AMD64) mit minimal 4 GByte Hauptspeicher (RAM) zur Verf\u00fcgung. Sofern ArchivistaVM bzw. Virtualisierung verwendet werden soll, werden 16 GByte (oder noch mehr) empfohlen. Die ArchivistaBox AGPLv3 kann hier bezogen werden <strong>(Link mit Passwort \u201aav2013\u2018 gesch\u00fctzt):<\/strong><\/p>\n<p><strong><a href=\"https:\/\/archivista.ch\/cms\/agplv3\" target=\"_blank\" rel=\"noopener\">https:\/\/archivista.ch\/cms\/agplv3<\/a><\/strong><\/p>\n<p>Eine Registrierung ist nicht erforderlich. Das <strong>Passwort \u201aav2013\u2018<\/strong> dient einzig dazu, sicherzustellen, dass bereits an dieser Stelle klar das Standard-Passwort f\u00fcr die Benutzer \u201aarchivista\u2018 und \u201aroot\u2018 vermittelt werden kann.<\/p>\n<p>Wer die ArchivistaBox auf einem Computer (Notebooks und 2in1-Tables gehen auch) installieren m\u00f6chte, muss einen bootbaren USB-Stick erstellen. Dies kann mit <strong><a href=\"https:\/\/etcher.balena.io\/\">etcher.io<\/a><\/strong> oder auf einer jeden Linux-Konsole mit root-Rechten mit folgendem Befehl erreicht werden:<\/p>\n<pre><strong>dd if=archivistagpl_2025.iso of=\/dev\/sdx bs=64M;sync;sync<\/strong><\/pre>\n<p>Dabei steht \u2019sdx\u2018 f\u00fcr den gew\u00fcnschten Stick (z.B. \/dev\/sdc oder \/dev\/sdd). Wer sich bei obigem Befehl unsicher f\u00fchlt, verwende <strong><a href=\"https:\/\/etcher.balena.io\/\">etcher.io.<\/a><\/strong><\/p>\n<p>Die ArchivistaBox kann aber auch virtualisiert zum Einsatz kommen, hier kann direkt mit der ISO-Datei gestartet werden.<\/p>\n<p><strong>Hinweise zur Installation:<\/strong> Auf dem gew\u00fcnschten Ger\u00e4t ist UEFI notwendig. SecureBoot muss deaktiviert werden. Die gew\u00fcnschte Festplatte f\u00fcr die Installation ist zu l\u00f6schen. Die ArchivistaBox wird nur auf eine Festplatte aufgespielt, sofern diese leer ist. Ist die Festplatte nicht leer, so wird die ArchivistaBox dennoch gestartet. Es wird dabei versucht, die gr\u00f6sste Partition der ersten Festplatte zu nutzen. Bei Linux-Dateisystemen wird dies in aller Regel funktionieren, bei Windows eher nicht.<\/p>\n<p>Und damit alle ohne Probleme loslegen k\u00f6nnen, hier nochmals die <strong>Default-Passw\u00f6rter: av2013 bei root\/archivista, archivista bei Admin\/admin.<\/strong><\/p>\n\n\n\n\t<div class=\"dkpdf-button-container\" style=\"            text-align:right \">\n\n\t\t<a class=\"dkpdf-button\" href=\"\/cms\/wp-json\/wp\/v2\/pages\/140?pdf=140\" target=\"_blank\"><span class=\"dkpdf-button-icon\"><i class=\"fa fa-file-pdf-o\"><\/i><\/span> PDF Button<\/a>\n\n\t<\/div>\n\n\n\n\n\n","protected":false},"excerpt":{"rendered":"<p>ArchivistaBox AGPLv3 Sie k\u00f6nnen die ArchivistaBox AGPLv3 jederzeit selber installieren und unter der Open Source Lizenz AGPLv3 betreiben. Im Idealfall steht ein Computer (AMD64) mit minimal 4 GByte Hauptspeicher (RAM) zur Verf\u00fcgung. Sofern ArchivistaVM bzw. Virtualisierung verwendet werden soll, werden 16 GByte (oder noch mehr) empfohlen. Die ArchivistaBox AGPLv3 kann hier bezogen werden (Link mit [&hellip;]<\/p>\n","protected":false},"author":1,"featured_media":0,"parent":32,"menu_order":312,"comment_status":"closed","ping_status":"closed","template":"","meta":{"_acf_changed":false,"footnotes":""},"class_list":["post-140","page","type-page","status-publish","hentry"],"acf":[],"_links":{"self":[{"href":"https:\/\/archivista.ch\/cms\/wp-json\/wp\/v2\/pages\/140","targetHints":{"allow":["GET"]}}],"collection":[{"href":"https:\/\/archivista.ch\/cms\/wp-json\/wp\/v2\/pages"}],"about":[{"href":"https:\/\/archivista.ch\/cms\/wp-json\/wp\/v2\/types\/page"}],"author":[{"embeddable":true,"href":"https:\/\/archivista.ch\/cms\/wp-json\/wp\/v2\/users\/1"}],"replies":[{"embeddable":true,"href":"https:\/\/archivista.ch\/cms\/wp-json\/wp\/v2\/comments?post=140"}],"version-history":[{"count":19,"href":"https:\/\/archivista.ch\/cms\/wp-json\/wp\/v2\/pages\/140\/revisions"}],"predecessor-version":[{"id":11350,"href":"https:\/\/archivista.ch\/cms\/wp-json\/wp\/v2\/pages\/140\/revisions\/11350"}],"up":[{"embeddable":true,"href":"https:\/\/archivista.ch\/cms\/wp-json\/wp\/v2\/pages\/32"}],"wp:attachment":[{"href":"https:\/\/archivista.ch\/cms\/wp-json\/wp\/v2\/media?parent=140"}],"curies":[{"name":"wp","href":"https:\/\/api.w.org\/{rel}","templated":true}]}}