{"id":150,"date":"2014-12-04T08:36:56","date_gmt":"2014-12-04T07:36:56","guid":{"rendered":"http:\/\/schulenwegg.ch\/cms\/?page_id=150"},"modified":"2015-06-10T07:44:13","modified_gmt":"2015-06-10T05:44:13","slug":"umzug-nach-egg","status":"publish","type":"page","link":"https:\/\/archivista.ch\/cms\/de\/aktuell-blog\/jahre-2008-2019\/blogs-2013\/umzug-nach-egg\/","title":{"rendered":"Umzug nach Egg"},"content":{"rendered":"<h1>Umzug per 1.1.2014 nach Stegstrasse 14 in 8132 Egg<\/h1>\n<p><strong><em>Uster, 3. Dezember 2013:<\/em><\/strong><em> Mit heutigem Datum haben die Zeichnungsberechtigten der Firma Archivista GmbH eine Liegenschaft an der Stegstrasse 14 in 8132 Egg erworben. Damit erh\u00e4lt die Firma Archivista GmbH f\u00fcr die n\u00e4chsten Jahre ein neues Zuhause. Dieser Blog zeigt auf, warum dieser Schritt f\u00fcr die Firma Archivista GmbH viel Sinn ergibt &#8212; und weshalb wir uns auf das neue Zuhause in Egg freuen. <\/em><\/p>\n<h2><img loading=\"lazy\" decoding=\"async\" width=\"200\" vspace=\"5\" hspace=\"10\" height=\"235\" border=\"0\" align=\"right\" alt=\"\" src=\"\/de\/media\/egg.png\" \/>Darum erfolgt der Umzug von Pfaffhausen nach Egg<\/h2>\n<p>Seit dem Jahre 2007 hat die Firma Archivista GmbH in Pfaffhausen B\u00fcros gemietet. Wir konnten damals (f\u00fcr damalige Verh\u00e4ltnisse sehr fr\u00fch) direkt einen Glasfaseranschluss legen, die N\u00e4he zu Post und \u00f6ffentlichem Verkehr, eine gute Erreichbarkeit mit dem Auto, eine ruhige Lage, all dies sch\u00e4tzen wir und unsere Kunden sehr.<\/p>\n<p>Leider wurde die Poststelle in Pfaffhausen im Januar 2013 geschlossen, was zu einem erheblichen Mehraufwand bei der Logistik f\u00fchrte. F\u00fcr die n\u00e4chste Poststelle mussten wir seit da ins ca. 3 km entfernte F\u00e4llanden ausweichen. 3 km Weg m\u00f6gen zwar nicht als wahnsinnig erscheinen, wenn die Strasse aber pro Tag f\u00fcr einige Stunden aufgrund des hohen Verkehrsaufkommens gestaut ist, geht dabei viel Zeit und damit auch Geld verloren. Es war aber nicht alleine die fehlende Poststelle, ganz generell w\u00fcnschten wir uns etwas mehr Infrastruktur um uns herum. Kurz und gut, der Entschluss reifte, dass neue Gesch\u00e4ftsr\u00e4ume mit einer besseren Infrastruktur \u00fcber kurz oder lang viel Sinn ergeben w\u00fcrden.<\/p>\n<h2>Mit viel Herzblut nach Egg<\/h2>\n<p>Bei der Wahl eines neuen Standortes spielte der Ort zun\u00e4chst weniger eine Rolle, wichtig waren uns eine gute Anbindung an die Infrastruktur. In den Monaten Juni bis November besichtigten wir viele Standorte, viele davon im Kanton Z\u00fcrich, einige davon aber auch in den Kantonen St. Gallen, Thurgau und Aargau. Letztlich viel die Wahl auf Egg, weil wir dort a) den gleichen Provider (GGA Maur) haben werden und weil b) Egg \u00fcber eine gute Infrastrukur verf\u00fcgt. Egg ist an die Forch- und (damit auch an die) Oberland-Autobahn angeschlossen, mit der Forch-Bahn kann Z\u00fcrich-City in 30 Minuten erreicht werden, Post, Bank und L\u00e4den befinden sich alle im Ort, sodass wir jederzeit sehr prompt und speditiv agieren k\u00f6nnen.<\/p>\n<p>In der heute von den Zeichnungsberechtigten erworbenen Liegenschaft kann der Platzbedarf flexibel genutzt werden, auch ein Ausbau ist durchaus machbar. Und sollte es in naher oder ferner Zukunft doch zu eng werden, so verf\u00fcgt Egg im Unterschied zu Pfaffhausen oder Binz \u00fcber ein gutes Mass an B\u00fcror\u00e4umlichkeiten. Die stadtnahe l\u00e4ndliche Lage von Egg eignet sich ideal f\u00fcr Arbeiten wie Wohnen, sodass wir heute einen wichtigen Meilenstein f\u00fcr die Zukunft der Firma Archivista GmbH legen konnten.<\/p>\n<h2>Das bedeutet der Umzug f\u00fcr unsere Kunden<\/h2>\n<p>Der Umzug wird zwischen dem 15. und 31. Dezember 2013 stattfinden. Wir sind derzeit daran, den Umzug zu planen. Selbstverst\u00e4ndlich erhalten s\u00e4mtliche Kunden mit Wartungsvertrag w\u00e4hrend der gesamten Umzugsphase den gewohnten Service. Derzeit &#8222;weigert&#8220; sich die Swisscom (ein Zentralen-DDI-Anschluss k\u00f6nne nicht \u00fcbertragen werden) unsere bestehenden Nummern an einen anderen Provider &#8222;herauszur\u00fccken&#8220;. Es k\u00f6nnte daher sein, dass wir ab Januar 2014 \u00fcber neue Telefonnummern verf\u00fcgen werden. Mehr Informationen zum geplanten Umzug fiinden Sie jederzeit auf dieser Homepage. F\u00fcr R\u00fcckfragen stehen wir selbstverst\u00e4ndlich gerne zur Verf\u00fcgung. In jedem Falle freuen wir uns schon jetzt, Sie ab Janaur 2014 kompetent am neuen Standort in Egg bedienen zu d\u00fcrfen.<\/p>\n<h2>Update vom 23.12.2013: Neue Telefon- und Faxnummer<\/h2>\n<p>Ab sofort kann unsere Firma \u00fcber eine neue Telefon- und Faxnummer erreicht werden:<\/p>\n<p><strong>Telefon: <\/strong><span style=\"color: rgb(255, 0, 0);\"><strong>+41 (0)44 350 05 60<br \/><\/strong><\/span><strong>Fax: <\/strong><span style=\"color: rgb(255, 0, 0);\"><strong>+41 (0)44 350 05 61<\/strong><\/span><strong> <\/strong><\/p>\n<p>Das Fax-Ger\u00e4t ist noch nicht installiert (dies erfolgt die n\u00e4chsten Tage), das Telefon ist seit heute in Betrieb. Bis ca. Mitte Januar 2014 werden die alten Nummern noch funktionieren, danach werden ausschliesslich die neuen Nummern G\u00fcltigkeit haben. Wir werden auf m\u00f6glichst allen Dokumenten die neuen Nummern sowie die neue Adresse nachtragen. A propos neue Adresse, diese lautet:<\/p>\n<p>Archivista GmbH<br \/>Stegstrasse 14<br \/>CH-8132 Egg<\/p>\n<p>Wir bitten Sie, ab dem 1.1.2014 ausschliesslich die neue Adresse zu verwenden. Abschliessend noch ein Wort zum Z\u00fcglen der Server. Irgendwann im Februar 2014 wird der neue Glasfaseranschluss in Egg zur Verf\u00fcgung stehen. Wir werden dann in einer Randstunde s\u00e4mtliche Server von Pfaffhausen nach Egg z\u00fcgeln. Dabei wird es zu einem Unterbruch kommen, wobei danach s\u00e4mtliche Server mit den gleichen IP-Adrsse und Namen am neuen Standort arbeiten werden. Dies bedeutet, dass wir bzw. unsere Kunden keine neuen Einstellungen f\u00fcr den Fernzugriff ben\u00f6tigen.<\/p>\n\n\n\n\t<div class=\"dkpdf-button-container\" style=\"            text-align:right \">\n\n\t\t<a class=\"dkpdf-button\" href=\"\/cms\/wp-json\/wp\/v2\/pages\/150?pdf=150\" target=\"_blank\"><span class=\"dkpdf-button-icon\"><i class=\"fa fa-file-pdf-o\"><\/i><\/span> PDF Button<\/a>\n\n\t<\/div>\n\n\n\n\n\n","protected":false},"excerpt":{"rendered":"<p>Umzug per 1.1.2014 nach Stegstrasse 14 in 8132 Egg Uster, 3. Dezember 2013: Mit heutigem Datum haben die Zeichnungsberechtigten der Firma Archivista GmbH eine Liegenschaft an der Stegstrasse 14 in 8132 Egg erworben. Damit erh\u00e4lt die Firma Archivista GmbH f\u00fcr die n\u00e4chsten Jahre ein neues Zuhause. Dieser Blog zeigt auf, warum dieser Schritt f\u00fcr die [&hellip;]<\/p>\n","protected":false},"author":1,"featured_media":0,"parent":151,"menu_order":365,"comment_status":"closed","ping_status":"closed","template":"","meta":{"_acf_changed":false,"footnotes":""},"class_list":["post-150","page","type-page","status-publish","hentry"],"acf":[],"_links":{"self":[{"href":"https:\/\/archivista.ch\/cms\/wp-json\/wp\/v2\/pages\/150","targetHints":{"allow":["GET"]}}],"collection":[{"href":"https:\/\/archivista.ch\/cms\/wp-json\/wp\/v2\/pages"}],"about":[{"href":"https:\/\/archivista.ch\/cms\/wp-json\/wp\/v2\/types\/page"}],"author":[{"embeddable":true,"href":"https:\/\/archivista.ch\/cms\/wp-json\/wp\/v2\/users\/1"}],"replies":[{"embeddable":true,"href":"https:\/\/archivista.ch\/cms\/wp-json\/wp\/v2\/comments?post=150"}],"version-history":[{"count":0,"href":"https:\/\/archivista.ch\/cms\/wp-json\/wp\/v2\/pages\/150\/revisions"}],"up":[{"embeddable":true,"href":"https:\/\/archivista.ch\/cms\/wp-json\/wp\/v2\/pages\/151"}],"wp:attachment":[{"href":"https:\/\/archivista.ch\/cms\/wp-json\/wp\/v2\/media?parent=150"}],"curies":[{"name":"wp","href":"https:\/\/api.w.org\/{rel}","templated":true}]}}