{"id":151,"date":"2014-12-24T10:51:15","date_gmt":"2014-12-24T09:51:15","guid":{"rendered":"http:\/\/schulenwegg.ch\/cms\/?page_id=151"},"modified":"2023-01-09T21:17:53","modified_gmt":"2023-01-09T20:17:53","slug":"blogs-2013","status":"publish","type":"page","link":"https:\/\/archivista.ch\/cms\/de\/aktuell-blog\/jahre-2008-2019\/blogs-2013\/","title":{"rendered":"Blogs 2013"},"content":{"rendered":"<h1>Jahresr\u00fcckblick und Betriebsferien 24.12.13-5.1.14<\/h1>\n<p><em><strong>Pfaffhausen, 23. Dezember 2013:<\/strong> Der erste Teil des Umzugs nach Egg hat am 20. Dezember 2013 stattgefunden, der zweite Teil wird anfangs Januar 2014 durchgef\u00fchrt. <\/em><em>Infolge des Umzugs nach Egg f\u00e4llt der Jahresr\u00fcckblick in diesem Jahr in Kurzform aus.<\/em><em> Vom 24. Dezember 2013 bis und mit 5. Januar 2014 bleiben unsere B\u00fcros (wie jedes Jahr \u00fcber Weihnachten und Neujahr) geschlossen. <\/em><\/p>\n<p><em><img loading=\"lazy\" decoding=\"async\" align=\"bottom\" height=\"450\" width=\"600\" src=\"\/de\/media\/ausblick.jpg\" alt=\"\" \/><\/em><\/p>\n<p>Die Zeit zwischen Festtagen und Jahresbeginn bietet Gelegenheit, eine kurze Vernschnaufpause in einem mitunter  hektischen Alltag in der Informatikwelt einzulegen. Geniessen Sie Ruhe, Erholung und Gelassenheit, um mit  vollem Elan im Jahre 2014 zu starten.<\/p>\n<p>Bei dieser Gelegenheit m\u00f6chte ich in Erinnerung rufen, dass dies selbstverst\u00e4ndlich nicht heisst, das Kunden mit Wartungsvertr\u00e4gen keinen Support erhalten. Das Gegenteil ist der Fall. Der Vollst\u00e4ndigkeit sei hier aber auch angef\u00fchrt, dass Support nicht s\u00e4mtliche Dienstleistungen umfasst, sondern dass wir einzig nicht lauff\u00e4hige oder defekte Systeme supporttechnisch bearbeiten. Darin nicht enthalten ist Basis-Schulung und\/oder Erweiterungen; diese Arbeiten werden nach Auftragseingang gerne im Jahre 2014 abgewickelt. Ebenfalls liefern wir w\u00e4hrend dieser Zeit keine neuen ArchivistaBox-Systeme aus (es sei denn, eine Auslieferung wurde vor dem 20. Dezember zugesichert).<\/p>\n<h2>Jahresr\u00fcckblick in Kurzform<\/h2>\n<p>Wie eingangs erw\u00e4hnt, erfolgt normalerweise an dieser Stelle ein ausf\u00fchrlicher Jahresr\u00fcckblick. Dieser wird dieses Jahr (infolge des Umzugs nach Egg) in sehr gek\u00fcrzter Form publiziert. Im Jahre 2013 haben wir die folgenden Meilensteine erreicht:<\/p>\n<ul>\n<li><strong>Neue ArchivistaBox-Systeme<\/strong> f\u00fcr Rigi, S\u00e4ntis, Pilatus und Titlis<\/li>\n<li><strong>Einbinden schneller Scanner<\/strong> (bis 200 Seiten\/Minuten)<\/li>\n<li>Geschenkk\u00f6rbe zum <strong>15 j\u00e4hrigen Firmenjubil\u00e4um<\/strong><\/li>\n<li>Umstellung auf <strong>ArchivistaCloud (DMS)<\/strong><\/li>\n<li><strong>ScanBox Albis III<\/strong> (Raspberry PI)<\/li>\n<li><strong>Spalten und mehr im WebClient<\/strong> (Abl\u00f6sen RichClient)<\/li>\n<li><strong>Umzug nach Egg<\/strong> im Dezember 2014<\/li>\n<\/ul>\n<p>Wir freuen uns, Sie im Jahre 2014 in Egg mit neuem Elan in neuen B\u00fcros begr\u00fcssen zu d\u00fcrfen.<\/p>\n<p>Archivista GmbH<br \/>Urs Pfister, Gesch\u00e4ftsf\u00fchrer<\/p>\n<p><em>P.S: Bitte beachten Sie die <strong>neue Telefon-, Faxnummer und Adresse ab dem 1.1.2014, mehr Informationen finden Sie hier.<\/strong><\/em><\/p><\/p>\n\n\n\n\t<div class=\"dkpdf-button-container\" style=\"            text-align:right \">\n\n\t\t<a class=\"dkpdf-button\" href=\"\/cms\/wp-json\/wp\/v2\/pages\/151?pdf=151\" target=\"_blank\"><span class=\"dkpdf-button-icon\"><i class=\"fa fa-file-pdf-o\"><\/i><\/span> PDF Button<\/a>\n\n\t<\/div>\n\n\n\n\n\n","protected":false},"excerpt":{"rendered":"<p>Jahresr\u00fcckblick und Betriebsferien 24.12.13-5.1.14 Pfaffhausen, 23. Dezember 2013: Der erste Teil des Umzugs nach Egg hat am 20. Dezember 2013 stattgefunden, der zweite Teil wird anfangs Januar 2014 durchgef\u00fchrt. Infolge des Umzugs nach Egg f\u00e4llt der Jahresr\u00fcckblick in diesem Jahr in Kurzform aus. Vom 24. Dezember 2013 bis und mit 5. Januar 2014 bleiben unsere [&hellip;]<\/p>\n","protected":false},"author":1,"featured_media":0,"parent":9613,"menu_order":71,"comment_status":"closed","ping_status":"closed","template":"","meta":{"_acf_changed":false,"footnotes":""},"class_list":["post-151","page","type-page","status-publish","hentry"],"acf":[],"_links":{"self":[{"href":"https:\/\/archivista.ch\/cms\/wp-json\/wp\/v2\/pages\/151","targetHints":{"allow":["GET"]}}],"collection":[{"href":"https:\/\/archivista.ch\/cms\/wp-json\/wp\/v2\/pages"}],"about":[{"href":"https:\/\/archivista.ch\/cms\/wp-json\/wp\/v2\/types\/page"}],"author":[{"embeddable":true,"href":"https:\/\/archivista.ch\/cms\/wp-json\/wp\/v2\/users\/1"}],"replies":[{"embeddable":true,"href":"https:\/\/archivista.ch\/cms\/wp-json\/wp\/v2\/comments?post=151"}],"version-history":[{"count":1,"href":"https:\/\/archivista.ch\/cms\/wp-json\/wp\/v2\/pages\/151\/revisions"}],"predecessor-version":[{"id":4956,"href":"https:\/\/archivista.ch\/cms\/wp-json\/wp\/v2\/pages\/151\/revisions\/4956"}],"up":[{"embeddable":true,"href":"https:\/\/archivista.ch\/cms\/wp-json\/wp\/v2\/pages\/9613"}],"wp:attachment":[{"href":"https:\/\/archivista.ch\/cms\/wp-json\/wp\/v2\/media?parent=151"}],"curies":[{"name":"wp","href":"https:\/\/api.w.org\/{rel}","templated":true}]}}