{"id":160,"date":"2014-03-21T22:05:49","date_gmt":"2014-03-21T21:05:49","guid":{"rendered":"http:\/\/schulenwegg.ch\/cms\/?page_id=160"},"modified":"2015-06-10T07:32:55","modified_gmt":"2015-06-10T05:32:55","slug":"easy-amp-full","status":"publish","type":"page","link":"https:\/\/archivista.ch\/cms\/de\/aktuell-blog\/jahre-2008-2019\/blogs-2014\/easy-amp-full\/","title":{"rendered":"Easy &#038; Full"},"content":{"rendered":"<h1>Gesamtpakete ArchivistaBox Dolder + Fujitsu iX500<\/h1>\n<p><em><strong>Egg, 21. M\u00e4rz 2014:<\/strong> Die beiden Packages <a href=\"http:\/\/shop.archivista.ch\/oscommunity\/catalog\/advanced_search_result.php?keywords=easy&#038;x=0&#038;y=0\"><strong>Easy<\/strong><\/a> und <a href=\"http:\/\/shop.archivista.ch\/oscommunity\/catalog\/advanced_search_result.php?keywords=full&#038;x=0&#038;y=0\"><strong>Full<\/strong><\/a> beinhalten alle Komponenten, um ein kleineres mehrplatzf\u00e4higes DMS in Betrieb zu nehmen. Das Paket Easy besteht aus der ArchivistaBox Dolder mit Keypad, um einen schnellen Dokumentenscanner von Fujitsu anzubinden. Beim Full-Package wird der Dokumentenscanner iX500 von Fujitsu mitgeliefert. Beide Packages ben\u00f6tigen absolut keine Installation. Bei der Bestellung einfach IP-Kenndaten angeben, Paket auspacken und Komponenten zusammenstecken, Box und allenfalls Scanner einschalten, nach weniger als 1 Minute steht das System zum Arbeiten bereit; ganz ohne Installation, ganz ohne zus\u00e4tzlichen Aufwand.<\/em><\/p>\n<h2><a target=\"_top\" href=\"http:\/\/shop.archivista.ch\/oscommunity\/catalog\/advanced_search_result.php?keywords=easy&#038;x=0&#038;y=0\"><img loading=\"lazy\" decoding=\"async\" width=\"300\" vspace=\"5\" hspace=\"10\" height=\"408\" align=\"right\" src=\"\/de\/media\/easypack2.jpg\" alt=\"\" \/>Easy-Package<\/a> heisst alles dabei<\/h2>\n<p>Bei unseren ArchivistaBox-Systemen sind die Preise seit jeher offengelegt. In unserem <a href=\"http:\/\/shop.archivista.ch\/oscommerce\/catalog\/\"><strong>Web-Shop<\/strong><\/a> k\u00f6nnen bequem alle Komponenten zusammengetragen werdem, und sofort steht der Preis f\u00fcr das Gesamtsystem fest. Noch einfacher geht es mit dem <a href=\"http:\/\/shop.archivista.ch\/oscommunity\/catalog\/advanced_search_result.php?keywords=easy&#038;x=0&#038;y=0\"><strong>Easy-Package.<\/strong><\/a> Dieses enth\u00e4lt bereits alle Komponenten, um ein mehrplatzf\u00e4higes DMS in Betrieb zu nehmen.<\/p>\n<p>Folgende Komponenten sind beim Easy-Package enthalten: <a href=\"http:\/\/shop.archivista.ch\/oscommunity\/catalog\/advanced_search_result.php?keywords=dolder&#038;x=0&#038;y=0\" target=\"_top\"><strong>ArchivistaBox Dolder, <\/strong><\/a>2 gleichzeitg arbeitende Benutzer bzw. 6 Benutzerprofile, 2 Datenbanken, max. 20 GByte Daten, 20&#8217;000 Akten bzw. 100&#8217;000 Seiten sowie die installierten Treiber f\u00fcr die Fujitsu-Dokumentenscanner. Soviel zu den Eckdaten. Ein DMS macht bekanntlich dann Freude, wenn die Dokumente bequem erfasst werden k\u00f6nnen. Das Easy-Package bietet dabei die folgenden Optionen an: a) Hochladen von Dokumenten, b) \u00dcbertragen von Dokumenten via Netzwerkordner (SMB und FTP), c) Drucken von Dokumenten ins Archiv, d) Hochladen von Bildern ab USB-Stick\/Kamera sowie e) Scannen von Papierbelegen mit den <a target=\"_top\" href=\"http:\/\/shop.archivista.ch\/oscommunity\/catalog\/advanced_search_result.php?keywords=ix500&#038;x=0&#038;y=0\"><strong>schnellen Duplex Dokumentenscannern von Fujitsu,<\/strong><\/a> kurz und gut, alles steht f\u00fcr ein komplettes webbasiertes DMS zur Verf\u00fcgung.<\/p>\n<p>Die L\u00f6sung wird fixfertig konfiguriert (inkl. IP-Kenndaten) ausgeliefert. Einfach Box einschalten, und ca. 1 Minute warten, und schon kann mit jedem handels\u00fcblichen Web-Browser gearbeitet werden. Der ArchivistaBox WebClient kann auch von Tablets oder MobilePhonss aufgerufen werden, f\u00fcr das Arbeiten sind absolut keine Plugins notwendig. Die Datensicherung erfolgt wahlweise auf CD\/DVD, externe USB-Disk oder \u00fcbers Netzwerk (SMB, NFS oder RSYNC).<\/p>\n<h2><a href=\"http:\/\/shop.archivista.ch\/oscommunity\/catalog\/advanced_search_result.php?keywords=easy&#038;x=0&#038;y=0\">Easy-Package<\/a> mit 24% Preisnachlass f\u00fcr sFr. 499.&#8211;<\/h2>\n<p>Beim Easy-Package sind die folgenden Komponenten enthalten:  ArchivistaBox Dolder \u00e0 sFr. 360.&#8211;, Option zwei gleichzeitig arbeitende Benutzer (6 Benutzerprofile) \u00e0 sFr. 120.&#8211;, Keypad  f\u00fcr Scannen \u00e0 sFr. 30.&#8211;, Scanner-Treiber f\u00fcr Fujitsu-Dokumentenscanner  \u00e0 sFr. 90.&#8211;. Dies ergibt ein Gesamttotal von  sFr. 600 (ohne MwSt). Mit 24% Preisnachlass ist das Easy-Package f\u00fcr sFr. 456.&#8211; erh\u00e4ltlich, f\u00fcr das Porto werden sFr. 6.05 verrechnet. Zusammen mit der MwSt von 8% ergibt dies einen Preis von sFr. 499.&#8211;. Dieses Package ist auch im EU-Raum f\u00fcr Euro 385.04 (exkl. MwSt, Versand per Maxi-Brief) erh\u00e4ltlich.<\/p>\n<p>Ab dem 2. Jahr fallen 15% Wartungsgeb\u00fchr des offiziellen Preises  (ohne Scanner) an. Dies ergibt ohne MwSt. sFr. 90.&#8211;, bzw. mit MwSt.  97.20. In der Wartung enthalten sind alle Updates, ein kostenloser  Austausch der ArchivistaBox bei Hardware-Defekten sowie eine  Reaktionszeit bei Problemen von max. 8 Std. Businesszeit (Mo-Fr 8:00-12,  13:30-17:30 Uhr).<\/p>\n<p>Das Produkt kann direkt im <a href=\"http:\/\/shop.archivista.ch\/oscommunity\/catalog\/advanced_search_result.php?keywords=easy&#038;x=0&#038;y=0\" target=\"_top\"><strong>Web-Shop bestellt<\/strong><\/a> werden (bitte IP-Kenndaten (IP-Adresse, Submaske, Gateway und DNS-Server bei Kommentarfeld angeben).<\/p>\n<h2><a target=\"_top\" href=\"http:\/\/shop.archivista.ch\/oscommunity\/catalog\/advanced_search_result.php?keywords=fullpack&#038;x=0&#038;y=0\"><img loading=\"lazy\" decoding=\"async\" width=\"300\" vspace=\"5\" hspace=\"10\" height=\"380\" align=\"left\" src=\"\/de\/media\/fullpackage.jpg\" alt=\"\" \/>Full-Package<\/a> mit 20% Preisnachlass f\u00fcr sFr. 999.&#8211;<\/h2>\n<p>Beim Full-Package ist zus\u00e4tzlich zum Leistungsumfang des Easy-Packages der schnelle Duplex-Dokumentensind iX500 von Fujitsu enthalten, d.h das Full-Package besteht aus den folgenden Komponenten: ArchivistaBox Dolder \u00e0 sFr. 360.&#8211;, Option zwei gleichzeig arbeitende Benutzer (6 Benutzerprofile) \u00e0 sFr. 120.&#8211;, Keypad f\u00fcr Scannen \u00e0 sFr. 30.&#8211;, Scanner-Treiber f\u00fcr Fujitsu-Dokumentenscanner \u00e0 sFr. 90.&#8211; plus Scanner Fujitsu iX500 \u00e0 sFr. 540.&#8211;. Dies ergibt ein Gesamttotal von sFr. 1140 (ohne MwSt).<\/p>\n<p>Auf diesem Preis wird ein Preisnachlass von 20% gew\u00e4hrt, der Preis f\u00fcr das Full-Package bettr\u00e4gt folglich sFr. 912.&#8211; (ohne MwSt). Dazu kommen sFr. 13.&#8211; f\u00fcr das Porto sowie 8% Mehrwertsteier, womit der Gesamtpreis sFr. 999.&#8211; (inkl. MwSt) betr\u00e4gt. In diesem Preis ist die Wartung f\u00fcr das erste Jahr enthalten.<\/p>\n<p>Ab dem 2. Jahr fallen 15% Wartungsgeb\u00fchr des offiziellen Preises (ohne Scanner) an. Dies ergibt ohne MwSt. sFr. 90.&#8211;, bzw. mit MwSt. 97.20. In der Wartung enthalten sind alle Updates, ein kostenloser Austausch der ArchivistaBox bei Hardware-Defekten sowie eine Reaktionszeit bei Problemen von max. 8 Std. Businesszeit (Mo-Fr 8:00-12, 13:30-17:30 Uhr). Das Full-Package wird nur in der Schweiz ausgeliefert, die Zollgeb\u00fchren und das Porto f\u00fcr den EU-Raum w\u00fcrden bedeuten, dass vom Preisnachlass nicht mehr viel \u00fcbrigbleibt. Auf Wunsch nennen wir gerne ein Bezugsquelle f\u00fcr die Dokumentenscanner von Fujitsu in Deutschland.<\/p>\n<h2><a href=\"http:\/\/shop.archivista.ch\/oscommunity\/catalog\/advanced_search_result.php?keywords=easy&#038;x=0&#038;y=0\"><strong>Easy<\/strong><\/a> oder <a href=\"http:\/\/shop.archivista.ch\/oscommunity\/catalog\/advanced_search_result.php?keywords=full&#038;x=0&#038;y=0\">Full-Package<\/a> f\u00fcr bestehende Kunden<\/h2>\n<p>Bestehende Kunden k\u00f6nnen von diesem Package ebenfalls profitieren. Beide Packages eignen sich bestens als kosteng\u00fcnstige Backup-Stationen samt Ersatzscanner. Dank Rsstore-on-the-Fly k\u00f6nnen selbst Datenbanken im TByte-Bereich bequem mit der ArchivistaBox-Dolder jederzeit auf Korrektheit \u00fcberpr\u00fcft werden.<\/p>\n\n\n\n\t<div class=\"dkpdf-button-container\" style=\"            text-align:right \">\n\n\t\t<a class=\"dkpdf-button\" href=\"\/cms\/wp-json\/wp\/v2\/pages\/160?pdf=160\" target=\"_blank\"><span class=\"dkpdf-button-icon\"><i class=\"fa fa-file-pdf-o\"><\/i><\/span> PDF Button<\/a>\n\n\t<\/div>\n\n\n\n\n\n","protected":false},"excerpt":{"rendered":"<p>Gesamtpakete ArchivistaBox Dolder + Fujitsu iX500 Egg, 21. M\u00e4rz 2014: Die beiden Packages Easy und Full beinhalten alle Komponenten, um ein kleineres mehrplatzf\u00e4higes DMS in Betrieb zu nehmen. Das Paket Easy besteht aus der ArchivistaBox Dolder mit Keypad, um einen schnellen Dokumentenscanner von Fujitsu anzubinden. Beim Full-Package wird der Dokumentenscanner iX500 von Fujitsu mitgeliefert. Beide [&hellip;]<\/p>\n","protected":false},"author":1,"featured_media":0,"parent":236,"menu_order":359,"comment_status":"closed","ping_status":"closed","template":"","meta":{"_acf_changed":false,"footnotes":""},"class_list":["post-160","page","type-page","status-publish","hentry"],"acf":[],"_links":{"self":[{"href":"https:\/\/archivista.ch\/cms\/wp-json\/wp\/v2\/pages\/160","targetHints":{"allow":["GET"]}}],"collection":[{"href":"https:\/\/archivista.ch\/cms\/wp-json\/wp\/v2\/pages"}],"about":[{"href":"https:\/\/archivista.ch\/cms\/wp-json\/wp\/v2\/types\/page"}],"author":[{"embeddable":true,"href":"https:\/\/archivista.ch\/cms\/wp-json\/wp\/v2\/users\/1"}],"replies":[{"embeddable":true,"href":"https:\/\/archivista.ch\/cms\/wp-json\/wp\/v2\/comments?post=160"}],"version-history":[{"count":0,"href":"https:\/\/archivista.ch\/cms\/wp-json\/wp\/v2\/pages\/160\/revisions"}],"up":[{"embeddable":true,"href":"https:\/\/archivista.ch\/cms\/wp-json\/wp\/v2\/pages\/236"}],"wp:attachment":[{"href":"https:\/\/archivista.ch\/cms\/wp-json\/wp\/v2\/media?parent=160"}],"curies":[{"name":"wp","href":"https:\/\/api.w.org\/{rel}","templated":true}]}}