{"id":164,"date":"2012-02-01T01:42:01","date_gmt":"2012-02-01T00:42:01","guid":{"rendered":"http:\/\/schulenwegg.ch\/cms\/?page_id=164"},"modified":"2025-03-01T09:58:18","modified_gmt":"2025-03-01T08:58:18","slug":"produkte","status":"publish","type":"page","link":"https:\/\/archivista.ch\/cms\/de\/produkte\/","title":{"rendered":"Produkte"},"content":{"rendered":"<h1>ArchivistaBox: Neue Boxen braucht das Land<\/h1>\n<p><img decoding=\"async\" style=\"float: right; width: 150px; margin: 5px;\" src=\"\/cms\/wp-content\/uploads\/2021\/01\/matterhorn-1.jpg\" width=\"150\" \/>Ganz egal, ob Sie die ArchivistaBox-L\u00f6sung als <strong>Dokumenten-Management-System (DMS),<\/strong> als <strong>ERP-System (Enterprice resource planning)<\/strong> oder gar als <strong>Virtualisierungsserver<\/strong> in Betrieb nehmen, Sie erhalten von uns ein fixfertig abgestimmtes System. Wo normalerweise erst einmal abgekl\u00e4rt werden muss, ob die L\u00f6sung X mit dem Betriebssystem Y und dem Rechner Z zusammenarbeitet, bietet die ArchivistaBox den ungemeinen Vorteil, dass Sie die gesamte L\u00f6sung aus einer Hand erhalten. Seien wir ehrlich, was n\u00fctzt die tollste L\u00f6sung mit dem besten Konzept f\u00fcr die Datenhaltung, wenn bereits das Aufsetzen zum Spiessrutenlauf zwischen Applikation, Betriebssystem und Rechner verkommt.<\/p>\n<h2>Einfach ArchivistaBox ans Netz h\u00e4ngen und los geht es&#8230;<\/h2>\n<p>Hier setzt das ArchivistaBox-Konzept an, indem <span style=\"font-weight: bold;\">fixfertig vorkonfigurierte L\u00f6sungen <\/span>entwickelt wurden, ganz nach dem Motto: &#8222;Neue Boxen braucht das Land!&#8220; Wenn Sie eine ArchivistaBox erwerben, dann steht diese in zwei Minuten zum Einsatz bereit. Stick einlegen, Netzwerkadresse eingeben und los geht es.<\/p>\n<p>Und weil wir eine boxbasierte L\u00f6sung ausliefern, sind s\u00e4mtliche Komponenten passgenau aufeinander abgestimmt. Daraus resultiert mehr Power bei schonendem Ressourcenverbrauch. Wo andere L\u00f6sungen mit &#8218;GreenIT&#8216; Werbung betreiben, liefern wir kleine Boxen aus, die bereits heute weit weniger Energie ben\u00f6tigen als dies bei handels\u00fcblichen Servern der Fall ist. Auch hier ganz nach dem Motto: &#8222;Neue Boxen braucht das Land!&#8220;<\/p>\n\n\n\n\t<div class=\"dkpdf-button-container\" style=\"            text-align:right \">\n\n\t\t<a class=\"dkpdf-button\" href=\"\/cms\/wp-json\/wp\/v2\/pages\/164?pdf=164\" target=\"_blank\"><span class=\"dkpdf-button-icon\"><i class=\"fa fa-file-pdf-o\"><\/i><\/span> PDF Button<\/a>\n\n\t<\/div>\n\n\n\n\n\n","protected":false},"excerpt":{"rendered":"<p>ArchivistaBox: Neue Boxen braucht das Land Ganz egal, ob Sie die ArchivistaBox-L\u00f6sung als Dokumenten-Management-System (DMS), als ERP-System (Enterprice resource planning) oder gar als Virtualisierungsserver in Betrieb nehmen, Sie erhalten von uns ein fixfertig abgestimmtes System. Wo normalerweise erst einmal abgekl\u00e4rt werden muss, ob die L\u00f6sung X mit dem Betriebssystem Y und dem Rechner Z zusammenarbeitet, [&hellip;]<\/p>\n","protected":false},"author":1,"featured_media":0,"parent":0,"menu_order":472,"comment_status":"closed","ping_status":"closed","template":"","meta":{"_acf_changed":false,"footnotes":""},"class_list":["post-164","page","type-page","status-publish","hentry"],"acf":[],"_links":{"self":[{"href":"https:\/\/archivista.ch\/cms\/wp-json\/wp\/v2\/pages\/164","targetHints":{"allow":["GET"]}}],"collection":[{"href":"https:\/\/archivista.ch\/cms\/wp-json\/wp\/v2\/pages"}],"about":[{"href":"https:\/\/archivista.ch\/cms\/wp-json\/wp\/v2\/types\/page"}],"author":[{"embeddable":true,"href":"https:\/\/archivista.ch\/cms\/wp-json\/wp\/v2\/users\/1"}],"replies":[{"embeddable":true,"href":"https:\/\/archivista.ch\/cms\/wp-json\/wp\/v2\/comments?post=164"}],"version-history":[{"count":8,"href":"https:\/\/archivista.ch\/cms\/wp-json\/wp\/v2\/pages\/164\/revisions"}],"predecessor-version":[{"id":11054,"href":"https:\/\/archivista.ch\/cms\/wp-json\/wp\/v2\/pages\/164\/revisions\/11054"}],"wp:attachment":[{"href":"https:\/\/archivista.ch\/cms\/wp-json\/wp\/v2\/media?parent=164"}],"curies":[{"name":"wp","href":"https:\/\/api.w.org\/{rel}","templated":true}]}}