{"id":165,"date":"2010-09-27T14:15:06","date_gmt":"2010-09-27T12:15:06","guid":{"rendered":"http:\/\/schulenwegg.ch\/cms\/?page_id=165"},"modified":"2025-12-10T02:33:37","modified_gmt":"2025-12-10T01:33:37","slug":"services","status":"publish","type":"page","link":"https:\/\/archivista.ch\/cms\/de\/services\/","title":{"rendered":"Services"},"content":{"rendered":"<h1>Sie brauchen keine Berge zu \u00fcberwinden ? Wir helfen Ihnen gerne&#8230;<\/h1>\n<h1><img decoding=\"async\" src=\"\/de\/media\/services1.jpg\" alt=\"\" align=\"bottom\" \/><\/h1>\n<p>Profitieren Sie von unserem langj\u00e4hrigen Know-how in den folgenden Bereichen:<\/p>\n<ul>\n<li>ArchivistaBox-Systeme<\/li>\n<li>Virtualisierung mit ArchivistaVM-Servern<\/li>\n<li>Einf\u00fchrung DMS-System<\/li>\n<li>Langzeitarchivierung<\/li>\n<li>Datenkonvertierung<\/li>\n<li>ERP-Integration<\/li>\n<li>OpenSource (inkl. heterogene Netzwerke)<\/li>\n<li>Scannerevaluation<\/li>\n<li>Agile Softwareentwicklung (Perl, PHP, Python)<\/li>\n<li>Texterkennung und Aufbereitung<\/li>\n<li>Barcode- und Formulardatenverarbeitung<\/li>\n<\/ul>\n<p>Wir bieten Ihnen die gesamte Palette von Dienstleistungen an, die in diesem Bereich anfallen. Auf den nachfolgenden Seiten stellen wir einige unserer Schwerpunkte vor.<\/p>\n<p>Ob Sie dabei ganz einfach eine unabh\u00e4ngige und neutrale Beratung w\u00fcnschen oder ob Sie eine massgeschneiderte L\u00f6sungen suchen, die zu 100% auf Ihre Anforderungen zugeschnitten ist, dank unserem Know-how und unserem Netzwerk f\u00fcr Fachkr\u00e4fte, unterbreiten wir Ihnen gerne ein Angebot.<\/p>\n<p>Kontaktieren Sie uns! Wir begleiten Sie entweder auf Auftragsbasis oder erstellen f\u00fcr Sie eine verbindliche Offerte f\u00fcr einen individuellen Auftrag.<\/p>\n<p>&nbsp;<\/p>\n\n\n\n\t<div class=\"dkpdf-button-container\" style=\"            text-align:right \">\n\n\t\t<a class=\"dkpdf-button\" href=\"\/cms\/wp-json\/wp\/v2\/pages\/165?pdf=165\" target=\"_blank\"><span class=\"dkpdf-button-icon\"><i class=\"fa fa-file-pdf-o\"><\/i><\/span> PDF Button<\/a>\n\n\t<\/div>\n\n\n\n\n\n","protected":false},"excerpt":{"rendered":"<p>Sie brauchen keine Berge zu \u00fcberwinden ? Wir helfen Ihnen gerne&#8230; Profitieren Sie von unserem langj\u00e4hrigen Know-how in den folgenden Bereichen: ArchivistaBox-Systeme Virtualisierung mit ArchivistaVM-Servern Einf\u00fchrung DMS-System Langzeitarchivierung Datenkonvertierung ERP-Integration OpenSource (inkl. heterogene Netzwerke) Scannerevaluation Agile Softwareentwicklung (Perl, PHP, Python) Texterkennung und Aufbereitung Barcode- und Formulardatenverarbeitung Wir bieten Ihnen die gesamte Palette von Dienstleistungen an, [&hellip;]<\/p>\n","protected":false},"author":1,"featured_media":0,"parent":0,"menu_order":477,"comment_status":"closed","ping_status":"closed","template":"","meta":{"_acf_changed":false,"footnotes":""},"class_list":["post-165","page","type-page","status-publish","hentry"],"acf":[],"_links":{"self":[{"href":"https:\/\/archivista.ch\/cms\/wp-json\/wp\/v2\/pages\/165","targetHints":{"allow":["GET"]}}],"collection":[{"href":"https:\/\/archivista.ch\/cms\/wp-json\/wp\/v2\/pages"}],"about":[{"href":"https:\/\/archivista.ch\/cms\/wp-json\/wp\/v2\/types\/page"}],"author":[{"embeddable":true,"href":"https:\/\/archivista.ch\/cms\/wp-json\/wp\/v2\/users\/1"}],"replies":[{"embeddable":true,"href":"https:\/\/archivista.ch\/cms\/wp-json\/wp\/v2\/comments?post=165"}],"version-history":[{"count":5,"href":"https:\/\/archivista.ch\/cms\/wp-json\/wp\/v2\/pages\/165\/revisions"}],"predecessor-version":[{"id":11349,"href":"https:\/\/archivista.ch\/cms\/wp-json\/wp\/v2\/pages\/165\/revisions\/11349"}],"wp:attachment":[{"href":"https:\/\/archivista.ch\/cms\/wp-json\/wp\/v2\/media?parent=165"}],"curies":[{"name":"wp","href":"https:\/\/api.w.org\/{rel}","templated":true}]}}