{"id":166,"date":"2012-12-05T21:05:15","date_gmt":"2012-12-05T20:05:15","guid":{"rendered":"http:\/\/schulenwegg.ch\/cms\/?page_id=166"},"modified":"2024-03-11T16:09:36","modified_gmt":"2024-03-11T15:09:36","slug":"uber-uns","status":"publish","type":"page","link":"https:\/\/archivista.ch\/cms\/de\/uber-uns\/","title":{"rendered":"\u00dcber uns"},"content":{"rendered":"<h1>Echte Innovation erfordert langfristiges Denken und Handeln<\/h1>\n<p><img decoding=\"async\" style=\"float: right; height: 145px; width: 210px; margin: 10px;\" src=\"\/de\/media\/farn.jpg\" alt=\"\" \/>Ein gutes Produkt wie die ArchivistaBox entsteht nicht in ein paar Monaten. Ein gutes Produkt ist auch keine Frage der Firmengr\u00f6sse. Vielmehr bilden Innovation und N\u00e4he zum Markt sowie langfristig ausgerichtetes Denken die Grundlage f\u00fcr nachhaltig ausgelegten Erfolg. Unsere Produkte stehen seit mehr als zwei Jahrzehnten erfolgreich auf dem Markt im Einsatz. Dabei haben wir uns von den folgenden Grunds\u00e4tzen leiten lassen:<\/p>\n<ul>\n<li class=\"list\"><span style=\"font-weight: bold;\">L\u00f6sungen f\u00fcr die Praxis.<\/span> Wir realisieren L\u00f6sungen f\u00fcr Sie und nur f\u00fcr Sie.<\/li>\n<li class=\"list\"><span style=\"font-weight: bold;\">Innovation<\/span> ist dann wirkungsvoll, wenn wir f\u00fcr unsere Kunden einen Nutzen erzielen.<\/li>\n<li class=\"list\">Wir ver\u00f6ffentlichen seit mehreren Jahren den <strong>Programmcode von ArchivistaDMS, ArchivistaERP (Umfang ArchivistaBox Community) und ArchivistaVM unter der GPL-Lizenz,<\/strong> genauso wie wir fast ausschliesslich mit Open Source Produkten arbeiten.<\/li>\n<li class=\"list\">Wir verwenden <span style=\"font-weight: bold;\">offene (genormte) Dateiformate,<\/span> damit die Daten auch morgen noch Ihnen geh\u00f6ren.<\/li>\n<li class=\"list\">Ein <span style=\"font-weight: bold;\">tadelloser Support<\/span> bildet das R\u00fcckgrat f\u00fcr eine erfolgreiche Zusammenarbeit mit Ihnen.<\/li>\n<\/ul>\n<p>Sie sehen, bei Archivista GmbH steht Langfristigkeit im Denken und Handeln an erster Stelle; seit jeher, heute und auch in Zukunft.<\/p>\n\n\n\n\t<div class=\"dkpdf-button-container\" style=\"            text-align:right \">\n\n\t\t<a class=\"dkpdf-button\" href=\"\/cms\/wp-json\/wp\/v2\/pages\/166?pdf=166\" target=\"_blank\"><span class=\"dkpdf-button-icon\"><i class=\"fa fa-file-pdf-o\"><\/i><\/span> PDF Button<\/a>\n\n\t<\/div>\n\n\n\n\n\n","protected":false},"excerpt":{"rendered":"<p>Echte Innovation erfordert langfristiges Denken und Handeln Ein gutes Produkt wie die ArchivistaBox entsteht nicht in ein paar Monaten. Ein gutes Produkt ist auch keine Frage der Firmengr\u00f6sse. Vielmehr bilden Innovation und N\u00e4he zum Markt sowie langfristig ausgerichtetes Denken die Grundlage f\u00fcr nachhaltig ausgelegten Erfolg. Unsere Produkte stehen seit mehr als zwei Jahrzehnten erfolgreich auf [&hellip;]<\/p>\n","protected":false},"author":1,"featured_media":0,"parent":0,"menu_order":483,"comment_status":"closed","ping_status":"closed","template":"","meta":{"_acf_changed":false,"footnotes":""},"class_list":["post-166","page","type-page","status-publish","hentry"],"acf":[],"_links":{"self":[{"href":"https:\/\/archivista.ch\/cms\/wp-json\/wp\/v2\/pages\/166","targetHints":{"allow":["GET"]}}],"collection":[{"href":"https:\/\/archivista.ch\/cms\/wp-json\/wp\/v2\/pages"}],"about":[{"href":"https:\/\/archivista.ch\/cms\/wp-json\/wp\/v2\/types\/page"}],"author":[{"embeddable":true,"href":"https:\/\/archivista.ch\/cms\/wp-json\/wp\/v2\/users\/1"}],"replies":[{"embeddable":true,"href":"https:\/\/archivista.ch\/cms\/wp-json\/wp\/v2\/comments?post=166"}],"version-history":[{"count":7,"href":"https:\/\/archivista.ch\/cms\/wp-json\/wp\/v2\/pages\/166\/revisions"}],"predecessor-version":[{"id":10150,"href":"https:\/\/archivista.ch\/cms\/wp-json\/wp\/v2\/pages\/166\/revisions\/10150"}],"wp:attachment":[{"href":"https:\/\/archivista.ch\/cms\/wp-json\/wp\/v2\/media?parent=166"}],"curies":[{"name":"wp","href":"https:\/\/api.w.org\/{rel}","templated":true}]}}