{"id":170,"date":"2012-01-06T17:04:54","date_gmt":"2012-01-06T16:04:54","guid":{"rendered":"http:\/\/schulenwegg.ch\/cms\/?page_id=170"},"modified":"2015-06-10T11:48:33","modified_gmt":"2015-06-10T09:48:33","slug":"windows-tools","status":"publish","type":"page","link":"https:\/\/archivista.ch\/cms\/de\/aktuell-blog\/jahre-2008-2019\/blogs-2008\/windows-tools\/","title":{"rendered":"Windows-Tools"},"content":{"rendered":"<h1>Tools zur ArchivistaBox (Windows)<\/h1>\n<p><span style=\"font-weight: bold;\">Pfaffhausen, 1.2.2008:<\/span> Wir wurden letzthin von einem Kunden darauf angesprochen, welche Tools wir denn unter Windows zur ArchivistaBox empfehlen w\u00fcrden. Weil wir all unseren Kunden das Arbeiten mit der ArchivistaBox so einfach wie m\u00f6glich machen m\u00f6chten, hier eine Auswahl an Tools, die wir empfehlen. S\u00e4mtliche Programme laufen mit Windows 2000, XP und Vista. Praktisch alle Tools sind OpenSource (das passt wunderbar zur ArchivistaBox), einige (z.B. virtuelle Printer) liegen nur als Freeware vor, k\u00f6nnen aber trotzdem (auch) kommerziell verwendet werden.<\/p>\n<h3>ArchivistaCD als ISO-Datei brennen<\/h3>\n<p>Beginnen wir dort, wo eine jede ArchivistaBox beginnt. Die ISO-Datei liegt im lokalen Ordner und sollte auf eine CD gebrannt werden. Wir m\u00fcssen archivista_cd1.iso als bootbare Disk brennen. Diesen Job erledigen wir mit <a style=\"font-weight: bold;\" target=\"_blank\" href=\"http:\/\/infrarecorder.sourceforge.net\/\">InfraRecorder.<\/a> Um nun die ArchivistaBox-CD zu erstellen, w\u00e4hlen wir im Programm bei &#8218;Actions&#8216; den Men\u00fcpunkt &#8218;Burn Image&#8230;&#8216; bzw. bei der deutschen Version bei &#8218;Aktionen&#8216; den Men\u00fcpunkt &#8218;Image brennen&#8216;.<\/p>\n<h3>Arbeiten mit WebClient\/Admin<\/h3>\n<p>So, die Installation der ArchivistaBox hat geklappt, das System ist eingerichtet. Nun k\u00f6nnen wir mit dem Web-Browser auf die ArchivistaBox zugreifen. Nat\u00fcrlich d\u00fcrfen Sie dazu den Internet-Explorer verwenden, wir empfehlen Ihnen aber doch <a style=\"font-weight: bold;\" target=\"_blank\" href=\"http:\/\/www.mozilla.com\/en-US\/\">Firefox<\/a><span style=\"font-weight: bold;\">,<\/span> ganz einfach wie wir ihn m\u00f6gen und lieber selber entscheiden, wann und wie wir welche Version verwenden m\u00f6chten.<\/p>\n<h3>Fernwartung (archaisch)<\/h3>\n<p>Die ArchivistaBox arbeitet grunds\u00e4tzlich webbasiert. Gewisse Dinge erledigen wir direkt an der Box. Dumm nur, dass wir derzeit gar nicht vor der ArchivistaBox sitzen. In diesem Falle sollten Sie die Fernwartung der ArchivistaBox aktivieren. Mit <a style=\"font-weight: bold;\" target=\"_blank\" href=\"http:\/\/winscp.net\/\">WinSCP<\/a> k\u00f6nnen wir dann auf die ArchivistaBox in einer Art Explorer zugegriffen. Damit der Zugriff funktioniert, muss auf Seiten der ArchivistaBox bei &#8218;Fernwartung&#8216; die Option &#8218;Shell&#8216; aktiviert sein. Wer es lieber ganz archaisch mag, der verwende (wir wir selber oft auch) <a style=\"font-weight: bold;\" target=\"_blank\" href=\"http:\/\/www.chiark.greenend.org.uk\/%7Esgtatham\/putty\/\">Putty.<\/a> Damit steht einem SSH-Zugriff unter Windows nichts mehr im Wege; sofern Sie die Linux-Konsole m\u00f6gen.<\/p>\n<h3>Fernwartung (grafisch)<\/h3>\n<p>Wesentlich komfortabler ist da der Zugriff mit VNC (Virtual Network Connection) auf den ArchivistaBox-Desktop. Solange wir nur einen VNC-Viewer ben\u00f6tigen, also z.B. nur auf die ArchivistaBox zugreifen m\u00f6chten (und nicht umgekehrt), schlagen wir den <a style=\"font-weight: bold;\" target=\"_blank\" href=\"http:\/\/www.tightvnc.org\/download.html\">TightVNC-Viewer<\/a> vor. TightVNC hat als Viewer den Vorteil, dass wir nur eine Programmdatei ben\u00f6tigen (als Zip-Datei zu beziehen), d.h. dass keine Installation notwendig ist. Sollte auch der umgekehrte Fall notwendig sein (z.B. Zugriff auf einen Windows-Rechner von der ArchivistaBox aus), schlagen wir den Einsatz von <a style=\"font-weight: bold;\" target=\"_blank\" href=\"http:\/\/www.ultravnc.org\/\">UltraVNC<\/a> vor.<\/p>\n<h3>PDF-Dateien auf die Box laden<\/h3>\n<p>Oft taucht im Support von Archivista die Frage auf, wie kann ich eine ganze Anzahl PDF-Dateien auf die ArchivistaBox \u00fcbertragen. Dazu m\u00fcssen wir auf der ArchivistaBox den FTP-Server aktivieren und anschliessend mit einem FTP-Client die Dateien hochladen. Hier leistet <a style=\"font-weight: bold;\" target=\"_blank\" href=\"http:\/\/filezilla-project.org\/\">FileZilla<\/a> wertvolle Dienste. Auch hier gilt, wir ben\u00f6tigen nur den Client.<\/p>\n<h3>PDF-Dateien lokal erstellen<\/h3>\n<p>Ebenso h\u00e4ufig tritt die Frage auf, wie unter Windows PDF-Dateien erstellt werden k\u00f6nnen, ohne eine Volllizenz von Adobe Acrobat erwerben zu m\u00fcssen. Dazu ben\u00f6tigen wir <a style=\"font-weight: bold;\" target=\"_blank\" href=\"http:\/\/www.ghostscript.com\/\">Ghostscript<\/a> sowie eines der beiden Freewareprogramme <a style=\"font-weight: bold;\" target=\"_blank\" href=\"http:\/\/www.bullzip.com\/\">Bullzip<\/a> bzw.<a style=\"font-weight: bold;\" target=\"_blank\" href=\"http:\/\/freepdfxp.de\/\">freePDF.<\/a><\/p>\n<p>Ghostscript selber erledigt den Konvertierungsjob und die beiden anderen Programme klinken sich als Druckertreiber ins Betriebssystem ein, so dass wir aus jeder Applikation heraus drucken k\u00f6nnen. Neben Bullzip und freePDF gibt es einige andere virtuelle Printer, die allerdings z.T. weder frei einsetzbar sind oder dann nicht unter Vista laufen.<\/p>\n<h3>Individuelle Hilfe: Schulungstage und Support<\/h3>\n<p>Vielleicht m\u00f6gen Sie sich nun sagen, das ist ja alles gut und sch\u00f6n, aber wie richte ich nun die ArchivistaBox ein, etc. Leider ist es auch uns nicht m\u00f6glich, Support kostenfrei anzubieten. Falls Sie nun also ganz spezielle Fragen haben, wie z.B. &#8218;Wie richte ich einen virtuellen Drucker unter WindowsVista auf meinem Notebook XYZ ein&#8216;, dann m\u00f6chten wir Ihnen einen unserer Schulungstage empfehlen. Selbstverst\u00e4ndlich k\u00f6nnen Sie jederzeit auch einen <a style=\"font-weight: bold;\" href=\"mailto:webmaster@archivista.ch\">Supportermin<\/a> mit uns vereinbaren.<a style=\"font-weight: bold;\" href=\"mailto:webmaster@archivista.ch\"><br \/><\/a><\/p>\n\n\n\n\t<div class=\"dkpdf-button-container\" style=\"            text-align:right \">\n\n\t\t<a class=\"dkpdf-button\" href=\"\/cms\/wp-json\/wp\/v2\/pages\/170?pdf=170\" target=\"_blank\"><span class=\"dkpdf-button-icon\"><i class=\"fa fa-file-pdf-o\"><\/i><\/span> PDF Button<\/a>\n\n\t<\/div>\n\n\n\n\n\n","protected":false},"excerpt":{"rendered":"<p>Tools zur ArchivistaBox (Windows) Pfaffhausen, 1.2.2008: Wir wurden letzthin von einem Kunden darauf angesprochen, welche Tools wir denn unter Windows zur ArchivistaBox empfehlen w\u00fcrden. Weil wir all unseren Kunden das Arbeiten mit der ArchivistaBox so einfach wie m\u00f6glich machen m\u00f6chten, hier eine Auswahl an Tools, die wir empfehlen. S\u00e4mtliche Programme laufen mit Windows 2000, XP [&hellip;]<\/p>\n","protected":false},"author":1,"featured_media":0,"parent":56,"menu_order":345,"comment_status":"closed","ping_status":"closed","template":"","meta":{"_acf_changed":false,"footnotes":""},"class_list":["post-170","page","type-page","status-publish","hentry"],"acf":[],"_links":{"self":[{"href":"https:\/\/archivista.ch\/cms\/wp-json\/wp\/v2\/pages\/170","targetHints":{"allow":["GET"]}}],"collection":[{"href":"https:\/\/archivista.ch\/cms\/wp-json\/wp\/v2\/pages"}],"about":[{"href":"https:\/\/archivista.ch\/cms\/wp-json\/wp\/v2\/types\/page"}],"author":[{"embeddable":true,"href":"https:\/\/archivista.ch\/cms\/wp-json\/wp\/v2\/users\/1"}],"replies":[{"embeddable":true,"href":"https:\/\/archivista.ch\/cms\/wp-json\/wp\/v2\/comments?post=170"}],"version-history":[{"count":0,"href":"https:\/\/archivista.ch\/cms\/wp-json\/wp\/v2\/pages\/170\/revisions"}],"up":[{"embeddable":true,"href":"https:\/\/archivista.ch\/cms\/wp-json\/wp\/v2\/pages\/56"}],"wp:attachment":[{"href":"https:\/\/archivista.ch\/cms\/wp-json\/wp\/v2\/media?parent=170"}],"curies":[{"name":"wp","href":"https:\/\/api.w.org\/{rel}","templated":true}]}}