{"id":171,"date":"2014-03-13T20:24:36","date_gmt":"2014-03-13T19:24:36","guid":{"rendered":"http:\/\/schulenwegg.ch\/cms\/?page_id=171"},"modified":"2017-06-14T14:36:02","modified_gmt":"2017-06-14T12:36:02","slug":"neue-boxen","status":"publish","type":"page","link":"https:\/\/archivista.ch\/cms\/de\/aktuell-blog\/jahre-2008-2019\/blogs-2008\/neue-boxen\/","title":{"rendered":"Neue Boxen"},"content":{"rendered":"<p>[wordpress_file_upload]<\/p>\n<h1>Dolder, Rigi, S\u00e4ntis und virtuelle L\u00f6sungen<\/h1>\n<h1><\/h1>\n<p><span style=\"font-weight: bold;\">Pfaffhausen, 10.3.2008:<\/span> Mit der neuen ArchivistaBox 2008\/III f\u00fchren wir neben den bew\u00e4hrten ArchivstaBoxen zwei neue Modelle ein, die da sind: <span style=\"font-weight: bold;\">ArchivistaBox Dolder<\/span> sowie <span style=\"font-weight: bold;\">ArchivistaBox S\u00e4ntis.<\/span> Des weiteren erf\u00e4hrt die <span style=\"font-weight: bold;\">ArchivistaBox Rigi<\/span> eine \u00c4nderung, indem bei der Rigi-Box anstelle der alten Hardware die neue Hardware-Plattform ausgeliefert wird (siehe nebenstehendes Bild). Doch alles sch\u00f6n der Reihe nach.<\/p>\n<h3>Vorbemerkung<\/h3>\n<p>Die bisherigen ArchivistaBoxen waren preislich irgendwo bei 1000 Euro (und mehr angesiedelt). Historisch gesehen arbeiten aber viele unserer Kunden noch mit Archivista Professional. Die damalige Windows-L\u00f6sung war als Einplatz-L\u00f6sung konzipiert, wobei die maximale Anzahl der Akten bei 20&#8217;000 lag bzw. noch immer liegt.<\/p>\n<p>Kurzum, viele unserer Professional-Kunden haben grosses Interesse an der ArchivistaBox-L\u00f6sung gefunden. Urspr\u00fcnglich war f\u00fcr diese Kunden geplant, dass sie mit der OpenSource-Lizenz arbeiten w\u00fcrden. Ein guter Teil hat das Angebot auch dankend angenommen, denn wie gesagt, die ArchivistaBox untersteht der OpenSource-Lizenz und kann frei eingesetzt werden. Dennoch, viele Professional-Kunden haben sich Support gew\u00fcnscht und mit der ArchivistaBox 2008\/III kommen wir diesem Wunsch gerne nach.<\/p>\n<h3>ArchivistaBox Dolder<\/h3>\n<p>Die ArchivistaBox Dolder ist die einzige Box in unserem Angebot, die nicht auf einer eigenen Hardware daherkommt, sondern innerhalb einer Virtualisierungssoftware (VMWare-Player) aufgestartet und betrieben wird. Das erfordert zwar einen leistungsf\u00e4higeren Computer, doch bereits ab 512 MByte (bzw. 1 GByte unter WindowsVista) ist der Betrieb einer virtuellen ArchivistaBox m\u00f6glich. Die ArchivistaBox Dolder liegt bei 300 Euro.<\/p>\n<p>Zwar unterst\u00fctzen die Virtualisierungsprogramme VMWare bzw. VirtualBox heute die USB-Schnittstelle recht gut, nur leider nicht durchwegs auf allen Computern gleich gut. Daher gibt es f\u00fcr die ArchivistaBox DOLDER keinen Support f\u00fcr direkt angeschlossene Scanner. Entsprechende Ger\u00e4te sind vielmehr auf der aufrufenden Maschine einzurichten und mit den heute g\u00e4ngigen Kopier-Buttons an die ArchivistaBox DOLDER zu senden. Dabei wird auf Seiten der ArchivstaBox DOLDER der PDF-Server eingeschaltet, d.h. die Box nimmt Druckjobs entgegen. Auf Seiten von Windows wird ein Druckertreiber auf die virtuelle Box gelegt. Mit der, dem Scanner mitgelieferten Software, wird nun \u00fcber einen Copy\/Print-Button das Scannen ausgel\u00f6st. Dabei werden die Seiten gescannt und direkt zum Archivista-Druckertreiber geschickt. Und damit nicht &#8222;h\u00e4ssliche&#8220; R\u00e4nder \u00fcbrigbleiben, muss ein Postscript-Druckertreiber verwendet werden, der in der Lage ist, randlos zu drucken. Das aktualisierte Handbuch wird ein entsprechendes Beispiel enthalten.<\/p>\n<h3>ArchivistaBox Rigi<\/h3>\n<p>Die ArchivistaBox Rigi liegt in einem neuen Kleid vor, d.h. die neue ArchivistaBox Rigi l\u00e4uft neu auf der l\u00fcfterlosen 1kg schweren Box. Neben dem l\u00fcfterfreien Arbeiten ist die neue Box kleiner und kostet auch deutlich weniger. Gerade einmal 480 Euro kostet das Gesamtpaket. F\u00fcr weitere 120 Euro kann zur ArchivistaBox Rigi ein Brother MFC-260C erworben werden. Damit steht eine Kombi-L\u00f6sung aus ArchivistaBox plus leistungsf\u00e4higem Scanner (12 Seiten\/Minute) zur Verf\u00fcgung. Die ArchivistaBox Rigi kostet folglich im Vergleich zur Einf\u00fchrung der ArchivistaBox vor etwas mehr als drei Jahren gerade noch einen Drittel. Wir sind stolz, unseren Kunden die neue L\u00f6sung pr\u00e4sentieren zu d\u00fcrfen. Erkl\u00e4rtes Ziel der ArchivistaBoxen war es seit dem Beginn, eine preisg\u00fcnstige professionelle Langzeit-Archivl\u00f6sung zur Verf\u00fcgung zu stellen, die zahlbar ist. Mit der ArchivistaBox Rigi steht nun eine L\u00f6sung bereit, die f\u00fcr 600 Euro alles beinhaltet, um Plug &#038; Play loslegen zu k\u00f6nnen.<\/p>\n<h3>ArchivistaBox S\u00e4ntis<\/h3>\n<p>Neu im Sortiment befindet sich die ArchivistaBox S\u00e4ntis. Dazu sei kurz auf vergangene Versionen unserer L\u00f6sungen verwiesen. Urspr\u00fcnglich wurde Archivista in den Versionen Professional, Business und Enterprise verkauft. Die Unterschiede in einem Satz gesagt: Archivista Professional: 20&#8217;000 Akten pro Archiv als Einplatz-Version, Archivista Business: bis zu 200&#8217;000 Akten sowie bis zu 20 Benutzer und Archivista Enterprise: unlimitierte Anzahl Akten und minimal 5 Benutzer. Nun ist es vorgekommen, dass bei Kunden Archive mit mehreren hunderttausend Akten entstanden sind, obwohl strenggenommen nur eine oder zwei Personen Zugriff aufs Archiv ben\u00f6tigten. Weiter gab es F\u00e4lle, wo es zwar 20 Benutzer f\u00fcr Archive gab, die vielleicht 5&#8217;000 oder 10&#8217;000 Akten enthielten. Mit der Lancierung der ArchivistaBoxen sind diese Fragen einfacher geworden. F\u00fcr gr\u00f6ssere Archive bedurfte es einer ArchivistaBox Eiger und kleineren Archive mit mehreren Benutzern wurden mit der ArchivistaBox Pilatus gel\u00f6st. Mit der Einf\u00fchrung der neuen weit kleineren ArchivistaBox Rigi haben wir zahlreiche Anfragen erhalten, warum es diese ArchivistaBox nicht auch in einer Mehrplatz-Variante gebe. Die ArchivistaBox S\u00e4ntis schliesst f\u00fcr 800 Euro genau diese L\u00fccke. Bei der Auslieferung gibt es bei der ArchivistaBox S\u00e4ntis Support f\u00fcr drei gleichzeitig arbeitende Benutzer, wohlgemerkt f\u00fcr Archive bis zu 20&#8217;000 Akten pro Datenbank.<\/p>\n<h3>Weitere virtuelle ArchivistaBoxen<\/h3>\n<p>In den letzten Wochen haben wir verschiedene Anfragen erhalten, ob denn nicht die ArchivistaBoxen Pilatus, Titlis und Eiger virtualisiert betreiben werden k\u00f6nnen. Grunds\u00e4tzlich schon, nur sollte beachtet werden, dass dabei mit einem erh\u00f6hten Supportaufwand zu rechnen ist und dass diese virtuellen Umgebungen nur in Frage kommen, wenn leistungsf\u00e4hige (Mehrprozessoren)-Server zur Verf\u00fcung stehen. Deshalb gilt die nachfolgende Regelung: Auch die Modelle S\u00e4ntis, Pilatus, Titlis und Eiger k\u00f6nnen virtuell betrieben werden. Die Preise entsprechen den jeweiligen Box-Preisen. Anstelle der Hardware werden dem Kunden entsprechende Supportguthaben gutgeschrieben, d.h. bei der S\u00e4ntis-Box zwei Stunden Support, bei der Pilatus-Box f\u00fcnf und bei den Boxen Titlis und Eiger jeweils zehn Supportstunden. Der Betrieb der virtuellen Umgebung ist Sache des Kunden. Eine sp\u00e4tere Migration auf eine reale ArchivistaBox kann jederzeit stattfinden, indem die gew\u00fcnschten Archive auf eine externe Festplatte publiziert werden. Dieser Datentr\u00e4ger kann dann auf einer &#8222;richtigen&#8220; ArchivistaBox f\u00fcr die Installation verwendet werden. Und noch etwas, es gibt f\u00fcr virtuelle ArchivistaBoxen keinen kostenfreien Installationssupport f\u00fcr Scanner. Unter anderem genau daf\u00fcr k\u00f6nnen die gutgeschriebenen Supportstunden verwendet werden.<\/p>\n<p>F\u00fcr welche ArchivistaBox Sie sich auch immer entscheiden, viel Spass mit den neuen Produkten w\u00fcnscht, Urs Pfister<\/p>\n<p>P.S: Sollten Sie lieber mit dem <strong>RichClient<\/strong> arbeiten, so k\u00f6nnen Sie mit dem RichClient jederzeit auf die ArchivistaBox zugreifen. Nicht enthalten in den Standard-Packages ist Installations-Support f\u00fcr den RichClient. Hier verweisen wir gerne auf unsere <a href=\"?page_id=32\"><strong>Support-Pakete Gold und Platin.<\/strong><\/a><\/p>\n\n\n\n\t<div class=\"dkpdf-button-container\" style=\"            text-align:right \">\n\n\t\t<a class=\"dkpdf-button\" href=\"\/cms\/wp-json\/wp\/v2\/pages\/171?pdf=171\" target=\"_blank\"><span class=\"dkpdf-button-icon\"><i class=\"fa fa-file-pdf-o\"><\/i><\/span> PDF Button<\/a>\n\n\t<\/div>\n\n\n\n\n\n","protected":false},"excerpt":{"rendered":"<p>[wordpress_file_upload] Dolder, Rigi, S\u00e4ntis und virtuelle L\u00f6sungen Pfaffhausen, 10.3.2008: Mit der neuen ArchivistaBox 2008\/III f\u00fchren wir neben den bew\u00e4hrten ArchivstaBoxen zwei neue Modelle ein, die da sind: ArchivistaBox Dolder sowie ArchivistaBox S\u00e4ntis. Des weiteren erf\u00e4hrt die ArchivistaBox Rigi eine \u00c4nderung, indem bei der Rigi-Box anstelle der alten Hardware die neue Hardware-Plattform ausgeliefert wird (siehe nebenstehendes [&hellip;]<\/p>\n","protected":false},"author":1,"featured_media":0,"parent":56,"menu_order":358,"comment_status":"closed","ping_status":"closed","template":"","meta":{"_acf_changed":false,"footnotes":""},"class_list":["post-171","page","type-page","status-publish","hentry"],"acf":[],"_links":{"self":[{"href":"https:\/\/archivista.ch\/cms\/wp-json\/wp\/v2\/pages\/171","targetHints":{"allow":["GET"]}}],"collection":[{"href":"https:\/\/archivista.ch\/cms\/wp-json\/wp\/v2\/pages"}],"about":[{"href":"https:\/\/archivista.ch\/cms\/wp-json\/wp\/v2\/types\/page"}],"author":[{"embeddable":true,"href":"https:\/\/archivista.ch\/cms\/wp-json\/wp\/v2\/users\/1"}],"replies":[{"embeddable":true,"href":"https:\/\/archivista.ch\/cms\/wp-json\/wp\/v2\/comments?post=171"}],"version-history":[{"count":2,"href":"https:\/\/archivista.ch\/cms\/wp-json\/wp\/v2\/pages\/171\/revisions"}],"predecessor-version":[{"id":2376,"href":"https:\/\/archivista.ch\/cms\/wp-json\/wp\/v2\/pages\/171\/revisions\/2376"}],"up":[{"embeddable":true,"href":"https:\/\/archivista.ch\/cms\/wp-json\/wp\/v2\/pages\/56"}],"wp:attachment":[{"href":"https:\/\/archivista.ch\/cms\/wp-json\/wp\/v2\/media?parent=171"}],"curies":[{"name":"wp","href":"https:\/\/api.w.org\/{rel}","templated":true}]}}