{"id":172,"date":"2010-10-04T15:06:31","date_gmt":"2010-10-04T13:06:31","guid":{"rendered":"http:\/\/schulenwegg.ch\/cms\/?page_id=172"},"modified":"2015-06-10T11:52:13","modified_gmt":"2015-06-10T09:52:13","slug":"webshop-online","status":"publish","type":"page","link":"https:\/\/archivista.ch\/cms\/de\/aktuell-blog\/jahre-2008-2019\/blogs-2008\/webshop-online\/","title":{"rendered":"WebShop online"},"content":{"rendered":"<h1>Der neue WebShop geht online (Web-Museum ebenfalls)<\/h1>\n<p><span style=\"font-weight: bold;\">Pfaffhausen, 25. April 2008:<\/span> Eines unserer Anliegen seit jeher ist es, dass unsere Produkte nicht nur einfach eingesetzt werden k\u00f6nnen, sondern dass sie ebenso einfach erworben werden k\u00f6nnen. Eine der ersten T\u00e4tigkeiten 1998 war, die Preisliste f\u00fcr unsere Produkte ins Internet zu stellen. Und wer uns das nicht abnimmt, f\u00fcr den haben wir hier exklusiv die damalige erste <a style=\"font-weight: bold;\" target=\"_blank\" href=\"\/1998_10\/index.htm\">Homepage von 1998 in unserem Web-Museum reaktiviert.<\/a> Nostalgiker\/innen sei gesagt, dass Sie selbst die alte Version von damals downloaden d\u00fcrfen; nur bitte erwarten Sie weder Support noch einen Lizenzschl\u00fcssel.<\/p>\n<p>Schon damals war das Bestellen \u00fcbers Internet m\u00f6glich und wurde auch nachgefragt. Mit der Zeit wurden die Projekte umfangreicher. In erster Linie waren nun verbindliche Offerten von unserer Seite gefragt, so dass die Bestellungen \u00fcbers Internet entsprechend zur\u00fcckgingen.<\/p>\n<p>Mit ein Grund f\u00fcr die Entwicklung der ArchivistaBox war, dass wir es leid waren, uns f\u00fcr jedes Projekt einen &#8222;sauteuren&#8220; Server des Hauslieferanten hinstellen zu lassen, den wir dann zu allem &#8222;\u00dcbel&#8220; auch noch zeitaufw\u00e4ndig zu konfigurieren hatten. Kurz und gut, mit der ArchivistaBox ist uns das nicht mehr passiert. Und folglich sind heute Projekte denkbar, die so fr\u00fcher undenkbar waren. Wenn wir heute f\u00fcr das Aufsetzen einer L\u00f6sung ein, zwei Stunden kalkulieren, dann waren dies fr\u00fcher gut und gerne ein, zwei Tage.<\/p>\n<p>Im Grunde genommen sind die ArchivistaBox-Produkte ohne Probleme von jeder Person installierbar; gewisse Computerkenntnisse (insb. was eine IP-Adresse ist) d\u00fcrften allemal reichen, um eine ArchivistaBox ans Netz anzuschliessen. Nun haben wir die Preise bisher in Form einer PDF-Preisliste publiziert. Dort haben wir auf einer Seite die ArchivistaBox-Produkte vorgestellt. Das war solange gut, wie wir genau einen ArchivistaBox-Typ auslieferten. Rigi, Pilatus, Titlis oder Eiger, das war die einzige Frage, die es zu beantworten galt.<\/p>\n<p>Seit Januar 2008 gibt es nun aber neue ArchivistaBoxen (Dolder, S\u00e4ntis, Mythen und Rothorn), und so ist die anf\u00e4nglich einfache PDF-Preisliste zunehmend komplizierter geworden. Ebenso wusste der Kunde beim Bestellen nicht, ob die ArchivistaBox bei uns an Lager ist\/war. Dies alles geh\u00f6rt nun der Vergangenheit an. Ab sofort bieten wir s\u00e4mtliche Produkte \u00fcber unserern eigenen WebShop an. Sie finden ihn unter <a style=\"font-weight: bold;\" href=\"http:\/\/shop.archivista.ch\/\">http:\/\/shop.archivista.ch.<\/a> Das bequeme Bezahlen mit Kreditkarte ist per PayPal-Gateway realisiert.<\/p>\n<p>Und noch etwas. Wir sind derzeit daran, unsere Logistik besser zu optimieren. Davon profitieren insbesondere Kunden aus Deutschland. Neu k\u00f6nnen wir Ihnen unserer Produkte binnen zwei bis drei Tage per Post anliefern. Im Unterschied zu fr\u00fcher ist es dabei nicht mehr notwendig, dass Sie bei Erhalt des Paketes Zollgeb\u00fchren oder Mehrwertsteuer entrichten. Die gesamte Abwicklung der Kosten erfolgt neu direkt \u00fcber uns, die Lieferung erfolgt frei Haus gem\u00e4ss Inco-term 10 DDP-Norm. Weitere Informationen dazu finden Sie auf der Homepage von <a style=\"font-weight: bold;\" target=\"_blank\" href=\"http:\/\/www.swisspost-gls.ch\/de\/versand\/vers_europa_incoterm.shtml\">www.swisspost-gls.ch.<\/a> Oder in einem Satz zusammengefasst: Wir \u00fcbernehmen s\u00e4mtliche Verzollungs- und Versandkosten bis zu Ihrer Haust\u00fcre. Dem bleibt eigentlich nur noch anzuf\u00fcgen: Viel Spass beim Shoppen in unserem <a style=\"font-weight: bold;\" href=\"http:\/\/shop.archivista.ch\/\">neuen WebShop.<\/a><\/p>\n\n\n\n\t<div class=\"dkpdf-button-container\" style=\"            text-align:right \">\n\n\t\t<a class=\"dkpdf-button\" href=\"\/cms\/wp-json\/wp\/v2\/pages\/172?pdf=172\" target=\"_blank\"><span class=\"dkpdf-button-icon\"><i class=\"fa fa-file-pdf-o\"><\/i><\/span> PDF Button<\/a>\n\n\t<\/div>\n\n\n\n\n\n","protected":false},"excerpt":{"rendered":"<p>Der neue WebShop geht online (Web-Museum ebenfalls) Pfaffhausen, 25. April 2008: Eines unserer Anliegen seit jeher ist es, dass unsere Produkte nicht nur einfach eingesetzt werden k\u00f6nnen, sondern dass sie ebenso einfach erworben werden k\u00f6nnen. Eine der ersten T\u00e4tigkeiten 1998 war, die Preisliste f\u00fcr unsere Produkte ins Internet zu stellen. Und wer uns das nicht [&hellip;]<\/p>\n","protected":false},"author":1,"featured_media":0,"parent":56,"menu_order":352,"comment_status":"closed","ping_status":"closed","template":"","meta":{"_acf_changed":false,"footnotes":""},"class_list":["post-172","page","type-page","status-publish","hentry"],"acf":[],"_links":{"self":[{"href":"https:\/\/archivista.ch\/cms\/wp-json\/wp\/v2\/pages\/172","targetHints":{"allow":["GET"]}}],"collection":[{"href":"https:\/\/archivista.ch\/cms\/wp-json\/wp\/v2\/pages"}],"about":[{"href":"https:\/\/archivista.ch\/cms\/wp-json\/wp\/v2\/types\/page"}],"author":[{"embeddable":true,"href":"https:\/\/archivista.ch\/cms\/wp-json\/wp\/v2\/users\/1"}],"replies":[{"embeddable":true,"href":"https:\/\/archivista.ch\/cms\/wp-json\/wp\/v2\/comments?post=172"}],"version-history":[{"count":0,"href":"https:\/\/archivista.ch\/cms\/wp-json\/wp\/v2\/pages\/172\/revisions"}],"up":[{"embeddable":true,"href":"https:\/\/archivista.ch\/cms\/wp-json\/wp\/v2\/pages\/56"}],"wp:attachment":[{"href":"https:\/\/archivista.ch\/cms\/wp-json\/wp\/v2\/media?parent=172"}],"curies":[{"name":"wp","href":"https:\/\/api.w.org\/{rel}","templated":true}]}}