{"id":173,"date":"2010-10-04T15:14:16","date_gmt":"2010-10-04T13:14:16","guid":{"rendered":"http:\/\/schulenwegg.ch\/cms\/?page_id=173"},"modified":"2015-06-25T15:42:32","modified_gmt":"2015-06-25T13:42:32","slug":"archivistabox-08vi","status":"publish","type":"page","link":"https:\/\/archivista.ch\/cms\/de\/aktuell-blog\/jahre-2008-2019\/blogs-2008\/archivistabox-08vi\/","title":{"rendered":"ArchivistaBox 08\/VI"},"content":{"rendered":"<h1>Neues Release 2008\/VI: WebConfig und ArchivistaERP<\/h1>\n<p><span style=\"font-weight: bold;\"><\/span><\/p>\n<p><span style=\"font-weight: bold;\">Pfaffhausen, 30. Mai 2008:<\/span> Die Zeit vergeht rasant &#8212; und schon ist wieder ein Monat um. Ja, wo ist es denn nun endlich, das Release 2008\/III? Es ist da, und wen wundert es, dass wir mittlerweile bei Archivista 2008\/VI angelangt sind.<\/p>\n<p>Ich m\u00f6chte an dieser Stelle f\u00fcr die Nachsicht danken, die uns unsere Kunden bei neuen Releases jeweils entgegenbringen. Nat\u00fcrlich w\u00fcnschten auch wir uns k\u00fcrzere Release-Zyklen und ja, es kann vorkommen, dass ein Release am Ende einige Wochen sp\u00e4ter freigegeben wird. Nur, wo ist der Nutzen einer Version, die nicht fertiggestellt ist und warum sollten wir ein Release, bei dem wir beim Testen feststellen m\u00fcssen, dass es noch ein oder zwei Probleme gibt, trotzdem freigeben? Ich bin der \u00dcberzeugung, dass dies keinen Sinn ergibt, und daher kann es im Einzelfall l\u00e4nger dauern.<\/p>\n<h2>Die wichtigsten Neuerungen des Releases 2008\/V<\/h2>\n<p>Das heute auf <a style=\"font-weight: bold;\" href=\"http:\/\/sourceforge.net\/project\/showfiles.php?group_id=153473\">sourceforge.net<\/a> freigegebene <a style=\"font-weight: bold;\" href=\"http:\/\/sourceforge.net\/project\/showfiles.php?group_id=153473\">Release 2008\/V<\/a> kommt auf den ersten Blick wie gehabt daher. Dennoch verbergen sich unter der Haube viele grosse und kleinere Neuerungen. Die wichtigsten m\u00f6chten wir hier anf\u00fchren:<\/p>\n<p><span style=\"font-weight: bold;\">Franz\u00f6sische Version:<\/span><\/p>\n<p>WebClient, WebAdmin und die Systemoberfl\u00e4che stehen in franz\u00f6sischer Sprache zur Verf\u00fcgung. Es ist geplant, in Zukunft die franz\u00f6sischsprachige Version laufend \u00e0 jour zu f\u00fchren.<\/p>\n<p>Mit <span style=\"font-weight: bold;\">Archivista WebConfig<\/span> steht eine neue Verwaltungsapplikation f\u00fcr die Systemeinstellungen zur Verf\u00fcgung. Praktisch alle Optionen der ArchivistaBox k\u00f6nnen nun webbasiert vorgenommen werden.<\/p>\n<p><span style=\"font-weight: bold;\">Datei-Upload<\/span> und &#8218;kosmetische&#8216; \u00c4nderungen am WebClient: Der lang ersehnte File-Upload f\u00fcr PDF- sowie andere Bilddateien bietet einen komfortablen und \u00e4usserst schnellen Upload von Dokumenten an.<\/p>\n<p><span style=\"font-weight: bold;\">API-Interface f\u00fcr WebClient:<\/span> Mit dem Application Programming Interface (API) kann neu der gesammte WebClient von einer beliebigen Dritt-Applikation aus programmiert werden. Alles was seitens der aufrufenden Programmiersprache ben\u00f6tigt wird, ist das Absetzen von HTTP-Requests.<\/p>\n<p><span style=\"font-weight: bold;\">Applikationsliste bei Startformularen:<\/span> Damit komfortablel zwischen den Applikationen WebClient, WebAdmin und WebConfig sowie den Handb\u00fcchern hin und her gewechselt werden kann, enthalten die Startformulare jeweils Links auf die \u00fcbrigen Applikationen.<\/p>\n<p>Anstelle der ERP-L\u00f6sung SQL-Ledger, die eine gewisse Zeit auf der ArchivistaBox mitinstalliert wurde, findet sich auf dem aktuellen Release die <span style=\"font-weight: bold;\">webbasierte Applikation ArchivistaERP.<\/span><\/p>\n<p>Ja, Sie haben richtig gelesen. ArchivistaERP wird direkt von uns gepflegt und weiterentwickelt. Sie m\u00f6chten mehr erfahren, dann lesen Sie ganz einfach weiter&#8230;<\/p>\n<h2>Testbereicht Dokumentenmanagement in der c&#8217;t Ausgabe 2008\/9<\/h2>\n<p>Davor m\u00f6chte ich noch zwei drei S\u00e4tze zum <span style=\"font-weight: bold;\">c&#8217;t-Artikel betr. Dokumentenmanagement<\/span> loswerden. In der <span style=\"font-weight: bold;\">Ausgabe 2008\/9 <\/span>werden einige Dokumenten- und Archivierungssysteme getestet. Dass wir nach langen Jahren erneut Erw\u00e4hnung in der c&#8217;t finden, das finden wir Klasse! Gerne m\u00f6chten wir die c&#8217;t an dieser Stelle auch kurz zitieren:<\/p>\n<p><span style=\"font-style: italic;\">&#8222;<\/span><font class=\"Volltext\"><span style=\"font-style: italic;\">nach drei weiteren Klicks prangte das Abbild des ersten in den Scanner geschobenen DIN-A4-Blatts auf dem Bildschirm, ohne dass wir das Manual auf der Festplatte auch nur anger\u00fchrt h\u00e4tten.&#8220;<\/span> Ansonsten beschr\u00e4nkt sich der Test auf die ersten Schritte mit den verschiedenen Systemen.<\/p>\n<p>Nebenbei erw\u00e4hnt, die ArchivistaBox ist die einzige OpenSource-Software, die getestet wurde. Positiv erw\u00e4hnt wurde im \u00dcbrigen auch die Gr\u00f6sse der ArchivistaBox <span style=\"font-style: italic;\">&#8222;<\/span><\/font><font class=\"Volltext\"><span style=\"font-style: italic;\">mit den Abmessungen einer Zigarrenkiste&#8220;.<\/span> Alles in allem also eine erfreuliche Sache, enthielte der Testbericht nicht einige Fehler in den Tabellen. So gibt es z.B. sehr wohl ein API bei der ArchivistaBox und unsere L\u00f6sung basiert auf <a style=\"font-weight: bold;\" href=\"http:\/\/www.t2-project.org\/\">T2<\/a> (und nicht auf RockLinux), um nur zwei Beispiele zu nennen. Etwas verwirrt hat uns iauch der Testbericht eines Mitkonkurrenten, bei dem eine Beta getestet wurde, die fr\u00fchestens in einigen Monaten auf den Markt kommen soll. Na ja, auch wenn wir mal etwas versp\u00e4tet ein Release auf den Markt bringen, fr\u00fchestens in einigen Monaten brauchen Sie keine neue Archivistabox zu testen.<br \/><\/font><\/p>\n<h2><font class=\"Volltext\">Was ist ArchivistaERP bzw. warum es entsteht<\/font><\/h2>\n<p><font class=\"Volltext\"><font class=\"Volltext\">Wie ich bereits in einem fr\u00fcheren Beitrag berichtete, ist Archivista GmbH mittlerweile mehr als 10 Jahre aktiv. Und  zu diesem runden Geburtstag haben wir uns einige \u00dcberraschungen ausgedacht. Eine dieser ist ArchivistaERP. Wenn Sie bisher die ArchivistaBox als All-in-one-DMS-Box verstanden haben, dann d\u00fcrfen Sie in Zukunft bei der ArchivistaBox auch gleich an All-in-one-Bussiness-Box denken.<\/p>\n<p>Und damit wir uns richtig verstehen, die All-in-one-DMS-Box bleibt zu 100% erhalten, ja wird sogar kr\u00e4ftig weiterentwickelt. Selbst wenn wir die letzten Features des RichClients auf die ArchivistaBox transferriert haben, selbst wenn Ihnen und uns absolut keine neuen Features mehr einfallen, selbst dann bleibt die ArchivistaBox die All-in-one-DMS-Box. Der einzige Unterschied zu fr\u00fcher ist, dass Sie die ArchivistaBox gleichzeitig als ERP-L\u00f6sung in Betrieb nehmen d\u00fcrfen und damit beide wichtigen Gesch\u00e4ftskomponenten auf einer ArchivistaBox vorfinden.<\/p>\n<p>ArchivistaERP ist zudem nicht ganz freiwillig entstanden. Unsere alte Faktur-, Lohn- und Buchhaltungssoftware l\u00e4uft leider nur unter Windows. Wir haben zwar dem Entwickler vor Jahren die Sourcen abgekauft und es w\u00e4re uns sogar m\u00f6glich gewesen, diese unter eine OpenSource-Lizenz zu stellen. Nur, es gibt einen Unterschied zwischen einer Fakturierungssoftware unter Windows und einer webbasierten ERP-L\u00f6sung, die wir ready to use einsetzen k\u00f6nnen. Und so haben wir nach Alternativen Ausschau gehalten.<\/p>\n<p>Um es gleich vorweg zu sagen, es gibt weder eine grosse Anzahl von webbasierten ERP-L\u00f6sungen, und noch d\u00fcrftiger ist die Auswahl, wenn diese quelloffen vorliegen sollen. N\u00e4her angeschaut haben wir die L\u00f6sungen <a target=\"_blank\" style=\"font-weight: bold;\" href=\"http:\/\/www.openbravo.org\/\">OpenBravo,<\/a> <\/font><\/font><font class=\"Volltext\"><font class=\"Volltext\">TinyERP, <\/font><\/font><font class=\"Volltext\"><font class=\"Volltext\"><a target=\"_blank\" style=\"font-weight: bold;\" href=\"http:\/\/www.adempiere.org\/\">ADempiere<\/a> sowie <a target=\"_blank\" style=\"font-weight: bold;\" href=\"http:\/\/www.sql-ledger.com\/\">SQL-Ledger.<\/a><\/p>\n<p><span style=\"font-weight: bold;\">OpenBravo<\/span> hat uns auf den ersten Blick gut gefallen, die L\u00f6sung ist komplett webbasiert, schien uns aber f\u00fcr unsere Verh\u00e4ltnisse \u00fcberdimensioniert und j\u00e4hrlich 5&#8217;000 Euro Support f\u00fcr gerade mal 5 Benutzer schien uns etwas hoch. Und damit wir uns richtig verstehen, f\u00fcr Support zahlen wir gerne, nur nicht minimal 5&#8217;000 Euro im Jahr, denn darunter gibt es gar keine Support-Optionen.<\/p>\n<p><span style=\"font-weight: bold;\"> TinyERP<\/span> (mittlerweile in OpenERP umgetauft) h\u00e4tte <\/font><\/font><font class=\"Volltext\"><font class=\"Volltext\"><br \/>\nuns sehr gefallen, w\u00fcrde es sich um eine echte Webapplikation handeln. Weiter steht TinyERP auf dem deutschsprachigen Markt leider kaum im Einsatz, was zus\u00e4tzliche Anpassungen erfordert h\u00e4tte.<\/p>\n<p><span style=\"font-weight: bold;\">ADempiere<\/span> dagegen w\u00e4re auf dem deutschsprachigen Markt gut verankert. Nur gibt es von Adempiere derzeit \u00fcberhaupt kein Web-Interface. Eine entsprechende L\u00f6sung soll in Arbeit sein. Die L\u00f6sung schien uns f\u00fcr unsere Ver\u00e4ltnisse etwas \u00fcberdimensioniert und d\u00fcrfte ihre gr\u00f6ssten Tr\u00fcmpfe wohl bei mittelst\u00e4ndischen Unternehmungen ausspielen.<\/p>\n<p><\/font><\/font><font class=\"Volltext\"><font class=\"Volltext\">So sind wir denn bei <span style=\"font-weight: bold;\">SQL-Ledger<\/span> h\u00e4ngengeblieben. Da die L\u00f6sung in Perl (unserer &#8218;Haussprache&#8216;) programmiert ist und zudem im deutschsprachigen Raum (insb. der Schweiz) von mehreren Firmen vertrieben wird, sahen wir uns auf der sicheren Seite. Nur, im Testbetrieb traten unerwartete Probleme auf. Ein vertiefter Blick in die Sourcen bzw. der Versuch die Sourcen \u00e0 jour zu bringen, haben wir nach mehreren Wochen abgebrochen. Kurz und gut, der Sourcecode erscheint uns weder als wart- noch als erweiterbar.<\/p>\n<p>Letztlich sind wir bei <a target=\"_blank\" style=\"font-weight: bold;\" href=\"http:\/\/www.frontaccounting.com\/\">FrontAccounting<\/a> gelandet, welches seinerseits von <a style=\"font-weight: bold;\" href=\"http:\/\/www.weberp.org\/\">WebERP<\/a> (allerdings \u00fcber einige Umwege) abstammt. Dass daraus ArchivistaERP wurde, haben wir dem Umstand zu verdanken, dass wir auch hier erhebliche Anpassungen vornehmen mussten bzw. noch vorzunehmen gedenken. Noch fehlt ArchivistaERP einiges. So z.B. ein komfortabler Reportgenerator, und auch die automatische Archivierung zu Archivista ist erst rudiment\u00e4r vorhanden. Und ja, eine Lohnbuchhaltung f\u00fcr die Schweiz findet sich leider auch noch nicht in ArchivistaERP. Immerhin, dank ArchivistaERP kann werden, was noch nicht ist. Wetten, dass Sie dazu mehr auf dieser Homepage erfahren, wenn es soweit ist.<\/p>\n<p>Derzeit muss ArchivistaERP explizit freigeschaltet werden (dies ist im Handbuch auf der ArchivistaBox entsprechend beschrieben). Und es wird auch so bleiben, dass ArchivistaERP ein optionales Modul sein wird. Das heisst, auf den ersten Blick sieht die ArchivistaBox genau so aus, wie Sie das von einer All-in-One-DMS-Box erwarten. Ob nun mit oder ohne ArchivistaERP, wir laden Sie herzlich zur Entdeckungsreise des neuen Releases 2008\/V ein.<\/p>\n<p><\/font><\/font><\/p>\n\n\n\n\t<div class=\"dkpdf-button-container\" style=\"            text-align:right \">\n\n\t\t<a class=\"dkpdf-button\" href=\"\/cms\/wp-json\/wp\/v2\/pages\/173?pdf=173\" target=\"_blank\"><span class=\"dkpdf-button-icon\"><i class=\"fa fa-file-pdf-o\"><\/i><\/span> PDF Button<\/a>\n\n\t<\/div>\n\n\n\n\n\n","protected":false},"excerpt":{"rendered":"<p>Neues Release 2008\/VI: WebConfig und ArchivistaERP Pfaffhausen, 30. Mai 2008: Die Zeit vergeht rasant &#8212; und schon ist wieder ein Monat um. Ja, wo ist es denn nun endlich, das Release 2008\/III? Es ist da, und wen wundert es, dass wir mittlerweile bei Archivista 2008\/VI angelangt sind. Ich m\u00f6chte an dieser Stelle f\u00fcr die Nachsicht [&hellip;]<\/p>\n","protected":false},"author":1,"featured_media":0,"parent":56,"menu_order":351,"comment_status":"closed","ping_status":"closed","template":"","meta":{"_acf_changed":false,"footnotes":""},"class_list":["post-173","page","type-page","status-publish","hentry"],"acf":[],"_links":{"self":[{"href":"https:\/\/archivista.ch\/cms\/wp-json\/wp\/v2\/pages\/173","targetHints":{"allow":["GET"]}}],"collection":[{"href":"https:\/\/archivista.ch\/cms\/wp-json\/wp\/v2\/pages"}],"about":[{"href":"https:\/\/archivista.ch\/cms\/wp-json\/wp\/v2\/types\/page"}],"author":[{"embeddable":true,"href":"https:\/\/archivista.ch\/cms\/wp-json\/wp\/v2\/users\/1"}],"replies":[{"embeddable":true,"href":"https:\/\/archivista.ch\/cms\/wp-json\/wp\/v2\/comments?post=173"}],"version-history":[{"count":1,"href":"https:\/\/archivista.ch\/cms\/wp-json\/wp\/v2\/pages\/173\/revisions"}],"predecessor-version":[{"id":1427,"href":"https:\/\/archivista.ch\/cms\/wp-json\/wp\/v2\/pages\/173\/revisions\/1427"}],"up":[{"embeddable":true,"href":"https:\/\/archivista.ch\/cms\/wp-json\/wp\/v2\/pages\/56"}],"wp:attachment":[{"href":"https:\/\/archivista.ch\/cms\/wp-json\/wp\/v2\/media?parent=173"}],"curies":[{"name":"wp","href":"https:\/\/api.w.org\/{rel}","templated":true}]}}