{"id":176,"date":"2014-09-22T22:34:59","date_gmt":"2014-09-22T20:34:59","guid":{"rendered":"http:\/\/schulenwegg.ch\/cms\/?page_id=176"},"modified":"2025-11-29T18:37:06","modified_gmt":"2025-11-29T17:37:06","slug":"opensource","status":"publish","type":"page","link":"https:\/\/archivista.ch\/cms\/de\/produkte\/opensource\/","title":{"rendered":"OpenSource"},"content":{"rendered":"<h1>Offenheit und Vertrauen<\/h1>\n<p><img loading=\"lazy\" decoding=\"async\" class=\"alignright\" style=\"width: 150px; margin: 0px 10px 0px 10px;\" src=\"\/de\/media\/gnu_logo.gif\" width=\"150\" height=\"149\" \/>Die Sourcen (Programme) von ArchivistaDMS, ArchivistaERP und ArchivistaVM werden unter der OpenSource-Lizenz GPL ver\u00f6ffentlicht. Dadurch erhalten Sie <strong>Offenheit, Vertrauen und viele Vorteile zugleich. <\/strong>Dank OpenSource haben Sie jederzeit Einblick in unsere Arbeitsweise. Sie brauchen also selbst auf Jahre hinaus keine Vorbehalte zu haben, dass eine ArchivistaBox fahrl\u00e4ssig oder gar mutwillig in die Update-&#8222;Falle&#8220; tappt.<\/p>\n<p>Die Sourcen der ArchivistaBox AGPLv3 unterliegen der <a class=\"eVNpHGjtxRBq_gLOfGDr LQNqh2U1kzYxREs65IJu\" href=\"https:\/\/de.wikipedia.org\/wiki\/GNU_Affero_General_Public_License\" target=\"_self\" rel=\"noopener\" data-testid=\"result-title-a\" data-handled-by-react=\"true\"><span class=\"EKtkFWMYpwzMKOYr0GYm LQVY1Jpkk8nyJ6HBWKAk\">GNU Affero General Public License.<\/span><\/a>\u00a0Sie finden den Quellcode direkt auf der ISO-Datei der ArchivistaBox AGPLv3 unter: <strong><a href=\"https:\/\/archivista.ch\/cms\/agplv3\" target=\"_blank\" rel=\"noopener\">https:\/\/archivista.ch\/cms\/agplv3<\/a><\/strong><\/p>\n<h2>Quellcode f\u00fcr Alle, ArchivistaBox inkl. Updates und Support f\u00fcr Kunden<\/h2>\n<p>Und wo liegt nun der Unterschied zwischen der ArchivistaBox AGPLv3 und der ArchivistaBox, die Sie k\u00e4uflich erwerben? Mit dem Erwerb einer ArchivistaBox erhalten Sie (dies im Unterschied zur OpenSource-Version) eine fixfertige L\u00f6sung mit einer vertraglich vereinbarten Leistung, die s\u00e4mtliche Updates und Anspruch auf Support beinhaltet.<\/p>\n<h2>ArchivistaBox: Alles aus einer Hand<\/h2>\n<p>Beim Einsatz einer ArchivistaBox erhalten Sie alles aus einer Hand. Damit er\u00fcbrigen sich jegliche Diskussionen, ob ein Problem nun bei der Hardware, am Betriebssystem oder unserer L\u00f6sung liegt. <strong>Wir \u00fcbernehmen f\u00fcr alle Komponenten 100% Verantwortung.<\/strong> Unser Business ist es, dass Sie Ihr Business mit der ArchivistaBox heute und in Zukunft effizient meistern, daf\u00fcr stehen wir und unsere Partner jederzeit ein.<\/p>\n\n\n\n\t<div class=\"dkpdf-button-container\" style=\"            text-align:right \">\n\n\t\t<a class=\"dkpdf-button\" href=\"\/cms\/wp-json\/wp\/v2\/pages\/176?pdf=176\" target=\"_blank\"><span class=\"dkpdf-button-icon\"><i class=\"fa fa-file-pdf-o\"><\/i><\/span> PDF Button<\/a>\n\n\t<\/div>\n\n\n\n\n\n","protected":false},"excerpt":{"rendered":"<p>Offenheit und Vertrauen Die Sourcen (Programme) von ArchivistaDMS, ArchivistaERP und ArchivistaVM werden unter der OpenSource-Lizenz GPL ver\u00f6ffentlicht. Dadurch erhalten Sie Offenheit, Vertrauen und viele Vorteile zugleich. Dank OpenSource haben Sie jederzeit Einblick in unsere Arbeitsweise. Sie brauchen also selbst auf Jahre hinaus keine Vorbehalte zu haben, dass eine ArchivistaBox fahrl\u00e4ssig oder gar mutwillig in die [&hellip;]<\/p>\n","protected":false},"author":1,"featured_media":0,"parent":164,"menu_order":375,"comment_status":"closed","ping_status":"closed","template":"","meta":{"_acf_changed":false,"footnotes":""},"class_list":["post-176","page","type-page","status-publish","hentry"],"acf":[],"_links":{"self":[{"href":"https:\/\/archivista.ch\/cms\/wp-json\/wp\/v2\/pages\/176","targetHints":{"allow":["GET"]}}],"collection":[{"href":"https:\/\/archivista.ch\/cms\/wp-json\/wp\/v2\/pages"}],"about":[{"href":"https:\/\/archivista.ch\/cms\/wp-json\/wp\/v2\/types\/page"}],"author":[{"embeddable":true,"href":"https:\/\/archivista.ch\/cms\/wp-json\/wp\/v2\/users\/1"}],"replies":[{"embeddable":true,"href":"https:\/\/archivista.ch\/cms\/wp-json\/wp\/v2\/comments?post=176"}],"version-history":[{"count":13,"href":"https:\/\/archivista.ch\/cms\/wp-json\/wp\/v2\/pages\/176\/revisions"}],"predecessor-version":[{"id":11332,"href":"https:\/\/archivista.ch\/cms\/wp-json\/wp\/v2\/pages\/176\/revisions\/11332"}],"up":[{"embeddable":true,"href":"https:\/\/archivista.ch\/cms\/wp-json\/wp\/v2\/pages\/164"}],"wp:attachment":[{"href":"https:\/\/archivista.ch\/cms\/wp-json\/wp\/v2\/media?parent=176"}],"curies":[{"name":"wp","href":"https:\/\/api.w.org\/{rel}","templated":true}]}}