{"id":179,"date":"2011-12-21T21:32:22","date_gmt":"2011-12-21T20:32:22","guid":{"rendered":"http:\/\/schulenwegg.ch\/cms\/?page_id=179"},"modified":"2023-01-09T21:17:14","modified_gmt":"2023-01-09T20:17:14","slug":"blogs-2011","status":"publish","type":"page","link":"https:\/\/archivista.ch\/cms\/de\/aktuell-blog\/jahre-2008-2019\/blogs-2011\/","title":{"rendered":"Blogs 2011"},"content":{"rendered":"<h1>Jahresr\u00fcckblick 2011: 64-Bit ArchivistaBox, Award, VM-Cluster in 100 Sekunden, 2,4 Mio Seiten pro Tag<\/h1>\n<p style=\"margin-bottom: 0in;\"><strong><em>Paffhausen, 21. Dezember 2011:<\/em><\/strong><em> Auch dieses Jahr konnten wir viele tolle Features realisieren. Ich m\u00f6chte mich bei dieser Gelegenheit bei unseren Kunden f\u00fcr die wertvolle Zusammenarbeit bedanken. Ich bin \u00fcberzeugt, dass der <a target=\"_top\" href=\"http:\/\/www.ossaward.ch\" rel=\"noopener\"><strong>Swiss Open Source Award 2011,<\/strong><\/a> den wir mit grosser Freude entgegennehmen konnten, unseren Kunden geb\u00fchrt. Ohne sie w\u00e4ren die nachfolgenden (und viele weitere) Features nie entstanden. Gerne fassen wir diese hier nochmals in Kurzform zusammen.<\/em><\/p>\n<p style=\"margin-bottom: 0in;\"><img loading=\"lazy\" decoding=\"async\" align=\"baseline\" width=\"600\" vspace=\"0\" hspace=\"0\" height=\"211\" border=\"0\" alt=\"\" src=\"\/de\/media\/zuerich.jpg\" \/><\/p>\n<h2>Neue Geh\u00e4use f\u00fcr Universal und Dolder\/Rigi\/S\u00e4ntis<\/h2>\n<p style=\"margin-bottom: 0in;\">Mit den <strong>ArchivistaVM-Universal-Servern<\/strong> k\u00f6nnen wir kompakte Boxen zusammenstellen. Im Vollausbau stehen 6 Disks und max. 4 10-GBit-Netzwerkkarten pro Rechner zur Verf\u00fcgung. Damit k\u00f6nnen sehr platzsparende Cluster mit bis zu 40 Cores aufgebaut werden. Bei den DMS-Systemen stehen neu f\u00fcr die Modelle Dolder, Rigi und S\u00e4ntis sehr kleine Boxen (mATX-Format) bereit.<\/p>\n<h2>Mehr Sicherheit mit Software-RAID<\/h2>\n<p style=\"margin-bottom: 0in;\">Bei den Modellen Pilatus, Titlis und Eiger k\u00f6nnen pro Box je zwei Hot-Swap-Festplatten implementiert werden. Hardware-Raid-Kontroller sind keine mehr notwendig; die g\u00e4ngigsten Kontroller werden aber selbstverst\u00e4ndlich weiter unterst\u00fctzt.<\/p>\n<h2>Virtio-Cache f\u00fcr ArchivistaDMS<\/h2>\n<p style=\"margin-bottom: 0in;\">Bisher hatten wir bei virtualisiert aufgesetzten DMS-Systemen unter ArchivistaVM einen gewissen Verlust beim Durchsatz bei Festplatten und Netzwerkarten. Neu lassen sich alle Archivista-Systeme auch mit virtio-Ger\u00e4ten aufsetzen. Die Treiber dazu werden bei der Installation selbst\u00e4ndig geladen; wichtig ist einzig, die Ger\u00e4te auf Stufe Virtualisierung zur Verf\u00fcgung zu stellen.<\/p>\n<h2>Writeback f\u00fcr alle VM-Instanzen<\/h2>\n<p style=\"margin-bottom: 0in;\">Bei <strong>ArchivistaVM<\/strong> kann neu der Cache auf &#8218;writeback&#8216; gesetzt werden. Dadurch resultiert ein hoher Speed bei den Festplatten, ohne dass zus\u00e4tzliche Treiber in den G\u00e4sten installiert werden m\u00fcssen. F\u00fcr die Entwicklung (extrem schnelle Snapshots) steht beim qcow2-Format zudem die Option &#8218;unsafe&#8216; zur Verf\u00fcgung.<\/p>\n<h2>Mehr Sicherheit mit gespiegelten Festplatten<\/h2>\n<p style=\"margin-bottom: 0in;\">Ein sehr wichtiges Feature ist das Spiegeln von Festplatten von einer Maschine auf die n\u00e4chste ArchivistaBox. Damit k\u00f6nnen die Daten gleichzeitig auf zwei Rechner gespeichert werden. F\u00e4llt eine ArchivistaBox aus, k\u00f6nnen die Daten in Echtzeit ab der zweiten Maschine abgerufen werden. Dadurch sind die Master\/Slave-Konzepte bei den ArchivistaDMS-Systemen nicht mehr notwendig.<\/p>\n<h2>Support f\u00fcr 10-GBit-Netzwerkkarten<\/h2>\n<p style=\"margin-bottom: 0in;\">Damit wir im Zusammenhang mit dem Spiegeln von Festplatten bis zu 900 Mbyte pro Sekunde Daten \u00fcbertragen k\u00f6nnen, haben wir der ArchivistaBox s\u00e4mtliche verf\u00fcgbaren Treiber der 10-GBit-Netzwerkkarten spendiert.<\/p>\n<h2><img loading=\"lazy\" decoding=\"async\" align=\"right\" width=\"270\" vspace=\"5\" hspace=\"5\" height=\"480\" border=\"0\" src=\"\/de\/media\/zueri2.jpg\" alt=\"\" \/>SwissRocket-Cluster mit bis zu 24 Festplatten<\/h2>\n<p style=\"margin-bottom: 0in;\">Nachdem wir leistungsf\u00e4hige Festplattenverb\u00fcnde und schnelle 10-GBit-Netzwerkkarten implementiert hatten, realisierten wir f\u00fcr Kundenprojekte die <strong>Modellserie SwissRocket.<\/strong> Damit k\u00f6nnen in 2 H\u00f6heneinheiten-Racks bis zu 24 Festplatten verbaut werden.<\/p>\n<h2>Support f\u00fcr USV-Ger\u00e4te von APC<\/h2>\n<p style=\"margin-bottom: 0in;\">Damit bei Software-RAIDs bei einem allf\u00e4lligen Stromausfall kein Datenverlust in Kauf genommen werden muss, k\u00f6nnen s\u00e4mtliche ArchivistaBox-Systeme an die USV-Ger\u00e4te des Herstellers APC angeschlossen werden.<\/p>\n<h2>WebConfig auf allen DMS-Systemen<\/h2>\n<p style=\"margin-bottom: 0in;\">Bisher konnte <strong>WebConfig<\/strong> nur auf der ersten ArchivistaBox (Master) aufgerufen werden. Da die Datensicherung aber \u00fcblicherweise auf der zweiten Box (Slave) ausgef\u00fchrt wird, kann WebConfig neu auf s\u00e4mtlichen DMS-Systemen (Master wie Slave) gestartet werden (und zwar unabh\u00e4ngig davon, ob die Datenbank gestartet ist oder nicht).<\/p>\n<h2>ArchivistaERP mit VESR-Support<\/h2>\n<p style=\"margin-bottom: 0in;\">Das Modul <strong>ArchivistaERP<\/strong> konnte Ende August bei uns produktiv in Betrieb genommen werden. Dank der VESR-Integration k\u00f6nnen die Einzahlungsscheine direkt aus ArchivistaERP gedruckt werden. Mit VESR k\u00f6nnen auch Zahlungseing\u00e4nge automatisiert verbucht werden.<\/p>\n<h2>Cluster in 100 Sekunden<\/h2>\n<p style=\"margin-bottom: 0in;\">Hochverf\u00fcgbare Virtualisierung darf keine Frage der Komplexit\u00e4t oder des Preises sein. Was wir mit der ArchivistaBox seit 2005 unter Beweis stellen, konnten wir am 13. linuxday.at live in Aktion zeigen. Das Aufsetzten eines <strong>Clusters mit ArchivistaVM<\/strong> dauerte keine 100 Sekunden. Die ben\u00f6tigte Hardware ist bescheiden, 3 Rechner mit 2 Disks und 3 Netzwerkkarten und los geht&#8217;s.<\/p>\n<h2>2,4 Mio. Seiten Tagesleistung pro ArchivistaBox<\/h2>\n<p style=\"margin-bottom: 0in;\">Im Rahmen eines Projektes galt es, ca. 750&#8217;000 PDF-Seiten mit ca. 500&#8217;000 Dokumenten zu importieren. Das bisherige Import-Programm erreichte ca. 400&#8217;000 Seiten pro Tag. Mit einem 100-Zeilen-Programm konnten satte 2,4 Mio. Seiten Tagesleistung auf einer ArchivistaBox erreicht werden, Konkret waren die ca. 750&#8217;000 Seiten in weniger als 7 Stunden abgearbeitet.<\/p>\n<h2>RDP-Server auf jeder ArchivistaBox<\/h2>\n<p style=\"margin-bottom: 0in;\">Bisher standen bei der Fernwartung SSH (Konsole) und VNC (Bildschirm\u00fcbertragung) zur Verf\u00fcgung. In beiden F\u00e4llen mussten Kunden, die Windows im Einsatz haben, eine (!) Programm-Datei f\u00fcr die Fernwartung installieren. Neu ist dies nicht mehr notwendig, es kann direkt mit dem Remote-Desktop (RDP) von Windows auf eine jede ArchivistaBox zugegriffen werden.<\/p>\n<h2>Selbsttragende Archive neu mit ArchivistaRAM<\/h2>\n<p style=\"margin-bottom: 0in;\">Nachdem wir im Okotober <strong>ArchivistaRAM<\/strong> realisierten, k\u00f6nnen die selbstrragenden Archive neu einfacher und schneller erstellt werden. Dabei wird eine normale ArchivistaBox-CD erstellt; diese kann anschliessend im RAM (selbsttragend) oder in 1 bis 2 Minuten ganz normal installiert werden.<\/p>\n<h2>Betriebsferien 23. Dezember 2011 bis 6. Janaur 2012<\/h2>\n<p style=\"margin-bottom: 0in;\">Unsere Firma bleibt zwischen dem 23. Dezember bis und mit 6. Januar 2012 geschlossen. Selbstverst\u00e4ndlich bleibt der Web-Shop w\u00e4hrend dieser Zeit ge\u00f6ffnet. Kunden mit Wartungsvertrag erhalten den gewohnten Support. Wir w\u00fcnschen frohe Festtage und schon jetzt ein Gutes 2012!<\/p><\/p>\n\n\n\n\t<div class=\"dkpdf-button-container\" style=\"            text-align:right \">\n\n\t\t<a class=\"dkpdf-button\" href=\"\/cms\/wp-json\/wp\/v2\/pages\/179?pdf=179\" target=\"_blank\"><span class=\"dkpdf-button-icon\"><i class=\"fa fa-file-pdf-o\"><\/i><\/span> PDF Button<\/a>\n\n\t<\/div>\n\n\n\n\n\n","protected":false},"excerpt":{"rendered":"<p>Jahresr\u00fcckblick 2011: 64-Bit ArchivistaBox, Award, VM-Cluster in 100 Sekunden, 2,4 Mio Seiten pro Tag Paffhausen, 21. Dezember 2011: Auch dieses Jahr konnten wir viele tolle Features realisieren. Ich m\u00f6chte mich bei dieser Gelegenheit bei unseren Kunden f\u00fcr die wertvolle Zusammenarbeit bedanken. Ich bin \u00fcberzeugt, dass der Swiss Open Source Award 2011, den wir mit grosser [&hellip;]<\/p>\n","protected":false},"author":1,"featured_media":0,"parent":9613,"menu_order":74,"comment_status":"closed","ping_status":"closed","template":"","meta":{"_acf_changed":false,"footnotes":""},"class_list":["post-179","page","type-page","status-publish","hentry"],"acf":[],"_links":{"self":[{"href":"https:\/\/archivista.ch\/cms\/wp-json\/wp\/v2\/pages\/179","targetHints":{"allow":["GET"]}}],"collection":[{"href":"https:\/\/archivista.ch\/cms\/wp-json\/wp\/v2\/pages"}],"about":[{"href":"https:\/\/archivista.ch\/cms\/wp-json\/wp\/v2\/types\/page"}],"author":[{"embeddable":true,"href":"https:\/\/archivista.ch\/cms\/wp-json\/wp\/v2\/users\/1"}],"replies":[{"embeddable":true,"href":"https:\/\/archivista.ch\/cms\/wp-json\/wp\/v2\/comments?post=179"}],"version-history":[{"count":3,"href":"https:\/\/archivista.ch\/cms\/wp-json\/wp\/v2\/pages\/179\/revisions"}],"predecessor-version":[{"id":9615,"href":"https:\/\/archivista.ch\/cms\/wp-json\/wp\/v2\/pages\/179\/revisions\/9615"}],"up":[{"embeddable":true,"href":"https:\/\/archivista.ch\/cms\/wp-json\/wp\/v2\/pages\/9613"}],"wp:attachment":[{"href":"https:\/\/archivista.ch\/cms\/wp-json\/wp\/v2\/media?parent=179"}],"curies":[{"name":"wp","href":"https:\/\/api.w.org\/{rel}","templated":true}]}}