{"id":182,"date":"2013-04-24T22:54:13","date_gmt":"2013-04-24T20:54:13","guid":{"rendered":"http:\/\/schulenwegg.ch\/cms\/?page_id=182"},"modified":"2024-03-11T10:06:58","modified_gmt":"2024-03-11T09:06:58","slug":"geschaftsleitung","status":"publish","type":"page","link":"https:\/\/archivista.ch\/cms\/de\/uber-uns\/geschaftsleitung\/","title":{"rendered":"Gesch\u00e4ftsleitung"},"content":{"rendered":"<h1>Seit mehr als 25 Jahren f\u00fcr Sie am Ball<\/h1>\n<p><img decoding=\"async\" style=\"float: left; border-width: 0px; border-style: solid; margin: 5px 10px;\" src=\"\/uploads\/166\/urs_c.jpg\" \/>Seit mehr als 25 Jahren, d.h. seit der Gr\u00fcndung, leite ich die Geschicke der Firma Archivista GmbH. In dieser Zeit haben wir einige Tausend Installationen vornehmen d\u00fcrfen und stets bereitet es uns gr\u00f6sste Freude, wenn unsere Kunden mit unseren Produkten schlicht und einfach effizient und zur vollster Zufriedenheit arbeiten k\u00f6nnen.<\/p>\n<p>Wir werden <strong>oft gefragt, warum unsere Produkte nicht weit teurer sind.<\/strong> Oder negativ ausgedr\u00fcckt, ob wir denn \u00fcberhaupt mit diesen Preisen leben k\u00f6nnten? Einmal davon abgesehen, dass wir dies seit nunmehr mehr als 25 Jahren problemlos tun, m\u00f6chte ich an dieser Stelle gerne anf\u00fchren, warum wir ein Produkt zu diesen Preisen anbieten k\u00f6nnen.<\/p>\n<p>Vor mehr als 25 Jahren haben wir versprochen, dass wir die Datenformate f\u00fcr unsere Produkte konstant halten werden. Wir denken, dass dies die nat\u00fcrlichste Sache der Welt ist, wenn mit unserem Produkt die Dokumente minimal 25 Jahre verf\u00fcgbar gehalten werden m\u00fcssen. Dies hat f\u00fcr Sie und uns den Vorteil, dass wir bei der Entwicklung unserer <strong>Produkte langfristiger planen und agieren,<\/strong> als dies bei vergleichbaren Produkten der Fall ist. Und letztlich k\u00f6nnen wir so auch die Entwicklungskosten moderat halten, mit ein Grund, warum wir ein derart gutes Preis-\/Leistungsverh\u00e4ltnis anbieten k\u00f6nnen.<\/p>\n<p>Betreffend der Datenintegrit\u00e4t gehen wir mittlerweile massiv weiter. Wir gew\u00e4hren Ihnen heute ab Erwerb einer ArchivistaBox <strong>30 Jahre Integrit\u00e4t f\u00fcr die von uns verwendeten Datenstrukturen,<\/strong> genauso wie wir die gesamten Sourcen (Programmcode) ver\u00f6ffentlichen. Und da w\u00e4ren wir gleich beim zweiten Einwand, den wir oft zu h\u00f6ren bekommen: <strong>&#8222;Wovon lebt ihr denn, wenn es OpenSource ist?&#8220;<\/strong><\/p>\n<p>Gerne verweise ich bei dieser Gelegenheit darauf, dass, ganz egal, ob ein Produkt nun OpenSource ist oder nicht, Sie als Kunde an einer L\u00f6sung interessiert sind, die im t\u00e4glichen Betrieb und zudem m\u00f6glichst wartungsfrei l\u00e4uft. Und darum haben wir uns vor mehr als f\u00fcnf Jahren f\u00fcr OpenSource entschieden. <strong>Wir k\u00f6nnen Ihnen heute ein stabiles Produkt anbieten, wie es ohne OpenSource ganz sicher nicht der Fall w\u00e4re.<\/strong> Und im Unterschied zu fr\u00fcher sind wir heute in guter Gesellschaft vieler kleiner wie grosser Unternehmen.<\/p>\n<p>Ebenfalls im Trend sind derzeit kleine sparsame Computer, die wenig Energie ben\u00f6tigen und trotzdem das gesamte Spektrum der Office-Anwendungen abdecken, genauso wie es zur Gewohnheit geworden ist, mit webbasierten Anwendungen zu arbeiten. Beide Dinge finden Sie in unseren Produkten bereits seit Jahren verwirklicht.<\/p>\n<h2>Heute liefern wir die ArchivistaBox zu tieferen Konditionen als 1998 ohne Hardware aus<\/h2>\n<p>Und weil wir unsere &#8222;Hausaufgaben&#8220; schneller als andere Anbieter gel\u00f6st haben, k\u00f6nnen wir Ihnen nach zehn Jahren ein Produkt anbieten, dass zu deutlich gesunkenen Investitionskosten mehr Leistung denn je beinhaltet. Dazu ein Beispiel: Im <strong>Jahre 1998 kostete die 4er-Version unserer Archivista-Software ca. 2000 Franken.<\/strong><\/p>\n<p>F\u00fcr diesen Preis erhalten Sie <strong>heute die ArchivistaBox-Rigi samt Hardware.<\/strong> Und weil die L\u00f6sung webbasiert arbeitet, kann sie ready-to-use (d.h. ohne Installation) in Betrieb genommen werden. Das Backup, das Erstellen der Langzeitkopien, das virtuelle Drucken (um nur einige Beispiele zu nennen), all diese Funktionen stehen auf Knopfdruck zur Verf\u00fcgung. Dabei steht uns mittlerweile mehr als ein Jahrzehnt Erfahrung zur Seite. Auch davon profitieren Sie heute und in Zukunft. In diesem Sinne freue ich mich auf die n\u00e4chsten Jahrzehnte mit Ihnen.<\/p>\n<p><em>Urs Pfister, Gesch\u00e4ftsf\u00fchrer Archivista GmbH<\/em><\/p>\n\n\n\n\t<div class=\"dkpdf-button-container\" style=\"            text-align:right \">\n\n\t\t<a class=\"dkpdf-button\" href=\"\/cms\/wp-json\/wp\/v2\/pages\/182?pdf=182\" target=\"_blank\"><span class=\"dkpdf-button-icon\"><i class=\"fa fa-file-pdf-o\"><\/i><\/span> PDF Button<\/a>\n\n\t<\/div>\n\n\n\n\n\n","protected":false},"excerpt":{"rendered":"<p>Seit mehr als 25 Jahren f\u00fcr Sie am Ball Seit mehr als 25 Jahren, d.h. seit der Gr\u00fcndung, leite ich die Geschicke der Firma Archivista GmbH. In dieser Zeit haben wir einige Tausend Installationen vornehmen d\u00fcrfen und stets bereitet es uns gr\u00f6sste Freude, wenn unsere Kunden mit unseren Produkten schlicht und einfach effizient und zur [&hellip;]<\/p>\n","protected":false},"author":1,"featured_media":0,"parent":166,"menu_order":299,"comment_status":"closed","ping_status":"closed","template":"","meta":{"_acf_changed":false,"footnotes":""},"class_list":["post-182","page","type-page","status-publish","hentry"],"acf":[],"_links":{"self":[{"href":"https:\/\/archivista.ch\/cms\/wp-json\/wp\/v2\/pages\/182","targetHints":{"allow":["GET"]}}],"collection":[{"href":"https:\/\/archivista.ch\/cms\/wp-json\/wp\/v2\/pages"}],"about":[{"href":"https:\/\/archivista.ch\/cms\/wp-json\/wp\/v2\/types\/page"}],"author":[{"embeddable":true,"href":"https:\/\/archivista.ch\/cms\/wp-json\/wp\/v2\/users\/1"}],"replies":[{"embeddable":true,"href":"https:\/\/archivista.ch\/cms\/wp-json\/wp\/v2\/comments?post=182"}],"version-history":[{"count":7,"href":"https:\/\/archivista.ch\/cms\/wp-json\/wp\/v2\/pages\/182\/revisions"}],"predecessor-version":[{"id":10147,"href":"https:\/\/archivista.ch\/cms\/wp-json\/wp\/v2\/pages\/182\/revisions\/10147"}],"up":[{"embeddable":true,"href":"https:\/\/archivista.ch\/cms\/wp-json\/wp\/v2\/pages\/166"}],"wp:attachment":[{"href":"https:\/\/archivista.ch\/cms\/wp-json\/wp\/v2\/media?parent=182"}],"curies":[{"name":"wp","href":"https:\/\/api.w.org\/{rel}","templated":true}]}}