{"id":183,"date":"2014-02-04T13:41:17","date_gmt":"2014-02-04T12:41:17","guid":{"rendered":"http:\/\/schulenwegg.ch\/cms\/?page_id=183"},"modified":"2017-10-26T17:28:19","modified_gmt":"2017-10-26T15:28:19","slug":"so-finden-sie-uns","status":"publish","type":"page","link":"https:\/\/archivista.ch\/cms\/de\/uber-uns\/so-finden-sie-uns\/","title":{"rendered":"So finden Sie uns"},"content":{"rendered":"<h1>Archivista GmbH, Stegstrasse 14, CH-8132 Egg<\/h1>\n<h1><img loading=\"lazy\" decoding=\"async\" style=\"margin-right: 10px; margin-left: 10px;\" src=\"\/de\/media\/stegstrasse14.jpg\" width=\"300\" height=\"225\" align=\"right\" hspace=\"5\" vspace=\"5\" \/><\/h1>\n<p>Einen genauen Lageplan finden Sie unter:<\/p>\n<p><a style=\"font-weight: bold;\" href=\"http:\/\/map.search.ch\/egg-bei-zuerich\/stegstr.14\">map.search.ch<\/a><\/p>\n<p>Die Anreise mit dem <strong>\u00f6ffentlichen Verkehr<\/strong> ist denkbar einfach. Ab <strong>Z\u00fcrich Stadelhofen oder Esslingen, S18 bis Langwies ZH.<\/strong><\/p>\n<p>Unsere B\u00fcros liegen ca. <strong>zwei Minuten (zu Fuss)<\/strong> von der Station entfernt an der <strong>Stegstrasse 14.<\/strong><\/p>\n<h2>OpenFriday: Jeden Freitag laden wir ein&#8230;<\/h2>\n<p>Gerne zeigen wir Ihnen in Egg unsere neuen ArchivistaBox-Produkte live in Aktion. <strong>Jeden Freitag von 10:00 bis 12:00 Uhr<\/strong> stehen wir f\u00fcr Produktepr\u00e4sentationen zur Verf\u00fcgung. Aus logistischen Gr\u00fcnden sind wir Ihnen dankbar, wenn Sie sich jeweils bis sp\u00e4testens zum vorangehenden <a href=\"mailto:webmaster@archivista.ch\"><strong>Mittwoch, 17:00 Uhr per Mail anmelden<\/strong><\/a> k\u00f6nnen. Sollten Sie einen anderen Termin bevorzugen, erwarten wir gerne einen <a href=\"mailto:webmaster@archivista.ch\"><strong>Terminvorschlag von Ihrer Seite.<\/strong><\/a><\/p>\n\n\n\n\t<div class=\"dkpdf-button-container\" style=\"            text-align:right \">\n\n\t\t<a class=\"dkpdf-button\" href=\"\/cms\/wp-json\/wp\/v2\/pages\/183?pdf=183\" target=\"_blank\"><span class=\"dkpdf-button-icon\"><i class=\"fa fa-file-pdf-o\"><\/i><\/span> PDF Button<\/a>\n\n\t<\/div>\n\n\n\n\n\n","protected":false},"excerpt":{"rendered":"<p>Archivista GmbH, Stegstrasse 14, CH-8132 Egg Einen genauen Lageplan finden Sie unter: map.search.ch Die Anreise mit dem \u00f6ffentlichen Verkehr ist denkbar einfach. Ab Z\u00fcrich Stadelhofen oder Esslingen, S18 bis Langwies ZH. Unsere B\u00fcros liegen ca. zwei Minuten (zu Fuss) von der Station entfernt an der Stegstrasse 14. OpenFriday: Jeden Freitag laden wir ein&#8230; Gerne zeigen [&hellip;]<\/p>\n","protected":false},"author":1,"featured_media":0,"parent":166,"menu_order":309,"comment_status":"closed","ping_status":"closed","template":"","meta":{"_acf_changed":false,"footnotes":""},"class_list":["post-183","page","type-page","status-publish","hentry"],"acf":[],"_links":{"self":[{"href":"https:\/\/archivista.ch\/cms\/wp-json\/wp\/v2\/pages\/183","targetHints":{"allow":["GET"]}}],"collection":[{"href":"https:\/\/archivista.ch\/cms\/wp-json\/wp\/v2\/pages"}],"about":[{"href":"https:\/\/archivista.ch\/cms\/wp-json\/wp\/v2\/types\/page"}],"author":[{"embeddable":true,"href":"https:\/\/archivista.ch\/cms\/wp-json\/wp\/v2\/users\/1"}],"replies":[{"embeddable":true,"href":"https:\/\/archivista.ch\/cms\/wp-json\/wp\/v2\/comments?post=183"}],"version-history":[{"count":3,"href":"https:\/\/archivista.ch\/cms\/wp-json\/wp\/v2\/pages\/183\/revisions"}],"predecessor-version":[{"id":4935,"href":"https:\/\/archivista.ch\/cms\/wp-json\/wp\/v2\/pages\/183\/revisions\/4935"}],"up":[{"embeddable":true,"href":"https:\/\/archivista.ch\/cms\/wp-json\/wp\/v2\/pages\/166"}],"wp:attachment":[{"href":"https:\/\/archivista.ch\/cms\/wp-json\/wp\/v2\/media?parent=183"}],"curies":[{"name":"wp","href":"https:\/\/api.w.org\/{rel}","templated":true}]}}