{"id":193,"date":"2013-01-19T11:09:37","date_gmt":"2013-01-19T10:09:37","guid":{"rendered":"http:\/\/schulenwegg.ch\/cms\/?page_id=193"},"modified":"2023-01-09T21:16:17","modified_gmt":"2023-01-09T20:16:17","slug":"blogs-2009","status":"publish","type":"page","link":"https:\/\/archivista.ch\/cms\/de\/aktuell-blog\/jahre-2008-2019\/blogs-2009\/","title":{"rendered":"Blogs 2009"},"content":{"rendered":"<h1>Herzlichen Dank f\u00fcr das tolle 2009<\/h1>\n<p><strong><img loading=\"lazy\" decoding=\"async\" border=\"0\" align=\"right\" width=\"263\" vspace=\"5\" hspace=\"5\" height=\"350\" src=\"\/de\/media\/brunnen.jpg\" alt=\"\" \/>Pfaffhausen, 23. Dezember 2009:<\/strong> Und schon wieder geht ein Jahr dem Ende zu. Im zw\u00f6lften Jahr der Firmengeschichte konnten wir eine bisher nie da gewesene F\u00fclle von Neuigkeiten pr\u00e4sentieren und daher seien diese Neuerungen nachfolgend nochmals kurz vorgestellt.<\/p>\n<p><strong>Januar:<\/strong> Irgendwann zwischen dem Dezember 2008 und dem Janaur 2009 war es soweit, die Office-Archivierung konnte freigegeben werden. Ebenso konnten wir zu dieser Zeit die Mail-Archivierung ersten Kunden zur Verf\u00fcgung stellen.<\/p>\n<p><strong>Februar:<\/strong> Im Februar realisierten wir die ArchivistaBox f\u00fcr Netbooks, es gab eine zweite ArchivistaCD, die Desktop-Variante sowie Virtualisierung (kvm) direkt auf unseren ArchivistaBox-Produkten.<\/p>\n<p><strong>M\u00e4rz:<\/strong> Die altbekannten Haftnotizen vom RichClient konnten in den WebClient integriert werden. Dadurch k\u00f6nnen Notizen direkt auf den Seiten angebracht werden. Selbstverst\u00e4ndlich bedarf es dazu keinerlei zus\u00e4tzlicher Plugins.<\/p>\n<p><strong>April:<\/strong> Der WebClient wird praktisch neu programmiert. So kann die Gr\u00f6sse der Tabelle nun flexibel gehalten werden. Das Editieren, Suchen und Arbeiten mit Dokumenten erfolgt deutlich schneller als bisher.<\/p>\n<p><strong>Mai:<\/strong> Mit der ArchivistaBox Albis erscheint die leichteste ArchivistaBox, die es je gab. Gerade noch 150g wiegt die ArchivistaBox Albis. Im Unterschied zu unseren anderen ArchivistaBoxen dient die Albis-Box einzig und alleine zum Scannen. Daf\u00fcr schafft die kleine Box bis zu 70 Farbseiten (300dpi) in der Minute und kostet (exkl. Wartung) nicht einmal sFr. 300.&#8211;.<\/p>\n<p><strong>Juni:<\/strong> Mit der neuen Freitext-Engine Sphinx k\u00f6nnen wir neu auch Archive jenseits von 10 Millionen problemlos auf einer einzigen ArchivistaBox verwalten. Selbst Archive bei 100 Millionen Seiten oder mehr k\u00f6nnten mit der ArchivistaBox problemlos realisiert werden.<\/p>\n<p><strong>Juli:<\/strong> Mit der neuen ArchivistaBox Summit k\u00f6nnen KMU-Betriebe Virtualisierung mit bescheidenem Budget realisieren. Dabei enth\u00e4lt die ArchivistaBox Summit sehr viel Power auf wenig Raum: 4 TByte Harddisk mit Hardware-Raid, 8 GByte RAM (erweiterbar), QuadCore-Prozessor, nur gerade 100 Watt Stromaufnahme, Virtualisierung komplett webbasiert mit KVM und Cluster-Betrieb, um nur einige Highlights zu erw\u00e4hnen.<\/p>\n<p><strong>August:<\/strong> Passend zur neuen Freitext-Engine gibt es neu die ArchivistaBox-Matterhorn. Damit k\u00f6nnen wir f\u00fcr weniger als 10&#8217;000 Franken bis zu 6 TByte (ca. 100 Millionen Seiten) auf einer nicht einmal 5 kg schweren ArchivistaBox verwalten. Mit der ArchivistaBox Matterhorn k\u00f6nnen ca. zwanzig mal mehr Daten verwaltet werden als dies beim bisherigen Flaggschiff, der ArchivistaBox Eiger der Fall war.<\/p>\n<p><strong>September<\/strong> Mit der ArchivistaBox-Budget wird die Virtualisierung nochmals massiv kosteng\u00fcnstiger. Gerade noch 990.&#8211; Franken kostet eine QuadCore-Maschine mit 1.5 TByte Harddisk. Wohlverstanden, der Preis enth\u00e4lt die Hardware und die ben\u00f6tigte Software (Debian, KVM, ArchivistaVM).<\/p>\n<p><strong>Oktober:<\/strong> Dadurch, dass wir viele Virtualisierungsl\u00f6sungen f\u00fcr unsere Kunden einrichteten, durften wir uns intensiver mit den Produkten von Microsoft auseinandersetzen. Daraus entstanden Tipps und Tricks f\u00fcr das optimale Aufsetzen von Windows-Servern. Ebenso verfeinerten wir die ArchivistaVM-L\u00f6sungen so, dass wir pro Stunde ca. 250 GByte f\u00fcr die Datensicherung hinkriegen.<\/p>\n<p><strong>Dezember:<\/strong><\/p>\n<p>Wir arbeiten bereits an den Neuerungen f\u00fcr das Jahr 2010. Vorweg sei gesagt, dass ein grosser Teil der ArchivistaBoxen im Jahre 2010 virtualisiert ausgeliefert wird. Bei den Preisen werden wir auf vielfachen Wunsch einige Module separat im Angebot f\u00fchren und daf\u00fcr die Grundpreise senken. Konkret wird es so sein, dass Sie wie bisher zwischen den hardwarebasierten und virtualisierten ArchivistaBox-Modellen w\u00e4hlen k\u00f6nnen. Bei den hardwarebasierten Boxen (ab Pilatus-Box) erhalten Sie jeweils kostenlos durch uns entsprechende ArchivistaVM-Budget-Server ausgeliefert. Die neuen Produkte werden irgendwann anfangs Januar im Shop aufgeschaltet.<\/p>\n<h2>Betriebsferien: 24. Dezember 2009 bis 3. Januar 2010<\/h2>\n<p>Unsere B\u00fcros bleiben vom 24. Dezember bis und mit 3. Januar 2010 geschlossen. Kunden mit Wartungsvertr\u00e4gen k\u00f6nnen bei St\u00f6rungen an den Werktagen (28.-30. Dezmeber) \u00fcber unsere Hotline Support erhalten. Die Reaktionszeit bei den GOLD-Wartungsvertr\u00e4gen betr\u00e4gt 8 Stunden Businesszeit, bei PLATIN sind es 4 Stunden. Wir w\u00fcnschen unseren Kunden, unseren Lieferanten, kurz allen mit denen wir im Jahre 2009 zusammenarbeiten durften, frohe Festtage und schon jetzt einen guten Rutsch ins 2010.<\/p>\n\n\n\n\t<div class=\"dkpdf-button-container\" style=\"            text-align:right \">\n\n\t\t<a class=\"dkpdf-button\" href=\"\/cms\/wp-json\/wp\/v2\/pages\/193?pdf=193\" target=\"_blank\"><span class=\"dkpdf-button-icon\"><i class=\"fa fa-file-pdf-o\"><\/i><\/span> PDF Button<\/a>\n\n\t<\/div>\n\n\n\n\n\n","protected":false},"excerpt":{"rendered":"<p>Herzlichen Dank f\u00fcr das tolle 2009 Pfaffhausen, 23. Dezember 2009: Und schon wieder geht ein Jahr dem Ende zu. Im zw\u00f6lften Jahr der Firmengeschichte konnten wir eine bisher nie da gewesene F\u00fclle von Neuigkeiten pr\u00e4sentieren und daher seien diese Neuerungen nachfolgend nochmals kurz vorgestellt. Januar: Irgendwann zwischen dem Dezember 2008 und dem Janaur 2009 war [&hellip;]<\/p>\n","protected":false},"author":1,"featured_media":0,"parent":9613,"menu_order":78,"comment_status":"closed","ping_status":"closed","template":"","meta":{"_acf_changed":false,"footnotes":""},"class_list":["post-193","page","type-page","status-publish","hentry"],"acf":[],"_links":{"self":[{"href":"https:\/\/archivista.ch\/cms\/wp-json\/wp\/v2\/pages\/193","targetHints":{"allow":["GET"]}}],"collection":[{"href":"https:\/\/archivista.ch\/cms\/wp-json\/wp\/v2\/pages"}],"about":[{"href":"https:\/\/archivista.ch\/cms\/wp-json\/wp\/v2\/types\/page"}],"author":[{"embeddable":true,"href":"https:\/\/archivista.ch\/cms\/wp-json\/wp\/v2\/users\/1"}],"replies":[{"embeddable":true,"href":"https:\/\/archivista.ch\/cms\/wp-json\/wp\/v2\/comments?post=193"}],"version-history":[{"count":1,"href":"https:\/\/archivista.ch\/cms\/wp-json\/wp\/v2\/pages\/193\/revisions"}],"predecessor-version":[{"id":1474,"href":"https:\/\/archivista.ch\/cms\/wp-json\/wp\/v2\/pages\/193\/revisions\/1474"}],"up":[{"embeddable":true,"href":"https:\/\/archivista.ch\/cms\/wp-json\/wp\/v2\/pages\/9613"}],"wp:attachment":[{"href":"https:\/\/archivista.ch\/cms\/wp-json\/wp\/v2\/media?parent=193"}],"curies":[{"name":"wp","href":"https:\/\/api.w.org\/{rel}","templated":true}]}}