{"id":194,"date":"2010-10-04T09:30:27","date_gmt":"2010-10-04T07:30:27","guid":{"rendered":"http:\/\/schulenwegg.ch\/cms\/?page_id=194"},"modified":"2024-03-06T10:31:18","modified_gmt":"2024-03-06T09:31:18","slug":"opensource-und-microsoft","status":"publish","type":"page","link":"https:\/\/archivista.ch\/cms\/de\/aktuell-blog\/jahre-2008-2019\/blogs-2009\/opensource-und-microsoft\/","title":{"rendered":"OpenSource und Microsoft"},"content":{"rendered":"<h1>Portok\u00e4sseli-Sponsoring und US-Patent-Klagen<\/h1>\n<p><strong><img loading=\"lazy\" decoding=\"async\" src=\"\/de\/media\/schulbank.jpg\" alt=\"\" width=\"319\" height=\"239\" align=\"right\" border=\"0\" hspace=\"5\" vspace=\"5\" \/>Pfaffhausen, 26. Februar 2009:<\/strong> Die gegenw\u00e4rtige Zeit bringt manche \u00dcberraschung mit sich. So habe ich verwundert <strong>meine Augen gerieben, als bekannt wurde, dass Microsoft als Sponsor bei der OpenExpo<\/strong> auftreten wird.<\/p>\n<p>Sollen wir uns nun freuen oder sch\u00e4men? Freuen, weil Microsoft unsere Nachfolge als OpenExpo-Sponsor antritt und wir einen prominenten Nachfolger erhalten? Oder sch\u00e4men, weil wir nun im gleichen Boot mit einer Firma sitzen, deren <strong>Chef Open Source 2001 als Krebsgeschw\u00fcr bezeichnete, <\/strong>siehe dazu auch die Meldung bei <a href=\"http:\/\/www.heise.de\/newsticker\/Microsoft-Chef-Ballmer-bezeichnet-Linux-als-Krebsgeschwuer--\/meldung\/18236\" target=\"_blank\" rel=\"noopener\"><strong>heise.<\/strong><\/a><\/p>\n<p>Bei dieser Gelegenheit taucht vielleicht die Frage auf, warum wir 2009 die OpenExpo nicht mehr sponsern. Bei einem Sponsoring-Engagement geht es nicht zuletzt darum einen Goodwill zu schaffen. Bei der OpenExpo z.B. ginge es darum zu zeigen, wir unterst\u00fctzen und leben Open Source. Im Falle der OpenExpo 2009 h\u00e4tte dies bedeutet, dass wir Hand in Hand mit Microsoft aufgetreten w\u00e4ren. <strong>Auf der gleichen Titelsei<\/strong><strong>te neben Microsoft, <\/strong><strong>ich weiss nicht, mein Herz und mein Verstand sagen mir, das geht nicht und ich mag es nicht!<\/strong><\/p>\n<h2><img loading=\"lazy\" decoding=\"async\" class=\"alignleft\" src=\"\/de\/media\/feuer.jpg\" alt=\"\" width=\"239\" height=\"319\" align=\"left\" border=\"0\" hspace=\"5\" vspace=\"5\" \/>Wer zu 899 Mio. Euro Bussgeld verurteilt wird, sollte nicht mit dem Portok\u00e4sseli Sponsoring betreiben k\u00f6nnen<\/h2>\n<p>Ich m\u00f6chte nicht missverstanden werden, ich habe an sich nichts gegen Microsoft. Ich bezweifle nur, ob es f\u00fcr uns (bzw. eine Open Source Messe) Sinn ergibt, wenn Microsoft als Sponsor auftritt. Ich pers\u00f6nlich <strong>k\u00e4me mir historisch <\/strong><strong>gesehen halt doch als krebsendes Geschw\u00fcr vor oder h\u00e4tte Angst gar selber auf dem OP-Tisch zu landen.<\/strong><\/p>\n<p>Sicher, eine Firma mag sich ver\u00e4ndern, aber dann frage ich mich, warum diese Firma noch 2008 zu einer <strong>EU-Kartellbusse von 899 Mio Euro verbrummt werden musste,<\/strong> mehr dazu bei <a href=\"http:\/\/www.heise.de\/newsticker\/Neues-Rekordbussgeld-der-EU-Kommission-gegen-Microsoft--\/meldung\/104141\" target=\"_blank\" rel=\"noopener\"><strong>heise.<\/strong><\/a> Und warum wurde Microsoft nun verurteilt? Weil der Konzern jahrelang den Auflagen der EU-Kartellw\u00e4chter nicht nachkam, die in etwa darin bestanden h\u00e4tten, den <strong>Marktkonkurrenten Zugang zu wichtigen Kommunikationsprotokollen zu gew\u00e4hren.<\/strong><\/p>\n<p>Lassen Sie es mich so sagen, seit es die Archivista-Produkte gibt, sind s\u00e4mtliche Protokolle, welche wir f\u00fcr die Kommunikation in unseren Produkten verwenden zu 100% offengelegt, f\u00fcr uns ist das eine Frage der Glaubw\u00fcrdigkeit und des Vertrauens gegen\u00fcber unseren Kunden. Fairerweise darf hier angef\u00fcgt werden, dass Microsoft eine \u00e4hnliche Strategie vor ca. 1 Jahr ank\u00fcndigte und so k\u00f6nnte das Sponsoring ja ein Beitrag in diese Richtung darstellen.<\/p>\n<p>Glauben wir gerne, nur, wenn ich die heutige Meldung <a href=\"http:\/\/www.heise.de\/newsticker\/Microsoft-verklagt-TomTom-wegen-Patentverletzung--\/meldung\/133552\" target=\"_blank\" rel=\"noopener\"><strong>&#8222;Microsoft verklagt TomTom&#8220;<\/strong><\/a> lese, dann frage ich mich, ob diese Firma wirklich lernf\u00e4hig und willens ist. In der nunmehr eingereichten Klageschrift <strong>werden in den USA Dinge eingeklagt, die sich in jedem Linux-Kernel finden<\/strong> wie z.B. das Laden von Ger\u00e4ten mit dem Fat32-Dateisystem. Im \u00fcbrigen <strong>strotzt die neuste Klageschrift von Trivialit\u00e4ten, dass ein jeder Linux-Kernel glatt den Geist aufgeben wird.<\/strong> Sagen wir es so, zum Gl\u00fcck lebt die Schweiz f\u00fcr einmal inmitten der EU <strong>(die Klage betrifft die USA, nur dort gelten die entsprechenden Patente),<\/strong> sonst w\u00fcrde ich mich an der OpenExpo definitiv nicht mehr wohl f\u00fchlen, rein rechtlich im \u00dcbrigen. Und doch, selbst wenn es uns als Schweizer Open Source Firma nicht trifft, so reicht es allemal, um einmal mehr zu verunsichern.<\/p>\n<h2>Womit Microsoft mein Vertrauen wieder herstellen k\u00f6nnte<\/h2>\n<p><img loading=\"lazy\" decoding=\"async\" src=\"\/de\/media\/essen.jpg\" alt=\"\" width=\"239\" height=\"319\" align=\"right\" border=\"0\" hspace=\"5\" vspace=\"5\" \/>Vertrauen bedingt Handeln, blosse Statements reichen nicht. Also liebe Microsoft, wenn ihr wirklich glaubhaft an einer OpenExpo als Sponsor auftreten wollt, dann <strong>liebe Microsoft lasst solche Klagen subito fallen und macht glaubhaft bei Open Source mit, ein Portok\u00e4sseli-Sponsoring reicht dazu nicht.<\/strong><\/p>\n<p>Gerne m\u00f6chte ich einige Beispiele vorschlagen: Wie w\u00e4re es mit der <strong>Freigabe der Sourcen von alten Windows-Versionen?<\/strong> Oder einer l\u00fcckenlosen <strong>Publikation der Dateisystemtreiber bis und mit NTFS?<\/strong> Immerhin, die Office-Dateien haben wir mittlerweile. Allerdings, \u00fcber ein Jahrzehnt konnten wir <strong>keine Microsoft Office-Datei archivieren, ohne zus\u00e4tzlich ein Microsoft Office-Paket zu installieren. <\/strong>Mittlerweile erledigt dies die ArchivistaBox so ganz nebenbei. Und zum Abschluss noch dies, <strong>wenn ihr alle Browser (Firefox, Opera, Safari, Chrome) mit auf der Platte installieren w\u00fcrdet,<\/strong> dann w\u00e4re auch das toll.<\/p>\n<p>Und ja, wir haben an der OpenExpo jetzt einen Projektstand, es w\u00e4re an der Zeit, wenn ich eine <strong>native Explorer-Version unter Linux h\u00e4tte,<\/strong> dann br\u00e4uchten wir f\u00fcr diese Tests nicht immer erst eine lizenzierte Windows-Maschine zu starten. Nat\u00fcrlich, ich kann den Explorer ja in Wine laufen lassen, dumm nur, dass ich mich gerade durch solche Klageschriften wie oben beschrieben verunsichert f\u00fchle.<\/p>\n<h2>Warum wir trotzdem an der OpenExpo teilnehmen<\/h2>\n<p>Nun, und warum machen wir nun doch mit? Wir denken, gerade in einer Zeit, wo der Begriff Open Source zunehmend &#8222;verw\u00e4ssert&#8220; wird, <strong>tut es einer Messe wie der OpenExpo gut, wenn dar\u00fcber anhand von Produkten gesprochen und verglichen werden kann.<\/strong> Von Produkten, die businesstauglich sind und gleichzeitig den Gedanken von Open Source nachleben.<\/p>\n<p>Und ja, wir sind schon auch stolz darauf, an der OpenExpo zeigen zu k\u00f6nnen, <strong>dass wir mit Open Source mit bescheidenstem Aufwand weit mehr erreichen k\u00f6nnen als dies je unter Closed Source m\u00f6glich gewesen w\u00e4re.<\/strong> Wir laden Sie gerne ein, bei uns bzw. an den St\u00e4nden unserer Partner, ja gar an s\u00e4mtlichen St\u00e4nden \u00fcber Open Source, was es ist und warum Offenheit und Vertrauen Sinn ergeben zu diskutieren. In diesem Sinne freuen wir uns auf die OpenExpo vom 1.\/2. April 2009 in Bern.<\/p>\n\n\n\n\t<div class=\"dkpdf-button-container\" style=\"            text-align:right \">\n\n\t\t<a class=\"dkpdf-button\" href=\"\/cms\/wp-json\/wp\/v2\/pages\/194?pdf=194\" target=\"_blank\"><span class=\"dkpdf-button-icon\"><i class=\"fa fa-file-pdf-o\"><\/i><\/span> PDF Button<\/a>\n\n\t<\/div>\n\n\n\n\n\n","protected":false},"excerpt":{"rendered":"<p>Portok\u00e4sseli-Sponsoring und US-Patent-Klagen Pfaffhausen, 26. Februar 2009: Die gegenw\u00e4rtige Zeit bringt manche \u00dcberraschung mit sich. So habe ich verwundert meine Augen gerieben, als bekannt wurde, dass Microsoft als Sponsor bei der OpenExpo auftreten wird. Sollen wir uns nun freuen oder sch\u00e4men? Freuen, weil Microsoft unsere Nachfolge als OpenExpo-Sponsor antritt und wir einen prominenten Nachfolger erhalten? [&hellip;]<\/p>\n","protected":false},"author":1,"featured_media":0,"parent":193,"menu_order":335,"comment_status":"closed","ping_status":"closed","template":"","meta":{"_acf_changed":false,"footnotes":""},"class_list":["post-194","page","type-page","status-publish","hentry"],"acf":[],"_links":{"self":[{"href":"https:\/\/archivista.ch\/cms\/wp-json\/wp\/v2\/pages\/194","targetHints":{"allow":["GET"]}}],"collection":[{"href":"https:\/\/archivista.ch\/cms\/wp-json\/wp\/v2\/pages"}],"about":[{"href":"https:\/\/archivista.ch\/cms\/wp-json\/wp\/v2\/types\/page"}],"author":[{"embeddable":true,"href":"https:\/\/archivista.ch\/cms\/wp-json\/wp\/v2\/users\/1"}],"replies":[{"embeddable":true,"href":"https:\/\/archivista.ch\/cms\/wp-json\/wp\/v2\/comments?post=194"}],"version-history":[{"count":4,"href":"https:\/\/archivista.ch\/cms\/wp-json\/wp\/v2\/pages\/194\/revisions"}],"predecessor-version":[{"id":10131,"href":"https:\/\/archivista.ch\/cms\/wp-json\/wp\/v2\/pages\/194\/revisions\/10131"}],"up":[{"embeddable":true,"href":"https:\/\/archivista.ch\/cms\/wp-json\/wp\/v2\/pages\/193"}],"wp:attachment":[{"href":"https:\/\/archivista.ch\/cms\/wp-json\/wp\/v2\/media?parent=194"}],"curies":[{"name":"wp","href":"https:\/\/api.w.org\/{rel}","templated":true}]}}