{"id":195,"date":"2010-10-04T11:19:07","date_gmt":"2010-10-04T09:19:07","guid":{"rendered":"http:\/\/schulenwegg.ch\/cms\/?page_id=195"},"modified":"2015-06-10T11:55:38","modified_gmt":"2015-06-10T09:55:38","slug":"linuxdayat-09","status":"publish","type":"page","link":"https:\/\/archivista.ch\/cms\/de\/aktuell-blog\/jahre-2008-2019\/blogs-2009\/linuxdayat-09\/","title":{"rendered":"linuxday.at 09"},"content":{"rendered":"<h1>Linuxday.at 2009 mit <a target=\"_blank\" href=\"\/de\/media\/linuxday09-kvm-archivistavm.pdf\">Vortrag zu unserem Virtualisierungsprojekt ArchivistaVM<\/a><\/h1>\n<p><strong>Linuxday.at 2009 vom 28. November in Dornbirn (A):<\/strong> Bereits zum wiederholten Male haben wir am linuxday.at, der traditionell im letzten Novemberwochenende stattfindet, teilgenommen.<\/p>\n<p><img loading=\"lazy\" decoding=\"async\" border=\"0\" align=\"right\" width=\"308\" vspace=\"5\" hspace=\"5\" height=\"218\" src=\"\/de\/media\/LinuxDay-Flyer-2009.png\" alt=\"\" \/> Es gibt ganz sicher gr\u00f6ssere Messen, und doch fahren wir jedes Jahr wieder gerne nach Dornbirn an den linuxday.at. Und so war es auch dieses Jahr. Dabei haben wir unsere Produkte pr\u00e4sentiert und auch ein Vortrag zum Thema <a href=\"\/de\/media\/linuxday09-kvm-archivistavm.pdf\" target=\"_blank\"><strong>&#8218;Virtualisierung mit KVM und Debian&#8216;<\/strong><\/a> gab es von unserer Seite. Das entsprechende <a href=\"\/de\/media\/linuxday09-kvm-archivistavm.pdf\" target=\"_blank\"><strong>Vortragsskript kann hier<\/strong><\/a> und ebenfalls auf <a href=\"http:\/\/www.linuxday.at\/userfiles\/linuxday09-kvm-archivistavm.pdf\" target=\"_blank\"><strong>linuxday.at<\/strong><\/a> bezogen werden.<\/p>\n<h3>Gut besuchte und spannende Vortr\u00e4ge<\/h3>\n<p>Die einzelnen Vortr\u00e4ge waren gut besucht, die Themen spannend und insbesondere die Idee, jeweils zwei Stunden f\u00fcr Kurzvortr\u00e4ge \u00e0 10 Minuten zu reservieren, fand sowohl bei den Vortragenden als auch bei den Besucher\/innen viel Anklang.<\/p>\n<p>Generell war der linuxday.at auch dieses Jahr wieder gut besucht, einzig die Anzahl St\u00e4nde war nach meinem Eindruck auch schon gr\u00f6sser. Die Verantstaltung war sehr gut organisiert. Dies ist bei einer Veranstaltung, die in ehrenamtlicher Arbeit organisiert wird, und f\u00fcr die Besuchenden kostenlos ist, ganz sicher keine Selbstverst\u00e4ndlichkeit. Daher ein grosses Dankesch\u00f6n an das OK.<\/p>\n<h3>K\u00e4sesp\u00e4tzle-Essen f\u00fcr OK-Team und Standbetreuer\/innen<\/h3>\n<p>Das OK-Team suchte bereits w\u00e4hrend des Tages neue Helfer\/innen f\u00fcrs n\u00e4chste Jahr. Als &#8218;kleine&#8216; Entsch\u00e4digung lockt f\u00fcr das OK-Team und die Standbetreuer abends ein feines K\u00e4sesp\u00e4tzle-Essen in einem gem\u00fctlichen Lokal in der Innenstadt von Dornbirn.<\/p>\n<p>Im \u00fcbrigen ist mir aufgefallen, dass sehr viele Besucher aus der Schweiz da waren, obwohl es ja in der Schweiz an sich vergleichbare Events (OpenExpo) gibt. Ich denke, dies liegt wohl daran, dass der linuxday.at an einem Samstag stattfindet und so ganz einfach viele hinfahren k\u00f6nnen, ohne gerade einen Ferientag &#8218;opfern&#8216; zu m\u00fcssen. In diesem Sinne freuen wir uns auf den <a href=\"http:\/\/www.linuxday.at\" target=\"_blank\"><strong>linuxday.at<\/strong><\/a> im n\u00e4chsten Jahr.<\/p>\n\n\n\n\t<div class=\"dkpdf-button-container\" style=\"            text-align:right \">\n\n\t\t<a class=\"dkpdf-button\" href=\"\/cms\/wp-json\/wp\/v2\/pages\/195?pdf=195\" target=\"_blank\"><span class=\"dkpdf-button-icon\"><i class=\"fa fa-file-pdf-o\"><\/i><\/span> PDF Button<\/a>\n\n\t<\/div>\n\n\n\n\n\n","protected":false},"excerpt":{"rendered":"<p>Linuxday.at 2009 mit Vortrag zu unserem Virtualisierungsprojekt ArchivistaVM Linuxday.at 2009 vom 28. November in Dornbirn (A): Bereits zum wiederholten Male haben wir am linuxday.at, der traditionell im letzten Novemberwochenende stattfindet, teilgenommen. Es gibt ganz sicher gr\u00f6ssere Messen, und doch fahren wir jedes Jahr wieder gerne nach Dornbirn an den linuxday.at. Und so war es auch [&hellip;]<\/p>\n","protected":false},"author":1,"featured_media":0,"parent":193,"menu_order":346,"comment_status":"closed","ping_status":"closed","template":"","meta":{"_acf_changed":false,"footnotes":""},"class_list":["post-195","page","type-page","status-publish","hentry"],"acf":[],"_links":{"self":[{"href":"https:\/\/archivista.ch\/cms\/wp-json\/wp\/v2\/pages\/195","targetHints":{"allow":["GET"]}}],"collection":[{"href":"https:\/\/archivista.ch\/cms\/wp-json\/wp\/v2\/pages"}],"about":[{"href":"https:\/\/archivista.ch\/cms\/wp-json\/wp\/v2\/types\/page"}],"author":[{"embeddable":true,"href":"https:\/\/archivista.ch\/cms\/wp-json\/wp\/v2\/users\/1"}],"replies":[{"embeddable":true,"href":"https:\/\/archivista.ch\/cms\/wp-json\/wp\/v2\/comments?post=195"}],"version-history":[{"count":0,"href":"https:\/\/archivista.ch\/cms\/wp-json\/wp\/v2\/pages\/195\/revisions"}],"up":[{"embeddable":true,"href":"https:\/\/archivista.ch\/cms\/wp-json\/wp\/v2\/pages\/193"}],"wp:attachment":[{"href":"https:\/\/archivista.ch\/cms\/wp-json\/wp\/v2\/media?parent=195"}],"curies":[{"name":"wp","href":"https:\/\/api.w.org\/{rel}","templated":true}]}}