{"id":198,"date":"2012-11-26T11:28:31","date_gmt":"2012-11-26T10:28:31","guid":{"rendered":"http:\/\/schulenwegg.ch\/cms\/?page_id=198"},"modified":"2015-06-10T11:59:00","modified_gmt":"2015-06-10T09:59:00","slug":"demo-archiv-mit-5-mio-seiten","status":"publish","type":"page","link":"https:\/\/archivista.ch\/cms\/de\/aktuell-blog\/jahre-2008-2019\/blogs-2009\/demo-archiv-mit-5-mio-seiten\/","title":{"rendered":"Demo-Archiv mit 5 Mio Seiten"},"content":{"rendered":"<p><meta http-equiv=\"Content-Type\" content=\"text\/html; charset=UTF-8\" \/><\/p>\n<h1>Gutenberg II: 5 Mio. Seiten und mehr als 27&#8217;000 B\u00fccher unter <a target=\"_blank\" href=\"http:\/\/www.freearchives.ch\/demo\">www.freearchives.ch\/demo<\/a><\/h1>\n<p><strong>Pfaffhausen, 20. Mai 2009:<\/strong> Im Jahre 2004 ben\u00f6tigten wir f\u00fcr eine Testdatenbank Daten. Dabei sind wir auf das Projekt Gutenberg aufmerksam geworden. Beim <a target=\"_blank\" href=\"http:\/\/www.gutenberg.org\"><strong>Projekt Gutenberg<\/strong><\/a> werden alte (copyrightfreie) B\u00fccher gescannt und neu gesetzt. Die Resultate werden im Internet zum freien Download ver\u00f6ffentlicht. Das Projekt wurde bereits 1971 ins Leben gerufen und leider ist das Benutzerinterface nicht unbedingt eine Augenweide. Im besten Falle k\u00f6nnen die Texte als HTML-Datei betrachtet werden, eine Freitextsuche gibt es nicht.<\/p>\n<h2>Gutenberg I: Ein erster Versuch im Jahre 2004<\/h2>\n<p>Aus diesem Grunde realisierten wir im Jahre 2004 eine Testdatenbank mit ca. 2 Millionen Seiten und stellten die B\u00fccher zum Download bereit. Mehr Informationen zum Projekt finden Sie im <a target=\"_blank\" href=\"\/de\/media\/bookserver2.pdf\"><strong>damaligen Positionspapier.<\/strong><\/a> Der Erfolg damals war etwas zwiesp\u00e4ltig. Zwar wurden die B\u00fccher gut und gerne bezogen, eine aktivere Mitarbeit durch die Community ist allerdings nicht zustande gekommen.<\/p>\n<p><img loading=\"lazy\" decoding=\"async\" align=\"baseline\" width=\"558\" vspace=\"5\" hspace=\"5\" height=\"195\" alt=\"\" src=\"\/de\/media\/sheeps2.jpg\" \/><\/p>\n<p>Immerhin, das Testarchiv diente uns sp\u00e4ter bei der Entwicklung der ArchivistaBox als wertvolle Testumgebung. Leider (die ArchivistaBox-Systeme hatten Priorit\u00e4t) haben wir die damalige Gutenberg-Datenbank nie auf die endg\u00fcltige ArchivistaBox migriert. Weiter hatte die damalige L\u00f6sung den Nachteil, dass nur die Texte der B\u00fccher (ohne die Illustrationen) ver\u00f6ffentlicht wurden.<\/p>\n<h2>Verein freearchives.ch realisiert Gutenberg II<\/h2>\n<p><img loading=\"lazy\" decoding=\"async\" align=\"right\" width=\"280\" vspace=\"5\" hspace=\"5\" height=\"190\" alt=\"\" src=\"\/de\/media\/gutenberg2a.png\" \/>Im Jahre 2006 habe ich als Mitinitiator den Verein freearchives.ch ins Leben gerufen. Der Verein bezweckt die F\u00f6rderung der Archivierung langlebiger Daten. Nachdem in den letzten zwei Jahren eine stattliche Anzahl an Mitgliedern zum Verein gestossen sind, hat der Verein bisher einige OpenSource-Projekte (z.B. exactimage) unterst\u00fctzt.<\/p>\n<p>Dank viel Fronarbeit kann der Verein freearchives.ch heute eine rundum erneuerte Version, d.h. Gutenberg II auf dem Vereinsrechner pr\u00e4sentieren. So finden sich neu unter <a target=\"_blank\" href=\"http:\/\/www.freearchives.ch\/demo\"><strong>freearchives.ch\/demo<\/strong><\/a> mehr als 27&#8217;000 B\u00fccher mit ca. 5 Millionen von Seiten. Im Zeitalter, wo der Markt f\u00fcr digitale B\u00fccher fast ausschliesslich durch einen Player dominiert wird, m\u00f6gen 27&#8217;000 B\u00fccher nicht unbedingt herausragend erscheinen. Allerdings m\u00f6chte ich doch die folgenden Pluspunkte bei <a target=\"_blank\" href=\"http:\/\/www.freearchives.ch\/demo\"><strong>freearchives.ch\/demo<\/strong><\/a> anf\u00fchren.<\/p>\n<h2>Darum ist www.freearchives.ch\/demo eine offene und freie L\u00f6sung<\/h2>\n<p><strong>a) Die L\u00f6sung basiert auf OpenSource.<\/strong> Bei <a href=\"http:\/\/www.freearchives.ch\/demo\"><strong>freearchives.ch\/demo<\/strong><\/a> kommt eine Standard-ArchivistaBox zum Einsatz. Ich denke, dieser Punkt wird heute vernachl\u00e4ssigt. Zwar beteuern grosse Player immer wieder, wie wichtig ihnen OpenSource sei, doch die eigenen Sourcen ver\u00f6ffentlichen, davon ist kaum je die Rede. Wie soll eine L\u00f6sung aber langfristig funktionieren, wenn die Verf\u00fcgbarkeit genau von einer (juristischen) Person bzw. den dahintersteckenden Aktion\u00e4ren) abh\u00e4ngt?<\/p>\n<p><strong>b) Die L\u00f6sung l\u00e4uft auf einem einzigen kleinen Box-Rechner.<\/strong> Im Zeitalter, wo fast \u00fcberall Data-Centers aus dem Boden spriessen, mag das als wenig beeindruckend erscheinen. Bendenken wir aber, was f\u00fcr einen Aufwand es bedarf, Data-Centers bzw. Cluster am Leben zu erhalten, so erscheint uns ein einfachster Betrieb f\u00fcr eine langfristig ausgelegte L\u00f6sung allerdings nach wie vor matchentscheidend.<\/p>\n<p><strong>c) Werbefreie Inhalte:<\/strong> Zwar ist heute vieles auf dem Netz gratis, inklusive st\u00e4ndiger Bewerbung. Wer allerdings genauer hinsieht, wird schnell entdecken, dass frei nicht gleich frei bedeutet. Was heisst nun nichtkommerzieller Inhalt und warum darf ich den Inhalt nur als Privatperson beziehen? All diese Einschr\u00e4nkungen sollten nicht sein, m\u00fcssen nicht sein. Zwar wird auch <a target=\"_blank\" href=\"http:\/\/www.freearchives.ch\/demo\"><strong>freearchives.ch\/demo<\/strong><\/a> ein Minimum an Kosten verursachen, aber offen gestanden sind diese f\u00fcr die n\u00e4chsten Jahre bereits heute durch die Mitgliederbeitr\u00e4ge problemlos gedeckt.<\/p>\n<p><img loading=\"lazy\" decoding=\"async\" align=\"baseline\" width=\"564\" vspace=\"5\" hspace=\"5\" height=\"387\" alt=\"\" src=\"\/de\/media\/gutenberg3b.jpg\" \/><\/p>\n<p>Nun aber w\u00fcnschen wir viel Spass mit Gutenberg II. Denn wie gesagt, statt st\u00f6render Werbeeinblendungen k\u00f6nnen Sie die B\u00fccher ganz ohne Plugins online lesen. Oder, seien wir ehrlich, falls Sie ein Buch wirklich lesen m\u00f6chten, werden Sie es wohl offline als PDF-Datei ausdrucken. Dazu ein <strong>Tipp zum Ausdrucken: Die B\u00fccher wurden so erzeugt, dass Sie von A4 nach A5 verkleinert eine optimale Schriftgr\u00f6sse enthalten.<\/strong><\/p>\n<p>Und noch etwas, falls Sie die <strong>Daten auf einer USB-Festlatte<\/strong> erhalten m\u00f6chten, dann laden wir Sie herzlich dazu ein, <a href=\"http:\/\/www.freearchives.ch\"><strong>Mitglied beim Verein freearchives.ch<\/strong><\/a> zu werden. Sobald Sie die Best\u00e4tigung zur Mitgliedschaft erhalten (das kann einige Zeit bzw. Wochen Zeit in Anspruch nehmen), k\u00f6nnen Sie die Daten auf einer USB-Festplatte (>400GB) beziehen. Oder noch besser, helfen Sie dem Verein freearchives.ch mit, das Online-Archiv zu erweitern.<\/p>\n\n\n\n\t<div class=\"dkpdf-button-container\" style=\"            text-align:right \">\n\n\t\t<a class=\"dkpdf-button\" href=\"\/cms\/wp-json\/wp\/v2\/pages\/198?pdf=198\" target=\"_blank\"><span class=\"dkpdf-button-icon\"><i class=\"fa fa-file-pdf-o\"><\/i><\/span> PDF Button<\/a>\n\n\t<\/div>\n\n\n\n\n\n","protected":false},"excerpt":{"rendered":"<p>Gutenberg II: 5 Mio. Seiten und mehr als 27&#8217;000 B\u00fccher unter www.freearchives.ch\/demo Pfaffhausen, 20. Mai 2009: Im Jahre 2004 ben\u00f6tigten wir f\u00fcr eine Testdatenbank Daten. Dabei sind wir auf das Projekt Gutenberg aufmerksam geworden. Beim Projekt Gutenberg werden alte (copyrightfreie) B\u00fccher gescannt und neu gesetzt. Die Resultate werden im Internet zum freien Download ver\u00f6ffentlicht. Das [&hellip;]<\/p>\n","protected":false},"author":1,"featured_media":0,"parent":193,"menu_order":344,"comment_status":"closed","ping_status":"closed","template":"","meta":{"_acf_changed":false,"footnotes":""},"class_list":["post-198","page","type-page","status-publish","hentry"],"acf":[],"_links":{"self":[{"href":"https:\/\/archivista.ch\/cms\/wp-json\/wp\/v2\/pages\/198","targetHints":{"allow":["GET"]}}],"collection":[{"href":"https:\/\/archivista.ch\/cms\/wp-json\/wp\/v2\/pages"}],"about":[{"href":"https:\/\/archivista.ch\/cms\/wp-json\/wp\/v2\/types\/page"}],"author":[{"embeddable":true,"href":"https:\/\/archivista.ch\/cms\/wp-json\/wp\/v2\/users\/1"}],"replies":[{"embeddable":true,"href":"https:\/\/archivista.ch\/cms\/wp-json\/wp\/v2\/comments?post=198"}],"version-history":[{"count":0,"href":"https:\/\/archivista.ch\/cms\/wp-json\/wp\/v2\/pages\/198\/revisions"}],"up":[{"embeddable":true,"href":"https:\/\/archivista.ch\/cms\/wp-json\/wp\/v2\/pages\/193"}],"wp:attachment":[{"href":"https:\/\/archivista.ch\/cms\/wp-json\/wp\/v2\/media?parent=198"}],"curies":[{"name":"wp","href":"https:\/\/api.w.org\/{rel}","templated":true}]}}