{"id":199,"date":"2012-11-26T11:35:11","date_gmt":"2012-11-26T10:35:11","guid":{"rendered":"http:\/\/schulenwegg.ch\/cms\/?page_id=199"},"modified":"2015-06-10T20:39:35","modified_gmt":"2015-06-10T18:39:35","slug":"scanbox-albis","status":"publish","type":"page","link":"https:\/\/archivista.ch\/cms\/de\/aktuell-blog\/jahre-2008-2019\/blogs-2009\/scanbox-albis\/","title":{"rendered":"ScanBox Albis"},"content":{"rendered":"<h1>ArchivistaBox Albis: Die kleinste ArchivistaBox schafft 70 Farbseiten bei 300dpi die Minute<\/h1>\n<p><strong>Pfaffhausen, 9. Juni 2009:<\/strong> Wir freuen uns sehr, heute die brandneue ArchivistaBox Albis vorstellen zu d\u00fcrfen. Nicht nur dass wir mit der Albis ScanBox die <strong>kleinste ArchivistaBox, <\/strong>die es je gab, auf den Markt bringen <strong>(ganze 148g wiegt die AlbisBox noch),<\/strong> auch beim Preis k\u00f6nnen wir Ihnen ein unwiderstehliches Angebot machen, kostet die ArchivistaBox Albis doch noch ganze sFr. 390, bzw. Euro 300.&#8211; (exkl. Wartung).<\/p>\n<p><img loading=\"lazy\" decoding=\"async\" border=\"0\" align=\"baseline\" width=\"585\" vspace=\"5\" hspace=\"5\" height=\"265\" alt=\"\" src=\"\/de\/media\/albis_img.jpg\" \/><\/p>\n<p>Doch lassen Sie mich erkl\u00e4ren, warum wir die ArchivistaBox Albis zu diesen Konditionen entwickeln konnten. An sich sind die <strong>Preise der ArchivistaBoxen sehr kompetitiv.<\/strong> Nicht nur dass es kaum eine andere DMS-L\u00f6sung boxbasierend auf dem Markt gibt, unsere Systeme skalieren (gerade dank dem Box-Konzept) extrem gut in s\u00e4mtlichen Leistungsklassen.<\/p>\n<p>Einzig bei den Scan-Statitionen (den Modellen Mythen und Rothorn) konnten wir bisher nur bedingt bedingungslos geniale Angebote unterbreiten, waren die Scan-Stationen doch nichts anderes als softwaretechnisch abgespeckte Server-Modelle. Dies f\u00fchrte bei den Scan-Statiionen dazu, dass diese Maschinen auf der einten Seite fast zuviel Leistung enthielten (z.B. Festplatte, Ram), auf der anderen Seite aber f\u00fcr das Scannen nicht zu 100 Prozent optimiert werden konnten, weil s\u00e4mtliche Dienste und Services des ArchivistaBox-Servers mitliefen.<\/p>\n<p><img loading=\"lazy\" decoding=\"async\" border=\"0\" align=\"right\" width=\"216\" vspace=\"5\" hspace=\"5\" height=\"322\" alt=\"\" src=\"\/de\/media\/albis_box.jpg\" \/>Die ArchivistaBox Albis bringt hier 100 Prozent Leistung f\u00fcr das Scannen mit. So verf\u00fcgt diese kleine Box zwar nur \u00fcber eine moderate Hardware-Leistung (32 MB RAM, 8 MB Flashdisk), sie wurde aber in einem Masse f\u00fcr das Scannen optimiert, dass sie <strong>gut und gerne 70 Bilder pro Minute in Farbe und bei 300dpi verarbeiten kann.<\/strong> Im Moment werden die Canon- und Fujitsu-Dokumentenscanner unterst\u00fctzt. In optimalster Symbiose l\u00e4sst sich die ArchivistaBox Albis zusammen mit einem Fujitsu fi-6130 betreiben. Bei der ArchivistaBox Alibs wird entweder \u00fcber ein KeyPad (numerischer Zahlenblock) oder \u00fcber die scannereigenen Tasten gescannt, was gerade beim fi-6130 in herrvorragender Weise m\u00f6glich ist.<\/p>\n<p>Offen gestanden, h\u00e4tte mir jemand noch vor zwei Jahren gesagt, dass es im Jahre 2009 einen netzwerkf\u00e4higen Scanner mit 70 Bildern pro Minute, mit JPEG-Scanning und automatischer Doppelseitenerkennung f\u00fcr weniger als sFr. 2000 bzw. Euro 1300.&#8211; geben wird, h\u00e4tte ich ihn verr\u00fcckt erkl\u00e4rt. Umso mehr freuen wir uns nat\u00fcrlich dar\u00fcber, dass wir Ihnen dieses Angebot unterbreiten d\u00fcrfen.<\/p>\n<p>Als kleiner Vergleich sei darauf hingewiesen, dass die optinal erh\u00e4ltlichen Netzwerkboxen der Hersteller irgendwo bei sFr. 800 bzw. Euro 500.&#8211; liegen. Wie gesagt, die <strong>ArchivistaBox Albis kostet sFr. 390 bzw. Euro 300.&#8211; (exkl. Wartung).<\/strong> Sie k\u00f6nnen die ArchivistaBox Albis in K\u00fcrze direkt \u00fcber unsere Vertriebspartner oder auch im WebShop beziehen. Die Ger\u00e4te werden direkt ab unserem Lager ausgeliefert. Und ja, was ich fast noch vergessen h\u00e4tte, selbstverst\u00e4ndlich liefern wir die Sourcen zur ArchivistaBox Albis mit, denn die <strong>ArchivistaBox Albis ist OpenSource<\/strong> und arbeitet (wie alle anderen ArchivistaBoxen auch) mit den frei erh\u00e4tlichen Sane-Treibern.<\/p><\/p>\n\n\n\n\t<div class=\"dkpdf-button-container\" style=\"            text-align:right \">\n\n\t\t<a class=\"dkpdf-button\" href=\"\/cms\/wp-json\/wp\/v2\/pages\/199?pdf=199\" target=\"_blank\"><span class=\"dkpdf-button-icon\"><i class=\"fa fa-file-pdf-o\"><\/i><\/span> PDF Button<\/a>\n\n\t<\/div>\n\n\n\n\n\n","protected":false},"excerpt":{"rendered":"<p>ArchivistaBox Albis: Die kleinste ArchivistaBox schafft 70 Farbseiten bei 300dpi die Minute Pfaffhausen, 9. Juni 2009: Wir freuen uns sehr, heute die brandneue ArchivistaBox Albis vorstellen zu d\u00fcrfen. Nicht nur dass wir mit der Albis ScanBox die kleinste ArchivistaBox, die es je gab, auf den Markt bringen (ganze 148g wiegt die AlbisBox noch), auch beim [&hellip;]<\/p>\n","protected":false},"author":1,"featured_media":0,"parent":193,"menu_order":345,"comment_status":"closed","ping_status":"closed","template":"","meta":{"_acf_changed":false,"footnotes":""},"class_list":["post-199","page","type-page","status-publish","hentry"],"acf":[],"_links":{"self":[{"href":"https:\/\/archivista.ch\/cms\/wp-json\/wp\/v2\/pages\/199","targetHints":{"allow":["GET"]}}],"collection":[{"href":"https:\/\/archivista.ch\/cms\/wp-json\/wp\/v2\/pages"}],"about":[{"href":"https:\/\/archivista.ch\/cms\/wp-json\/wp\/v2\/types\/page"}],"author":[{"embeddable":true,"href":"https:\/\/archivista.ch\/cms\/wp-json\/wp\/v2\/users\/1"}],"replies":[{"embeddable":true,"href":"https:\/\/archivista.ch\/cms\/wp-json\/wp\/v2\/comments?post=199"}],"version-history":[{"count":0,"href":"https:\/\/archivista.ch\/cms\/wp-json\/wp\/v2\/pages\/199\/revisions"}],"up":[{"embeddable":true,"href":"https:\/\/archivista.ch\/cms\/wp-json\/wp\/v2\/pages\/193"}],"wp:attachment":[{"href":"https:\/\/archivista.ch\/cms\/wp-json\/wp\/v2\/media?parent=199"}],"curies":[{"name":"wp","href":"https:\/\/api.w.org\/{rel}","templated":true}]}}