{"id":202,"date":"2012-11-26T12:06:35","date_gmt":"2012-11-26T11:06:35","guid":{"rendered":"http:\/\/schulenwegg.ch\/cms\/?page_id=202"},"modified":"2015-06-10T11:56:06","modified_gmt":"2015-06-10T09:56:06","slug":"archivistavm-summit-server","status":"publish","type":"page","link":"https:\/\/archivista.ch\/cms\/de\/aktuell-blog\/jahre-2008-2019\/blogs-2009\/archivistavm-summit-server\/","title":{"rendered":"ArchivistaVM Summit-Server"},"content":{"rendered":"<h1><a target=\"_blank\" href=\"http:\/\/shop.archivista.ch\/oscommerce\/catalog\/product_info.php?cPath=27&#038;products_id=71\">ArchivistaVM Summit:<\/a> Windows- und Linux-Virtualisierung mit KVM f\u00fcr KMU<\/h1>\n<p><strong>Pfaffhausen 7. Juli 2009:<\/strong> Bei der Entwicklung der ArchivistaBox Matterhorn sind wir im Rahmen eines Kundenprojektes mit einer Offerte f\u00fcr die Virtualisierung in einem klassischen KMU-Unternehmen konfrontiert worden. Die erste Offerte des Hardwarelieferanten des Kunden umfasste einen sechsstelligen Betrag f\u00fcr den Aufbau einer Virtualisierungsinfrastruktur.<\/p>\n<p><img loading=\"lazy\" decoding=\"async\" border=\"0\" align=\"baseline\" width=\"600\" vspace=\"5\" hspace=\"5\" height=\"114\" alt=\"\" src=\"\/de\/media\/avvm\/summit2a.jpg\" \/><\/p>\n<p>Der Kunde ist an uns gelangt mit der Anfrage, ob es uns m\u00f6glich w\u00e4re, eine Virtualisierungsl\u00f6sung mit Ubuntu zu offerieren. Wir haben darauf zwei Angebote unterbreitet: Rack-Server sowie die ArchivistaBox Matterhorn. Erkl\u00e4rtes und realisiertes Ziel war es, eine L\u00f6sung mit einem vierstelligen Frankenbetrag zu realisieren. Da wir bei der ArchivistaBox Matterhorn ein besseres Preis-\/Leistungsverh\u00e4ltnis anbieten konnten, hat der Kunde sich f\u00fcr die boxbasierte L\u00f6sung entschieden.<\/p>\n<h2>Darum gibt es die ArchivistaVM-Server<\/h2>\n<p>Bei der n\u00e4heren Begutachtung von Ubuntu sind wir auf ein Virtualisierungsprodukt gestossen, das uns sehr begeisterte und haargenau auf die Bed\u00fcrfnisse einer KMU-Unternehmung passt. Einmal wird Debian Lenny verwendet, weiter wird KVM f\u00fcr die Virtualisierung angeboten und (hier waren wir mit Ubuntu nicht zufrieden) gibt es ein grafisches webbasiertes Frontend. Zusammen mit der ArchivistaBox Matterhorn ist ein Virtualisierungsprodukt entstanden, das sowohl bei uns als auch bei unserem Kunden im Produktiv-Einsatz steht.<\/p>\n<p>Als besonderen Leckerbissen bietet die ArchivistaBox Summit Virtualisierung im Cluster-Modus an. Dabei k\u00f6nnen mehrere ArchivistaBox-Summit-Systeme betrieben werden. Selbst eine Live-Migration einer Instanz von einer ArchivistaBox auf die n\u00e4chste kann im Web-Interface vorgenommen werden. A propos Web-Interface, die ArchivistaBox Summit  bietet weit mehr als nur ein Verwaltungsinterface im Browser an.<\/p>\n<h2>In 10 Sekunden starten Sie jedes Windows oder Linux im Browser<\/h2>\n<p>Ein\/e jede\/r Administrator\/in kennt den Gang in den Server-Raum zur Gen\u00fcge. Mit der ArchivitaBox Summit starten Sie jedes Betriebssystem direkt im Browser. Sie k\u00f6nnen im Web-Browser s\u00e4mtliche Bios-Einstellungen vornehmen, jedes Update zu 100% \u00fcberwachen und ben\u00f6tigen dazu keine zus\u00e4tzliche Software. Ebenso k\u00f6nnen Sie ein Backup einer im Betrieb befindlichen Instanz erstellen. Lauter Dinge, welche Sie mit hardwarebasierten Servern nur mit einer Boot-CD, dem Gang in den Server-Raum und teurer Software realisieren k\u00f6nn(t)en.<\/p>\n<h2>Das legend\u00e4re Archivista-Kozept f\u00fcr die Virtualisierung Out-of-the-Box<\/h2>\n<p>Seit 11 Jahren liefern wir DMS-L\u00f6sungen aus. Seit mehr als vier Jahren verwenden wir dabei boxbasierende L\u00f6sungen. Dadurch entfallen sowohl Installations- als auch Wartungsarbeiten. Die ArchivistaBox Summit ist entstanden, weil wir f\u00fcr unsere Kunden die ArchivistaBox-Systeme auch virtualisiert ausliefern wollten. Die ArchivistaBox Summit kann s\u00e4mtliche 32- und 64-Bit-Betriebssysteme virtualisieren.<\/p>\n<p>Dabei kommt OpenSource-Software zum Einsatz. Durch unsere grosse Erfahrung mit boxbasierenden L\u00f6sungen war es uns m\u00f6glich, die ArchivistaBox Summit zu entwickeln. Wir k\u00f6nnen Ihnen so ein Virtualisierungsprodukt anbieten, das von der Bauform und dem Stromverbrauch her einzigartig ist. Und dies zu einem Preis, vom dem jede\/r IT-Verantwortliche bisher nur tr\u00e4umen konnte.<\/p>\n<h2>Professionelle Virtualisierung ab sFr. 3990.&#8211;<\/h2>\n<p>Die ArchivistaBox Summit erhalten Sie f\u00fcr sFr. 3990.&#8211;. Technische Daten: Quad-Core-Maschine, 8 GB Ram, Hot-Swap-Laufwerke mit 2 TByte (redundant, native 4 TByte), schnellem Hardware-Raid-Controller mit Cache und Batteriemodul f\u00fcr Ausfallsicherheit. Stromverbrauch: ca. 80 bis 120 Watt (je nach Ausbau und Last der Maschine). Jede ArchivistaBox Summit kann erweitert werden. Dabei stehen Ihnen 4 bzw. 6 TByte (8 TByte native) an Speicher zur Verf\u00fcgung (je nach Raid-Konfiguration), genauso kann die Box mit 16 GByte Ram best\u00fcckt werden.<\/p>\n<h2><img loading=\"lazy\" decoding=\"async\" border=\"0\" align=\"baseline\" width=\"599\" vspace=\"5\" hspace=\"5\" height=\"292\" alt=\"\" src=\"\/de\/media\/summit4.jpg\" \/><\/h2>\n<p>Getreu unserem Motto, nicht einfach eine Software oder nur Hardware auszuliefern, erhalten Sie auch zur ArchivistaBox Summit f\u00fcr einen fixen Betrag (20 Prozent des Listenpreises\/Jahr) folgende Leistungen: S\u00e4mtliche Software-Updates (exkl. allf\u00e4llige Windows-Lizenzen), 8 Std. Reaktionszeit im Support, einen kostenfreien Austausch der Hardware innert 8 Std. Businesszeit, sowie einen Preisnachlass von 10 Prozent auf s\u00e4mtliche ausgef\u00fchrten Arbeiten.<\/p>\n<h2>ArchivistaBox Summit mit Easy-Starter-Package<\/h2>\n<p>Sie bestellen die ArchivistaBox Summit und ordern das Easy-Starter-Package. F\u00fcr sFr. 990.&#8211; installieren wir die ArchivistaBox Summit direkt bei Ihnen vor Ort. Sie erhalten dabei eine Einf\u00fchrung und wir setzen die ersten zwei drei Instanzen f\u00fcr Sie innerhalb eines halben Tages auf. Gleichzeitig werden die Leistungen aus dem Wartungsvertrag f\u00fcr Sie bis Ende 2009 kostenfrei erbracht. Zus\u00e4tzlich schenken wir Ihnen einen Gutschein im Wert von sFr. 430.&#8211; f\u00fcr einen Tages-Schulungskurs, den Sie wahlweise f\u00fcr unsere Virtualisierungs- oder DMS-Produkte bis zum 31. M\u00e4rz 2010 einl\u00f6sen k\u00f6nnen.<\/p>\n<h2>ArchivistaBox Summit mit Best-Value-Package<\/h2>\n<p>F\u00fcr sFr. 490.&#8211; erhalten Sie bei uns bzw. bei einem unserer Vertriebspartner einen halben Tag Einf\u00fchrung in die ArchivistaBox Summit. Dabei d\u00fcrfen Sie Ihre Wunsch-Betriebssysteme mitbringen und wir installieren diese zusammen mit Ihnen. Ebenso erhalten Sie s\u00e4mtliche Leistungen aus dem Wartungsvertrag bis Ende 2009 kostenfrei.<\/p>\n\n\n\n\t<div class=\"dkpdf-button-container\" style=\"            text-align:right \">\n\n\t\t<a class=\"dkpdf-button\" href=\"\/cms\/wp-json\/wp\/v2\/pages\/202?pdf=202\" target=\"_blank\"><span class=\"dkpdf-button-icon\"><i class=\"fa fa-file-pdf-o\"><\/i><\/span> PDF Button<\/a>\n\n\t<\/div>\n\n\n\n\n\n","protected":false},"excerpt":{"rendered":"<p>ArchivistaVM Summit: Windows- und Linux-Virtualisierung mit KVM f\u00fcr KMU Pfaffhausen 7. Juli 2009: Bei der Entwicklung der ArchivistaBox Matterhorn sind wir im Rahmen eines Kundenprojektes mit einer Offerte f\u00fcr die Virtualisierung in einem klassischen KMU-Unternehmen konfrontiert worden. Die erste Offerte des Hardwarelieferanten des Kunden umfasste einen sechsstelligen Betrag f\u00fcr den Aufbau einer Virtualisierungsinfrastruktur. Der Kunde [&hellip;]<\/p>\n","protected":false},"author":1,"featured_media":0,"parent":193,"menu_order":350,"comment_status":"closed","ping_status":"closed","template":"","meta":{"_acf_changed":false,"footnotes":""},"class_list":["post-202","page","type-page","status-publish","hentry"],"acf":[],"_links":{"self":[{"href":"https:\/\/archivista.ch\/cms\/wp-json\/wp\/v2\/pages\/202","targetHints":{"allow":["GET"]}}],"collection":[{"href":"https:\/\/archivista.ch\/cms\/wp-json\/wp\/v2\/pages"}],"about":[{"href":"https:\/\/archivista.ch\/cms\/wp-json\/wp\/v2\/types\/page"}],"author":[{"embeddable":true,"href":"https:\/\/archivista.ch\/cms\/wp-json\/wp\/v2\/users\/1"}],"replies":[{"embeddable":true,"href":"https:\/\/archivista.ch\/cms\/wp-json\/wp\/v2\/comments?post=202"}],"version-history":[{"count":0,"href":"https:\/\/archivista.ch\/cms\/wp-json\/wp\/v2\/pages\/202\/revisions"}],"up":[{"embeddable":true,"href":"https:\/\/archivista.ch\/cms\/wp-json\/wp\/v2\/pages\/193"}],"wp:attachment":[{"href":"https:\/\/archivista.ch\/cms\/wp-json\/wp\/v2\/media?parent=202"}],"curies":[{"name":"wp","href":"https:\/\/api.w.org\/{rel}","templated":true}]}}