{"id":203,"date":"2012-11-26T10:56:46","date_gmt":"2012-11-26T09:56:46","guid":{"rendered":"http:\/\/schulenwegg.ch\/cms\/?page_id=203"},"modified":"2015-06-10T20:39:35","modified_gmt":"2015-06-10T18:39:35","slug":"archivistaerp","status":"publish","type":"page","link":"https:\/\/archivista.ch\/cms\/de\/aktuell-blog\/jahre-2008-2019\/blogs-2011\/archivistaerp\/","title":{"rendered":"ArchivistaERP"},"content":{"rendered":"<h1>Neues Release 2011\/VI: WebConfig und ArchivistaERP<\/h1>\n<p><em><span style=\"font-weight: bold;\">Pfaffhausen, 17. Juni 2011:<\/span> Die Zeit vergeht rasant &#8212; und schon ist wieder ein Monat um. Wenn Sie die Blogs auf unserer Seite aufmerksam verfolgen, dann d\u00fcrften Sie den <strong>gleichen obenstehenden Titel zur gleichen Zeit im Jahre 2008<\/strong> finden. Gerne erl\u00e4utern wir hier, warum wir dieses Thema gute drei Jahre sp\u00e4ter nochmals aufgreifen.<\/em><\/p>\n<p><span style=\"font-weight: bold;\"><img loading=\"lazy\" decoding=\"async\" hspace=\"5\" height=\"265\" width=\"508\" vspace=\"5\" align=\"bottom\" src=\"\/de\/media\/archivistaerp1.jpg\" alt=\"\" \/><\/span><\/p>\n<p>Im Jahre 2008 haben wir sowohl WebConfig als auch ArchivistaERP freigegeben. Mehr dazu finden Sie im <strong>damaligen Blog.<\/strong> Und wenn wir diese beiden Module heute nochmals vorstellen, so deshalb, weil wir zwar lange ben\u00f6tigten, um diese weiterzuentwickeln, dass wir aber der Meinung sind, ein erneuter Blick auf diese Module lohnt sich im Jahre 2011.<\/p>\n<h2>Webgest\u00fctzte Administration mit Archivista WebConfig<\/h2>\n<p>Beim Modul WebConfig gab es die Problematik, dass diese Applikaiton datenbankgest\u00fctzt arbeitete. Damit ist auch gesagt, dass ein Zugriff nur dann m\u00f6glich war, wenn der Datenbankserver lief. Mittlerweile haben wir das Modul Archivista WebConfig von der Datenbank entkoppelt. Damit kann z.B. mit WebConfig weitergearbeitet werden, w\u00e4hrend ein Backup l\u00e4uft. Ebenfalls m\u00f6glich ist nun der Betrieb auf einem Slave-Rechner; dies war\/ist mit dem alten Release nicht m\u00f6glich. Wichtig zu wissen, <strong>Archivista WebConfig l\u00e4uft einzig auf der 64-Bit-Version;<\/strong> wobei an dieser Stelle auch gesagt sei, wer noch mit 32-Bit arbeitet, darf mittlerweile gut und gerne migrieren.<\/p>\n<h2>Mit ArchivistaERP in 15 Minuten zur webbasierten ERP-L\u00f6sung<\/h2>\n<p>Einverstanden, der Titel mag etwas gar vollmundig klingen. Dies umso mehr, als dass wir bereits vor drei Jahren die Verf\u00fcgbarkeit des Moduls ArchivistaERP ank\u00fcndigten. Sagen wir es einmal so, im Jahre 2009 hat uns die Virtualisierung in Beschlag genommen und im Jahre 2010 waren wir vollumf\u00e4nglich mit der Migration auf 64-Bit besch\u00e4ftigt. Nat\u00fcrlich h\u00e4tten wir die Weiterentwicklung des Moduls ArchivistaERP gerne schneller vorangetrieben, aber letztlich galt es viele viele H\u00fcrden zu \u00fcberwinden, ehe wir daran denken konnten, ArchivistaERP bei uns intern einzuf\u00fchren.<\/p>\n<p>So ist das Modul ArchivistaERP das beste Beispiel f\u00fcr die Komplexit\u00e4t einer ERP-Software. <strong>Selbst in einer  KMU-Unternehmung wie der unseren ist die Komplexit\u00e4t schnell weit h\u00f6her als allgemein angenommen wird.<\/strong> Es gilt Schnittstellen zum WebShop herzustellen, es gilt die Formulare an die schweizerischen bzw. europ\u00e4ischen Gepflogenheiten anzupassen und auch zwei verschiedene Systeme bei der Mehrwertsteuer machen ein ERP-Projekt schnell weit komplexer als uns bzw. einem jeden Unternehmen lieb ist.<\/p>\n<p>Immerhin, nun steht das Modul ArchivistaERP so zur Verf\u00fcgung, dass wir es f\u00fcr unsere Zwecke produktiv verwenden k\u00f6nnen. Kurzfristig bedeutet dieser Umstieg (auch das ist f\u00fcr eine jede ERP-Migration typisch) einen gewissen Mehraufwand. Daf\u00fcr k\u00f6nnen wir Sie nach Ende der Umstellungsphase (nach den Sommerferien) weit schneller bedienen, als dies bisher der Fall war\/ist. Und sollte es in dieser Zeit zu kleinen Verz\u00f6gerungen kommen, so d\u00fcrfen Sie davon ausgehen, dass wir intensiv an der Logistik bzw. an ArchivistaERP arbeiten. Und ja, selbstverst\u00e4ndlich bitten wir f\u00fcr allf\u00e4llige Verz\u00f6gerungen schon jetzt um Nachsicht.<\/p>\n<p>Falls Sie das Modul ArchivistaERP selber testen bzw. zum Einsatz bringen m\u00f6chten, so finden Sie das Modul auf jeder <strong>ArchivistaDMS- bzw. ArchivistaDesktop-CD.<\/strong> Im Kapitel <strong>ArchivistaERP im Handbuch<\/strong> ist in kurzen Schritten beschrieben, wie Sie in ca. 15 Minuten die Firmendaten, die Steuers\u00e4tze, einige Artikel und schliesslich einige Kunden erfassen kl\u00f6nnen, ehe die erste Rechnung erstellt werden kann. Und wenn Sie ArchivistaERP produktiv in Betrieb nehmen m\u00f6chten, so sollten Sie vor der ersten Rechnung nicht vergessen, den Kontenplan an ihre Bed\u00fcrfnisse anzupassen.<\/p>\n<p><img loading=\"lazy\" decoding=\"async\" hspace=\"5\" height=\"419\" width=\"293\" vspace=\"5\" border=\"0\" align=\"right\" src=\"\/de\/media\/archivistaerp2.png\" alt=\"\" \/><\/p>\n<h2>Vergessen Sie die Wolke (Cloud), setzen Sie auf OpenSource<\/h2>\n<p>Zum Abschluss m\u00f6chte ich darauf hinweisen, dass es keiner Unternehmung empfohlen werden kann (selbst wenn ein bekanntes Buch f\u00fcr Firmengr\u00fcnder dies anders sieht), die Fakturierung bzw. Buchhaltung in der Wolke (Cloud) zu betreiben. Zwar werben ein zwei Anbieter, die genau diese Services so anbieten, kr\u00e4ftig mit OpenSource. Richtig ist, dass nur der Basis-Quellcode offengelegt ist.<\/p>\n<p>Sie als Endkunde erhalten trotzdem keine OpenSource-L\u00f6sung, denn die Reports (Druckvorlagen) sind nicht offengelegt. <strong>Was n\u00fctzt eine OpenSource ERP-L\u00f6sung, wenn Sie die Druck-Reporte nicht mit dem Code erhalten?<\/strong> Wie wollen Sie die Rechnungen ausdrucken bzw. versenden, wenn Sie mit den Sourcen keine Rechnungen erstellen k\u00f6nnen? Ohne die Druckreporte k\u00f6nnen Sie gleich zu einer kommerziellen L\u00f6sung greifen; Sie erhalten dann wenigstens Support bzw. haben einen Anspruch darauf, dass Sie die Rechnungen jederzeit ausdrucken k\u00f6nnen.<\/p>\n<p>Bei ArchivistaERP erhalten Sie den gesamten Code, die Druckreporte unterstehen ebenfalls der gleichen GPL-Lizenz; das Handbuch kann frei abgerufen werden. Sie k\u00f6nnen ArchivistaERP auf jedem Linux-Rechner (selbst unter Windows wird es mit XAMPP laufen) aufsetzen. Und damit Sie gar nicht erst Linux-Kenntnisse ben\u00f6tigen, k\u00f6nnen Sie die <strong>fixfertigen CDs beziehen<\/strong> und auf einen Testrechner (ab 2 GByte und Atom-Prozessor sind Sie dabei) installieren. <strong>Wer es noch einfacher haben m\u00f6chte, bestellt im <a target=\"_blank\" href=\"http:\/\/shop.archivista.ch\">Web-Shop<\/a> eine ArchivistaBox,<\/strong> ganz nach dem Motto, webbasiert ja, Wolke (Cloud) nein.<\/p>\n\n\n\n\t<div class=\"dkpdf-button-container\" style=\"            text-align:right \">\n\n\t\t<a class=\"dkpdf-button\" href=\"\/cms\/wp-json\/wp\/v2\/pages\/203?pdf=203\" target=\"_blank\"><span class=\"dkpdf-button-icon\"><i class=\"fa fa-file-pdf-o\"><\/i><\/span> PDF Button<\/a>\n\n\t<\/div>\n\n\n\n\n\n","protected":false},"excerpt":{"rendered":"<p>Neues Release 2011\/VI: WebConfig und ArchivistaERP Pfaffhausen, 17. Juni 2011: Die Zeit vergeht rasant &#8212; und schon ist wieder ein Monat um. Wenn Sie die Blogs auf unserer Seite aufmerksam verfolgen, dann d\u00fcrften Sie den gleichen obenstehenden Titel zur gleichen Zeit im Jahre 2008 finden. Gerne erl\u00e4utern wir hier, warum wir dieses Thema gute drei [&hellip;]<\/p>\n","protected":false},"author":1,"featured_media":0,"parent":179,"menu_order":325,"comment_status":"closed","ping_status":"closed","template":"","meta":{"_acf_changed":false,"footnotes":""},"class_list":["post-203","page","type-page","status-publish","hentry"],"acf":[],"_links":{"self":[{"href":"https:\/\/archivista.ch\/cms\/wp-json\/wp\/v2\/pages\/203","targetHints":{"allow":["GET"]}}],"collection":[{"href":"https:\/\/archivista.ch\/cms\/wp-json\/wp\/v2\/pages"}],"about":[{"href":"https:\/\/archivista.ch\/cms\/wp-json\/wp\/v2\/types\/page"}],"author":[{"embeddable":true,"href":"https:\/\/archivista.ch\/cms\/wp-json\/wp\/v2\/users\/1"}],"replies":[{"embeddable":true,"href":"https:\/\/archivista.ch\/cms\/wp-json\/wp\/v2\/comments?post=203"}],"version-history":[{"count":0,"href":"https:\/\/archivista.ch\/cms\/wp-json\/wp\/v2\/pages\/203\/revisions"}],"up":[{"embeddable":true,"href":"https:\/\/archivista.ch\/cms\/wp-json\/wp\/v2\/pages\/179"}],"wp:attachment":[{"href":"https:\/\/archivista.ch\/cms\/wp-json\/wp\/v2\/media?parent=203"}],"curies":[{"name":"wp","href":"https:\/\/api.w.org\/{rel}","templated":true}]}}