{"id":2056,"date":"2016-11-18T12:16:38","date_gmt":"2016-11-18T11:16:38","guid":{"rendered":"http:\/\/archivista.ch\/cms\/?page_id=2056"},"modified":"2019-12-07T07:16:27","modified_gmt":"2019-12-07T06:16:27","slug":"vortrag-linuxday-at","status":"publish","type":"page","link":"https:\/\/archivista.ch\/cms\/de\/aktuell-blog\/jahre-2008-2019\/jahresrueckblick\/vortrag-linuxday-at\/","title":{"rendered":"Vortrag linuxday.at"},"content":{"rendered":"<h1 id=\"page-title\" class=\"title\">Cloud-Virtualisierung auf dem Schreibtisch<\/h1>\n<p><em><strong>Egg, 18. November 2016:<\/strong> Wie jedes Jahr, gibt es auch dieses Jahr wiederum die M\u00f6glichkeit, die ArchivistaBox am <strong><a href=\"http:\/\/linuxday.at\">linuxday.at<\/a><\/strong> am Samstag, 26. November 2016 zu beschnuppern und anl\u00e4sslich des <strong><a href=\"http:\/\/www.linuxday.at\/archivistavm-cloud-virtualsierung-auf-dem-schreibtisch\">Vortrages um 14:00 Uhr im Raum 104 mit dem Titel: ArchivistaVM &#8212; Cloud-Virtualisierung auf dem Schreibtisch&#8216;<\/a><\/strong> aus erster Hand zu erfahren, wie mit wenig Aufwand eine eigene lokale Cloud aufgebaut werden kann.<\/em><\/p>\n<p><img decoding=\"async\" style=\"width: 600px; height: 450px;\" src=\"https:\/\/archivista.ch\/cms\/wp-content\/uploads\/image\/jura.jpg\" alt=\"\" \/><\/p>\n<h2>ArchivistaDMS, ArchivistaERP und ArchivistaVM an <strong><a href=\"https:\/\/www.linuxday.at\/aussteller\/2016\">Archivista-Stand<\/a><\/strong><\/h2>\n<p>Am diesj\u00e4hrigen Archivista-Stand warten kleine Intel\/AMD- und ARM-Boxen darauf, beschnuppert und begutachtet zu werden. Darauf vorgestellt werden die quelloffenen Applikationen WebClient und WebAdmin (Dokumenten-Management) sowie die ERP-L\u00f6sung ArchivistaERP. Daneben bietet der Archivista-Stand die Gelegenheit, sich aus erster Hand \u00fcber die ArchivistaBox zu informieren.<\/p>\n<h2><strong><a href=\"https:\/\/www.linuxday.at\/archivistavm-cloud-virtualsierung-auf-dem-schreibtisch\"><img decoding=\"async\" style=\"margin-left: 10px; margin-right: 10px; float: right; width: 245px; height: 161px;\" src=\"https:\/\/archivista.ch\/cms\/wp-content\/uploads\/image\/linuxday2015.png\" alt=\"\" \/><\/a><a href=\"http:\/\/www.linuxday.at\/archivistavm-cloud-virtualsierung-auf-dem-schreibtisch\">Vortrag 26.11.2016, 14:00 Uhr, linuxday.at, Dornbirn<\/a><\/strong><\/h2>\n<div class=\"field field-name-body field-type-text-with-summary field-label-hidden\">\n<div class=\"field-items\">\n<div class=\"field-item even\">\n<p>Welchen Sinn ergibt es, eine eigene Cloud &#8218;localhost&#8216; zu betreiben? Welche Anforderungen bestehen, um ein kleines DataCenter quasi auf dem Schreibtisch zu betreiben? Welche Hardware eignet sich daf\u00fcr? Welche Software kommt zum Einsatz? Mit welchem Aufwand l\u00e4sst sich das eigene kleine Rechenzentrum betreiben? Wie ausfallsicher ist eine solche L\u00f6sung?<\/p>\n<p>All diesen Fragen (und einigen mehr) wird in diesem Vortrag nachgegangen. Dabei wird ArchivistaVM live vorgef\u00fchrt, sowohl im Setup, Betrieb und bei der Datensicherung. Ziel der Pr\u00e4sentation ist es, dass Interessierte ArchivistaVM jederzeit selber auf einer bestehenden oder neuen Hardware aufsetzen und betreiben k\u00f6nnen.<\/p>\n<p><em>P.S: Wie immer gilt, zum Vortrag wird es ein ausf\u00fchrliches Skript geben, das an dieser Stelle nach dem Vortrag auch publiziert wird. Ferner sei hier noch angef\u00fchrt, dass anl\u00e4sslich des <strong><a href=\"http:\/\/linuxday.at\">linuxday.at<\/a><\/strong> alle Kunden und Interessierte kostenfreien Support erhalten.<\/em><\/p>\n<p><em>P.SII: Herzlichen Dank f\u00fcr die rege Teilnahme am Vortrag. Hier das <strong><a href=\"https:\/\/archivista.ch\/cms\/wp-content\/uploads\/file\/archivistavm-cloud.pdf\">Skript zum Vortrag.<\/a><\/strong><\/em><\/p>\n<p>&nbsp;<\/p>\n<p>&nbsp;<\/p>\n<\/div>\n<p>&nbsp;<\/p>\n<p>&nbsp;<\/p>\n<p>&nbsp;<\/p>\n<\/div>\n<\/div>\n\n\n\n\t<div class=\"dkpdf-button-container\" style=\"            text-align:right \">\n\n\t\t<a class=\"dkpdf-button\" href=\"\/cms\/wp-json\/wp\/v2\/pages\/2056?pdf=2056\" target=\"_blank\"><span class=\"dkpdf-button-icon\"><i class=\"fa fa-file-pdf-o\"><\/i><\/span> PDF Button<\/a>\n\n\t<\/div>\n\n\n\n\n\n","protected":false},"excerpt":{"rendered":"<p>Cloud-Virtualisierung auf dem Schreibtisch Egg, 18. November 2016: Wie jedes Jahr, gibt es auch dieses Jahr wiederum die M\u00f6glichkeit, die ArchivistaBox am linuxday.at am Samstag, 26. November 2016 zu beschnuppern und anl\u00e4sslich des Vortrages um 14:00 Uhr im Raum 104 mit dem Titel: ArchivistaVM &#8212; Cloud-Virtualisierung auf dem Schreibtisch&#8216; aus erster Hand zu erfahren, wie [&hellip;]<\/p>\n","protected":false},"author":1,"featured_media":0,"parent":2100,"menu_order":220,"comment_status":"closed","ping_status":"closed","template":"","meta":{"_acf_changed":false,"footnotes":""},"class_list":["post-2056","page","type-page","status-publish","hentry"],"acf":[],"_links":{"self":[{"href":"https:\/\/archivista.ch\/cms\/wp-json\/wp\/v2\/pages\/2056","targetHints":{"allow":["GET"]}}],"collection":[{"href":"https:\/\/archivista.ch\/cms\/wp-json\/wp\/v2\/pages"}],"about":[{"href":"https:\/\/archivista.ch\/cms\/wp-json\/wp\/v2\/types\/page"}],"author":[{"embeddable":true,"href":"https:\/\/archivista.ch\/cms\/wp-json\/wp\/v2\/users\/1"}],"replies":[{"embeddable":true,"href":"https:\/\/archivista.ch\/cms\/wp-json\/wp\/v2\/comments?post=2056"}],"version-history":[{"count":11,"href":"https:\/\/archivista.ch\/cms\/wp-json\/wp\/v2\/pages\/2056\/revisions"}],"predecessor-version":[{"id":6261,"href":"https:\/\/archivista.ch\/cms\/wp-json\/wp\/v2\/pages\/2056\/revisions\/6261"}],"up":[{"embeddable":true,"href":"https:\/\/archivista.ch\/cms\/wp-json\/wp\/v2\/pages\/2100"}],"wp:attachment":[{"href":"https:\/\/archivista.ch\/cms\/wp-json\/wp\/v2\/media?parent=2056"}],"curies":[{"name":"wp","href":"https:\/\/api.w.org\/{rel}","templated":true}]}}