{"id":206,"date":"2014-03-11T09:16:46","date_gmt":"2014-03-11T08:16:46","guid":{"rendered":"http:\/\/schulenwegg.ch\/cms\/?page_id=206"},"modified":"2021-03-16T23:45:37","modified_gmt":"2021-03-16T22:45:37","slug":"mediavm","status":"publish","type":"page","link":"https:\/\/archivista.ch\/cms\/de\/produkte\/mediavm\/","title":{"rendered":"MediaVM"},"content":{"rendered":"<h1>Multimediale Archive und Virtualisierung leicht gemacht<\/h1>\n<p><img loading=\"lazy\" decoding=\"async\" src=\"\/de\/media\/avvm\/rigi2.jpg\" alt=\"\" width=\"600\" height=\"117\" align=\"bottom\" border=\"0\" hspace=\"5\" vspace=\"5\" \/><\/p>\n<p><strong>Wir alle kennen das Problem.<\/strong> Die Hardware kostet heute keine Welt mehr, aber wehe wenn jemand den falschen Knopf auf dem Server-Rechner dr\u00fcckt. <strong>Ganze Rechner-Landschaften stehen still, und oft vergehen Stunden ja Tage, bis der urspr\u00fcngliche Zustand eines Servers<\/strong> wieder hergestellt ist. Nicht auszumalen, was passiert, wenn der Server am Tag X den Geist aufgibt. Oft vergehen Tage, bis ein neuer Server korrekt aufgesetzt ist, die Kosten f\u00fcr die Implementierung des Servers \u00fcbersteigen heute gut und gerne den Anschaffungspreis des Servers an sich.<\/p>\n<h2>Multimedia-Server f\u00fcr Audio- und Video-Management<\/h2>\n<p>Die Modelle ArchivistaDom, ArchivistaK2 und ArchivistaEverest lassen keine W\u00fcnsche offen, wenn es um leistungsf\u00e4hige Hardware f\u00fcr multimediale Archive geht. Von einer schlichten 4 Core bei 10 TByte bis zu 64 Cores (128 Threads) mit bis zu 200 TByte, f\u00fcr jede Anforderung und jedes Budget gibt es die passende ArchivistaBox.<\/p>\n<h2>Virtualisierung als Server-in-Server-Umgebung<\/h2>\n<p>An dieser Stelle setzt die Virtualisierung ein. Anstatt ein Betriebssystem direkt auf einem Rechner (Server) zu installieren, wird <strong>auf einem leistungsf\u00e4higen Rechner zun\u00e4chst eine Verwaltungssoftware installiert. In dieser Software k\u00f6nnen dann Gast-Betriebssysteme installiert werden.<\/strong> Dabei &#8222;glauben&#8220; diese Gast-Systeme, dass sie auf einem physikalischen Rechner installiert w\u00fcrden. Dabei &#8222;gaukelt&#8220; die Virtualisierungssoftware dem Gast aber den gesamten Rechner nur vor, es werden Prozessoren, Hauptspeicher, Festplatten, Bildschirm, kurz alles was zu einem ausgewachsenen Rechner geh\u00f6rt, zur Verf\u00fcgung gestellt.<\/p>\n<p>Und weil die Gast-Betriebssysteme nicht direkt physikalisch auf einem Rechner laufen, sprechen wir von Virtualisierung, weil eben die Betriebssysteme nur noch virtuell auf einem Server installiert werden.<\/p>\n<h2>ArchivistaMediaVM: In 30 Sekunden aufgesetzt<\/h2>\n<p>Sie denken, das ist unm\u00f6glich! In 30 Sekunden kann kein Server aufgesetzt werden! Schauen Sie bei uns oder einem unserer Partner vorbei und wir zeigen Ihnen gerne live in Aktion, wie einfach die ArchivistaBox in 30 Sekunden aufgesetzt werden kann. Die Vorteile gegen\u00fcber herk\u00f6mmlichen Virtualisierungsl\u00f6sungen sind enorm:<\/p>\n<ul>\n<li>bew\u00e4hrtes ArchivistaBox-Konzept (Alles aus einer Hand)<\/li>\n<li>Einfachste Installation in 30 Sekunden<\/li>\n<li>Excellentes Preis-\/Leistungsverh\u00e4ltnis: ab sFr. 990.&#8211;<\/li>\n<li>Installation G\u00e4ste (Betriebssysteme) direkt im Browser<\/li>\n<li>Virtueller Bildschirm \u00fcber jeden Web-Browser<\/li>\n<li>Erweiterbarkeit: ArchivistaVM-Server im Verbund (Cluster-Modus)<\/li>\n<li>OpenSource (AVMultimedia)<\/li>\n<li>Instanzen k\u00f6nnen im Live-Betrieb migriert werden<\/li>\n<li>Ersatzbox binnen 8 bzw. 4 Std. Businesszeit bei Gold\/Platin-Wartung<\/li>\n<li>Vertrieb im <a href=\"http:\/\/shop.archivista.ch\/oscommerce\/catalog\/\" target=\"_blank\" rel=\"noopener\"><strong>WebShop<\/strong><\/a> und \u00fcber <strong>qualifizierte Vertriebspartner<\/strong><\/li>\n<li>Tiefer Stromverbrauch von 80-100 Watt<\/li>\n<\/ul>\n\n\n\n\t<div class=\"dkpdf-button-container\" style=\"            text-align:right \">\n\n\t\t<a class=\"dkpdf-button\" href=\"\/cms\/wp-json\/wp\/v2\/pages\/206?pdf=206\" target=\"_blank\"><span class=\"dkpdf-button-icon\"><i class=\"fa fa-file-pdf-o\"><\/i><\/span> PDF Button<\/a>\n\n\t<\/div>\n\n\n\n\n\n","protected":false},"excerpt":{"rendered":"<p>Multimediale Archive und Virtualisierung leicht gemacht Wir alle kennen das Problem. Die Hardware kostet heute keine Welt mehr, aber wehe wenn jemand den falschen Knopf auf dem Server-Rechner dr\u00fcckt. Ganze Rechner-Landschaften stehen still, und oft vergehen Stunden ja Tage, bis der urspr\u00fcngliche Zustand eines Servers wieder hergestellt ist. Nicht auszumalen, was passiert, wenn der Server [&hellip;]<\/p>\n","protected":false},"author":1,"featured_media":0,"parent":164,"menu_order":371,"comment_status":"closed","ping_status":"closed","template":"","meta":{"_acf_changed":false,"footnotes":""},"class_list":["post-206","page","type-page","status-publish","hentry"],"acf":[],"_links":{"self":[{"href":"https:\/\/archivista.ch\/cms\/wp-json\/wp\/v2\/pages\/206","targetHints":{"allow":["GET"]}}],"collection":[{"href":"https:\/\/archivista.ch\/cms\/wp-json\/wp\/v2\/pages"}],"about":[{"href":"https:\/\/archivista.ch\/cms\/wp-json\/wp\/v2\/types\/page"}],"author":[{"embeddable":true,"href":"https:\/\/archivista.ch\/cms\/wp-json\/wp\/v2\/users\/1"}],"replies":[{"embeddable":true,"href":"https:\/\/archivista.ch\/cms\/wp-json\/wp\/v2\/comments?post=206"}],"version-history":[{"count":5,"href":"https:\/\/archivista.ch\/cms\/wp-json\/wp\/v2\/pages\/206\/revisions"}],"predecessor-version":[{"id":8950,"href":"https:\/\/archivista.ch\/cms\/wp-json\/wp\/v2\/pages\/206\/revisions\/8950"}],"up":[{"embeddable":true,"href":"https:\/\/archivista.ch\/cms\/wp-json\/wp\/v2\/pages\/164"}],"wp:attachment":[{"href":"https:\/\/archivista.ch\/cms\/wp-json\/wp\/v2\/media?parent=206"}],"curies":[{"name":"wp","href":"https:\/\/api.w.org\/{rel}","templated":true}]}}