{"id":209,"date":"2010-10-04T11:17:07","date_gmt":"2010-10-04T09:17:07","guid":{"rendered":"http:\/\/schulenwegg.ch\/cms\/?page_id=209"},"modified":"2010-10-04T11:17:07","modified_gmt":"2010-10-04T09:17:07","slug":"tipps-zu-windows","status":"publish","type":"page","link":"https:\/\/archivista.ch\/cms\/de\/aktuell-blog\/jahre-2008-2019\/blogs-2009\/tipps-zu-windows\/","title":{"rendered":"Tipps zu Windows"},"content":{"rendered":"<h1><span style=\"display: none;\" id=\"1257160580183S\"> <\/span>Erfahrungen und Optimierungen mit Windows<\/h1>\n<p><strong>Pfaffhausen, 15. Oktober 2009:<\/strong> Seit mehr als 10 Jahren realisieren wir EDV-L\u00f6sungen f\u00fcr unsere Kunden. Dabei stellen wir immer wieder fest, dass Serverumgebungen bei vergleichbarer Hardware unterschiedlich schnell laufen. Daher m\u00f6chten wir hier der Frage nachgehen, wo und wie Windows-Server optimiert werden k\u00f6nnen.<\/p>\n<h3>Lesestempel entfernen<\/h3>\n<p>Zun\u00e4chst entfernen wir das Schreiben des &#8222;Lesestempels&#8220;, d.h. wir verzichten auf das Datum des letzten Zugriffs auf eine Datei. Dazu bearbeiten wir in der Registry (Hilfsprogramm &#8218;regedit&#8216; starten) den Key NtfsDisableLastAccessUpdate (dieser Schl\u00fcssel\/Key befindet sich unter HKEY_LOCAL_MACHINESYSTEMCurrentControlSetControlFileSystem).<\/p>\n<h3>Systemleistung<\/h3>\n<p>Danach verbessern wir die Systemleistung \u00fcber Systemsteuerung > System > Erweitert > Systemleistung > Optimale Leistung.<\/p>\n<h3>Schnelles Aufstarten<\/h3>\n<p>Damit Windows deutlich schneller startet, starten wir anschliessend das Programm &#8218;msconfig&#8216; und deaktivieren den Boot-Splash unter: BOOT.INI -> \/NOGUIBOOT.<\/p>\n<h3>Programme beim Start<\/h3>\n<p>Ebenfalls einen Blick sollten wir auf die Programme beim Systemstart werfen. Oft werden hier Programme gestartet, die im Prinzip keiner haben m\u00f6chte, siehe msconfig > Systemstart > Alle deaktivieren.<\/p>\n<h3>Server kontrolliert herunterfahren<\/h3>\n<p>Nun m\u00f6chten wir den Server ohne Kontrollabfragen runterfahren. Dazu starten wir gpedit.msc. Darin finden wir unter Computerkonfiguration > Administrative Vorlagen > System > Ereignisprotokollierung f\u00fcr Herunterfahren anzeigen und deaktivieren diese Option. Ebenfalls gibt es eine Option unter Computerkonfiguration > Windows-Einstellungen > Sicherheitseinstellungen > Lokale Richtlinien > Sicherheitsoptionen > Wiederherstellungskonsole > Automatisches Abmelden. Diese Option aktivieren wir. Und zum Schluss w\u00e4hlen wir bei Computerkonfiguration > Windows-Einstellungen > Sicherheitseinstellungen > Lokale Richtlinien > Sicherheitsoptionen > Herunterfahren. Diese Option aktivieren wir.<\/p>\n<h3>Dienste \u00fcberpr\u00fcfen<\/h3>\n<p>Ebenfalls optimiert werden sollten die Dienste. Ein Blick in diese wird viele als &#8222;Gestartet&#8220; anzeigen, die wir oft nicht ben\u00f6tigen. Folgende &#8222;\u00dcbelt\u00e4ter&#8220; ergeben wenig Sinn: Microsoft Software Shadow Copy Provider (kann auch etwas anders heissen, aber immer unter Microsoft). Die Default-Einstellung betr\u00e4gt 2 GByte und &#8222;frisst&#8220; merklich Ressourcen.<\/p>\n<h3>Indexdienst abschalten<\/h3>\n<p>Ebenfalls deaktiviert werden sollte der Indexdienst. Dieser ben\u00f6tigt nicht nur hohe Ressourcen, er belegt vielmehr auch etwa 1\/3 an Festplattenkapazit\u00e4t. Falls Sie auf den Indexdienst nicht verzichten m\u00f6chten, dann bitte legen Sie nur jene Ordner fest, in denen ihre Daten liegen. Es ist mir schleierhaft, weshalb c:windows bzw. die Programmordner ebenfalls dem Volltext \u00fcberf\u00fchrt werden.<\/p>\n<p><img loading=\"lazy\" decoding=\"async\" border=\"0\" align=\"baseline\" width=\"445\" vspace=\"0\" hspace=\"0\" height=\"312\" src=\"\/de\/media\/diagramm1.png\" alt=\"\" \/><\/p>\n<h3>Windows Server in 20 Sekunden gestartet<\/h3>\n<p>Derartige Optimierungsarbeiten k\u00f6nnen bevorzugt unter einer virtualisierten Umgebung durchgef\u00fchrt werden. In unserem Falle haben wir einen ArchivistaVM Server Summit verwendet. Vor den Optimierungsarbeiten hatten wir eine Startzeit von etwa einer Minute, nunmehr sind es bei unserem virtualisierten Windows 2003 etwa 15 bis 17 Sekunden.<\/p>\n<h3>Fazit: Es lohnt sich<\/h3>\n<p>Uns sind viele aktuelle Server bekannt, bei denen Startzeiten von vier bis f\u00fcnf Minuten \u00fcblich sind. Mit der Virtualisierung kriegen wir diese Maschinen etwa auf ein bis zwei Minuten herunter. Das gleiche Potential an Speed ist m\u00f6glich, wenn wir Windows zus\u00e4tzlich auf die Spr\u00fcnge helfen. Optimierung ist auch nicht besonders schwierig, sondern prim\u00e4r eine Frage des Bewusstseins und der Erfahrung.<\/p>\n<p><span style=\"display: none;\" id=\"1257160580224E\"><br \/><\/span><\/p>\n\n\n\n\t<div class=\"dkpdf-button-container\" style=\"            text-align:right \">\n\n\t\t<a class=\"dkpdf-button\" href=\"\/cms\/wp-json\/wp\/v2\/pages\/209?pdf=209\" target=\"_blank\"><span class=\"dkpdf-button-icon\"><i class=\"fa fa-file-pdf-o\"><\/i><\/span> PDF Button<\/a>\n\n\t<\/div>\n\n\n\n\n\n","protected":false},"excerpt":{"rendered":"<p>Erfahrungen und Optimierungen mit Windows Pfaffhausen, 15. Oktober 2009: Seit mehr als 10 Jahren realisieren wir EDV-L\u00f6sungen f\u00fcr unsere Kunden. Dabei stellen wir immer wieder fest, dass Serverumgebungen bei vergleichbarer Hardware unterschiedlich schnell laufen. Daher m\u00f6chten wir hier der Frage nachgehen, wo und wie Windows-Server optimiert werden k\u00f6nnen. Lesestempel entfernen Zun\u00e4chst entfernen wir das Schreiben [&hellip;]<\/p>\n","protected":false},"author":1,"featured_media":0,"parent":193,"menu_order":343,"comment_status":"closed","ping_status":"closed","template":"","meta":{"_acf_changed":false,"footnotes":""},"class_list":["post-209","page","type-page","status-publish","hentry"],"acf":[],"_links":{"self":[{"href":"https:\/\/archivista.ch\/cms\/wp-json\/wp\/v2\/pages\/209","targetHints":{"allow":["GET"]}}],"collection":[{"href":"https:\/\/archivista.ch\/cms\/wp-json\/wp\/v2\/pages"}],"about":[{"href":"https:\/\/archivista.ch\/cms\/wp-json\/wp\/v2\/types\/page"}],"author":[{"embeddable":true,"href":"https:\/\/archivista.ch\/cms\/wp-json\/wp\/v2\/users\/1"}],"replies":[{"embeddable":true,"href":"https:\/\/archivista.ch\/cms\/wp-json\/wp\/v2\/comments?post=209"}],"version-history":[{"count":0,"href":"https:\/\/archivista.ch\/cms\/wp-json\/wp\/v2\/pages\/209\/revisions"}],"up":[{"embeddable":true,"href":"https:\/\/archivista.ch\/cms\/wp-json\/wp\/v2\/pages\/193"}],"wp:attachment":[{"href":"https:\/\/archivista.ch\/cms\/wp-json\/wp\/v2\/media?parent=209"}],"curies":[{"name":"wp","href":"https:\/\/api.w.org\/{rel}","templated":true}]}}