{"id":21,"date":"2010-09-27T13:26:29","date_gmt":"2010-09-27T11:26:29","guid":{"rendered":"http:\/\/schulenwegg.ch\/cms\/?page_id=21"},"modified":"2017-06-14T15:40:08","modified_gmt":"2017-06-14T13:40:08","slug":"dms-erp","status":"publish","type":"page","link":"https:\/\/archivista.ch\/cms\/de\/produkte\/dms-erp\/","title":{"rendered":"DMS und ERP"},"content":{"rendered":"<h1>Plug and Play mit dem ArchivistaBox-Konzept<\/h1>\n<p>Das ArchivistaBox-Konzept umfasst fixfertig ausger\u00fcstete DMS- und ERP-Systeme, die ohne Implementierungsaufwand &#8218;ready to use&#8216; in den verschiedensten Varianten ausgeliefert werden. Daraus ergeben sich viele Vorteile:<\/p>\n<p><img decoding=\"async\" style=\"border-width: 0px; border-style: solid; height: 311px; width: 400px;\" src=\"\/uploads\/350\/archivistabox3.jpg\" alt=\"\" \/><\/p>\n<ul>\n<li>Einfachste Installation<\/li>\n<li>Wartung webbasierend<\/li>\n<li>Modularer Systemaufbau<\/li>\n<li>Scannerintegration<\/li>\n<li>Backupkonzept<\/li>\n<li>Plattformunabh\u00e4ngigkeit<\/li>\n<\/ul>\n<p>Ausserdem bieten wir die ArchivistaBox unter einem dualen Lizenzkonzept an. Die ArchivistaBoxen werden mit Wartung und Support ausgeliefert, damit das Funktionieren der L\u00f6sung und ihre Weiterentwicklung sichergestellt sind. Im Rahmen einer GPL-Lizenz sind die Sourcen frei erh\u00e4ltlich.<\/p>\n<div style=\"page-break-after: always;\"><span style=\"display: none;\">\u00a0<\/span><\/div>\n<h2>Redundanz, Virtualisierung und Archivista-Cluster<\/h2>\n<p>Die Archivista-Boxen k\u00f6nnen in den verschiedensten Ausbaustufen aufgesetzt werden. Bei gr\u00f6sseren L\u00f6sungen bietet sich eine Redundanz mit zwei ArchivistaBoxen an. Zudem k\u00f6nnen s\u00e4mtliche ArchivistaBoxen auch virtualisiert aufgesetzt werden. Und wenn das Dokumentvolumen bereits jetzt hoch ist oder sp\u00e4ter anwachsen sollte, so k\u00f6nnen zus\u00e4tzliche ArchivistaBoxen als Scan- und Verarbeitungsstationen angeschlossen werden &#8212; und fertig ist Ihr Archivista-Cluster.<\/p>\n\n\n\n\t<div class=\"dkpdf-button-container\" style=\"            text-align:right \">\n\n\t\t<a class=\"dkpdf-button\" href=\"\/cms\/wp-json\/wp\/v2\/pages\/21?pdf=21\" target=\"_blank\"><span class=\"dkpdf-button-icon\"><i class=\"fa fa-file-pdf-o\"><\/i><\/span> PDF Button<\/a>\n\n\t<\/div>\n\n\n\n\n\n","protected":false},"excerpt":{"rendered":"<p>Plug and Play mit dem ArchivistaBox-Konzept Das ArchivistaBox-Konzept umfasst fixfertig ausger\u00fcstete DMS- und ERP-Systeme, die ohne Implementierungsaufwand &#8218;ready to use&#8216; in den verschiedensten Varianten ausgeliefert werden. Daraus ergeben sich viele Vorteile: Einfachste Installation Wartung webbasierend Modularer Systemaufbau Scannerintegration Backupkonzept Plattformunabh\u00e4ngigkeit Ausserdem bieten wir die ArchivistaBox unter einem dualen Lizenzkonzept an. Die ArchivistaBoxen werden mit Wartung [&hellip;]<\/p>\n","protected":false},"author":1,"featured_media":0,"parent":164,"menu_order":365,"comment_status":"closed","ping_status":"closed","template":"","meta":{"_acf_changed":false,"footnotes":""},"class_list":["post-21","page","type-page","status-publish","hentry"],"acf":[],"_links":{"self":[{"href":"https:\/\/archivista.ch\/cms\/wp-json\/wp\/v2\/pages\/21","targetHints":{"allow":["GET"]}}],"collection":[{"href":"https:\/\/archivista.ch\/cms\/wp-json\/wp\/v2\/pages"}],"about":[{"href":"https:\/\/archivista.ch\/cms\/wp-json\/wp\/v2\/types\/page"}],"author":[{"embeddable":true,"href":"https:\/\/archivista.ch\/cms\/wp-json\/wp\/v2\/users\/1"}],"replies":[{"embeddable":true,"href":"https:\/\/archivista.ch\/cms\/wp-json\/wp\/v2\/comments?post=21"}],"version-history":[{"count":11,"href":"https:\/\/archivista.ch\/cms\/wp-json\/wp\/v2\/pages\/21\/revisions"}],"predecessor-version":[{"id":2582,"href":"https:\/\/archivista.ch\/cms\/wp-json\/wp\/v2\/pages\/21\/revisions\/2582"}],"up":[{"embeddable":true,"href":"https:\/\/archivista.ch\/cms\/wp-json\/wp\/v2\/pages\/164"}],"wp:attachment":[{"href":"https:\/\/archivista.ch\/cms\/wp-json\/wp\/v2\/media?parent=21"}],"curies":[{"name":"wp","href":"https:\/\/api.w.org\/{rel}","templated":true}]}}