{"id":210,"date":"2015-05-19T15:10:01","date_gmt":"2015-05-19T13:10:01","guid":{"rendered":"http:\/\/schulenwegg.ch\/cms\/?page_id=210"},"modified":"2021-10-13T09:42:09","modified_gmt":"2021-10-13T07:42:09","slug":"download","status":"publish","type":"page","link":"https:\/\/archivista.ch\/cms\/de\/support\/download\/","title":{"rendered":"Download"},"content":{"rendered":"<h1>Vortragsskripte und Dokumente<\/h1>\n<p>Unter dieser Seite finden Sie unsere Newsletter, aber auch neuere und \u00e4ltere Vortr\u00e4ge. Normalerweise d\u00fcrfen Sie hier eine PDF-Datei erwarten.<\/p>\n<p><em><strong>Hinweis:<\/strong> Falls Sie an dieser Stelle die <\/em><em><strong>ArchivistaBox Community<\/strong><\/em><em> suchen, dann klicken Sie bitte <\/em><a href=\"https:\/\/archivista.ch\/cms\/de\/support\/community\/\"><em><strong>hier.<\/strong><\/em><\/a><\/p>\n<p><img loading=\"lazy\" decoding=\"async\" src=\"\/de\/media\/LimmatZurich.jpg\" alt=\"\" width=\"600\" height=\"220\" align=\"bottom\" border=\"0\" hspace=\"0\" vspace=\"0\" \/><\/p>\n<p><a href=\"https:\/\/archivista.ch\/cms\/wp-content\/uploads\/file\/leitfad21.pdf\"><strong>Dokumenten-Management (DMS) f\u00fcr KMU:<\/strong><\/a> Version 2021<\/p>\n<p><a href=\"https:\/\/archivista.ch\/cms\/wp-content\/uploads\/file\/leitfad20.pdf\"><strong>Dokumenten-Management (DMS) f\u00fcr KMU:<\/strong><\/a> Version 2020<\/p>\n<p><em><a href=\"https:\/\/archivista.ch\/cms\/wp-content\/uploads\/2019\/04\/avmultimedia.pdf\"><strong>AVMultimedia: Folien Vortrag Linux-Infotag 2019,<\/strong><\/a> <\/em>6.4.2019<\/p>\n<p><a href=\"https:\/\/archivista.ch\/cms\/wp-content\/uploads\/2019\/04\/avmini.pdf\"><strong>AVMini: Folien Vortrag Linux-Infotag Augsburg,\u00a0<\/strong><\/a>6.4.2019<\/p>\n<p><a href=\"https:\/\/archivista.ch\/cms\/wp-content\/uploads\/motog4lineage.pdf\"><strong><b>LineageOS auf Moto G4 Plus aufspielen,<\/b><\/strong><\/a> 30.3.2017<\/p>\n<p><strong><a href=\"https:\/\/archivista.ch\/cms\/wp-content\/uploads\/file\/arm_desktop_archivistabox.pdf\">ARM-Plattform reif f\u00fcr den Alltag?,<\/a><\/strong> linuxday.at, 21.11.2015<\/p>\n<p><a href=\"\/de\/media\/ocr3.pdf\"><strong>OCR-Erkennung unter Linux, Part III,<\/strong><\/a> aktualisierte Version der Vortr\u00e4ge von 2007\/2008, 3.12.2014<\/p>\n<p><a href=\"\/de\/media\/erp.pdf\"><strong>ArchivistaERP auf dem Raspberry PI,<\/strong><\/a> Vortrag linuxday.at vom 22.11.2014<\/p>\n<p><a href=\"\/de\/media\/boxsystems_2014d.pdf\" target=\"_blank\" rel=\"noopener noreferrer\"><strong>Neue DMS-Boxen braucht das Land,<\/strong><\/a> oder das ArchivistaBox-Konzept kurz vorgestellt, 12.5.2014<\/p>\n<p><a href=\"\/de\/media\/overview_dms_2014d.pdf\" target=\"_blank\" rel=\"noopener noreferrer\"><strong>ArchivistaBoxen im \u00dcbersicht (DMS),<\/strong><\/a> aktuelle Box-Modelle im Vergleich, 12.5.2014<\/p>\n<p><a href=\"\/de\/media\/archivistavm-linuxday2012.pdf\" target=\"_blank\" rel=\"noopener noreferrer\"><strong>RAM basierte Virtualisierung mit ArchivistaVM,<\/strong><\/a> Vortrag linuxday.at, 24.11.2012<\/p>\n<p><a href=\"\/de\/media\/cluster\/archivistavm-linuxtag2012.pdf\" target=\"_blank\" rel=\"noopener noreferrer\"><strong>Hochverf\u00fcgbare Virtualisierung mit KVM, Debian und ArchivistaVM,<\/strong><\/a> Vortrag LinuxTag, 23.5.2012<\/p>\n<p><a href=\"\/de\/media\/avvm2\/archivistavm-linuxday2011.pdf\"><strong>Cluster in 100 Sekunden mit ArchivistaVM,<\/strong><\/a> Vortrag linuxday.at, 26.11.2011<\/p>\n<p><a href=\"\/de\/media\/kvm-server-usb-stick.pdf\"><strong>KVM-Server und DMS f\u00fcr die Hosentasche;<\/strong><\/a> Skript (Stand 2011), auch bei <a href=\"http:\/\/www.pro-linux.de\/artikel\/2\/1535\/kvm-ab-usb-stick-in-30-sekunden.html\"><strong>prolinux.de<\/strong><\/a> &amp; <a href=\"http:\/\/www.freiesmagazin.de\/mobil\/freiesMagazin-2011-12-bilder.html#11_12_archivista\"><strong>freiesmagazin.de<\/strong><\/a><\/p>\n<p><a href=\"https:\/\/archivista.ch\/cms\/wp-content\/uploads\/file\/archivistabox64bit.pdf\"><strong>ArchivistaVM: In zwei Minuten zur Virtualisierung mit KVM,<\/strong><\/a> Vortrag linuxday.at, 27.11.2010<\/p>\n<p><a href=\"\/de\/media\/kvm-vmware-xen.pdf\" target=\"_blank\" rel=\"noopener noreferrer\"><strong>Vergleich XEN, KVM und VMWare:<\/strong><\/a> Vortrag FrOSCamp (ETH Z\u00fcrich), 18.09.2010<\/p>\n<p><a href=\"\/de\/media\/linuxday09-kvm-archivistavm.pdf\" target=\"_blank\" rel=\"noopener noreferrer\"><strong>Virtualisierung mit KVM, Debian und ArchivistaVM:<\/strong><\/a> Vortrag linuxday.at, 28.11.2009<\/p>\n<p><a href=\"\/de\/media\/newsletter\/ArchivistaViews2009_07.pdf\" target=\"_top\" rel=\"noopener noreferrer\"><strong>ArchivistaViews 2009\/Juli:<\/strong><\/a> Virtualisierung, Summit, Matterhorn, Albis, Release 2009\/VIII<\/p>\n<p><a href=\"\/de\/media\/ocr2.pdf\" target=\"_top\" rel=\"noopener noreferrer\"><strong>Open Source Texterkennung unter Linux:<\/strong><\/a> Vortrag linuxday.at (28.11.2008) in Dornbirn<\/p>\n<p><a href=\"\/de\/media\/openexpo.pdf\" target=\"_top\" rel=\"noopener noreferrer\"><strong>ArchivistaBox &#8212; Open Source DMS und ERP out of the Box:<\/strong><\/a> Vortrag OpenExpo 2008 in Winterthur.<\/p>\n<p><a href=\"\/de\/media\/newsletter\/openexpo2a.pdf\" target=\"_top\" rel=\"noopener noreferrer\"><strong>ArchivistaViews 2008\/September:<\/strong><\/a> OpenExpo 2008 in Winterthur<\/p>\n<p><a href=\"\/de\/media\/newsletter\/press_release2008_9d.pdf\" target=\"_top\" rel=\"noopener noreferrer\"><strong>Pressemitteilung ArchivistaBox 2009\/IX:<\/strong><\/a> Weltweit erste OpenSource Texterkennung mit PDF-Dateien<\/p>\n<p><a href=\"\/de\/media\/ocr.pdf\"><strong>ClosedSource und OpenSource-Texterkennung:<\/strong><\/a> Vortrag linuxday.at (24.11.2007) in Dornbirn<\/p>\n<p><a href=\"\/de\/media\/newsletter\/press_release2007_8d.pdf\" target=\"_top\" rel=\"noopener noreferrer\"><strong>Pressemitteilung ArchivistaBox 2007\/VIII:<\/strong><\/a> OpenSource Formularerkennung<\/p>\n<p><a href=\"\/de\/media\/newsletter\/press_release2007_3d.pdf\" target=\"_top\" rel=\"noopener noreferrer\"><strong>Pressemitteilung ArchivistaBox 2007\/III:<\/strong><\/a> WebClient mit Ajax-Technologie<\/p>\n<p><a href=\"\/de\/media\/newsletter\/openmondays061204.pdf\" target=\"_top\" rel=\"noopener noreferrer\"><strong>Duell Windows XP gegen KUbuntu 6.10:<\/strong><\/a> Skript zum Vortrag Dezember 2006<\/p>\n<p><a href=\"\/de\/media\/newsletter\/openenmondays0610.pdf\" target=\"_top\" rel=\"noopener noreferrer\"><strong>System Recovery mit RescueCD:<\/strong><\/a> Skript zum Vortrag Oktober 2006<\/p>\n<p><a href=\"\/de\/media\/newsletter\/mysql2.pdf\" target=\"_top\" rel=\"noopener noreferrer\"><strong>MySQL als Grundlage von Archivista:<\/strong><\/a> Vortrag lots, 2005 in Bern<\/p>\n<p><a href=\"\/de\/media\/newsletter\/mysql.pdf\" target=\"_top\" rel=\"noopener noreferrer\"><strong>MySQL-Tutorial:<\/strong><\/a> Vortrag lug-camp, 2003 in Felsberg<\/p>\n<p>Falls Sie ein interessantes Theme gerne abgehandelt haben m\u00f6chten, so d\u00fcrfen Sie uns jederzeit eine <a href=\"mailto:webmaster@archivista.ch?subject=Thema%20Newsletter\"><strong>Nachricht senden.<\/strong><\/a> Wir k\u00f6nnen zwar nicht versprechen, dass wir alle Vorschl\u00e4ge ber\u00fccksichtigen k\u00f6nnen, aber interessante Vorschl\u00e4ge sind immer willkommen.<\/p>\n\n\n\n\t<div class=\"dkpdf-button-container\" style=\"            text-align:right \">\n\n\t\t<a class=\"dkpdf-button\" href=\"\/cms\/wp-json\/wp\/v2\/pages\/210?pdf=210\" target=\"_blank\"><span class=\"dkpdf-button-icon\"><i class=\"fa fa-file-pdf-o\"><\/i><\/span> PDF Button<\/a>\n\n\t<\/div>\n\n\n\n\n\n","protected":false},"excerpt":{"rendered":"<p>Vortragsskripte und Dokumente Unter dieser Seite finden Sie unsere Newsletter, aber auch neuere und \u00e4ltere Vortr\u00e4ge. Normalerweise d\u00fcrfen Sie hier eine PDF-Datei erwarten. Hinweis: Falls Sie an dieser Stelle die ArchivistaBox Community suchen, dann klicken Sie bitte hier. Dokumenten-Management (DMS) f\u00fcr KMU: Version 2021 Dokumenten-Management (DMS) f\u00fcr KMU: Version 2020 AVMultimedia: Folien Vortrag Linux-Infotag 2019, [&hellip;]<\/p>\n","protected":false},"author":1,"featured_media":0,"parent":32,"menu_order":313,"comment_status":"closed","ping_status":"closed","template":"","meta":{"_acf_changed":false,"footnotes":""},"class_list":["post-210","page","type-page","status-publish","hentry"],"acf":[],"_links":{"self":[{"href":"https:\/\/archivista.ch\/cms\/wp-json\/wp\/v2\/pages\/210","targetHints":{"allow":["GET"]}}],"collection":[{"href":"https:\/\/archivista.ch\/cms\/wp-json\/wp\/v2\/pages"}],"about":[{"href":"https:\/\/archivista.ch\/cms\/wp-json\/wp\/v2\/types\/page"}],"author":[{"embeddable":true,"href":"https:\/\/archivista.ch\/cms\/wp-json\/wp\/v2\/users\/1"}],"replies":[{"embeddable":true,"href":"https:\/\/archivista.ch\/cms\/wp-json\/wp\/v2\/comments?post=210"}],"version-history":[{"count":21,"href":"https:\/\/archivista.ch\/cms\/wp-json\/wp\/v2\/pages\/210\/revisions"}],"predecessor-version":[{"id":9183,"href":"https:\/\/archivista.ch\/cms\/wp-json\/wp\/v2\/pages\/210\/revisions\/9183"}],"up":[{"embeddable":true,"href":"https:\/\/archivista.ch\/cms\/wp-json\/wp\/v2\/pages\/32"}],"wp:attachment":[{"href":"https:\/\/archivista.ch\/cms\/wp-json\/wp\/v2\/media?parent=210"}],"curies":[{"name":"wp","href":"https:\/\/api.w.org\/{rel}","templated":true}]}}