{"id":212,"date":"2010-09-27T15:40:12","date_gmt":"2010-09-27T13:40:12","guid":{"rendered":"http:\/\/schulenwegg.ch\/cms\/?page_id=212"},"modified":"2015-11-24T21:49:22","modified_gmt":"2015-11-24T20:49:22","slug":"version-2010iii","status":"publish","type":"page","link":"https:\/\/archivista.ch\/cms\/de\/aktuell-blog\/jahre-2008-2019\/blogs-2010\/version-2010iii\/","title":{"rendered":"Version 2010\/III"},"content":{"rendered":"<h1>ArchivistaBox 2010\/III: Neues Release-Konzept und neue Funktionen<\/h1>\n<p><strong>Pfaffhausen, 9. Februar 2010:<\/strong> Mit dem ersten offiziellen Release der ArchivistaBox im Jahre 2010 f\u00fchren wir ein neues Release-Konzept ein. Kunden, die eine ArchivistaBox erwerben bzw. erworben haben, k\u00f6nnen diese direkt \u00fcber unsere Homepage beziehen. Die OpenSource-Version steht weiterhin unter <a href=\"http:\/\/web.archive.org\/web\/20100906132135\/http:\/\/sourceforge.net:80\/search\/?type_of_search=soft&amp;words=ArchivistaBox\" target=\"_blank\"><strong>sourceforge.net<\/strong><\/a> zur Verf\u00fcgung. Damit k\u00f6nnen wir gew\u00e4hrleisten, dass unsere Kunden einerseits immer stabile Versionen bei der Installation erhalten und gleichzeitig schneller neue Versionen ver\u00f6ffentlichen. Wir empfehlen unseren Kunden sehr, auf die stabilen Versionen zur\u00fcckzugreifen, das Online-Update ist aber so eingerichtet, dass Kunden (auf eigene Verantwortung!) auch eine &#8222;nicht&#8220;-stabile Testversion einspielen k\u00f6nnen. Doch nun zu den Neuerungen der Version 2010\/III.<\/p>\n<h2>Flexible Scan-Definitionen (Scan-Codes)<\/h2>\n<p>Die Scan-Definitionen k\u00f6nnen neu mit einem Code versehen werden. Weiter k\u00f6nnen Scan-Definitionen tempor\u00e4r deaktivert werden.<\/p>\n<h2>Bemerkungs-Feld im WebClient<\/h2>\n<p>Diese Funktion wurde hinzugef\u00fcgt, um eine 100%-Kompatibilit\u00e4t zum RichClient zu erreichen.<\/p>\n<h2>Zentrales Managment der Skripts in WebAdmin<\/h2>\n<p>Bisher mussten die Verarbeitungsskripte jeweils einzeln auf die verschiedenen ArchivistaBox-Systeme (Master-Box, Scan-Station1, Scan-Station2 etc.) aufgespielt werden. Neu k\u00f6nnen die Skripte zentral auf dem Master verwaltet werden.<\/p>\n<h2>Backup mit USB-Festplatten \u00fcber mehrere Sicherungen<\/h2>\n<p>G\u00e4ngige USB-Festplatten werden immer gr\u00f6sser und gr\u00f6sser. Daher kann bei der Datensicherung neu festgelegt werden, wieviele alte Sicherungen auf der USB-Platte belassen werden sollen, ehe eine Sicherungskopie defintiv gel\u00f6scht wird.<\/p>\n<h2>Automatisierte Beschlagwortung mit PDF Creator<\/h2>\n<p>Diese Funktion m\u00f6chten wir etwas ausf\u00fchrlicher vorstellen. Diese Funktion ben\u00f6tigt den virtuellen Drucker &#8218;PDF Creator&#8216;. Das Programm ist OpenSource, die aktuelle Version 0.9.9 k\u00f6nnen Sie <a target=\"_blank\" href=\"http:\/\/sourceforge.net\/projects\/pdfcreator\/\"><strong>hier bei sourceforge.net<\/strong><\/a>  beziehen. PDF-Creator ist ein virtueller Windows-Drucker, der PDF-Dateien erstellt. Dabei kann PDF-Creator nach dem Erstellen einer PDF-Datei weitere Programme im Hintergrund aufrufen. Genau diese Funktionalit\u00e4t nutzen wir, um mit PDF-Creator eine PDF-Datei zu erstellen, diese auf die ArchivistaBox hochzuladen und anschliessend den WebClient aufzurufen, um genau auf die zuvor hochgeladene Akte zuzugreifen bzw. diese umgehend beschlagworten zu k\u00f6nnen. Dadurch k\u00f6nnen Sie gedruckte Dateien direkt nach dem Drucken beschlagworten, ohne die entsprechende Akte zun\u00e4chst suchen zu m\u00fcssen.<\/p>\n<p><img loading=\"lazy\" decoding=\"async\" border=\"0\" align=\"baseline\" width=\"411\" vspace=\"0\" hspace=\"0\" height=\"247\" src=\"\/de\/media\/pdfcreator\/screen1.png\" alt=\"\" \/><\/p>\n<h3>Nachfolgend eine kurze Schriftt-f\u00fcr-Schritt-Anleitung<\/h3>\n<p>Installieren Sie zun\u00e4chst PDF-Creator. Nach der Installation m\u00fcssen Sie die Anwendung PDF-Creator starten. Sie erhalten folgendes Formular:<\/p>\n<p><img loading=\"lazy\" decoding=\"async\" border=\"0\" align=\"baseline\" width=\"642\" vspace=\"0\" hspace=\"0\" height=\"297\" alt=\"\" src=\"\/de\/media\/pdfcreator\/screen3.png\" \/><\/p>\n<p>W\u00e4hlen Sie in diesem Formular den Men\u00fcpunkt &#8218;Drucker&#8216; bzw. dort &#8218;Einstellungen&#8216;. Sie erhalten dann ein Formular. Innerhalb dieses finden Sie &#8218;Automatisches Speichern&#8216;. W\u00e4hlen Sie den Men\u00fcpunkt, so gelangen Sie zum nachfolgenden Formular:<\/p>\n<p> <img loading=\"lazy\" decoding=\"async\" border=\"0\" align=\"baseline\" width=\"623\" vspace=\"0\" hspace=\"0\" height=\"637\" alt=\"\" src=\"\/de\/media\/pdfcreator\/screen4.png\" \/><\/p>\n<p>Beachten Sie bitte, dass wir die erstellten PDF-Dateien automatisch nach c:temp speichern. Falls dieser Ordner noch nicht existiert, m\u00fcssten Sie diesen Ordner erstellen.<\/p>\n<p>Nun m\u00fcssen wir noch den Upload und den Aufruf des WebClients realisieren. Daf\u00fcr w\u00e4hlen wir die Option &#8218;Aktionen&#8216;:<\/p>\n<p><img loading=\"lazy\" decoding=\"async\" border=\"0\" align=\"baseline\" width=\"623\" vspace=\"0\" hspace=\"0\" height=\"637\" alt=\"\" src=\"\/de\/media\/pdfcreator\/screen2.png\" \/><\/p>\n<p>Wir legen hier fest, dass im Verzeichnis c:temp die Batch-Datei fileup.bat ausgef\u00fchrt werden soll. Die Datei m\u00f6chten wir hier als Textdatei publizieren. Sie muss allenfalls an ihre Umgebung angepasst werden.<\/p>\n<table cellspacing=\"0\" cellpadding=\"0\" border=\"0\">\n<tbody>\n<tr>\n<td style=\"width: 100px; height: 100px;\">\n<div style=\"overflow: auto; width: 600px;\">\n<pre>@echo offecho user ftp> ftpcmd.datecho ftp>> ftpcmd.datecho cd office>> ftpcmd.datecho cd archivista>> ftpcmd.datecho bin>> ftpcmd.datecho put %1>> ftpcmd.datecho quit>> ftpcmd.datftp -n -s:ftpcmd.dat 192.168.31.112del ftpcmd.datdel %1cd C:\\Programme\\Mozilla Firefoxfirefox.exe \"http:\/\/192.168.31.112\/perl\/avclient\/index.pl?host=localhost&db=archivista&uid=Admin&pwd=archivista&go_queryfile&fld_Dateiname=%1\"<\/pre>\n<\/p><\/div>\n<\/td>\n<\/tr>\n<\/tbody>\n<\/table>\n<p>Kopieren Sie den obenstehenden Text in Notepad oder einen anderen Texteditor. Speichern Sie diese Datei als Batch-Datei (Endung bat) ins Verzeichnis c:temp. Am besten klicken Sie danach im Explorer auf die Datei &#8218;fileup.bat&#8216;, die Batch-Datei sollte gestartet werden (Kurzes Erscheinen eines schwarzen Fensters).<\/p>\n<p>Was macht diese Datei nun? Wir erstellen zun\u00e4chst die Datei ftpcmd.dat. Darin legen wir fest, dass wir die jeweils erhaltene Datei per FTP-Upload an die ArchivistaBox weiterreichen m\u00f6chten. Danach rufen wir das Program &#8218;ftp&#8216; auf und \u00fcbergeben die aktuelle Datei ftpcmd.dat. Bitte tragen Sie beim FTP-Server die richtige IP-Adresse der  ArchivistaBox ein, ebenso <strong>m\u00fcssen Sie sicherstellen, dass der FTP-Dienst auf der ArchivistaBox eingeschaltet ist.<\/strong><\/p>\n<p>Nach dem Upload wird die aktuelle Datei ftpcmd.dat gel\u00f6scht, ebenso die erstellte PDF-Datei. Das Skript wechselt nun in den Firefox-Ordner (hier allenfalls anderen Browser eintragen) und startet den WebClient, wobei hier der gew\u00fcnschte Benutzer hinterlegt werden muss. Die letzte Information ruft innerhalb von Archivista die zuvor hochgeladene Datei auf.<\/p>\n<p>Damit dies funktioniert, m\u00fcssen Sie in WebAdmin noch den Dateinamen der Datei an ein Feld zuweisen. In unserem Beispiel haben wir das Feld &#8218;Dateiname&#8216; verwendet. Sie k\u00f6nnen auch ein anderes Feld bestimmen, m\u00fcssten dann die obenstehende letzte Zeile entsprechend ab\u00e4ndern (z.B. fld_Dateiname nach fld_pdf, sofern Sie den Dateinamen ins Feld &#8218;pdf&#8216; ablegen m\u00f6chten). Die Maske in WebAdmin sieht so aus:<\/p>\n<p><img loading=\"lazy\" decoding=\"async\" border=\"0\" align=\"baseline\" width=\"704\" vspace=\"0\" hspace=\"0\" height=\"272\" src=\"\/de\/media\/pdfcreator\/sieben.png\" alt=\"\" \/><\/p>\n<p>So, und nun k\u00f6nnen Sie aus irgendeiner Applikation auf den &#8218;PDF Creator&#8216;-Drucker drucken. Die Datei wird anschliessend automatisch auf die ArchivistaBox geladen und der WebClient wird gestartet. Sie sollten sich danach wie untenstehend auf der gew\u00fcnschten Akte befinden.<\/p>\n<p><img loading=\"lazy\" decoding=\"async\" border=\"0\" align=\"baseline\" width=\"516\" vspace=\"0\" hspace=\"0\" height=\"373\" src=\"\/de\/media\/pdfcreator\/seschs.png\" alt=\"\" \/><\/p>\n<p>Sie k\u00f6nnen die Akte nun beschlagworten. Danach klicken Sie auf &#8218;Speichern&#8216; und die Akte ist beschlagwortet. Einfacher geht das manuelle Beschlagworten nun ganz bestimmt nicht mehr. Diese Funktion ben\u00f6tigt die allerneuste ArchivistaBox (Release 20100308) sowie das Modul &#8218;API&#8216;, damit wir Support zum Modul gew\u00e4hren k\u00f6nnen.<\/p>\n\n\n\n\t<div class=\"dkpdf-button-container\" style=\"            text-align:right \">\n\n\t\t<a class=\"dkpdf-button\" href=\"\/cms\/wp-json\/wp\/v2\/pages\/212?pdf=212\" target=\"_blank\"><span class=\"dkpdf-button-icon\"><i class=\"fa fa-file-pdf-o\"><\/i><\/span> PDF Button<\/a>\n\n\t<\/div>\n\n\n\n\n\n","protected":false},"excerpt":{"rendered":"<p>ArchivistaBox 2010\/III: Neues Release-Konzept und neue Funktionen Pfaffhausen, 9. Februar 2010: Mit dem ersten offiziellen Release der ArchivistaBox im Jahre 2010 f\u00fchren wir ein neues Release-Konzept ein. Kunden, die eine ArchivistaBox erwerben bzw. erworben haben, k\u00f6nnen diese direkt \u00fcber unsere Homepage beziehen. Die OpenSource-Version steht weiterhin unter sourceforge.net zur Verf\u00fcgung. Damit k\u00f6nnen wir gew\u00e4hrleisten, dass [&hellip;]<\/p>\n","protected":false},"author":1,"featured_media":0,"parent":224,"menu_order":324,"comment_status":"closed","ping_status":"closed","template":"","meta":{"_acf_changed":false,"footnotes":""},"class_list":["post-212","page","type-page","status-publish","hentry"],"acf":[],"_links":{"self":[{"href":"https:\/\/archivista.ch\/cms\/wp-json\/wp\/v2\/pages\/212","targetHints":{"allow":["GET"]}}],"collection":[{"href":"https:\/\/archivista.ch\/cms\/wp-json\/wp\/v2\/pages"}],"about":[{"href":"https:\/\/archivista.ch\/cms\/wp-json\/wp\/v2\/types\/page"}],"author":[{"embeddable":true,"href":"https:\/\/archivista.ch\/cms\/wp-json\/wp\/v2\/users\/1"}],"replies":[{"embeddable":true,"href":"https:\/\/archivista.ch\/cms\/wp-json\/wp\/v2\/comments?post=212"}],"version-history":[{"count":1,"href":"https:\/\/archivista.ch\/cms\/wp-json\/wp\/v2\/pages\/212\/revisions"}],"predecessor-version":[{"id":1679,"href":"https:\/\/archivista.ch\/cms\/wp-json\/wp\/v2\/pages\/212\/revisions\/1679"}],"up":[{"embeddable":true,"href":"https:\/\/archivista.ch\/cms\/wp-json\/wp\/v2\/pages\/224"}],"wp:attachment":[{"href":"https:\/\/archivista.ch\/cms\/wp-json\/wp\/v2\/media?parent=212"}],"curies":[{"name":"wp","href":"https:\/\/api.w.org\/{rel}","templated":true}]}}