{"id":213,"date":"2010-09-27T15:35:24","date_gmt":"2010-09-27T13:35:24","guid":{"rendered":"http:\/\/schulenwegg.ch\/cms\/?page_id=213"},"modified":"2015-11-24T21:49:10","modified_gmt":"2015-11-24T20:49:10","slug":"scannen-mit-handy","status":"publish","type":"page","link":"https:\/\/archivista.ch\/cms\/de\/aktuell-blog\/jahre-2008-2019\/blogs-2010\/scannen-mit-handy\/","title":{"rendered":"Scannen mit Handy"},"content":{"rendered":"<h1>Scannen und ArchivistaBox auf Handy<\/h1>\n<p><strong>Bern, 24.\/25. M\u00e4rz 2010:<\/strong> An der diesj\u00e4hrigen OpenExpo konnten wir vielen Besucher\/innen unsere beiden OpenSource-L\u00f6sungen ArchivistaBox und ArchivistaVM vorstellen. Das Interesse daran war gross, unser Projektstand war sehr gut besucht. Herzlichen Dank f\u00fcr die vielen Feedbacks zur ArchivistaBox.<\/p>\n<p>Die Anregungen zur ArchivistaBox nehmen wir gerne auf. Und soviel sei hier bereits angemerkt, es wird in nicht allzu ferner Zeit auf unserer Homepage wieder ein Support-Forum f\u00fcr die Community geben, bis dahin m\u00f6ge das Support-Forum auf <a href=\"http:\/\/web.archive.org\/web\/20110105132307\/http:\/\/sourceforge.net:80\/projects\/archivista\/forums\/forum\/513157\" target=\"_top\"><strong>sourceforge.net<\/strong><\/a> eine erste Anlaufstelle sein. Nachfolgend m\u00f6chten wir zwei Features vorstellen, die wir an der OpenExpo pr\u00e4sentierten, und die sehr gut von der Community aufgenommen wurden.<\/p>\n<h2>Scannen mit dem Handy direkt auf ArchivistaBox<\/h2>\n<p>Seit mehreren Jahren k\u00f6nnen Digitalkameras problemlos als Laufwerk an eine jede ArchivistaBox angeh\u00e4ngt werden, um Bilder ins Archiv zu \u00fcbertragen. Und nat\u00fcrlich gibt es bereits seit l\u00e4ngerem Kameras, die gut und gerne eine A4- bzw. allenfalls sogar eine A3-Seite erfassen k\u00f6nnen.<\/p>\n<p>Neu an der OpenExpo zeigen konnten wir ein Smartphone (Nokia N900) zeigen, mit dem direkt auf eine jede ArchivistaBox &#8222;gescannt&#8220; werden kann. Dabei k\u00f6nnen die Seiten entweder direkt \u00fcber einen Netzwerkanschluss per USB, WLAN oder \u00fcber das Telefonnetz ins Archiv gestellt werden. Und dies in Echtzeit, d.h. direkt beim Fotografieren. Mit einer 5-Mio-Pixel-Kamera k\u00f6nnen A4-Seiten in guter Qualit\u00e4t erfasst werden, sodass die Texterkennung selbst bei Schriften um 6 Punkt herum immer noch brauchbare Resultate liefert.<\/p>\n<p>Die Vorteile einer solchen L\u00f6sung liegen auf der Hand, die Informationen k\u00f6nnen vom Aussendienst bereits im Tageseinsatz allen anderen Archiv-Benutzer\/innen zur Verf\u00fcgung gestellt werden. Im Moment steht diese Technologie auf den Nokia N900 zur Verf\u00fcgung, weitere Mobile-Phones werden wir gerne pr\u00fcfen und bei Bedarf entsprechend mit unserer Software ausr\u00fcsten. F\u00fcr technisch Interessierte, ein Ger\u00e4t muss \u00fcber &#8218;inotify&#8216; sowie eine Skript-Sprache verf\u00fcgen.<\/p>\n<h2>Gesamte ArchivistaBox auf Handy<\/h2>\n<p>Einen Schritt weiter geht die gesamte Protierung der ArchivistaBox auf ARM-Prozessoren. Derzeit liegt diese als Prototyp vor. Es geht uns darum, aufzuzeigen, was heute mit einem Handy m\u00f6glich ist. Ein interner Praxistest \u00fcber die n\u00e4chsten Monate wird aufzeigen, ob und wann die ArchivistaBox als Produkt erh\u00e4ltlich sein wird.<\/p>\n<p><img loading=\"lazy\" decoding=\"async\" border=\"0\" align=\"baseline\" width=\"600\" vspace=\"0\" hspace=\"0\" height=\"375\" src=\"\/de\/media\/archivista_arm.png\" alt=\"\" \/><\/p>\n<p>Derzeit betreiben wir die beiden L\u00f6sungen im Rahmen einer Evaluation, d.h. Sie k\u00f6nnen beide Produkte noch nicht erwerben. Sie k\u00f6nnen aber beide L\u00f6sungen jederzeit bei uns live in Aktion erleben. Und falls Sie eine ArchivistaBox auf einem Handy betreiben m\u00f6chten, so d\u00fcrfen Sie sich gerne <a href=\"mailto:webmaster@archivista.ch?subject=ArchivistaBox%20auf%20Handy\"><strong>an uns wenden.<\/strong><\/a><\/p><\/p>\n\n\n\n\t<div class=\"dkpdf-button-container\" style=\"            text-align:right \">\n\n\t\t<a class=\"dkpdf-button\" href=\"\/cms\/wp-json\/wp\/v2\/pages\/213?pdf=213\" target=\"_blank\"><span class=\"dkpdf-button-icon\"><i class=\"fa fa-file-pdf-o\"><\/i><\/span> PDF Button<\/a>\n\n\t<\/div>\n\n\n\n\n\n","protected":false},"excerpt":{"rendered":"<p>Scannen und ArchivistaBox auf Handy Bern, 24.\/25. M\u00e4rz 2010: An der diesj\u00e4hrigen OpenExpo konnten wir vielen Besucher\/innen unsere beiden OpenSource-L\u00f6sungen ArchivistaBox und ArchivistaVM vorstellen. Das Interesse daran war gross, unser Projektstand war sehr gut besucht. Herzlichen Dank f\u00fcr die vielen Feedbacks zur ArchivistaBox. Die Anregungen zur ArchivistaBox nehmen wir gerne auf. Und soviel sei hier [&hellip;]<\/p>\n","protected":false},"author":1,"featured_media":0,"parent":224,"menu_order":325,"comment_status":"closed","ping_status":"closed","template":"","meta":{"_acf_changed":false,"footnotes":""},"class_list":["post-213","page","type-page","status-publish","hentry"],"acf":[],"_links":{"self":[{"href":"https:\/\/archivista.ch\/cms\/wp-json\/wp\/v2\/pages\/213","targetHints":{"allow":["GET"]}}],"collection":[{"href":"https:\/\/archivista.ch\/cms\/wp-json\/wp\/v2\/pages"}],"about":[{"href":"https:\/\/archivista.ch\/cms\/wp-json\/wp\/v2\/types\/page"}],"author":[{"embeddable":true,"href":"https:\/\/archivista.ch\/cms\/wp-json\/wp\/v2\/users\/1"}],"replies":[{"embeddable":true,"href":"https:\/\/archivista.ch\/cms\/wp-json\/wp\/v2\/comments?post=213"}],"version-history":[{"count":1,"href":"https:\/\/archivista.ch\/cms\/wp-json\/wp\/v2\/pages\/213\/revisions"}],"predecessor-version":[{"id":1678,"href":"https:\/\/archivista.ch\/cms\/wp-json\/wp\/v2\/pages\/213\/revisions\/1678"}],"up":[{"embeddable":true,"href":"https:\/\/archivista.ch\/cms\/wp-json\/wp\/v2\/pages\/224"}],"wp:attachment":[{"href":"https:\/\/archivista.ch\/cms\/wp-json\/wp\/v2\/media?parent=213"}],"curies":[{"name":"wp","href":"https:\/\/api.w.org\/{rel}","templated":true}]}}