{"id":2147,"date":"2017-04-12T23:17:51","date_gmt":"2017-04-12T21:17:51","guid":{"rendered":"http:\/\/archivista.ch\/cms\/?page_id=2147"},"modified":"2017-12-21T22:33:55","modified_gmt":"2017-12-21T21:33:55","slug":"mobilewebclient","status":"publish","type":"page","link":"https:\/\/archivista.ch\/cms\/de\/aktuell-blog\/jahre-2008-2019\/blogs-2017\/mobilewebclient\/","title":{"rendered":"MobileWebClient"},"content":{"rendered":"<h2>ArchivistaDMS 2017\/IV: Optimiert f\u00fcr Handys<\/h2>\n<p><em><strong>Egg, 12. April 2017:<\/strong> Seit dem Jahre 2005 arbeitet die ArchivistaBox webbasiert. Dadurch ist gew\u00e4hrleistet, dass auf den Clients keine Software installiert werden muss. Daher konnte auf die ArchivistaBox seit jeher auch mit den Handies zugegriffen werden. Neu in ArchivistaDMS 2017\/IV ist, dass eine Ansicht realisiert wurde, die f\u00fcr die Handies optimiert wurde.<\/em><\/p>\n<p><em><img decoding=\"async\" style=\"width: 601px; height: 450px;\" src=\"https:\/\/archivista.ch\/cms\/wp-content\/uploads\/image\/mare.jpg\" alt=\"\" \/><\/em><\/p>\n<h2>Damals im Jahre 2009<\/h2>\n<p>Bereits im Jahre 2009 konnte die ArchivistaBox auf einem <strong><a href=\"https:\/\/archivista.ch\/cms\/de\/aktuell-blog\/blogs-2010\/scannen-mit-handy\/\">mobilen Telefon<\/a><\/strong> pr\u00e4sentiert werden. Die damalige L\u00f6sung trug massgeblich dazu bei, dass die ArchivistaBox sp\u00e4ter auf diverse ARM-basierte Rechner den Weg fand. Der WebClient auf dem damaligen Handy lief wunderbar, und dabei ist es seither auch geblieben.<\/p>\n<h2>Heute im Jahre 2017<\/h2>\n<p>Mit den Jahren &#8218;explodierten&#8216; die Displays bei den kleinen Ger\u00e4ten derart, dass die Mini-Displays heute gut und gerne eine Aufl\u00f6sung besitzen, dass die einzelnen Pixel (offen gestanden auch mit einer Lupe) nicht mehr wahrgenommen werden k\u00f6nnen. Dies bedeutet f\u00fcr den bisherigen WebClient, dass er zwar m\u00fchelos dargestellt werden kann, dass das Arbeiten ohne Rein- und Raus-Zommen jedoch nur bedingt Freude bereitet.<\/p>\n<p>Nun haben viele Mitbewerber in der Zwischenzeit eine Mini-Version der Software in der Form einer App ver\u00f6ffentlicht. Dabei wird allerdings vergessen, dass Apps auf die Ger\u00e4te installiert werden m\u00fcssen. Ein neues Release bedeutet f\u00fcr die Anwender\/innen immer auch wieder, neue Software zu installieren. Der Aufruf einer f\u00fcr die Mobile-Telefone optimierten Web-Anwendung dagegen ist kinderleicht, ben\u00f6tigt keine Installation und auch keine sp\u00e4teren Updates. Mit der Version 2017\/IV steht f\u00fcr ArchivistaDMS daher neu ein optimierter WebClient zur Verf\u00fcgung.<\/p>\n<h2>WebClient 2017\/IV: Arbeiten wie gewohnt&#8230;<\/h2>\n<p>Wer mit iOS und\/oder Android unterwegs ist, startet ab seinem Ger\u00e4t einfach die Einstiegsadresse der ArchivistaBox. Der WebClient erkennt dabei automatisch, dass ein Mobil-Ger\u00e4t &#8218;andockt&#8216;.<\/p>\n<p><img decoding=\"async\" style=\"width: 600px; height: 727px;\" src=\"https:\/\/archivista.ch\/cms\/wp-content\/uploads\/image\/mobile1.png\" alt=\"\" \/><\/p>\n<p>Nach der Anmeldung erscheint eine leicht vereinfachte Ansicht des WebClients:<\/p>\n<p><img decoding=\"async\" style=\"width: 600px; height: 642px;\" src=\"https:\/\/archivista.ch\/cms\/wp-content\/uploads\/image\/mobile2.png\" alt=\"\" \/><\/p>\n<p>Um die Seite vergr\u00f6ssert darzustellen, auf die aktuelle Seite (Bild) klicken, dann wird wie gewohnt die Seitenansicht dargestellt:<\/p>\n<p><img decoding=\"async\" style=\"width: 600px; height: 642px;\" src=\"https:\/\/archivista.ch\/cms\/wp-content\/uploads\/image\/mobile3.png\" alt=\"\" \/><\/p>\n<p>Und wer sein Handy lieber querseits halten m\u00f6chte, wird dazu automatisch die passende Ansicht vorfinden:<\/p>\n<p><img decoding=\"async\" style=\"width: 600px; height: 379px;\" src=\"https:\/\/archivista.ch\/cms\/wp-content\/uploads\/image\/mobile4.png\" alt=\"\" \/><\/p>\n<p>Sowohl auf dem Handy als auch auf dem Desktop kann beliebig zwischen der mobilen und klassischen Ansicht hin- und hergewechselt werden. Dazu einfach auf der Navigationszeile den <strong>Parameter &#8218;mobile=1&#8216; bzw. &#8218;mobile=0&#8216; angeben,<\/strong> und schon kann bequem umgeschaltet werden. Ein Ab-\/Anmelden ist dabei nicht notwendig.<\/p>\n<h2>Fazit: Einfach arbeiten<\/h2>\n<p>Die mobile Ansicht des WebClients vereinfacht das Arbeiten auf dem Handy ungemein und steht umgehend und ohne das Installieren von Apps zur Verf\u00fcgung. Dabei k\u00f6nnen die Dokumente selbstverst\u00e4ndlich auch bequem bearbeitet werden.<\/p>\n\n\n\n\t<div class=\"dkpdf-button-container\" style=\"            text-align:right \">\n\n\t\t<a class=\"dkpdf-button\" href=\"\/cms\/wp-json\/wp\/v2\/pages\/2147?pdf=2147\" target=\"_blank\"><span class=\"dkpdf-button-icon\"><i class=\"fa fa-file-pdf-o\"><\/i><\/span> PDF Button<\/a>\n\n\t<\/div>\n\n\n\n\n\n","protected":false},"excerpt":{"rendered":"<p>ArchivistaDMS 2017\/IV: Optimiert f\u00fcr Handys Egg, 12. April 2017: Seit dem Jahre 2005 arbeitet die ArchivistaBox webbasiert. Dadurch ist gew\u00e4hrleistet, dass auf den Clients keine Software installiert werden muss. Daher konnte auf die ArchivistaBox seit jeher auch mit den Handies zugegriffen werden. Neu in ArchivistaDMS 2017\/IV ist, dass eine Ansicht realisiert wurde, die f\u00fcr die [&hellip;]<\/p>\n","protected":false},"author":1,"featured_media":0,"parent":5147,"menu_order":196,"comment_status":"closed","ping_status":"closed","template":"","meta":{"_acf_changed":false,"footnotes":""},"class_list":["post-2147","page","type-page","status-publish","hentry"],"acf":[],"_links":{"self":[{"href":"https:\/\/archivista.ch\/cms\/wp-json\/wp\/v2\/pages\/2147","targetHints":{"allow":["GET"]}}],"collection":[{"href":"https:\/\/archivista.ch\/cms\/wp-json\/wp\/v2\/pages"}],"about":[{"href":"https:\/\/archivista.ch\/cms\/wp-json\/wp\/v2\/types\/page"}],"author":[{"embeddable":true,"href":"https:\/\/archivista.ch\/cms\/wp-json\/wp\/v2\/users\/1"}],"replies":[{"embeddable":true,"href":"https:\/\/archivista.ch\/cms\/wp-json\/wp\/v2\/comments?post=2147"}],"version-history":[{"count":7,"href":"https:\/\/archivista.ch\/cms\/wp-json\/wp\/v2\/pages\/2147\/revisions"}],"predecessor-version":[{"id":4875,"href":"https:\/\/archivista.ch\/cms\/wp-json\/wp\/v2\/pages\/2147\/revisions\/4875"}],"up":[{"embeddable":true,"href":"https:\/\/archivista.ch\/cms\/wp-json\/wp\/v2\/pages\/5147"}],"wp:attachment":[{"href":"https:\/\/archivista.ch\/cms\/wp-json\/wp\/v2\/media?parent=2147"}],"curies":[{"name":"wp","href":"https:\/\/api.w.org\/{rel}","templated":true}]}}