{"id":215,"date":"2012-01-06T17:01:58","date_gmt":"2012-01-06T16:01:58","guid":{"rendered":"http:\/\/schulenwegg.ch\/cms\/?page_id=215"},"modified":"2015-06-10T20:39:35","modified_gmt":"2015-06-10T18:39:35","slug":"froscamp-17189","status":"publish","type":"page","link":"https:\/\/archivista.ch\/cms\/de\/aktuell-blog\/jahre-2008-2019\/blogs-2010\/froscamp-17189\/","title":{"rendered":"FrOSCamp 17.\/18.9"},"content":{"rendered":"<h1>Archivista am 17.\/18.9.2010 mit Stand und <a href=\"\/de\/media\/kvm-vmware-xen.pdf\">Vortrag<\/a> an <a target=\"_blank\" href=\"http:\/\/www.froscamp.org\">FrOSCamp<\/a> (ETH Z\u00fcrich)<\/h1>\n<p><strong><img loading=\"lazy\" decoding=\"async\" border=\"0\" align=\"right\" width=\"189\" vspace=\"5\" hspace=\"5\" height=\"222\" alt=\"\" src=\"\/de\/media\/froscamp.png\" \/>Pfaffhausen, 7. September 2010:<\/strong> Wir freuen uns sehr, Sie am 17. und 18. September 2010 an der ETH Z\u00fcrich am neuen Open Source Event der Schweiz begr\u00fcssen zu d\u00fcrfen. <a target=\"_blank\" href=\"http:\/\/www.froscamp.org\"><strong>FrOSCamp<\/strong><\/a> ist entstanden, weil es in der Schweiz bisher keinen Open Source Event gab, der ausschliesslich Open Source-Projekten eine Plattform gibt. Das<strong> Fr<\/strong>ee <strong>O<\/strong>pen <strong>S<\/strong>ource <strong>C<\/strong>amp wird in diesem Jahr zum ersten Mal ausgetragen.<\/p>\n<p>Bemerkenswert ist die Ausrichtung auf Open Source. Zugelassen zum Event sind nicht Firmen sondern Projekte, sofern sie Open Source sind. Wenn heute von Open Source die Rede ist, so heisst das allerdings noch lange nicht, dass auch Open Source drin steckt. Zur Erinnerung sei auf die Definition nach <a target=\"_blank\" href=\"http:\/\/www.wikipedia.ch\"><strong>wikipedia.ch<\/strong><\/a> verwiesen: <em><b>Open Source<\/b> (brit.) und <b>quelloffen<\/b> ist eine Palette von <\/em><a title=\"Lizenz\" href=\"http:\/\/de.wikipedia.org\/wiki\/Lizenz\"><em>Lizenzen<\/em><\/a><em> f\u00fcr <\/em><a title=\"Software\" href=\"http:\/\/de.wikipedia.org\/wiki\/Software\"><em>Software<\/em><\/a><em>, deren <\/em><a title=\"Quelltext\" href=\"http:\/\/de.wikipedia.org\/wiki\/Quelltext\"><em>Quelltext<\/em><\/a><em> \u00f6ffentlich zug\u00e4nglich ist und durch die Lizenz Weiterentwicklungen f\u00f6rdert.<\/em><\/p>\n<h2>Breit gefasster Begriff Open Source<\/h2>\n<p>Der Begriff Open Source wird aber oft viel breiter gefasst. Als Beispiel sei auf die <a href=\"http:\/\/www.ossaward.ch\"><strong>CH Open Source Awards 2010<\/strong><\/a> bzw. die Gewinner verwiesen. Zwei der drei Preistr\u00e4ger (wir gratulieren herzlich!) verwenden Open Source Produkte und erstellen daraus ein Produkt, ohne die so erstellte Applikation bzw. die Sourcen freizugeben. Beim dritten Preistr\u00e4ger gibt es eine Community- und eine Commercial-Version (nicht identische Sourcen).<\/p>\n<p>Ein weiteres Beispiel: Viele Mobile-Phones enthalten heute Linux als Kern. Wenn aber Applikationen (Apps) nur \u00fcber einen vorgegebenen Shop aufgespielt werden d\u00fcrfen, wenn der Hersteller sich das Recht einr\u00e4umt, Ihnen jederzeit Applikationen wieder zu entfernen, so kann hier kaum mehr von Open Source die Rede sein. Und doch handelt es sich bei den Mobile-Phones um Open Source, denn die Sourcen stehen zur Verf\u00fcgung. Dass es Ihnen dabei kaum bzw. nur mit hohem Aufwand m\u00f6glich sein wird, die Sourcen in modifizierter Form aufzuspielen, ist eine andere &#8222;Geschichte&#8220;. <strong>Entscheidend ist, dass die Sourcen zur Verf\u00fcgung stehen, und dass Sie damit machen d\u00fcrfen, was Ihnen beliebt, sofern Sie den ge\u00e4nderten Code wiederum unter der gleichen Lizenz weitergeben.<\/strong><\/p>\n<p>Dies im Unterschied zu den pr\u00e4mierten L\u00f6sungen bei besagtem Award. Bei Produkten, bei denen Open Source zur Anwendung kommt, wo aber die Sourcen zum Produkt selber nicht offengelegt sind, kann nicht von Open Source die Rede sein. Bei einer Software, bei der es eine Community- und Commercial-Version gibt, ist nur erstere Open Source. Selbst dann nicht, wenn Sie bei der Commercial-Version ebenfalls die Sourcen erhalten. Entscheidend ist die Lizenzform bzw. bei einer Open Source Lizenz das Recht mit dem Code frei verfahren zu d\u00fcrfen. Ist dieses Recht nicht gegeben, handelt es sich nicht um Open Source.<\/p>\n<h2><img loading=\"lazy\" decoding=\"async\" border=\"0\" align=\"right\" width=\"250\" vspace=\"5\" hspace=\"5\" height=\"248\" alt=\"\" src=\"\/de\/media\/gnu_logo.gif\" \/>ArchivistaBox Open Source mit GPLv2-Lizenz<\/h2>\n<p>Bei der ArchivistaBox ist es so, dass Sie eine fixfertig installierbare Version bei <a target=\"_blank\" href=\"http:\/\/sourceforge.net\/projects\/archivista\/\"><strong>sourceforge.net<\/strong><\/a> beziehen k\u00f6nnnen. Kunden, welche eine ArchivistaBox erwerben, k\u00f6nnen personalisierte ISO-Dateien direkt ab unseren Servern beziehen. Dabei verwenden wir den gleichen Code sowohl in der Version bei sourceforge.net, als auch bei den f\u00fcr unsere Kunden erstellten ISO-Dateien. Offen gestanden w\u00fcrde das Pflegen von zwei Versionen f\u00fcr uns zu viel Aufwand bedeuten.<\/p>\n<p>Die Versionen bei <a target=\"_blank\" href=\"http:\/\/sourceforge.net\/projects\/archivista\/\"><strong>soureforge.net<\/strong><\/a> sind im \u00fcbirgen meist etwas aktueller als es die Versionen sind, die wir den Kunden ausliefern. So erhalten die Kunden im Moment die Version 20100805, w\u00e4hrend bei <a target=\"_blank\" href=\"http:\/\/sourceforge.net\/projects\/archivista\/\"><strong>sourcefoge.net<\/strong><\/a> im Moment 20100906 beim automatischen Download bereitgestellt wird. Die Open Source Version vom 5. August 2010 (20100805) steht aber bei sourceforge ebenfalls zur Verf\u00fcgung, wie alle je publizierten Versionen seit mehreren Jahren.<\/p>\n<p>Offenheit und Transparenz sind uns wichtig. Und darum m\u00f6chten wir auch dies hier gesagt haben, die <strong>Dokumentation zur ArchivistaBox<\/strong> ist nicht Open Source. Sollten Sie die offizielle Dokumentation zur ArchivistaBox bzw. das Handbuch selber zum Download anbieten oder in gedruckter Form vertreiben, so liegt ganz klar eine Copyright-Verletzung vor, genauso wie die Wort-\/Bildmarke Archivista nicht verwendet werden darf. Worum geht es dabei? Wir m\u00f6chten ganz einfach, dass dort wo Archivista draufsteht, auch Archivista drin ist.<\/p>\n<p>Wie gesagt, die <strong>ArchivistaBox ist Open Source und Sie d\u00fcrfen die Sourcen jederzeit frei verwenden,<\/strong> Sie finden diese zudem in versionierter Form (R\u00fcckverfolgbarkeit der \u00c4nderungen) unter <a href=\"http:\/\/svn.archivista.ch\/websvn\"><strong>http:\/\/svn.archivista.ch\/websvn<\/strong><\/a>. Und noch etwas m\u00f6chten wir an dieser Stelle gesagt haben, Open Source heisst, dass ein Haftungsausschluss vereinbart ist, d.h. es gibt bei einer Open Source Lizenz kein Anrecht auf das Funktionieren der L\u00f6sung, genauso wie kein Anspruch auf Support besteht. Von beide Punkten und viel mehr (z.B. 15 Jahre Erfahrung) profitieren Sie ausschliesslich dann, wenn Sie eine ArchivsitaBox bei uns bzw. einem autorisierten Vertriebspartner erwerben. Und, bei der k\u00e4uflich erworbenen ArchivistaBox k\u00f6nnen Sie eine kommerzielle Texterkennung aufspielen, diese steht bei der Open Source Version aus lizenztechnischen Gr\u00fcnden nicht zur Verf\u00fcgung.<\/p>\n<h2>Kostenfreier Support in Foren und an FrOSCamp-Stand<\/h2>\n<p><a href=\"http:\/\/help.archivista.ch\/forum\"><img loading=\"lazy\" decoding=\"async\" border=\"0\" align=\"baseline\" width=\"600\" vspace=\"0\" hspace=\"0\" height=\"403\" alt=\"\" src=\"\/de\/media\/supportos.png\" \/><\/a><\/p>\n<p>Trotzdem soll(t)en Anwender\/innen, welche die ArchivistaBox unter der GPL-Lizenz anwenden, nicht einfach im Regen stehen, wenn sie mit der ArchivistaBox arbeiten. Daher stellen wir das Handbuch kostenfrei zur Verf\u00fcgung, genau so wie es kostenlose Support-Foren gibt. Ohne dieses &#8222;Grundangebot&#8220; h\u00e4tten wir zwar noch immer ein Open Source Produkt, allerdings w\u00fcrde der Einsatz massiv erschwert. Ebenfalls kostenfreien Support gew\u00e4hren wir jeweils an Open Source Messen und daher laden wir Sie herzlich zum Besuch unseres Standes am diesj\u00e4hrigen <a target=\"_blank\" href=\"http:\/\/www.froscamp.org\"><strong>FrOSCamp-Event<\/strong><\/a> ein. Die Veranstaltung findet am <strong>Freitag und Samstag, dem 17. und 18. September 2010 an der ETH Z\u00fcrich<\/strong> statt.<\/p>\n<p>Wir freuen uns auf alle die vorbei schauen. Falls Sie m\u00f6chten, dass wir die Open Source Version der ArchivistaBox auf Ihren Computer aufspielen, bringen Sie einfach einen Computer mit. F\u00fcr das Initiieren der Installation d\u00fcrften etwa 5 Minuten reichen, nach weiteren 15 bis 20 Minuten ist eine Installation abgeschlossen, wie gesagt, wir erledigen den Job gerne f\u00fcr Sie, dies ganz nach dem Motto, first come, first served. Von Vorteil ist es, wenn wir die Arc<br \/>\nhivistaBox virtualisiert aufspielen k\u00f6nnen, weil dabei ein paralleler Betrieb mit einem bestehenden Betriebssystem m\u00f6glich ist. Ist dies nicht der Fall, muss der gesamte Computer f\u00fcr die ArchivistaBox verf\u00fcgbar sein. insbesondere sei klar gesagt, dass die gesamte Festplatte (bei einer nicht virtualisierten Installation) \u00fcberschrieben werden muss.<\/p>\n<h2>Vortrag Virtualisierung im Vergleich mit XEN, KVM und VMWare<\/h2>\n<p>Bei dieser Gelegenheit m\u00f6chten wir auch gerne auf unseren <strong>Vortrag verweisen, den wir am Samstag, am 18. September 2010 um 17:00 Uhr<\/strong> am FrOSCamp-Event halten werden. Dabei wird es um das folgende Thema gehen:<\/p>\n<p><em>Ein Vergleich zwischen den bekanntesten Virtualisierungsl\u00f6sungen VMWare, XEN und KVM zeigt auf, welche Vor- und Nachteile bei den verschiedenen L\u00f6sungen zu erwarten sind. Der Vortrag gibt eine erste Antwort zur Frage, mit welchen Ressourcen KMU-Unternehmungen heute Virtualisierung einf\u00fchren und betreiben k\u00f6nnen.<\/em><\/p>\n<p>Momentan stecken wir mitten in den Vorbereitungen, wir denken, dass wir einige spannende Informationen pr\u00e4sentieren k\u00f6nnen werden. In diesem Sinne laden wir Sie gerne ein, uns am diesj\u00e4hrigen <a target=\"_blank\" href=\"http:\/\/www.froscamp.org\"><strong>FrOSCamp-Event<\/strong><\/a> zu besuchen.<\/p>\n<h2>Nachtrag: Dank, gut besuchter Vortrag und <a href=\"\/de\/media\/kvm-vmware-xen.pdf\">Skript<\/a><\/h2>\n<p>Nachtrag vom 18.9.2010: Wir danken f\u00fcr den tollen Event, dem OK f\u00fcr die Organisation, den Besuchern f\u00fcr das Interesse an unseren Produkten und den vielen Zuh\u00f6rer\/innen f\u00fcr den vollen Vortragssaal. Wie versprochen findet sich das <a href=\"\/de\/media\/kvm-vmware-xen.pdf\"><strong>Skript zum Thema &#8218;Virtulisierung mit XEN, KVM und VMWare&#8216; hier.<\/strong><\/a><\/p>\n\n\n\n\t<div class=\"dkpdf-button-container\" style=\"            text-align:right \">\n\n\t\t<a class=\"dkpdf-button\" href=\"\/cms\/wp-json\/wp\/v2\/pages\/215?pdf=215\" target=\"_blank\"><span class=\"dkpdf-button-icon\"><i class=\"fa fa-file-pdf-o\"><\/i><\/span> PDF Button<\/a>\n\n\t<\/div>\n\n\n\n\n\n","protected":false},"excerpt":{"rendered":"<p>Archivista am 17.\/18.9.2010 mit Stand und Vortrag an FrOSCamp (ETH Z\u00fcrich) Pfaffhausen, 7. September 2010: Wir freuen uns sehr, Sie am 17. und 18. September 2010 an der ETH Z\u00fcrich am neuen Open Source Event der Schweiz begr\u00fcssen zu d\u00fcrfen. FrOSCamp ist entstanden, weil es in der Schweiz bisher keinen Open Source Event gab, der [&hellip;]<\/p>\n","protected":false},"author":1,"featured_media":0,"parent":224,"menu_order":346,"comment_status":"closed","ping_status":"closed","template":"","meta":{"_acf_changed":false,"footnotes":""},"class_list":["post-215","page","type-page","status-publish","hentry"],"acf":[],"_links":{"self":[{"href":"https:\/\/archivista.ch\/cms\/wp-json\/wp\/v2\/pages\/215","targetHints":{"allow":["GET"]}}],"collection":[{"href":"https:\/\/archivista.ch\/cms\/wp-json\/wp\/v2\/pages"}],"about":[{"href":"https:\/\/archivista.ch\/cms\/wp-json\/wp\/v2\/types\/page"}],"author":[{"embeddable":true,"href":"https:\/\/archivista.ch\/cms\/wp-json\/wp\/v2\/users\/1"}],"replies":[{"embeddable":true,"href":"https:\/\/archivista.ch\/cms\/wp-json\/wp\/v2\/comments?post=215"}],"version-history":[{"count":0,"href":"https:\/\/archivista.ch\/cms\/wp-json\/wp\/v2\/pages\/215\/revisions"}],"up":[{"embeddable":true,"href":"https:\/\/archivista.ch\/cms\/wp-json\/wp\/v2\/pages\/224"}],"wp:attachment":[{"href":"https:\/\/archivista.ch\/cms\/wp-json\/wp\/v2\/media?parent=215"}],"curies":[{"name":"wp","href":"https:\/\/api.w.org\/{rel}","templated":true}]}}