{"id":22,"date":"2011-02-19T19:10:45","date_gmt":"2011-02-19T18:10:45","guid":{"rendered":"http:\/\/schulenwegg.ch\/cms\/?page_id=22"},"modified":"2017-06-27T10:11:22","modified_gmt":"2017-06-27T08:11:22","slug":"dms-und-archivierung","status":"publish","type":"page","link":"https:\/\/archivista.ch\/cms\/de\/produkte\/dms-erp\/dms-und-archivierung\/","title":{"rendered":"DMS und Archivierung"},"content":{"rendered":"<h1>L\u00f6sung out of the ArchivistaBox<\/h1>\n<p><img loading=\"lazy\" decoding=\"async\" class=\"alignright\" style=\"border-width: 0px; border-style: solid; float: right; width: 150px; margin: 0px 10px 0px 10px;\" src=\"\/uploads\/393\/inpu_outp3.png\" width=\"150\" height=\"187\" \/>Ganz egal, ob Sie eine L\u00f6sung f\u00fcr sich selber, f\u00fcr Ihre Abteilung, die gesamte Firma oder einen international t\u00e4tigen Konzern suchen, dank dem ArchivistaBox-Konzept sind Sie immer auf der sicheren Seite. Vor mehr als 15 Jahren haben wir die Archivista-L\u00f6sung mit dem Anspruch &#8222;Weg mit den Papier&#8220; auf den Markt gebracht. Ob es sich dabei um einige Ordner oder ganze Regale handelt, die ArchivistaBoxen bew\u00e4ltigen jedes Volumen. Dabei setzen wir konsequent auf datenbankbasierende L\u00f6sungen. Dies ergibt folgende Vorteile:<\/p>\n<ul>\n<li>Kein m\u00fchsames Ablegen von einzelnen Dokumenten<\/li>\n<li>Bequemes Suchen \u00fcber gesamte Archive (inkl. Volltextsuche)<\/li>\n<li>Zentrale Berechtigungen f\u00fcr Benutzer\/innen und Gruppen<\/li>\n<\/ul>\n<p>Die ArchivistaBox bietet alles, was Sie ben\u00f6tigen, um Dokumente \u00fcber einen langen Zeithorizont (Datengarantie \u00fcber 30 Jahre!) sicher und bequem zu managen. Dabei k\u00f6nnen selbst hohe Dokumentenvolumen spielend verarbeitet werden. Ob Sie letztlich einige hundert Dokumente oder gar Archive im hohen Millionenbereich betreiben m\u00f6chten, die ArchivistaBox steht jederzeit zu Ihrer Verf\u00fcgung.<\/p>\n<h2>S\u00e4mtliche Komponenten auf der ArchivistaBox<\/h2>\n<p>Wo andere L\u00f6sungen eine unz\u00e4hlige Anzahl an Zusatztools anbieten, erhalten Sie bei der ArchivistaBox bereits den gesamten Funktionsumfang mitgeliefert. Ob Sie nun durchsuchbare PDF-Dateien erstellen m\u00f6chten, ob Sie Dokumente (selbst mit ERP-Anbindung) virtuell ins Archiv drucken m\u00f6chten, ob Sie einen Netzwerkscanner anschliessen m\u00f6chten, die gesamte Funktionalit\u00e4t steht auf Knopfdruck bei jeder ArchivistaBox zur Verf\u00fcgung.<\/p>\n<p>Und um einige Highlights des WebClients zu nennen: Unbeschr\u00e4nkte Anzahl an Datenbanken, Mandantenf\u00e4hige Archive, bis zu 80 benutzerspezifische Felder, automatische OCR-, Barcode- und Formularerkennung direkt beim Scannen der Belege, Datei-Upload, PDF-Download von jeder Akte, Bild-Import ab jeder handels\u00fcblichen Digitalkamera, Benutzerverwaltung intern, mit LDAP oder HTTP-Request. F\u00fcr die Datensicherung stehen bereit: USB-Stick und Festplatte, NFS- und Windows-Laufwerke sowie RSYNC. Selbstverst\u00e4ndlich kann das Backup automatisiert erfolgen. F\u00fcr die Langzeitarchivierung kann jederzeit ein DVD\/CD-Brenner angeschlossen werden und ein jedes Archiv kann aus dem Live-Betreib als fixfertige Publikation (selbsttragende Archive) erstellt werden.<\/p>\n\n\n\n\t<div class=\"dkpdf-button-container\" style=\"            text-align:right \">\n\n\t\t<a class=\"dkpdf-button\" href=\"\/cms\/wp-json\/wp\/v2\/pages\/22?pdf=22\" target=\"_blank\"><span class=\"dkpdf-button-icon\"><i class=\"fa fa-file-pdf-o\"><\/i><\/span> PDF Button<\/a>\n\n\t<\/div>\n\n\n\n\n\n","protected":false},"excerpt":{"rendered":"<p>L\u00f6sung out of the ArchivistaBox Ganz egal, ob Sie eine L\u00f6sung f\u00fcr sich selber, f\u00fcr Ihre Abteilung, die gesamte Firma oder einen international t\u00e4tigen Konzern suchen, dank dem ArchivistaBox-Konzept sind Sie immer auf der sicheren Seite. Vor mehr als 15 Jahren haben wir die Archivista-L\u00f6sung mit dem Anspruch &#8222;Weg mit den Papier&#8220; auf den Markt [&hellip;]<\/p>\n","protected":false},"author":1,"featured_media":0,"parent":21,"menu_order":378,"comment_status":"closed","ping_status":"closed","template":"","meta":{"_acf_changed":false,"footnotes":""},"class_list":["post-22","page","type-page","status-publish","hentry"],"acf":[],"_links":{"self":[{"href":"https:\/\/archivista.ch\/cms\/wp-json\/wp\/v2\/pages\/22","targetHints":{"allow":["GET"]}}],"collection":[{"href":"https:\/\/archivista.ch\/cms\/wp-json\/wp\/v2\/pages"}],"about":[{"href":"https:\/\/archivista.ch\/cms\/wp-json\/wp\/v2\/types\/page"}],"author":[{"embeddable":true,"href":"https:\/\/archivista.ch\/cms\/wp-json\/wp\/v2\/users\/1"}],"replies":[{"embeddable":true,"href":"https:\/\/archivista.ch\/cms\/wp-json\/wp\/v2\/comments?post=22"}],"version-history":[{"count":10,"href":"https:\/\/archivista.ch\/cms\/wp-json\/wp\/v2\/pages\/22\/revisions"}],"predecessor-version":[{"id":4893,"href":"https:\/\/archivista.ch\/cms\/wp-json\/wp\/v2\/pages\/22\/revisions\/4893"}],"up":[{"embeddable":true,"href":"https:\/\/archivista.ch\/cms\/wp-json\/wp\/v2\/pages\/21"}],"wp:attachment":[{"href":"https:\/\/archivista.ch\/cms\/wp-json\/wp\/v2\/media?parent=22"}],"curies":[{"name":"wp","href":"https:\/\/api.w.org\/{rel}","templated":true}]}}