{"id":223,"date":"2011-03-04T13:13:16","date_gmt":"2011-03-04T12:13:16","guid":{"rendered":"http:\/\/schulenwegg.ch\/cms\/?page_id=223"},"modified":"2015-06-25T15:42:33","modified_gmt":"2015-06-25T13:42:33","slug":"archivistabox-64bit","status":"publish","type":"page","link":"https:\/\/archivista.ch\/cms\/de\/aktuell-blog\/jahre-2008-2019\/blogs-2010\/archivistabox-64bit\/","title":{"rendered":"ArchivistaBox 64Bit"},"content":{"rendered":"<h1>Freigabe ArchivistaBox 64Bit zum \u00f6ffentlichen Download<\/h1>\n<p><em><strong>Pfaffhausen, 1. Dezember 2010:<\/strong> Nachdem wir s\u00e4mtliche bekannten Bugs behoben haben, nachdem wir seit Wochen mit der ArchivistaBox 64Bit arbeiten, bereitet es uns heute grosse Freude, die neue ArchivistaBox 64Bit zum \u00f6ffentlichen Download freigeben zu k\u00f6nnen.<\/em><\/p>\n<h2>64Bit f\u00fcr die ArchivistaBox und ArchivistaVM<\/h2>\n<p>Als wir diesen Fr\u00fchling die Entwicklung der ArchivistaBox 64Bit starteten, wussen wir weder wann wir fertig werden w\u00fcrden noch wie. Wir wussten dagegen ganz einfach, dass wir nach mehr als f\u00fcnf Jahren ArchivistaBox eine komplett und rundum erneuerte Version mit 64Bit haben wollten.<\/p>\n<p><img loading=\"lazy\" decoding=\"async\" align=\"baseline\" width=\"600\" vspace=\"0\" hspace=\"0\" height=\"310\" border=\"0\" src=\"\/de\/media\/zueri.jpg\" alt=\"\" \/><\/p>\n<p>Wir testeten dazu verschiedene Linux-Systeme auf Herz und Nieren. Wir kompillierten viele viele Millionen von Codezeilen und noch im sp\u00e4ten Sommer 2010 schien es, als ob wir das neue Release erst im Jahre 2011 bzw. in unbestimmter Zeit abschliessen w\u00fcrden k\u00f6nnen. Denn keines der getesteten Linux-Systeme befriedigte uns in allen Ecken und Enden. <a href=\"http:\/\/www.t2-project.org\" target=\"_blank\"><strong>T2<\/strong><\/a> erschien uns zu hart am Ball (immer jeweils neuste Quellcodes), <a href=\"http:\/\/www.debian.org\" target=\"_blank\"><strong>Debian<\/strong><\/a> zuweilen zu altbacken, bei <a href=\"http:\/\/www.archlinux.org\" target=\"_blank\"><strong>ArchLinux<\/strong><\/a> h\u00e4tten wir komplettes Neuland betreten und bei <a href=\"http:\/\/www.tinycorelinux.com\" target=\"_blank\"><strong>TinyCore-Linux<\/strong><\/a> fehlte uns der Ansatz mit 64Bit.<\/p>\n<p>Letzten Endes haben wir uns dazu entschieden, die ArchivistaBox aus verschiedenen Quellen zusammenzustellen. Dazu waren einige Komponenten (insb. das Installationsprogramm) von Grund auf neu zu schreiben. Interessanterweise ben\u00f6tigten wir f\u00fcr das Schreiben der Komponenten weniger Zeit als f\u00fcr den Entscheid, auf welches Pferdchen wir setzen wollten.<\/p>\n<p>Herausgekommen ist die <strong>neue ArchivistaBox 64Bit. Sie enth\u00e4lt die bisherige ArchivistaVM-L\u00f6sung komplett,<\/strong> verh\u00e4lt sich ansonsten aber wie eine ausgewachsene ArchivistaBox, d.h. mit Ausnahme des neuen Installers wird einem kaum auffallen, dass mit der 64Bit-Version gearbeitet wird. Wir denken, das ist gut so. Was sich bew\u00e4hrt hat, muss nicht komplett neu erschaffen werden.<\/p>\n<p>An dieser Stelle  m\u00f6chten wir nur noch den <strong>Link zum Download der neuen Version<\/strong> bekanntgeben. Einen Einblick in das neue Release gibt der Vortrag, der am letzten Samstag anl\u00e4sslich des <a href=\"http:\/\/www.linuxday.at\/node\/84\" target=\"_blank\"><strong>linuxday.at in Dornbirn<\/strong><\/a> gehalten wurde. Das <a href=\"?page_id=140\" target=\"_blank\"><strong>Vortragsskript findet sich hier.<\/strong><\/a><strong> <\/strong>Weitere <strong>Informationen zum neuen Release<\/strong> finden sich zudem auch im <strong>letzten Blog-Eintrag.<\/strong><\/p>\n<h2>Update und Nachtrag: ArchivistaVM ebenfalls mit GUI<\/h2>\n<p>Wie wir bereits im <a href=\"?page_id=140\"><strong>Vortragsskript<\/strong><\/a> mutmassten, haben wir auch dem kleinen Release (ArchivistaVM, ohne GUI, bisher ca. 200 MByte) einen X-Server sowie einen Browser verpasst, damit in jedem Falle lokal gerarbeitet werden kann. Die Installationszeit verl\u00e4ngert sich dadurch um etwa 5 bis 10 Sekunden. Wir denken, gemessen am Komfort des grafischen GUIs ist dies absolut vernachl\u00e4ssigbar. Die neue Gr\u00f6sse des kleinen Releases betr\u00e4gt ca. 320 MByte<span style=\"text-decoration: underline;\"><span style=\"font-weight: bold;\">.<\/span><\/span><\/p>\n<p><em>P.S: Diejenigen, welche ohne das GUI arbeiten m\u00f6chten, k\u00f6nnen als root-Benutzer in einem Terminal den Dienst &#8218;gdm&#8216; deaktivieren. Dies kann mit <strong><span style=\"font-family: Courier New;\">sysv-rc-conf gdm off<\/span><\/strong> bwerkstelligt werden. Damit wird ArchivistaVM ohne X-Server gestartet.<\/em><\/p>\n\n\n\n\t<div class=\"dkpdf-button-container\" style=\"            text-align:right \">\n\n\t\t<a class=\"dkpdf-button\" href=\"\/cms\/wp-json\/wp\/v2\/pages\/223?pdf=223\" target=\"_blank\"><span class=\"dkpdf-button-icon\"><i class=\"fa fa-file-pdf-o\"><\/i><\/span> PDF Button<\/a>\n\n\t<\/div>\n\n\n\n\n\n","protected":false},"excerpt":{"rendered":"<p>Freigabe ArchivistaBox 64Bit zum \u00f6ffentlichen Download Pfaffhausen, 1. Dezember 2010: Nachdem wir s\u00e4mtliche bekannten Bugs behoben haben, nachdem wir seit Wochen mit der ArchivistaBox 64Bit arbeiten, bereitet es uns heute grosse Freude, die neue ArchivistaBox 64Bit zum \u00f6ffentlichen Download freigeben zu k\u00f6nnen. 64Bit f\u00fcr die ArchivistaBox und ArchivistaVM Als wir diesen Fr\u00fchling die Entwicklung der [&hellip;]<\/p>\n","protected":false},"author":1,"featured_media":0,"parent":224,"menu_order":341,"comment_status":"closed","ping_status":"closed","template":"","meta":{"_acf_changed":false,"footnotes":""},"class_list":["post-223","page","type-page","status-publish","hentry"],"acf":[],"_links":{"self":[{"href":"https:\/\/archivista.ch\/cms\/wp-json\/wp\/v2\/pages\/223","targetHints":{"allow":["GET"]}}],"collection":[{"href":"https:\/\/archivista.ch\/cms\/wp-json\/wp\/v2\/pages"}],"about":[{"href":"https:\/\/archivista.ch\/cms\/wp-json\/wp\/v2\/types\/page"}],"author":[{"embeddable":true,"href":"https:\/\/archivista.ch\/cms\/wp-json\/wp\/v2\/users\/1"}],"replies":[{"embeddable":true,"href":"https:\/\/archivista.ch\/cms\/wp-json\/wp\/v2\/comments?post=223"}],"version-history":[{"count":1,"href":"https:\/\/archivista.ch\/cms\/wp-json\/wp\/v2\/pages\/223\/revisions"}],"predecessor-version":[{"id":1443,"href":"https:\/\/archivista.ch\/cms\/wp-json\/wp\/v2\/pages\/223\/revisions\/1443"}],"up":[{"embeddable":true,"href":"https:\/\/archivista.ch\/cms\/wp-json\/wp\/v2\/pages\/224"}],"wp:attachment":[{"href":"https:\/\/archivista.ch\/cms\/wp-json\/wp\/v2\/media?parent=223"}],"curies":[{"name":"wp","href":"https:\/\/api.w.org\/{rel}","templated":true}]}}