{"id":224,"date":"2011-01-02T16:26:59","date_gmt":"2011-01-02T15:26:59","guid":{"rendered":"http:\/\/schulenwegg.ch\/cms\/?page_id=224"},"modified":"2023-01-09T21:16:05","modified_gmt":"2023-01-09T20:16:05","slug":"blogs-2010","status":"publish","type":"page","link":"https:\/\/archivista.ch\/cms\/de\/aktuell-blog\/jahre-2008-2019\/blogs-2010\/","title":{"rendered":"Blogs 2010"},"content":{"rendered":"<h1>Jahresr\u00fcckblick 2010: Ein volles Jahr mit 64 Bit<\/h1>\n<p><strong><img loading=\"lazy\" decoding=\"async\" align=\"right\" width=\"300\" vspace=\"5\" hspace=\"5\" height=\"225\" border=\"0\" alt=\"\" src=\"\/de\/media\/zuerichhb.jpg\" \/>Pfaffhausen, 3. Januar 2011:<\/strong> Das vergangene Jahr war ein gutes, aber auch ausgef\u00fclltes Jahr. Erstmalig schreiben wir den Jahresr\u00fcckblick deshalb erst im Jahre 2011, daf\u00fcr im vollen R\u00fcckblick auf das Jahr 2010.<\/p>\n<p><strong>Januar\/Februar:<\/strong> Das Jahr 2010 war in erster Linie gepr\u00e4gt von vielen Ver\u00e4nderungen. Zun\u00e4chst l\u00f6sten wir Ende Januar die alten Geh\u00e4use f\u00fcr die ArchivistaBox-Systeme ab. Nach mittlerweile fast einem Jahr mit dem neuen <strong>Universal-Geh\u00e4use<\/strong> d\u00fcrfen wir feststellen, der Umstieg hat sich f\u00fcr unsere Kunden sehr gelohnt.<\/p>\n<p><strong>M\u00e4rz\/April:<\/strong> Bei der Entwicklung realisierten wir sehr viel <strong>Feinarbeit. <\/strong>Der einfache <strong>Upload von Dateien<\/strong> sowie die <strong>Versionierung<\/strong> seien hier nur stellvertretend f\u00fcr viele kleine und gr\u00f6ssere Funktionen genannt. Unser Ausflug in die Welt der Mobil-Telefone, siehe dazu <strong>Scannen mit Handy,<\/strong> hat es gezeigt, der Quellcode unserer L\u00f6sungen l\u00e4sst sich beinahe beliebig auf andere Plattformen \u00fcbertragen. Dies ist uns ein zentrales Anliegen und davon sollten wir bei der <strong>Portierung auf 64 Bit<\/strong> ebenfalls profitieren.<\/p>\n<p><span style=\"font-weight: bold;\">Mai\/Juni: <\/span>Weniger erfreulich war die <strong>Entwicklung beim Euro.<\/strong> Ein Wechselkurs von mittlerweile ca. 1.25 zum Franken hatte f\u00fcr unsere Kunden aus dem EU-Raum zur Folge, dass unsere Produkte im Jahr 2010 teurer wurden. Dadurch, dass wir aber 2010 die Preise mit der Einf\u00fchrung der neuen Universal-Geh\u00e4use erheblich senken konnten, hielt sich der Preisanstieg letztlich im moderaten einstelligen Prozent-Bereich in Grenzen.<\/p>\n<p><strong>Aufgabe Deutsche MwSt-Nummer:<\/strong> Per Ende 2010 haben wir die deutsche Mehrwertsteuer-Nummer aufgegeben. F\u00fcr gewerbliche Kunden \u00e4ndert sich nichts. Die Mehrwertsteuer auf unsere Produkte kann dank unserem Logistik-Partner <a href=\"http:\/\/www.swisspost-gls.ch\/\" target=\"_blank\" rel=\"noopener\"><strong>SwissPost GLS<\/strong><\/a> unver\u00e4ndert in Abzug gebracht werden. Mit diesem Schritt k\u00f6nnen wir die <a target=\"_blank\" href=\"http:\/\/shop.archivista.ch\" rel=\"noopener\"><strong>Logistik-Kosten bei Bestellungen \u00fcber unseren Web-Shop<\/strong><\/a> senken und diese Ersparnis geben wir gerne in tieferen Versandpauschalen an Sie weiter.<\/p>\n<p><strong>Juli\/August:<\/strong> Interessanterweise erhalten wir seit dem Sommer 2010 eher mehr Bestellungen aus dem EU-Raum. Hier d\u00fcrfte die neue EU-Richtlinie, welche die Pflicht zur <strong>qualifizierten Signatur f\u00fcr Archiv-Belege ad acta<\/strong> legte, erste Fr\u00fcchte tragen. Wir freuen uns f\u00fcr unsere Kunden, dass hier (wenn auch mit Versp\u00e4tung) die Vernunft letztlich siegte.<\/p>\n<p><strong>September\/Oktober:<\/strong> Gut in Erinnerung geblieben ist uns <strong>FrOSCamp 2010.<\/strong> Zwar war das Besucher-Volumen an den beiden Tagen nicht \u00fcberragend, daf\u00fcr war mein <strong>Vortrag zur Virtualisierung<\/strong> sehr gut besucht. Auch Monate sp\u00e4ter erhalte ich Feedbacks zum Vortragsskript. Eines m\u00f6chte ich nochmals festhalten. Ich habe nichts gegen Rack-Server. Ich wollte nur darauf hinweisen, dass KMU-Firmen es sich gut \u00fcberlegen sollten, welche Server-Umgebungen sinnvoll sind. Auch wenn die Hardware heute weniger kostet, die Implementierung und der Betrieb eines Data-Centers kostet schnell sechsstellige Franken bzw. Euro-Betr\u00e4ge.<\/p>\n<p><strong>November:<\/strong> Danach ging alles ziemlich schnell. Die Entwicklung unserer <strong>64-Bit-Version konnten wir im Oktober<\/strong> vorstellen und Ende <strong>November pr\u00e4sentierten wir die erste Version<\/strong> anl\u00e4sslich des <strong>11. linuxday.at in Dornbirn.<\/strong> Der Titel &#8218;In 2 Minuten zur Virtualisierung&#8216; f\u00fchrte zur einleitenden Frage eines Besuchers, warum der Vortrag 45 Minuten dauere, wenn die L\u00f6sung nach 2 Minuten aufgesetzt sei. Kurz und gut, die Besucher\/innen waren am Anfang skeptisch. Dies \u00e4nderte sich um 11:02 schnell, als die beiden Maschinen kompltt aufgesetzt und konfiguriert waren. Und wie wir mittlerweile ja wissen, ist eine <strong>jede ArchivistaVM- auch eine ArchivistaBox-L\u00f6sung.<\/strong><\/p>\n<p><strong>Dezember:<\/strong> Der letzte Monate des Jahres 2010 war prallvoll. Wir durften viele neue L\u00f6sungen realisieren. Noch wird der gr\u00f6sste Teil mit 32-Bit ausgeliefert (bei der 64-Bit-Version fehlt noch die Dokumentation), aber auf Nachfrage spielen wir selbstverst\u00e4ndlich auch bereits die 64-Bit-Version auf. F\u00fcr die ArchivistaBox-Kunden, d.h. im Rahmen von DMS-Projekten, spielt das Release letztlich keine entscheidene Rolle, denn gegenw\u00e4rtig und in Zukunft verwenden wir die gleichen Sourcen sowohl bei 32 als auch bei 64 Bit.<\/p>\n<p><strong>W\u00fcnsche f\u00fcr 2011:<\/strong> Leider hatten wir im Dezember auch einen zeitaufw\u00e4ndigen Supportfall, bei dem es darum ging, eine defekte ArchivistaBox-L\u00f6sung ohne Backups zu restaurieren. Daher mein Tipp an Alle: <em>Auch wenn die neue L\u00f6sung in 2 Minuten aufgesetzt ist, dann sind weitere 2 Minuten pro Woche f\u00fcr die Kontrolle des Backups gut investiert.<\/em> Wir w\u00fcnschen unseren Kunden, Mitarbeitern, Lieferanten und all jenen, die hier vorbeischauen, ein gutes neues 2011.<\/p>\n\n\n\n\t<div class=\"dkpdf-button-container\" style=\"            text-align:right \">\n\n\t\t<a class=\"dkpdf-button\" href=\"\/cms\/wp-json\/wp\/v2\/pages\/224?pdf=224\" target=\"_blank\"><span class=\"dkpdf-button-icon\"><i class=\"fa fa-file-pdf-o\"><\/i><\/span> PDF Button<\/a>\n\n\t<\/div>\n\n\n\n\n\n","protected":false},"excerpt":{"rendered":"<p>Jahresr\u00fcckblick 2010: Ein volles Jahr mit 64 Bit Pfaffhausen, 3. Januar 2011: Das vergangene Jahr war ein gutes, aber auch ausgef\u00fclltes Jahr. Erstmalig schreiben wir den Jahresr\u00fcckblick deshalb erst im Jahre 2011, daf\u00fcr im vollen R\u00fcckblick auf das Jahr 2010. Januar\/Februar: Das Jahr 2010 war in erster Linie gepr\u00e4gt von vielen Ver\u00e4nderungen. Zun\u00e4chst l\u00f6sten wir [&hellip;]<\/p>\n","protected":false},"author":1,"featured_media":0,"parent":9613,"menu_order":77,"comment_status":"closed","ping_status":"closed","template":"","meta":{"_acf_changed":false,"footnotes":""},"class_list":["post-224","page","type-page","status-publish","hentry"],"acf":[],"_links":{"self":[{"href":"https:\/\/archivista.ch\/cms\/wp-json\/wp\/v2\/pages\/224","targetHints":{"allow":["GET"]}}],"collection":[{"href":"https:\/\/archivista.ch\/cms\/wp-json\/wp\/v2\/pages"}],"about":[{"href":"https:\/\/archivista.ch\/cms\/wp-json\/wp\/v2\/types\/page"}],"author":[{"embeddable":true,"href":"https:\/\/archivista.ch\/cms\/wp-json\/wp\/v2\/users\/1"}],"replies":[{"embeddable":true,"href":"https:\/\/archivista.ch\/cms\/wp-json\/wp\/v2\/comments?post=224"}],"version-history":[{"count":4,"href":"https:\/\/archivista.ch\/cms\/wp-json\/wp\/v2\/pages\/224\/revisions"}],"predecessor-version":[{"id":9612,"href":"https:\/\/archivista.ch\/cms\/wp-json\/wp\/v2\/pages\/224\/revisions\/9612"}],"up":[{"embeddable":true,"href":"https:\/\/archivista.ch\/cms\/wp-json\/wp\/v2\/pages\/9613"}],"wp:attachment":[{"href":"https:\/\/archivista.ch\/cms\/wp-json\/wp\/v2\/media?parent=224"}],"curies":[{"name":"wp","href":"https:\/\/api.w.org\/{rel}","templated":true}]}}