{"id":23,"date":"2011-02-19T19:09:32","date_gmt":"2011-02-19T18:09:32","guid":{"rendered":"http:\/\/schulenwegg.ch\/cms\/?page_id=23"},"modified":"2025-02-10T11:11:39","modified_gmt":"2025-02-10T10:11:39","slug":"web-desktop","status":"publish","type":"page","link":"https:\/\/archivista.ch\/cms\/de\/produkte\/dms-erp\/web-desktop\/","title":{"rendered":"Web-Desktop"},"content":{"rendered":"<h1><a href=\"https:\/\/archivista.ch\/cms\/wp-content\/uploads\/2025\/02\/webdms.jpg\"><img loading=\"lazy\" decoding=\"async\" class=\"wp-image-11013 size-medium alignright\" src=\"https:\/\/archivista.ch\/cms\/wp-content\/uploads\/2025\/02\/webdms-300x199.jpg\" alt=\"\" width=\"300\" height=\"199\" srcset=\"https:\/\/archivista.ch\/cms\/wp-content\/uploads\/2025\/02\/webdms-300x199.jpg 300w, https:\/\/archivista.ch\/cms\/wp-content\/uploads\/2025\/02\/webdms-1024x678.jpg 1024w, https:\/\/archivista.ch\/cms\/wp-content\/uploads\/2025\/02\/webdms-768x508.jpg 768w, https:\/\/archivista.ch\/cms\/wp-content\/uploads\/2025\/02\/webdms-600x397.jpg 600w, https:\/\/archivista.ch\/cms\/wp-content\/uploads\/2025\/02\/webdms-624x413.jpg 624w, https:\/\/archivista.ch\/cms\/wp-content\/uploads\/2025\/02\/webdms.jpg 1077w\" sizes=\"auto, (max-width: 300px) 100vw, 300px\" \/><\/a>Webbasiertes Arbeiten auf jedem Desktop<\/h1>\n<p>Wir von der Archivista GmbH sind der \u00dcberzeugung, dass webbasierte Applikationen unheimlich viele Vorteile haben. So entfallen die zeit- und kostspieligen Installationen, die Anwendung steht jederzeit zur Verf\u00fcgung und eine Web-Applikation kann weit schneller gestartet werden als dies bei herk\u00f6mmlichen Applikationen der Fall ist.<\/p>\n<p>Die ArchivistaBox l\u00e4uft aber nicht nur auf ihrem Business-Desktop, ArchivistaDMS arbeitet mit jedem Tablet oder Smartphone problemlos zusammen. Und zwar so, dass keine zus\u00e4tzlichen Apps installiert werden m\u00fcssen. ArchivistaDMS erkennt automatisch zu jedem Zeitpunkt, welche Aufl\u00f6sung auf dem Client vorliegt und passt sich dem entsprechend an. Vom Smartphone-Bildschirm bis zum 8K-Bildschirm, ArchivistaDMS pr\u00e4sentiert sich stets so, dass alle Informationen auf einen Blick optimal dargestellt werden.<\/p>\n<h2>Das Beste vom Web und Desktop auf der ArchivistaBox vereint<\/h2>\n<p>Allerdings gilt es F\u00e4lle und Anwendungen, die normalerweise nicht im Internet stehen sollten. Genau hier setzt die ArchivistaBox an, denn die ArchivistaBox l\u00e4sst Ihnen die Wahl, wo und wie Sie diese einsetzen.<\/p>\n<h2><a href=\"https:\/\/archivista.ch\/cms\/wp-content\/uploads\/2025\/01\/avboxsmart25.jpg\"><img loading=\"lazy\" decoding=\"async\" class=\"alignnone size-full wp-image-10659\" src=\"https:\/\/archivista.ch\/cms\/wp-content\/uploads\/2025\/01\/avboxsmart25.jpg\" alt=\"\" width=\"491\" height=\"1080\" srcset=\"https:\/\/archivista.ch\/cms\/wp-content\/uploads\/2025\/01\/avboxsmart25.jpg 491w, https:\/\/archivista.ch\/cms\/wp-content\/uploads\/2025\/01\/avboxsmart25-300x660.jpg 300w, https:\/\/archivista.ch\/cms\/wp-content\/uploads\/2025\/01\/avboxsmart25-136x300.jpg 136w, https:\/\/archivista.ch\/cms\/wp-content\/uploads\/2025\/01\/avboxsmart25-466x1024.jpg 466w\" sizes=\"auto, (max-width: 491px) 100vw, 491px\" \/><\/a><\/h2>\n<p>Sie k\u00f6nnen die ArchivistaBox standalone, im Intra- und \/oder Internet betreiben. Und bei jeder dieser Varianten haben Sie die Wahl, ob Sie mit aktivierter Verschl\u00fcsselung arbeiten m\u00f6chten oder nicht. Sie alleine entscheiden, wo und wie ihre Daten verf\u00fcgbar sind. Und falls Sie mehrere ArchivistaBoxen miteinander verkn\u00fcpfen m\u00f6chten, so ist auch das kein Problem. Ob es sich dabei um zwei oder mehr Maschinen handelt, ein Archivista-Cluster steht binnen Minuten bereit.<\/p>\n<h2>Testen Sie ArchivistaDMS<\/h2>\n<p>Wir bieten Ihnen zwei M\u00f6glichkeiten, ArchivistaDMS zu testen. <strong>Erstens:<\/strong> Gerne d\u00fcrfen Sie in unserem Demo-Archiv herumst\u00f6bern. Die Demo-Datenbank umfasst etwa 30&#8217;000 B\u00fccher aus dem Projekt-Gutenberg und kann unter <strong><a href=\"https:\/\/downloads.archivista.ch\/\">https:\/\/downloads.archivista.ch\/<\/a><\/strong> <strong>(Passwort lautet demo)<\/strong> aufgerufen werden.<\/p>\n<p><strong>Zweitens:<\/strong> Weiter k\u00f6nnen Sie sich \u00fcber <strong><a href=\"http:\/\/shop.archivista.ch\/oscommunity\/catalog\/product_info.php?products_id=107&amp;osCsid=226dc9352a0d180f23f15f7830016b45\">shop.archivista.ch<\/a><\/strong> fast den gesamten Umfang von ArchivistaDMS in unseer Cloud selber testen. Sollte Ihnen das Anlegen des Kontos im Shop zu umst\u00e4ndlich sein (automatisches Anlegen der entsprechenden Instanz), so senden Sie uns gerne eine Mail nach <strong><a href=\"mailto:webmaster@archivista.ch\">webmaster@archivista.ch<\/a><\/strong> (Stichwort Demo-Account) und wir legen die Instanz dabei gerne f\u00fcr Sie an.<\/p>\n\n\n\n\t<div class=\"dkpdf-button-container\" style=\"            text-align:right \">\n\n\t\t<a class=\"dkpdf-button\" href=\"\/cms\/wp-json\/wp\/v2\/pages\/23?pdf=23\" target=\"_blank\"><span class=\"dkpdf-button-icon\"><i class=\"fa fa-file-pdf-o\"><\/i><\/span> PDF Button<\/a>\n\n\t<\/div>\n\n\n\n\n\n","protected":false},"excerpt":{"rendered":"<p>Webbasiertes Arbeiten auf jedem Desktop Wir von der Archivista GmbH sind der \u00dcberzeugung, dass webbasierte Applikationen unheimlich viele Vorteile haben. So entfallen die zeit- und kostspieligen Installationen, die Anwendung steht jederzeit zur Verf\u00fcgung und eine Web-Applikation kann weit schneller gestartet werden als dies bei herk\u00f6mmlichen Applikationen der Fall ist. Die ArchivistaBox l\u00e4uft aber nicht nur [&hellip;]<\/p>\n","protected":false},"author":1,"featured_media":0,"parent":21,"menu_order":377,"comment_status":"closed","ping_status":"closed","template":"","meta":{"_acf_changed":false,"footnotes":""},"class_list":["post-23","page","type-page","status-publish","hentry"],"acf":[],"_links":{"self":[{"href":"https:\/\/archivista.ch\/cms\/wp-json\/wp\/v2\/pages\/23","targetHints":{"allow":["GET"]}}],"collection":[{"href":"https:\/\/archivista.ch\/cms\/wp-json\/wp\/v2\/pages"}],"about":[{"href":"https:\/\/archivista.ch\/cms\/wp-json\/wp\/v2\/types\/page"}],"author":[{"embeddable":true,"href":"https:\/\/archivista.ch\/cms\/wp-json\/wp\/v2\/users\/1"}],"replies":[{"embeddable":true,"href":"https:\/\/archivista.ch\/cms\/wp-json\/wp\/v2\/comments?post=23"}],"version-history":[{"count":10,"href":"https:\/\/archivista.ch\/cms\/wp-json\/wp\/v2\/pages\/23\/revisions"}],"predecessor-version":[{"id":11021,"href":"https:\/\/archivista.ch\/cms\/wp-json\/wp\/v2\/pages\/23\/revisions\/11021"}],"up":[{"embeddable":true,"href":"https:\/\/archivista.ch\/cms\/wp-json\/wp\/v2\/pages\/21"}],"wp:attachment":[{"href":"https:\/\/archivista.ch\/cms\/wp-json\/wp\/v2\/media?parent=23"}],"curies":[{"name":"wp","href":"https:\/\/api.w.org\/{rel}","templated":true}]}}