{"id":236,"date":"2014-12-24T17:07:41","date_gmt":"2014-12-24T16:07:41","guid":{"rendered":"http:\/\/schulenwegg.ch\/cms\/?page_id=236"},"modified":"2023-01-09T21:18:08","modified_gmt":"2023-01-09T20:18:08","slug":"blogs-2014","status":"publish","type":"page","link":"https:\/\/archivista.ch\/cms\/de\/aktuell-blog\/jahre-2008-2019\/blogs-2014\/","title":{"rendered":"Blogs 2014"},"content":{"rendered":"<h1>Von Z\u00fcgelkisten \u00fcber Dolder-Boxen zu ArchivistaERP<\/h1>\n<p><strong><em>Egg, 24. Dezember 2014:<\/em><\/strong><em> Vor genau einem Jahr war die Firma Archivista GmbH mitten am Z\u00fcgeln. Es dauerte eine ganze Weile, bis am neuen Ort in Egg alles wieder seinen Platz gefunden hatte. Nach dem <\/em><em><strong>Abschluss der Z\u00fcgelarbeiten im Januar\/Februar<\/strong><\/em><em> konnten wir uns endlich wieder voll unseren Kundenprojekten und der Weiterentwicklung der ArchivistaBox k\u00fcmmern. Dieser Blog zeigt kurz auf, was wir im Jahr 2014 alles erreichen konnten.<\/em><\/p>\n<p><img loading=\"lazy\" decoding=\"async\" height=\"337\" align=\"bottom\" width=\"600\" src=\"\/de\/media\/weihnachten2.jpg\" alt=\"\" \/><\/p>\n<p>Mitte Februar konnten wir mit der<strong> ArchivistaBox Mini<\/strong> eine Virtualisierungsplattform zum freien Download bereitstellen, die mit 60 MByte s\u00e4mtliche Komponenten enth\u00e4lt, um einen Cluster f\u00fcr die Virtualisierung direkt \u00fcber das Web-Interface zusammenzustellen.<\/p>\n<p>Ebnefalls deutlich vereinert werden konnte die Datensicherung mit ArchivistaVM, kann mit der <strong>ArchivistaBox 2014\/II erstmalig das Zur\u00fcckspielen von Instanzen<\/strong> direkt im Web-Interface erfolgen. Ebenso k\u00f6nnen einzelne <strong>Dateien aus archivierten Instanzen bequem \u00fcber den Browser<\/strong> zur\u00fcckgespielt werden.<\/p>\n<p>Mit der <strong>ArchivistaBox 2014\/III<\/strong> steht die neue <strong>ArchivistaBox Dolder<\/strong> zur Verf\u00fcgung. Wir sind gl\u00fccklich, dass wir im Bereich um die 300 EUR seit diesem Jahr eine leistungsf\u00e4hige Hardware anbieten k\u00f6nnen. Um die ArchivistaBox Dolder noch attraktiver zu machen, kreierten wir die <strong>Packages Easy und Full.<\/strong> Dass die ArchivistaBox Dolder leistungsf\u00e4hig ist, konnte mit dem <strong>Scan-Test \u00fcber 10&#8217;000 Seiten in einer Stunde<\/strong> eindr\u00fccklich demonstriert werden.<\/p>\n<p>Im zweiten Halbjahr 2014 besch\u00e4ftige uns in erheblichem Masse die <strong>Weiterentwicklung von ArchivistaERP.<\/strong> Mit der <strong>ArchivistaBox 2014\/IX<\/strong> konnten diese Anstreungen definitiv in die ArchivistaBox \u00fcbertragen werden. Wenig sp\u00e4ter konnten wir <strong>ArchivistaERP ebenfalls auf unserer Cloud-Umgebung<\/strong> zum Arbeiten freigeben.<\/p>\n<p>Mit der <strong>ArchivistaBox Bachtel steht f\u00fcr die Datensicherung von ArchivistaDMS<\/strong> eine kosteng\u00fcnstige L\u00f6sung zur Verf\u00fcgung, die sowohl intern wie bei Kunden mittlerweile ganz unscheinbar wertvolle Dienste leistet. Anl\u00e4sslich des <a href=\"\/de\/media\/erp.pdf\"><strong>LinuxDay 2014 in Dornbirn konnten wir ArchivistaERP auf dem Kleinst-Rechner Raspberry PI<\/strong><\/a> zeigen und damit unter Beweis stellen, dass eine ERP-L\u00f6sung nicht zwangsl\u00e4ufig uns\u00e4glich hohe Anforderungen an die Hardware stellt. KMU-Firmen verf\u00fcgen nicht \u00fcber unendliche Budgets, werder f\u00fcr eine ERP-L\u00f6sung noch f\u00fcr die dazu passende Hardware.<\/p>\n<p>Unbeeindruckt davon zeigt sich die \u00f6ffentliche Hand. Meldungen, wonach Informatik-Budgets, ohne dass L\u00f6sungen am Ende (\u00fcberzeugend) laufen w\u00fcrden, um ein X-Faches \u00fcberzogen werden, geh\u00f6ren mittlerweile leider fast schon zur Tagesordnung, selbst Korruption und v\u00f6llig intransparente Vergaben sind keine Seltenheit mehr. Und dabei leisteten wir die Jahre 2004 bis 2006 einen hohen Einsatz, damit solche Verfahren rechtsstaatlich korrekt ablaufen, siehe dazu <a href=\"\/appenzell\"><strong>www.archivista.ch\/appenzell (Anmelden ohne Passwort).<\/strong><\/a> Und wenn nun der Staat per 1.1.2016 sogenannte <strong>E-Rechnungen f\u00fcr alle Lieferanten<\/strong> einf\u00fchren will, obwohl eine von einer Privat-Person erstellte Studie pro Jahr ein marginales Potential von 4 Mio Franken Sparpotential ausmacht, ohne dabei zu ber\u00fccksichtigen, dass zuvor die SuisseID mit 17 Mio zum Flop subventioniert wurde, so ist auch das leider eine traurige Realit\u00e4t.<\/p>\n<p>Dies soll uns aber nicht davon abhalten lassen, ArchivistaERP dort Automatisierung zu spendieren, wo dies mit bescheidestem Aufwand realisierbar ist. In diesem Sinne ist das <strong>automatische Verarbeiten von ESR-Scheinen<\/strong> bzw. ein einfachstes Kreditoren-Management f\u00fcr ArchivistaERP ein Meilenstein in der Geschichte der ArchivistaBox. In diesem Sinne freuen wir uns auf das n\u00e4chste Jahr, um dort weiterzufahren, wo wir 2014 ansetzten: Die ArchivistaBox als Bussiness-L\u00f6sung f\u00fcr KMU-Firmen so zu optimieren, dass unsere Kunden und wir eine hocheffiziente Informatik betreiben k\u00f6nnen. Es gibt noch viel zu tun, packen wir es an!<\/p>\n<p><img loading=\"lazy\" decoding=\"async\" hspace=\"5\" height=\"82\" align=\"right\" width=\"302\" vspace=\"5\" src=\"\/de\/media\/weihnachten.jpg\" alt=\"\" \/>Zun\u00e4chst aber verabschieden wir uns f\u00fcr einige Tage in die Weihnachtsferien. Unser <span style=\"color: rgb(255, 102, 0);\"><strong>Gesch\u00e4ft bleibt zwischen dem 24. Dezember bis und mit 4. Januar 2015 geschlossen.<\/strong><\/span> Ab dem 5.1.2015 stehen wir wieder voll f\u00fcr Sie da. Davon ausgenommen sind noch jene kleine Projekte, die wir bis und mit heute nicht abschliessen konnten &#8212; diese werden wir entweder heute oder am 27.12 noch abschliessen. F\u00fcr die Versp\u00e4tungen aufgrund der zahlreichen Anfragen im Dezember bitten wir um Nachsicht, wir werden uns bem\u00fchen, im n\u00e4chsten Jahr den Vorsatz, ab Mitte November keine neuen Projekte mehr in Angriff zu nehmen, auch umzusetzen. <strong>Wir w\u00fcnschen allen Gesch\u00e4ftspartnern frohe Festtage und ein erfolgreiches 2015!<\/strong><\/p>\n\n\n\n\t<div class=\"dkpdf-button-container\" style=\"            text-align:right \">\n\n\t\t<a class=\"dkpdf-button\" href=\"\/cms\/wp-json\/wp\/v2\/pages\/236?pdf=236\" target=\"_blank\"><span class=\"dkpdf-button-icon\"><i class=\"fa fa-file-pdf-o\"><\/i><\/span> PDF Button<\/a>\n\n\t<\/div>\n\n\n\n\n\n","protected":false},"excerpt":{"rendered":"<p>Von Z\u00fcgelkisten \u00fcber Dolder-Boxen zu ArchivistaERP Egg, 24. Dezember 2014: Vor genau einem Jahr war die Firma Archivista GmbH mitten am Z\u00fcgeln. Es dauerte eine ganze Weile, bis am neuen Ort in Egg alles wieder seinen Platz gefunden hatte. Nach dem Abschluss der Z\u00fcgelarbeiten im Januar\/Februar konnten wir uns endlich wieder voll unseren Kundenprojekten und [&hellip;]<\/p>\n","protected":false},"author":1,"featured_media":0,"parent":9613,"menu_order":67,"comment_status":"closed","ping_status":"closed","template":"","meta":{"_acf_changed":false,"footnotes":""},"class_list":["post-236","page","type-page","status-publish","hentry"],"acf":[],"_links":{"self":[{"href":"https:\/\/archivista.ch\/cms\/wp-json\/wp\/v2\/pages\/236","targetHints":{"allow":["GET"]}}],"collection":[{"href":"https:\/\/archivista.ch\/cms\/wp-json\/wp\/v2\/pages"}],"about":[{"href":"https:\/\/archivista.ch\/cms\/wp-json\/wp\/v2\/types\/page"}],"author":[{"embeddable":true,"href":"https:\/\/archivista.ch\/cms\/wp-json\/wp\/v2\/users\/1"}],"replies":[{"embeddable":true,"href":"https:\/\/archivista.ch\/cms\/wp-json\/wp\/v2\/comments?post=236"}],"version-history":[{"count":3,"href":"https:\/\/archivista.ch\/cms\/wp-json\/wp\/v2\/pages\/236\/revisions"}],"predecessor-version":[{"id":1479,"href":"https:\/\/archivista.ch\/cms\/wp-json\/wp\/v2\/pages\/236\/revisions\/1479"}],"up":[{"embeddable":true,"href":"https:\/\/archivista.ch\/cms\/wp-json\/wp\/v2\/pages\/9613"}],"wp:attachment":[{"href":"https:\/\/archivista.ch\/cms\/wp-json\/wp\/v2\/media?parent=236"}],"curies":[{"name":"wp","href":"https:\/\/api.w.org\/{rel}","templated":true}]}}