{"id":31,"date":"2014-06-02T20:51:25","date_gmt":"2014-06-02T18:51:25","guid":{"rendered":"http:\/\/schulenwegg.ch\/cms\/?page_id=31"},"modified":"2023-04-25T00:44:28","modified_gmt":"2023-04-24T22:44:28","slug":"box-modelle","status":"publish","type":"page","link":"https:\/\/archivista.ch\/cms\/de\/produkte\/dms-erp\/box-modelle\/","title":{"rendered":"Box-Modelle"},"content":{"rendered":"<h1>F\u00fcr jeden Einsatz die richtige ArchivistaBox<\/h1>\n<p>Unsere ArchivistaBoxen tragen allesamt Namen bekannter Schweizer Berggipfel. Doch welche ArchivistaBox ist f\u00fcr Sie die richtige? Nachfolgend stellen wir Ihnen deshalb die verschiedenen Modelle vor.<\/p>\n<h2><a href=\"http:\/\/shop.archivista.ch\/oscommunity\/catalog\/advanced_search_result.php?keywords=dolder&amp;x=0&amp;y=0\" target=\"_blank\" rel=\"noopener\">ArchivistaBox Dolder: 5 Sterne f\u00fcr jedes Budget<\/a><\/h2>\n<p>Die ArchivistaBox Dolder ist wie das gleichnamige stadtbekannte Z\u00fcrcher Ausflugsziel kein Schwergewicht. Die ArchivistaBox Dolder eignet sich f\u00fcr all jene, die eine komplette ArchivistaBox zu einem sagenhaften Preis erstehen m\u00f6chten, ganz nach dem Motto, ein 5-Sterne-Produkt braucht nicht teuer zu sein. Empfohlenes Volumen pro Tag: 10-100 Dokumente bzw. 20 bis 200 Seiten.<\/p>\n<h2><a href=\"http:\/\/shop.archivista.ch\/oscommunity\/catalog\/advanced_search_result.php?keywords=rigi&amp;x=0&amp;y=0\" target=\"_blank\" rel=\"noopener\">ArchivistaBox Rigi: K\u00f6nigin der Berge<\/a><\/h2>\n<p><img decoding=\"async\" style=\"margin: 0px; width: 232px; height: 125px;\" src=\"\/de\/media\/rigi6.jpg\" alt=\"\" \/><\/p>\n<p>Die ArchivistaBox Rigi ist als Einplatz-L\u00f6sung konzipiert. Sie k\u00f6nnen max. 20&#8217;000 Akten pro Datenbank verwalten. Die Rigi-Box eignet sich f\u00fcr Ihr Small oder Home Office (SOHO), Freiberufler und Kleinstunternehmen. Empfohlenes Volumen pro Tag: 20-200 Dokumente bzw. 50-500 Seiten.<\/p>\n<h2><a href=\"http:\/\/shop.archivista.ch\/oscommunity\/catalog\/advanced_search_result.php?keywords=saentis&amp;x=0&amp;y=0\" target=\"_blank\" rel=\"noopener\">ArchivistaBox S\u00e4ntis: Hoch \u00fcber dem Nebelmeer<\/a><\/h2>\n<p>Die ArchivistaBox S\u00e4ntis bietet 20&#8217;000 Akten pro Archiv an. Die S\u00e4ntis-Box stellt die ideale L\u00f6sung f\u00fcr Unternehmen bis und mit 10 Mitarbeiter\/innen dar. Empfohlenes Volumen pro Tag: 50-250 Dokumente bzw. 100-500 Seiten.<\/p>\n<h2><a href=\"http:\/\/shop.archivista.ch\/oscommunity\/catalog\/advanced_search_result.php?keywords=pilatus&amp;x=0&amp;y=0\" target=\"_blank\" rel=\"noopener\">Mit der Pilatus-Box direkt zum Gipfel<\/a><\/h2>\n<p><img decoding=\"async\" style=\"margin: 0px;\" src=\"\/de\/media\/pilatus5.jpg\" alt=\"\" \/><\/p>\n<p>Bis zu 1 Million Seiten pro Archiv (200&#8217;000 Akten) verwaltet die ArchivistaBox Pilatus. Dank leistungsf\u00e4higer Hardware k\u00f6nnen bis zu 30 Benutzer gleichzeitig mit der ArchivistaBox Pilatus arbeiten. Empfohlenes Volumen pro Tag: 100-500 Dokumente bzw. 500 bis 2000 Seiten pro Tag.<\/p>\n<h2><a href=\"http:\/\/shop.archivista.ch\/oscommunity\/catalog\/advanced_search_result.php?keywords=titlis&amp;x=0&amp;y=0\" target=\"_blank\" rel=\"noopener\">ArchivistaBox Titlis: Mit doppelter Leistung sicher zum Gletscher<\/a><\/h2>\n<p>Die Titlis-Box ist redundant ausgelegt, d.h es stehen zwei ArchivistaBoxen gleichzeitig zur Verf\u00fcgung, die automatisiert abgeglichen werden. Es k\u00f6nnen bis zu 50 Benutzer\/innen gleichzeitig agmeldet sein. Empfohlenes Volumen pro Tag: 100-500 Dokumente bzw. 500 bis 5000 Seiten.<\/p>\n<h2><a>ArchivistaBox Eiger: Mit Leichtigkeit zum 4000er<\/a><\/h2>\n<p><img decoding=\"async\" style=\"margin: 0px; width: 240px; height: 134px;\" src=\"\/de\/media\/eiger5.jpg\" alt=\"\" \/><\/p>\n<p>Die ArchivistaBox Eiger kann pro Minute bis zu 120 Seiten in Farbe verarbeiten. Pro Tag k\u00f6nnen problemlos zwischen 4&#8217;000 und 40&#8217;000 Seiten ins Archiv gestellt werden. Entsprechende Archive enthalten keine Limiten bei den Anzahl Dokumente pro Archiv, selbst 100 Benutzer zur gleichen Zeit verkraftet der Eiger spielend, genauso wie der Eiger analog zum Titlis redundant ausgelegt ist.<\/p>\n<h2><a href=\"http:\/\/shop.archivista.ch\/oscommunity\/catalog\/advanced_search_result.php?keywords=matterhorn&amp;x=0&amp;y=0\">ArchivistaBox Matterhorn: Bis zu 6 TByte auf einer Box<\/a><\/h2>\n<p>Die ArchivistaBox Matterhorn bietet f\u00fcr bis zu 120 Millionen Seiten Platz an auf einer kleinen Box. Dank Redundanz auf Stufen Festplatten erklimmen Sie das Matterhorn m\u00fchelos und immer gut gesichert. Selbstverst\u00e4ndlich k\u00f6nnen Sie die Matterhorn-Box beliebig mit anderen ArchivistaBoxen kombinieren, genauso wie Sie mehrere Archivista-Boxen Matterhorn redundant betreiben k\u00f6nnen.<\/p>\n<h2><a href=\"http:\/\/shop.archivista.ch\/oscommunity\/catalog\/advanced_search_result.php?keywords=albis\">Albis,<\/a> <a href=\"http:\/\/shop.archivista.ch\/oscommunity\/catalog\/advanced_search_result.php?keywords=mythen&amp;x=0&amp;y=0\" target=\"_blank\" rel=\"noopener\">Mythen<\/a> und <a href=\"http:\/\/shop.archivista.ch\/oscommunity\/catalog\/advanced_search_result.php?keywords=rothorn&amp;x=0&amp;y=0\" target=\"_blank\" rel=\"noopener\">Rothorn<\/a> stehen stets zu Dienste<\/h2>\n<p>Mit den Boxen Albis, Mythen und Rothorn k\u00f6nnen Sie jede ArchivistaBox-L\u00f6sung modular erweitern, sodass einem beliebigen Ausbau nichts im Wege steht. Zudem k\u00f6nnen die <a href=\"http:\/\/shop.archivista.ch\/oscommunity\/catalog\/advanced_search_result.php?keywords=archivistavm&amp;x=0&amp;y=0\" target=\"_blank\" rel=\"noopener\"><strong>ArchivistaBoxen auch virtualisiert<\/strong><\/a> in Betrieb genommen werden.<\/p>\n\n\n\n\t<div class=\"dkpdf-button-container\" style=\"            text-align:right \">\n\n\t\t<a class=\"dkpdf-button\" href=\"\/cms\/wp-json\/wp\/v2\/pages\/31?pdf=31\" target=\"_blank\"><span class=\"dkpdf-button-icon\"><i class=\"fa fa-file-pdf-o\"><\/i><\/span> PDF Button<\/a>\n\n\t<\/div>\n\n\n\n\n\n","protected":false},"excerpt":{"rendered":"<p>F\u00fcr jeden Einsatz die richtige ArchivistaBox Unsere ArchivistaBoxen tragen allesamt Namen bekannter Schweizer Berggipfel. Doch welche ArchivistaBox ist f\u00fcr Sie die richtige? Nachfolgend stellen wir Ihnen deshalb die verschiedenen Modelle vor. ArchivistaBox Dolder: 5 Sterne f\u00fcr jedes Budget Die ArchivistaBox Dolder ist wie das gleichnamige stadtbekannte Z\u00fcrcher Ausflugsziel kein Schwergewicht. Die ArchivistaBox Dolder eignet sich [&hellip;]<\/p>\n","protected":false},"author":1,"featured_media":0,"parent":21,"menu_order":392,"comment_status":"closed","ping_status":"closed","template":"","meta":{"_acf_changed":false,"footnotes":""},"class_list":["post-31","page","type-page","status-publish","hentry"],"acf":[],"_links":{"self":[{"href":"https:\/\/archivista.ch\/cms\/wp-json\/wp\/v2\/pages\/31","targetHints":{"allow":["GET"]}}],"collection":[{"href":"https:\/\/archivista.ch\/cms\/wp-json\/wp\/v2\/pages"}],"about":[{"href":"https:\/\/archivista.ch\/cms\/wp-json\/wp\/v2\/types\/page"}],"author":[{"embeddable":true,"href":"https:\/\/archivista.ch\/cms\/wp-json\/wp\/v2\/users\/1"}],"replies":[{"embeddable":true,"href":"https:\/\/archivista.ch\/cms\/wp-json\/wp\/v2\/comments?post=31"}],"version-history":[{"count":8,"href":"https:\/\/archivista.ch\/cms\/wp-json\/wp\/v2\/pages\/31\/revisions"}],"predecessor-version":[{"id":10747,"href":"https:\/\/archivista.ch\/cms\/wp-json\/wp\/v2\/pages\/31\/revisions\/10747"}],"up":[{"embeddable":true,"href":"https:\/\/archivista.ch\/cms\/wp-json\/wp\/v2\/pages\/21"}],"wp:attachment":[{"href":"https:\/\/archivista.ch\/cms\/wp-json\/wp\/v2\/media?parent=31"}],"curies":[{"name":"wp","href":"https:\/\/api.w.org\/{rel}","templated":true}]}}