{"id":4966,"date":"2017-11-04T19:39:01","date_gmt":"2017-11-04T18:39:01","guid":{"rendered":"http:\/\/archivista.ch\/cms\/?page_id=4966"},"modified":"2017-12-21T22:33:20","modified_gmt":"2017-12-21T21:33:20","slug":"lineageos-mit-root","status":"publish","type":"page","link":"https:\/\/archivista.ch\/cms\/de\/aktuell-blog\/jahre-2008-2019\/blogs-2017\/lineageos-mit-root\/","title":{"rendered":"LineageOS mit Root"},"content":{"rendered":"<h1>Die &#8218;freie&#8216; Welt will verdient sein<\/h1>\n<p><em><strong>Egg, 3. November 2017:<\/strong> Nachdem im <strong><a href=\"https:\/\/archivista.ch\/cms\/de\/aktuell-blog\/10-jahre-smartphone\/\">ersten Teil das iPhone X im Mittelpunkt<\/a><\/strong> stand, im <strong><a href=\"https:\/\/archivista.ch\/cms\/de\/aktuell-blog\/lg-g6-mit-viel-power\/\">zweiten Teil das LG G6 vorgestellt<\/a><\/strong> wurde, geht es im dritten Teil darum, auf dem <strong><a href=\"http:\/\/www.areamobile.de\/handys\/6677-lg-g6\/datenblatt\">LG G6<\/a><\/strong> <b><a href=\"https:\/\/www.lineageos.org\">LineageOS<\/a><\/b> aufzuspielen und das <strong><a href=\"http:\/\/www.areamobile.de\/handys\/6677-lg-g6\/datenblatt\">LG G6<\/a><\/strong> zu rooten, d.h. dem Ger\u00e4t Vollzugriff zu geben, um damit Dinge zu tun, die unter Linux zwar selbstverst\u00e4ndlich, auf einem Smartphone allerdings m\u00fchevoll zu erarbeiten sind.<\/em><\/p>\n<p><a href=\"https:\/\/archivista.ch\/cms\/wp-content\/uploads\/2017\/11\/pano5.jpg\"><img loading=\"lazy\" decoding=\"async\" class=\"alignnone size-full wp-image-5008\" src=\"https:\/\/archivista.ch\/cms\/wp-content\/uploads\/2017\/11\/pano5.jpg\" width=\"600\" height=\"129\" srcset=\"https:\/\/archivista.ch\/cms\/wp-content\/uploads\/2017\/11\/pano5.jpg 798w, https:\/\/archivista.ch\/cms\/wp-content\/uploads\/2017\/11\/pano5-300x65.jpg 300w, https:\/\/archivista.ch\/cms\/wp-content\/uploads\/2017\/11\/pano5-768x166.jpg 768w, https:\/\/archivista.ch\/cms\/wp-content\/uploads\/2017\/11\/pano5-600x129.jpg 600w, https:\/\/archivista.ch\/cms\/wp-content\/uploads\/2017\/11\/pano5-624x134.jpg 624w\" sizes=\"auto, (max-width: 600px) 100vw, 600px\" \/><\/a><\/p>\n<h2>Aufspielen von <b><a href=\"https:\/\/www.lineageos.org\">LineageOS<\/a><\/b><\/h2>\n<p>Im Unterschied zu Android ist <strong><a href=\"https:\/\/www.lineageos.org\">LineageOS<\/a><\/strong> ein freies Betriebssystem. Wer mag, kann <strong><a href=\"https:\/\/www.lineageos.org\">LineageOS<\/a><\/strong> selber im Quellcode anpassen und so sein eigenes SmartphoneOS erstellen. Vorteil gegen\u00fcber Android ist hier prim\u00e4r, dass mit <strong><a href=\"https:\/\/www.lineageos.org\">LineageOS<\/a><\/strong> viele \u00e4ltere Smartphones nach wie vor Unterst\u00fctzung finden, zu denen es von den Herstellern l\u00e4ngst keinen Support mehr gibt. Dadurch, dass <a href=\"https:\/\/www.lineageos.org\"><strong>LineageOS<\/strong><\/a> zu Android fast vollkommen kompatibel ist, steht ein sehr aktuelles und modernes &#8212; und eben freies &#8212; SmartphoneOS zur Verf\u00fcgung.<\/p>\n<p>Zum Aufspielen von <b><a href=\"https:\/\/www.lineageos.org\">LineageOS<\/a><\/b> gibt es ein <a href=\"http:\/\/www.pro-linux.de\/artikel\/2\/1878\/installation-von-lineageos-auf-moto-g4-plus.html\"><strong>l\u00e4ngeres Dokument auf dieser Seite,<\/strong><\/a> das ausf\u00fchrlich beschreibt, wie der Prozess abl\u00e4uft. Ohne all diese grundlegenden Informationen wird es kaum gelingen, das <strong><a href=\"http:\/\/www.areamobile.de\/handys\/6677-lg-g6\/datenblatt\">LG G6<\/a><\/strong> mit <b><a href=\"https:\/\/www.lineageos.org\">LineageOS<\/a><\/b> zu best\u00fccken. An dieser Stelle folgen nur noch jene Informationen, die speziell f\u00fcr das <strong><a href=\"http:\/\/www.areamobile.de\/handys\/6677-lg-g6\/datenblatt\">LG G6<\/a><\/strong> zu beachten sind.<\/p>\n<p>Bevor <b><a href=\"https:\/\/www.lineageos.org\">LineageOS<\/a><\/b> aufgespielt werden kann, ist das Ger\u00e4t in den Entwickler-Modus zu versetzen. Danach sind USB-Debugging zu aktivieren und die OEM-Entsprerrung zu aktivieren, ehe auf der <strong><a href=\"https:\/\/developer.lge.com\/main\/Intro.dev\">Firmenhomepage von LG die Datei &#8218;unlock.bin&#8216; erstellt werden kann.<\/a><\/strong> Mit dieser Datei kann das <strong><a href=\"http:\/\/www.areamobile.de\/handys\/6677-lg-g6\/datenblatt\">LG G6<\/a><\/strong> entsperrt werden. Erst jetzt kann <strong><a href=\"https:\/\/twrp.me\">TeamWin<\/a><\/strong> in die Recovery-Partition installiert werden, um danach am Ende <b><a href=\"https:\/\/www.lineageos.org\">LineageOS<\/a><\/b> selber aufzuspielen. Mit der <strong><a href=\"http:\/\/www.pro-linux.de\/artikel\/2\/1878\/installation-von-lineageos-auf-moto-g4-plus.html\">Anleitung vom Fr\u00fchling<\/a><\/strong> f\u00fcr das <b><a href=\"http:\/\/www.areamobile.de\/handys\/6270-motorola-moto-g4-plus\">Moto G4<\/a><\/b> sollte es nicht allzu schwer sein, diesen Vorgang zu durchlaufen.<\/p>\n<p>An sich ist der Vorgang nicht schwieriger, als dies beim <b><a href=\"http:\/\/www.areamobile.de\/handys\/6270-motorola-moto-g4-plus\">Moto G4<\/a><\/b> von Lenovo der Fall war bzw. ist. Eine gewisse Herausforderung stellt es dar, das <strong><a href=\"http:\/\/www.areamobile.de\/handys\/6677-lg-g6\/datenblatt\">LG G6<\/a><\/strong> im Recovery-Modus zu starten, daher soll dieser Vorgang an dieser Stelle beschrieben werden. <strong>Zun\u00e4chst ist die Taste &#8218;Lautst\u00e4rke-Minus&#8216;<\/strong> zu dr\u00fccken, dann <strong>gleichzeitig die Power-Taste (Fingerabdruck-Sensor) auf der R\u00fcckseite.<\/strong> Das Ger\u00e4t startet nach einer kurzen Zeit auf. Zumindest gew\u00f6hnungsbed\u00fcrft ist es, dass <strong>beim ersten Logo von LG die Power-Taste kurz nicht gedr\u00fcckt<\/strong> werden muss <strong>(ohne Lautst\u00e4rke-Minus loszulassen),<\/strong> um den <strong>Power-Button darauf gleich wieder zu dr\u00fccken (zusammen mit Lautst\u00e4re-Minus),<\/strong> damit der Recovery-Modus aktiviert wird.<\/p>\n<p><a href=\"https:\/\/archivista.ch\/cms\/wp-content\/uploads\/2017\/11\/factoryreset1.jpg\"><img loading=\"lazy\" decoding=\"async\" class=\"size-full wp-image-5013 alignnone\" src=\"https:\/\/archivista.ch\/cms\/wp-content\/uploads\/2017\/11\/factoryreset1.jpg\" width=\"300\" height=\"253\" srcset=\"https:\/\/archivista.ch\/cms\/wp-content\/uploads\/2017\/11\/factoryreset1.jpg 600w, https:\/\/archivista.ch\/cms\/wp-content\/uploads\/2017\/11\/factoryreset1-300x253.jpg 300w\" sizes=\"auto, (max-width: 300px) 100vw, 300px\" \/><\/a><\/p>\n<p>Noch gew\u00f6hnungsbed\u00fcrftiger ist es, dass beim Vorgang nicht direkt der Recovery-Modus gestartet wird, sondern dass zun\u00e4chst die zweimalige Abfrage eines &#8218;Factory data reset&#8216; erfolgt. Damit nicht genug, wer die Abfrage mit &#8218;No&#8216; (Dr\u00fccken auf Power-Button) best\u00e4tigt, wird den Reovery-Modus nie erreichen. Vielmehr ist der <strong>&#8218;Factoy data reset&#8216; zweimalig zu best\u00e4tigen, um das T\u00fcrchen f\u00fcr TeamWin zu \u00f6ffnen.<\/strong> In Anbetracht dessen, dass l\u00e4ngst nich alle Hersteller diesen Vorgang zulassen, bringt es an dieser Stelle wenig, den notwendigen Weg dazu als kompliziert hinzustellen (was durchaus zutrifft).<\/p>\n<p>Nehmen wir es sportlich, die &#8218;Freiheit&#8216; gibt es nicht umsonst. Oder anders herum gesagt, wie gener\u00f6s LG ist, sei im Vergleich zu Apple dokumentiert. Bei Apple gibt es aktuell f\u00fcr iOS 11 keinen Jailbreak, gem\u00e4ss <strong><a href=\"https:\/\/www.91mobiles.com\/questions\/how-to-root-apple-iphone-8-plus\">91mobiles.com<\/a><\/strong> ist iOS 10.2 aktuell das letzte Apple-OS, das gerootet werden kann. Damit ist allerdings noch lange kein alternatives Betriebssystem auf dem iPhone installiert. In der K\u00fcrze konnte ich einzig das <strong><a href=\"https:\/\/www.theiphonewiki.com\/wiki\/IDroid\">Projekt iDroid<\/a><\/strong> finden. Die letzten Meldungen dazu stammen aus den Jahren 2010 bis 2012, wo es gem\u00e4ss <strong><a href=\"http:\/\/www.chip.de\/news\/iDroid-Android-auf-dem-iPhone-installieren-56857922.html\">CHIP Online einmal gelang, ein iPhone 3 mit einem Android 2.x<\/a><\/strong> zu best\u00fccken.<\/p>\n<p>Wer an dieser Stelle eine Apple-Phobie des Autoren vermutet, dem sei hier\u00a0 gesagt, dass dem definitiv nicht so ist. Es geht vielmehr darum, dass ich als Eigent\u00fcmer eines Smartphones, das als Arbeitstier dienen soll, es einfach als notwendig erachte, es so anpassen zu k\u00f6nnen, dass ich damit sicher und bequem arbeiten kann.<\/p>\n<p>Zur\u00fcck zum <strong><a href=\"http:\/\/www.areamobile.de\/handys\/6677-lg-g6\/datenblatt\">LG G6<\/a>,<\/strong> ist die Recovery-H\u00fcrde einmal umschifft, gestaltet sich das Aufspielen von <b><a href=\"https:\/\/www.lineageos.org\">LineageOS<\/a><\/b> als nicht weiter schwierig. TeamWin erledigt den Job an sich prompt. Speziell darauf hingewiesen sei hier noch, dass wer den Vorgang sp\u00e4tabends durchf\u00fchrt beim ersten Hochfahren von <b><a href=\"https:\/\/www.lineageos.org\">LineageOS<\/a><\/b> einen sehr matten Bildschirm vorfinden wird. <b><a href=\"https:\/\/www.lineageos.org\">LineageOS<\/a><\/b> versetzt das <strong><a href=\"http:\/\/www.areamobile.de\/handys\/6677-lg-g6\/datenblatt\">LG G6<\/a><\/strong> etwas gar matt in die Nachtumgebung.<\/p>\n<h2><a href=\"http:\/\/www.areamobile.de\/handys\/6677-lg-g6\/datenblatt\">LG G6<\/a> korrekt rooten<\/h2>\n<p>Um <b><a href=\"https:\/\/www.lineageos.org\">LineageOS<\/a><\/b> aufspielen zu k\u00f6nnen, muss das Ger\u00e4t nicht zwingend in den root-Modus versetzt werden. <b><a href=\"https:\/\/www.lineageos.org\">LineageOS<\/a><\/b> arbeitet (analog zu Android) problemlos ohne root-Aktivierung. Dennoch wollte ich mein Ger\u00e4t rooten, um danach <strong><a href=\"https:\/\/linux-deploy.en.aptoide.com\">LinuxDeploy<\/a><\/strong> aufzuspielen, dazu im <a href=\"https:\/\/linux-deploy.en.aptoide.com\/\"><strong>f\u00fcnften Teil mehr.<\/strong><\/a><\/p>\n<p>F\u00fcr einmal gibt es beim Rooten gar die Wahl. Entweder kann das allseits bekannte <strong><a href=\"http:\/\/www.supersu.com\/download\">SuperSU<\/a><\/strong> oder <strong><a href=\"https:\/\/magiskmanager.com\">Magisk<\/a><\/strong> verwendet werden. Zwar konnte ich das <strong><a href=\"http:\/\/www.areamobile.de\/handys\/6677-lg-g6\/datenblatt\">LG G6<\/a><\/strong> mit beiden Tools rooten, nur hatte ich danach beim <strong><a href=\"http:\/\/www.areamobile.de\/handys\/6677-lg-g6\/datenblatt\">LG G6<\/a> <\/strong>andauernd das Problem, dass sich das Ger\u00e4t sp\u00e4ter nach einiger Zeit verabschiedete, um einen Neustart durchzuf\u00fchren. Schlimmer noch, der root-Modus wurde dabei gar komplett deaktiviert bzw. konnte erst wieder \u00fcber eine erneute Installation von SuperSU aktiviert werden. Entsprechende Suchabfragen, warum dem so ist, brachten zun\u00e4chst keine Resultate.<\/p>\n<p><a href=\"https:\/\/archivista.ch\/cms\/wp-content\/uploads\/2017\/11\/rootaccess1.jpg\"><img loading=\"lazy\" decoding=\"async\" class=\"size-full wp-image-5014 alignright\" src=\"https:\/\/archivista.ch\/cms\/wp-content\/uploads\/2017\/11\/rootaccess1.jpg\" width=\"150\" height=\"302\" srcset=\"https:\/\/archivista.ch\/cms\/wp-content\/uploads\/2017\/11\/rootaccess1.jpg 300w, https:\/\/archivista.ch\/cms\/wp-content\/uploads\/2017\/11\/rootaccess1-149x300.jpg 149w\" sizes=\"auto, (max-width: 150px) 100vw, 150px\" \/><\/a>In diesen Momenten steigt das Frustpotential betr\u00e4chtlich an, wer nicht hartn\u00e4ckig dran bleibt, kann an diesem Punkt durchaus auch scheitern. Am Ende brachte die <strong><a href=\"https:\/\/www.usp-forum.de\/lg-g6-forum\/134364-anleitung-lg-g6-rooten.html\">Anleitung beim USP-Forum.de die L\u00f6sung.<\/a><\/strong> Es gen\u00fcgt leider nicht, einfach SuperSu zu installieren, zus\u00e4tzlich ist in TeamWin im gleichen Atemzug (und vorg\u00e4ngig vor dem Aufspielen von SuperSU) der Patch <a href=\"https:\/\/build.nethunter.com\/android-tools\/no-verity-opt-encrypt\/no-verity-opt-encrypt-5.1.zip\"><strong>&#8217;no-verity-opt-encrypt&#8216;<\/strong><\/a> zu aktivieren. Erst nach der Wahl der vorangehenden Datei kann bzw. muss mit <strong>&#8218;Add more Zips&#8216;<\/strong> SuperSU selber installiert werden. Soweit ich dies verstehen kann, gibt es beim <strong><a href=\"http:\/\/www.areamobile.de\/handys\/6677-lg-g6\/datenblatt\">LG G6<\/a><\/strong> eine Verschl\u00fcsselung, die aktuell weder von SuperSU als auch von Magisk sauber unterst\u00fctzt werden kann. W\u00e4hrend andere in der Nacht zum 3. November 2017 f\u00fcr ein Apple-Telefon anstehen, \u00e4rgere ich mich im stillen K\u00e4mmerlein dar\u00fcber, diese Anleitung erst nach Stunden zu finden. Leider konnte ich nicht in Erfahrung bringen, ob die Apple-Spracherkennung Siri mir hier zuverl\u00e4ssig geholfen h\u00e4tte. Da Siri mittlerweile wieder auf die Resultate des den Suchriesen <strong><a href=\"https:\/\/www.golem.de\/news\/suchmaschine-apple-stellt-siri-auf-google-um-1709-130251.html\">(siehe dazu golem.de) <\/a><\/strong>zur\u00fcckgreift, bezweifle ich dies doch sehr. Zugegeben, das Problem lag wohl eher daran, sowohl beim Suchriesen als auch bei <strong><a href=\"https:\/\/duckduckgo.com\">DuckDuckGo.com<\/a><\/strong> die falsche Frage gestellt zu haben.<\/p>\n<p>Bevor ich in Frieden mit Siri schliessen m\u00f6chte, sei hier noch angemerkt, dass Apple sich die Einstellung auf die Suchmaschine des Suchriesen f\u00fcrstlich bezahlen l\u00e4sst, gem\u00e4ss einem <strong><a href=\"https:\/\/www.golem.de\/news\/suchmaschine-apple-stellt-siri-auf-google-um-1709-130251.html\">Golem-Artikel zahlt Google daf\u00fcr mehrere Milliarden.<\/a><\/strong> Eines muss man Apple lassen, die Gesch\u00e4ftst\u00fcchtigkeit ist wohl einmalig. Wer bei der Konkurrenz sucht, und sich daf\u00fcr bezahlen l\u00e4sst, ist der Konkurrenz diesbez\u00fcglich nicht gerade 10 Jahre, aber doch massiv voraus. Ob dies f\u00fcr die Anwender\/innen auch gut ist, dies steht freilich auf einem anderen Blatt geschrieben.<\/p>\n<p>Zur\u00fcck zum &#8218;profanen&#8216; root-Modus des <strong><a href=\"http:\/\/www.areamobile.de\/handys\/6677-lg-g6\/datenblatt\">LG G6<\/a>.<\/strong> Seit dem gleichzeitigen Patchen beider root-Toole arbeitet das Smartphone zuverl\u00e4ssig. Ansonsten konnten mit <b><a href=\"https:\/\/www.lineageos.org\">LineageOS<\/a><\/b> keine Probleme festgestellt werden. Dies freilich mit der Ausnahme, dass bei der aktuellen Kamera-App die Verschlusszeit manuell zu justieren ist, was uns zum <a href=\"https:\/\/archivista.ch\/cms\/de\/aktuell-blog\/apps-und-ausblick\/\"><strong>vierten Teil f\u00fchrt, wo es um App-Verzeichnisse und Stores geht,<\/strong><\/a> die es gibt, um zus\u00e4tzliche Apps zu installieren.<\/p>\n\n\n\n\t<div class=\"dkpdf-button-container\" style=\"            text-align:right \">\n\n\t\t<a class=\"dkpdf-button\" href=\"\/cms\/wp-json\/wp\/v2\/pages\/4966?pdf=4966\" target=\"_blank\"><span class=\"dkpdf-button-icon\"><i class=\"fa fa-file-pdf-o\"><\/i><\/span> PDF Button<\/a>\n\n\t<\/div>\n\n\n\n\n\n","protected":false},"excerpt":{"rendered":"<p>Die &#8218;freie&#8216; Welt will verdient sein Egg, 3. November 2017: Nachdem im ersten Teil das iPhone X im Mittelpunkt stand, im zweiten Teil das LG G6 vorgestellt wurde, geht es im dritten Teil darum, auf dem LG G6 LineageOS aufzuspielen und das LG G6 zu rooten, d.h. dem Ger\u00e4t Vollzugriff zu geben, um damit Dinge [&hellip;]<\/p>\n","protected":false},"author":1,"featured_media":0,"parent":5147,"menu_order":202,"comment_status":"closed","ping_status":"closed","template":"","meta":{"_acf_changed":false,"footnotes":""},"class_list":["post-4966","page","type-page","status-publish","hentry"],"acf":[],"_links":{"self":[{"href":"https:\/\/archivista.ch\/cms\/wp-json\/wp\/v2\/pages\/4966","targetHints":{"allow":["GET"]}}],"collection":[{"href":"https:\/\/archivista.ch\/cms\/wp-json\/wp\/v2\/pages"}],"about":[{"href":"https:\/\/archivista.ch\/cms\/wp-json\/wp\/v2\/types\/page"}],"author":[{"embeddable":true,"href":"https:\/\/archivista.ch\/cms\/wp-json\/wp\/v2\/users\/1"}],"replies":[{"embeddable":true,"href":"https:\/\/archivista.ch\/cms\/wp-json\/wp\/v2\/comments?post=4966"}],"version-history":[{"count":21,"href":"https:\/\/archivista.ch\/cms\/wp-json\/wp\/v2\/pages\/4966\/revisions"}],"predecessor-version":[{"id":5136,"href":"https:\/\/archivista.ch\/cms\/wp-json\/wp\/v2\/pages\/4966\/revisions\/5136"}],"up":[{"embeddable":true,"href":"https:\/\/archivista.ch\/cms\/wp-json\/wp\/v2\/pages\/5147"}],"wp:attachment":[{"href":"https:\/\/archivista.ch\/cms\/wp-json\/wp\/v2\/media?parent=4966"}],"curies":[{"name":"wp","href":"https:\/\/api.w.org\/{rel}","templated":true}]}}