{"id":5089,"date":"2017-11-06T01:26:49","date_gmt":"2017-11-06T00:26:49","guid":{"rendered":"http:\/\/archivista.ch\/cms\/?page_id=5089"},"modified":"2017-12-21T22:34:46","modified_gmt":"2017-12-21T21:34:46","slug":"archivistabox-unter-android","status":"publish","type":"page","link":"https:\/\/archivista.ch\/cms\/de\/aktuell-blog\/jahre-2008-2019\/blogs-2017\/archivistabox-unter-android\/","title":{"rendered":"ArchivistaBox unter Android"},"content":{"rendered":"<h1>Dokumenten-Management (DMS) auf dem Smartphone<\/h1>\n<p><em><strong>Egg, 6. November 2017:<\/strong> Nun, nachdem wir im <a href=\"https:\/\/archivista.ch\/cms\/de\/aktuell-blog\/10-jahre-smartphone\/\"><strong>ersten Teil das iPhone X<\/strong><\/a> begutachtet haben, in der <a href=\"https:\/\/archivista.ch\/cms\/de\/aktuell-blog\/lg-g6-mit-viel-power\/\"><strong>zweiten Episode das LG G6<\/strong><\/a> vorstellten, im <strong><a href=\"https:\/\/archivista.ch\/cms\/de\/aktuell-blog\/lineageos-mit-root\/\">dritten Akt LineageOS<\/a><\/strong> aufspielten, im vierten <strong><a href=\"https:\/\/archivista.ch\/cms\/de\/aktuell-blog\/verzeichnisse-und-stores\/\">Beitrag uns mit den Apps<\/a><\/strong> und den Verzeichnissen auseinandersetzten und schliesslich im <strong><a href=\"https:\/\/archivista.ch\/cms\/de\/aktuell-blog\/apps-und-ausblick\/\">f\u00fcnften Teil eine kleine Sammlung von Apps und einen Ausblick<\/a><\/strong> pr\u00e4sentierten, so darf quasi als Dessert\u00a0die <strong>ArchivistaBox auf dem Smartphone nicht fehlen.<\/strong><\/em><\/p>\n<p><a href=\"https:\/\/archivista.ch\/cms\/wp-content\/uploads\/2017\/11\/pano8.jpg\"><img loading=\"lazy\" decoding=\"async\" class=\"alignnone size-full wp-image-5092\" src=\"https:\/\/archivista.ch\/cms\/wp-content\/uploads\/2017\/11\/pano8.jpg\" width=\"600\" height=\"104\" srcset=\"https:\/\/archivista.ch\/cms\/wp-content\/uploads\/2017\/11\/pano8.jpg 798w, https:\/\/archivista.ch\/cms\/wp-content\/uploads\/2017\/11\/pano8-300x52.jpg 300w, https:\/\/archivista.ch\/cms\/wp-content\/uploads\/2017\/11\/pano8-768x133.jpg 768w, https:\/\/archivista.ch\/cms\/wp-content\/uploads\/2017\/11\/pano8-600x104.jpg 600w, https:\/\/archivista.ch\/cms\/wp-content\/uploads\/2017\/11\/pano8-624x108.jpg 624w\" sizes=\"auto, (max-width: 600px) 100vw, 600px\" \/><\/a><\/p>\n<h2>Premiere auf Android, nicht aber auf Smartphone<\/h2>\n<p>Von einer Premiere kann nur insofern gesprochen werden, als es die erste ArchivistaBox ist, die nativ unter Android l\u00e4uft. Die ArchivistaBox selber wurde bereits im Jahre 2010 auf das <strong><a href=\"https:\/\/archivista.ch\/cms\/de\/aktuell-blog\/blogs-2010\/scannen-mit-handy\/\">Nokia N900 portiert,<\/a><\/strong> allerdings gelangte diese Version nie in den Handel. Dies aus zwei Gr\u00fcnden: Erstens blieb das Nokia N900 ein Nischenger\u00e4t und zweitens war das Nokia N900 der Aufgabe nur sehr rudiment\u00e4r gewachsen, kurz und gut, das Arbeiten war damals sehr gem\u00e4chlich.<\/p>\n<p><a href=\"https:\/\/archivista.ch\/cms\/wp-content\/uploads\/2017\/11\/arcihvista_smartphone_scan.jpg\"><img loading=\"lazy\" decoding=\"async\" class=\"alignnone size-full wp-image-5132\" src=\"https:\/\/archivista.ch\/cms\/wp-content\/uploads\/2017\/11\/arcihvista_smartphone_scan.jpg\" alt=\"\" width=\"600\" height=\"338\" srcset=\"https:\/\/archivista.ch\/cms\/wp-content\/uploads\/2017\/11\/arcihvista_smartphone_scan.jpg 600w, https:\/\/archivista.ch\/cms\/wp-content\/uploads\/2017\/11\/arcihvista_smartphone_scan-300x169.jpg 300w\" sizes=\"auto, (max-width: 600px) 100vw, 600px\" \/><\/a><\/p>\n<p>Demgegen\u00fcber l\u00e4uft die jetzt auf Android portierte ArchivistaBox sehr flink. Auch wenn bislang (aus Zeitgr\u00fcnden) keine ausgiebigen Massentests gemacht werden konnten, so kann gesagt werden, dass die nun portierte ArchivistaBox unter Android deutlich mehr Leistung erreicht als die aktuelle ArchivistaBox Dolder. Dies vor allem deshalb, weil die nun erstellte Portierung mit 64 Bit arbeitet und damit die volle Leistung eines jeden Smartphones aussch\u00f6pfen kann.<\/p>\n<p>Damit wir uns richtig verstehen, vorliegend wird nicht einfach eine ArchivistaBox im Intra- oder Internet aufgerufen, vielmehr laufen alle Dienste direkt auf dem Smartphone. Dabei steht eine ausgewachsene ArchivistaBox mit der gesamten Funktionalit\u00e4t zur Verf\u00fcgung.<\/p>\n<h2>Flinke Archive auf dem DMS-Smartphone<\/h2>\n<p>Die Zukunft geh\u00f6rt dem Smartphone. Rein von der Kapazit\u00e4t her kann ein Smartphone heute problemlos ein Archiv mit mehreren Millionen Seiten stemmen. Pragmatisch betrachtet werden in diesem Umfeld wohl noch f\u00fcr eine Weile die physikalischen ArchivistaBox-Systeme im Einsatz stehen.<\/p>\n<p><a href=\"https:\/\/archivista.ch\/cms\/wp-content\/uploads\/2017\/11\/2017_11_06_18_22_10.png\"><img loading=\"lazy\" decoding=\"async\" class=\"size-medium wp-image-5091 alignright\" src=\"https:\/\/archivista.ch\/cms\/wp-content\/uploads\/2017\/11\/2017_11_06_18_22_10-160x300.png\" alt=\"\" width=\"160\" height=\"300\" srcset=\"https:\/\/archivista.ch\/cms\/wp-content\/uploads\/2017\/11\/2017_11_06_18_22_10-160x300.png 160w, https:\/\/archivista.ch\/cms\/wp-content\/uploads\/2017\/11\/2017_11_06_18_22_10-scaled-300x562.png 300w, https:\/\/archivista.ch\/cms\/wp-content\/uploads\/2017\/11\/2017_11_06_18_22_10-768x1438.png 768w, https:\/\/archivista.ch\/cms\/wp-content\/uploads\/2017\/11\/2017_11_06_18_22_10-547x1024.png 547w, https:\/\/archivista.ch\/cms\/wp-content\/uploads\/2017\/11\/2017_11_06_18_22_10-600x1123.png 600w, https:\/\/archivista.ch\/cms\/wp-content\/uploads\/2017\/11\/2017_11_06_18_22_10-624x1168.png 624w, https:\/\/archivista.ch\/cms\/wp-content\/uploads\/2017\/11\/2017_11_06_18_22_10-scaled.png 1367w\" sizes=\"auto, (max-width: 160px) 100vw, 160px\" \/><\/a>Demgegen\u00fcber steht, dass Kunden mit kleineren Archiven (ab einigen hundert Akten bis ca. 1 Mio Seiten) heute die ArchivistaBox in der Form einer Hardware erhalten. Eine jede ArchivistaBox kann auch ins Internet gestellt werden, in diesem Sinne ist die ArchivistaBox immer auch eine Cloud-L\u00f6sung. Das Einrichten einer abgesicherten L\u00f6sung erfordert allerdings Firewall-Kenntnisse. Diese sind bei einer komplett auf dem Smartphone vorhandenen L\u00f6sung nicht notwendig. Auf dem DMS-Smartphone kann die lokale Firewall (z.B. NetGuard) den Zugriff auf die pers\u00f6nlichen Daten bequem so einschr\u00e4nken, wie es gerade notwendig ist bzw. passt. F\u00fcr die Kunden resultiert dabei ein extrem schlankes DMS, neben dem Handy gibt es keine weitere Hardware, die betrieben werden muss. Vielmehr l\u00e4uft das DMS direkt auf seinem Ger\u00e4t, die Dokumente k\u00f6nnen einfach hinzugef\u00fcgt werden, sie werden automatisch texterkannt und vom gesamten Inhalt steht jederzeit eine Volltextrecherche zur Verf\u00fcgung. F\u00fcr das Arbeiten ist nicht einmal eine Verbindung zum Netz notwendig, das gesamte DMS l\u00e4uft autark auf dem Smartphone.<\/p>\n<p>Da die heutigen Smartphones fast alle ein Display zwischen f\u00fcnf und sechs Zoll haben, l\u00e4sst sich damit problemlos arbeiten. Wem das nicht reicht, klinkt sich im lokalen WLAN ein und kann von jedem Tischger\u00e4t auf das Archiv auf dem Smartphone zugreifen. Einfacher kann ein DMS nicht sein. Selbstverst\u00e4ndlich werden die bestehenden ArchivistaBox-Systeme weiterhin erh\u00e4ltlich sein, das DMS-Smartphone wird den Einsatzzweck der ArchivistaBox-Produkte vielmehr erg\u00e4nzen und erweitern.<\/p>\n<p><a href=\"https:\/\/archivista.ch\/cms\/wp-content\/uploads\/2017\/11\/2017_11_07_12_54_09.png\"><img loading=\"lazy\" decoding=\"async\" class=\"alignnone size-large wp-image-5107\" src=\"https:\/\/archivista.ch\/cms\/wp-content\/uploads\/2017\/11\/2017_11_07_12_54_09-1024x547.png\" width=\"600\" height=\"321\" srcset=\"https:\/\/archivista.ch\/cms\/wp-content\/uploads\/2017\/11\/2017_11_07_12_54_09-1024x547.png 1024w, https:\/\/archivista.ch\/cms\/wp-content\/uploads\/2017\/11\/2017_11_07_12_54_09-300x160.png 300w, https:\/\/archivista.ch\/cms\/wp-content\/uploads\/2017\/11\/2017_11_07_12_54_09-768x410.png 768w, https:\/\/archivista.ch\/cms\/wp-content\/uploads\/2017\/11\/2017_11_07_12_54_09-600x320.png 600w, https:\/\/archivista.ch\/cms\/wp-content\/uploads\/2017\/11\/2017_11_07_12_54_09-624x333.png 624w\" sizes=\"auto, (max-width: 600px) 100vw, 600px\" \/><\/a><\/p>\n<p>Das ArchivistaBox-Smartphone kann <strong><a href=\"https:\/\/azurgo.ch\/produkt\/smartphone-lg-g6-mit-lineageos\/\">hier bestellt werden (inkl. LG G6).<\/a><\/strong> Dabei k\u00f6nnen Archive bis zu 5 Millionen Seiten bzw. 250 GB Datenvolumen direkt auf dem Smartphone verwaltet werden. Die Preise (z.B. ArchivistaBox Bachtel) starten bei 600 Franken (inkl. superschnellen LG G6). Zum Abschluss sei das ArchivistaBox-Smartphone hier in einem kurzen Video vorgestellt, konkret geht es darum, dar\u00fcber bequem Dokumente zu scannen.<\/p>\n<div style=\"width: 625px;\" class=\"wp-video\"><!--[if lt IE 9]><script>document.createElement('video');<\/script><![endif]-->\n<video class=\"wp-video-shortcode\" id=\"video-5089-1\" width=\"625\" height=\"352\" preload=\"metadata\" controls=\"controls\"><source type=\"video\/mp4\" src=\"https:\/\/archivista.ch\/cms\/wp-content\/uploads\/2017\/11\/archivistabox_smartphone_scannen-1.mp4?_=1\" \/><a href=\"https:\/\/archivista.ch\/cms\/wp-content\/uploads\/2017\/11\/archivistabox_smartphone_scannen-1.mp4\">https:\/\/archivista.ch\/cms\/wp-content\/uploads\/2017\/11\/archivistabox_smartphone_scannen-1.mp4<\/a><\/video><\/div>\n<p>Wie im Video gut ersichtlich ist, das ArchivistaBox-Smartphone ben\u00f6tigt keine zus\u00e4tzliche Hardware, es l\u00e4uft sogar auch dann noch als DMS, wenn es absolut keinen Zugang zu einem Netz gibt (ob LTE, WLAN oder LAN). Zum Scannen selber kann gesagt werden, der Scan-Vorgang wird bequem \u00fcber das integrierte Web-Interface ausgel\u00f6st, eine zus\u00e4tzliche App ist nicht erforderlich:<\/p>\n<p><a href=\"https:\/\/archivista.ch\/cms\/wp-content\/uploads\/2017\/11\/scanning.png\"><img loading=\"lazy\" decoding=\"async\" class=\"alignnone size-full wp-image-5138\" src=\"https:\/\/archivista.ch\/cms\/wp-content\/uploads\/2017\/11\/scanning.png\" alt=\"\" width=\"2696\" height=\"1440\" \/><\/a><\/p>\n<p>Getestet haben wir Dokumenten-Scanner bis in den Bereich 200 Bilder\/Seiten die Minute. Streng genommen ist daf\u00fcr nat\u00fcrlich kein Smartphone notwendig, die um Faktoren (vom Prozessor her gesehen) langsamere <strong><a href=\"https:\/\/archivista.ch\/cms\/de\/aktuell-blog\/blogs-2013\/scanbox-albis-iii\/\">ArchivistaBox Albis<\/a><\/strong> erledigt den Job nat\u00fcrlich auch, einfach nicht derart smart, wie es die ArchivistaBox auf dem Smartphone macht.<\/p>\n<p>&nbsp;<\/p>\n<p>&nbsp;<\/p>\n\n\n\n\t<div class=\"dkpdf-button-container\" style=\"            text-align:right \">\n\n\t\t<a class=\"dkpdf-button\" href=\"\/cms\/wp-json\/wp\/v2\/pages\/5089?pdf=5089\" target=\"_blank\"><span class=\"dkpdf-button-icon\"><i class=\"fa fa-file-pdf-o\"><\/i><\/span> PDF Button<\/a>\n\n\t<\/div>\n\n\n\n\n\n","protected":false},"excerpt":{"rendered":"<p>Dokumenten-Management (DMS) auf dem Smartphone Egg, 6. November 2017: Nun, nachdem wir im ersten Teil das iPhone X begutachtet haben, in der zweiten Episode das LG G6 vorstellten, im dritten Akt LineageOS aufspielten, im vierten Beitrag uns mit den Apps und den Verzeichnissen auseinandersetzten und schliesslich im f\u00fcnften Teil eine kleine Sammlung von Apps und [&hellip;]<\/p>\n","protected":false},"author":1,"featured_media":0,"parent":5147,"menu_order":207,"comment_status":"closed","ping_status":"closed","template":"","meta":{"_acf_changed":false,"footnotes":""},"class_list":["post-5089","page","type-page","status-publish","hentry"],"acf":[],"_links":{"self":[{"href":"https:\/\/archivista.ch\/cms\/wp-json\/wp\/v2\/pages\/5089","targetHints":{"allow":["GET"]}}],"collection":[{"href":"https:\/\/archivista.ch\/cms\/wp-json\/wp\/v2\/pages"}],"about":[{"href":"https:\/\/archivista.ch\/cms\/wp-json\/wp\/v2\/types\/page"}],"author":[{"embeddable":true,"href":"https:\/\/archivista.ch\/cms\/wp-json\/wp\/v2\/users\/1"}],"replies":[{"embeddable":true,"href":"https:\/\/archivista.ch\/cms\/wp-json\/wp\/v2\/comments?post=5089"}],"version-history":[{"count":20,"href":"https:\/\/archivista.ch\/cms\/wp-json\/wp\/v2\/pages\/5089\/revisions"}],"predecessor-version":[{"id":5140,"href":"https:\/\/archivista.ch\/cms\/wp-json\/wp\/v2\/pages\/5089\/revisions\/5140"}],"up":[{"embeddable":true,"href":"https:\/\/archivista.ch\/cms\/wp-json\/wp\/v2\/pages\/5147"}],"wp:attachment":[{"href":"https:\/\/archivista.ch\/cms\/wp-json\/wp\/v2\/media?parent=5089"}],"curies":[{"name":"wp","href":"https:\/\/api.w.org\/{rel}","templated":true}]}}